{"id":1326,"date":"2023-03-20T07:16:56","date_gmt":"2023-03-20T07:16:56","guid":{"rendered":"http:\/\/new.podzemljepece.com\/?page_id=1326"},"modified":"2025-12-19T13:05:18","modified_gmt":"2025-12-19T13:05:18","slug":"nastavitve","status":"publish","type":"page","link":"https:\/\/www.podzemljepece.com\/?page_id=1326&lang=sl","title":{"rendered":"NASTANITVE"},"content":{"rendered":"\n<h2 class=\"wp-block-heading\"><strong>ME\u017dICA<\/strong><\/h2>\n\n\n\n<p><strong data-rich-text-format-boundary=\"true\">APARTMAJI MISE<\/strong><br data-rich-text-line-break=\"true\">Mariborska 9, 2392 Me\u017eica, Slovenija<br data-rich-text-line-break=\"true\">Spletna stran: <a href=\"http:\/\/www.mise.si\" target=\"_blank\" rel=\"noopener\">www.mise.si<\/a><br data-rich-text-line-break=\"true\">Kontakt: <a href=\"mailto:info@mise.si\">info@mise.si<\/a><\/p>\n\n\n\n<p><strong data-rich-text-format-boundary=\"true\">BIKESKI B&amp;B<\/strong><br data-rich-text-line-break=\"true\">Ob \u0160umcu 5, 2392 Me\u017eica, Slovenija<br data-rich-text-line-break=\"true\">Spletna stran: <a href=\"https:\/\/bikeski.si\/\" target=\"_blank\" rel=\"noopener\">www.bikeski.si<\/a><br data-rich-text-line-break=\"true\">Kontakt: <a href=\"p-doler@bikeski.si\" target=\"_blank\" rel=\"noreferrer noopener\">p-doler@bikeski.si<\/a><\/p>\n\n\n\n<p><strong data-rich-text-format-boundary=\"true\">BRUNARICI KAJ\u017dAR<\/strong><br data-rich-text-line-break=\"true\">Ob Me\u017ei 10, 2392 Me\u017eica, Slovenija<br data-rich-text-line-break=\"true\">Kontakt: <a href=\"mailto:ksenija.persak@gmail.com\">ksenija.persak@gmail.com<\/a><\/p>\n\n\n\n<p class=\"has-white-color has-text-color\"><strong>APARTMAJI KREBS<\/strong><br>Podjunska ulica, 4, 2392 Me\u017eica<br>Spletna stran: http:\/\/gostilna-krebs.si\/apartmaji.php<br>Kontakt: info@gostilna-krebs.si<\/p>\n\n\n\n<p><\/p>\n\n\n\n<p><\/p>\n\n\n\n<p class=\"has-black-color has-text-color\"><\/p>\n\n\n\n<h2 class=\"wp-block-heading\">\u010cRNA NA KORO\u0160KEM<\/h2>\n\n\n\n<p><strong>NA TRATI HI\u0160A ZA GOSTE<br><\/strong>Center 124a, 2393 \u010crna na Koro\u0161kem<br>Spletna stran: <a rel=\"noreferrer noopener\" href=\"https:\/\/natrati.com\" target=\"_blank\">natrati.com<br><\/a>Kontakt: <a href=\"mailto:peca@csod.si\"><\/a><a href=\"mailto:info@natrati.com\">info@natrati.com<\/a><\/p>\n\n\n\n<p><strong>KO\u010cA NA PIKOVEM<br><\/strong>Podpeca 11, 2393 \u010crna na Koro\u0161kem<br>Spletna stran: <a rel=\"noreferrer noopener\" href=\"https:\/\/www.booking.com\/Share-PP908A\" target=\"_blank\">www.booking.com<\/a><\/p>\n\n\n\n<p><strong>NATUR PUR PIKOVO<br><\/strong>Podpeca 32, 2393 \u010crna na Koro\u0161kem<br>Spletna stran: <a rel=\"noreferrer noopener\" href=\"https:\/\/www.booking.com\/Share-PP908A\" target=\"_blank\">pikovo.com<\/a><\/p>\n\n\n\n<p><strong>\u010cRJANSKI RAJ<br><\/strong>Koprivna 10, 2393 \u010crna na Koro\u0161kem<br>Spletna stran: <a rel=\"noreferrer noopener\" href=\"https:\/\/crjanski-raj.si\/\" target=\"_blank\">crjanski-raj.si<\/a><\/p>\n\n\n\n<h2 class=\"wp-block-heading\">V BLI\u017dINI<\/h2>\n\n\n\n<p><strong>GOSTI\u0160\u010cE KRIVOGRAD<br><\/strong>Poljana 10a, 2391 Prevalje<br>Spletna stran: <a rel=\"noreferrer noopener\" href=\"http:\/\/www.krivograd.si\" target=\"_blank\">www.krivograd.si<\/a><br>Kontakt: <a href=\"info@krivograd.si\" target=\"_blank\" rel=\"noreferrer noopener\">info@krivograd.si<\/a><\/p>\n\n\n\n<p><strong>HI\u0160A POLJANA<br><\/strong>Poljana 22, 2391 Prevalje<br>Spletna stran: <a rel=\"noreferrer noopener\" href=\"https:\/\/www.hisapoljana.com\/\" target=\"_blank\">www.hisapoljana.si<\/a><br>Kontakt: <a rel=\"noreferrer noopener\" href=\"mailto:info@hisapoljana.si\" target=\"_blank\">info@hisapoljana.si<\/a><\/p>\n\n\n\n<p><strong>HOTEL DELALUT<br><\/strong>Dobja vas 119, 2390 Ravne na Koro\u0161kem<br>Spletna stran: <a href=\"http:\/\/www.delalut.si\" target=\"_blank\" rel=\"noreferrer noopener\">www.delalut.si<\/a><br>Kontakt: <a rel=\"noreferrer noopener\" href=\"info@delalut.si\" target=\"_blank\">info@delalut.si<\/a><\/p>\n\n\n\n<p class=\"has-white-color has-text-color\"><strong>MARIN<br><\/strong>\u0160entanel 8, 2391 Prevalje<br>Spletna stran: <a href=\"https:\/\/www.marin-miler.si\/\" target=\"_blank\" rel=\"noreferrer noopener\">www.marin-miler.si<\/a><br>Kontakt: <a href=\"info@marin-miler.si\" target=\"_blank\" rel=\"noreferrer noopener\"> info@marin-miler.si <\/a><\/p>\n\n\n\n<p class=\"has-white-color has-text-color\"><strong>AKINTIS HOTEL<\/strong><br>Sv. Jernej nad Muto 36, 2366 Muta<br>Spletna stran: https:\/\/akinitishotels.com\/sl\/<br>Kontakt: akinitishotel@gmail.com<\/p>\n\n\n\n<p class=\"has-black-color has-text-color\"><\/p>\n\n\n\n<p><br><\/p>\n\n\n\n<p class=\"has-black-color has-text-color\"> <\/p>\n\n\n\n<p class=\"has-black-color has-text-color\"><\/p>\n\n\n\n<p><\/p>\n\n\n\n<p><\/p>\n\n\n\n<p><\/p>\n","protected":false},"excerpt":{"rendered":"<p>ME\u017dICA APARTMAJI MISEMariborska 9, 2392 Me\u017eica, SlovenijaSpletna stran: www.mise.siKontakt: info@mise.si BIKESKI B&amp;BOb \u0160umcu 5, 2392 Me\u017eica, SlovenijaSpletna stran: www.bikeski.siKontakt: p-doler@bikeski.si BRUNARICI KAJ\u017dAROb Me\u017ei 10, 2392 Me\u017eica, SlovenijaKontakt: ksenija.persak@gmail.com APARTMAJI KREBSPodjunska ulica, 4, 2392 Me\u017eicaSpletna stran: http:\/\/gostilna-krebs.si\/apartmaji.phpKontakt: info@gostilna-krebs.si \u010cRNA NA KORO\u0160KEM NA TRATI HI\u0160A ZA GOSTECenter 124a, 2393 \u010crna na Koro\u0161kemSpletna stran: natrati.comKontakt: info@natrati.com KO\u010cA NA [&hellip;]<\/p>\n","protected":false},"author":1,"featured_media":0,"parent":0,"menu_order":0,"comment_status":"closed","ping_status":"closed","template":"","meta":{"_uag_custom_page_level_css":"","footnotes":""},"categories":[],"tags":[],"uagb_featured_image_src":{"full":false,"thumbnail":false,"medium":false,"medium_large":false,"large":false,"1536x1536":false,"2048x2048":false,"port3":false,"port3_grayscale":false,"port2":false,"port2_grayscale":false,"port4":false,"blog":false,"alternate_blog":false,"alternate_blog_side":false,"blog_grid":false,"staff":false,"staff_full":false},"uagb_author_info":{"display_name":"admn","author_link":"https:\/\/www.podzemljepece.com\/?author=1"},"uagb_comment_info":0,"uagb_excerpt":"ME\u017dICA APARTMAJI MISEMariborska 9, 2392 Me\u017eica, SlovenijaSpletna stran: www.mise.siKontakt: info@mise.si BIKESKI B&amp;BOb \u0160umcu 5, 2392 Me\u017eica, SlovenijaSpletna stran: www.bikeski.siKontakt: p-doler@bikeski.si BRUNARICI KAJ\u017dAROb Me\u017ei 10, 2392 Me\u017eica, SlovenijaKontakt: ksenija.persak@gmail.com APARTMAJI KREBSPodjunska ulica, 4, 2392 Me\u017eicaSpletna stran: http:\/\/gostilna-krebs.si\/apartmaji.phpKontakt: info@gostilna-krebs.si \u010cRNA NA KORO\u0160KEM NA TRATI HI\u0160A ZA GOSTECenter 124a, 2393 \u010crna na Koro\u0161kemSpletna stran: natrati.comKontakt: info@natrati.com KO\u010cA NA&hellip;","_links":{"self":[{"href":"https:\/\/www.podzemljepece.com\/index.php?rest_route=\/wp\/v2\/pages\/1326"}],"collection":[{"href":"https:\/\/www.podzemljepece.com\/index.php?rest_route=\/wp\/v2\/pages"}],"about":[{"href":"https:\/\/www.podzemljepece.com\/index.php?rest_route=\/wp\/v2\/types\/page"}],"author":[{"embeddable":true,"href":"https:\/\/www.podzemljepece.com\/index.php?rest_route=\/wp\/v2\/users\/1"}],"replies":[{"embeddable":true,"href":"https:\/\/www.podzemljepece.com\/index.php?rest_route=%2Fwp%2Fv2%2Fcomments&post=1326"}],"version-history":[{"count":29,"href":"https:\/\/www.podzemljepece.com\/index.php?rest_route=\/wp\/v2\/pages\/1326\/revisions"}],"predecessor-version":[{"id":3105,"href":"https:\/\/www.podzemljepece.com\/index.php?rest_route=\/wp\/v2\/pages\/1326\/revisions\/3105"}],"wp:attachment":[{"href":"https:\/\/www.podzemljepece.com\/index.php?rest_route=%2Fwp%2Fv2%2Fmedia&parent=1326"}],"wp:term":[{"taxonomy":"category","embeddable":true,"href":"https:\/\/www.podzemljepece.com\/index.php?rest_route=%2Fwp%2Fv2%2Fcategories&post=1326"},{"taxonomy":"post_tag","embeddable":true,"href":"https:\/\/www.podzemljepece.com\/index.php?rest_route=%2Fwp%2Fv2%2Ftags&post=1326"}],"curies":[{"name":"wp","href":"https:\/\/api.w.org\/{rel}","templated":true}]}}