{"id":1360,"date":"2023-03-20T11:30:44","date_gmt":"2023-03-20T11:30:44","guid":{"rendered":"http:\/\/new.podzemljepece.com\/?page_id=1360"},"modified":"2023-03-22T13:05:47","modified_gmt":"2023-03-22T13:05:47","slug":"kontakt","status":"publish","type":"page","link":"https:\/\/www.podzemljepece.com\/?page_id=1360&lang=sl","title":{"rendered":"KONTAKT"},"content":{"rendered":"<p>[vc_row][vc_column][vc_column_text]<\/p>\r\n\r\n<h2 class=\"wp-block-heading\">Za vsa va\u0161a vpra\u0161anja smo vam vedno dosegljivi.<\/h2>\r\n<h5>PODZEMLJE PECE \u2013 Turisti\u010dni rudnik in muzej<\/h5>\r\n\r\n<p>Glan\u010dnik 8, 2392 Me\u017eica<\/p>\r\n\r\n<p>\u00a0+386 2 87 00 180<\/p>\r\n\r\n<p><a href=\"mailto:info@podzemljepece.com\">info@podzemljepece.com<\/a><\/p>\r\n<p><br \/>\u00a0<\/p>\r\n<p>[\/vc_column_text][\/vc_column][\/vc_row][vc_row][vc_column][block_title title=&#8221;Kontaktirajte nas&#8221;][\/block_title]\n<div class=\"wpcf7 no-js\" id=\"wpcf7-f503-o1\" lang=\"sl-SI\" dir=\"ltr\">\n<div class=\"screen-reader-response\"><p role=\"status\" aria-live=\"polite\" aria-atomic=\"true\"><\/p> <ul><\/ul><\/div>\n<form action=\"\/index.php?rest_route=%2Fwp%2Fv2%2Fpages%2F1360#wpcf7-f503-o1\" method=\"post\" class=\"wpcf7-form init\" aria-label=\"Contact form\" novalidate=\"novalidate\" data-status=\"init\">\n<div style=\"display: none;\">\n<input type=\"hidden\" name=\"_wpcf7\" value=\"503\" \/>\n<input type=\"hidden\" name=\"_wpcf7_version\" value=\"5.7.7\" \/>\n<input type=\"hidden\" name=\"_wpcf7_locale\" value=\"sl_SI\" \/>\n<input type=\"hidden\" name=\"_wpcf7_unit_tag\" value=\"wpcf7-f503-o1\" \/>\n<input type=\"hidden\" name=\"_wpcf7_container_post\" value=\"0\" \/>\n<input type=\"hidden\" name=\"_wpcf7_posted_data_hash\" value=\"\" \/>\n<input type=\"hidden\" name=\"_wpcf7_recaptcha_response\" value=\"\" \/>\n<\/div>\n<p><label> Your name<br \/>\n<span class=\"wpcf7-form-control-wrap\" data-name=\"your-name\"><input size=\"40\" class=\"wpcf7-form-control wpcf7-text wpcf7-validates-as-required\" autocomplete=\"name\" aria-required=\"true\" aria-invalid=\"false\" value=\"\" type=\"text\" name=\"your-name\" \/><\/span> <\/label>\n<\/p>\n<p><label> Your email<br \/>\n<span class=\"wpcf7-form-control-wrap\" data-name=\"your-email\"><input size=\"40\" class=\"wpcf7-form-control wpcf7-text wpcf7-email wpcf7-validates-as-required wpcf7-validates-as-email\" autocomplete=\"email\" aria-required=\"true\" aria-invalid=\"false\" value=\"\" type=\"email\" name=\"your-email\" \/><\/span> <\/label>\n<\/p>\n<p><label> Subject<br \/>\n<span class=\"wpcf7-form-control-wrap\" data-name=\"your-subject\"><input size=\"40\" class=\"wpcf7-form-control wpcf7-text wpcf7-validates-as-required\" aria-required=\"true\" aria-invalid=\"false\" value=\"\" type=\"text\" name=\"your-subject\" \/><\/span> <\/label>\n<\/p>\n<p><label> Your message (optional)<br \/>\n<span class=\"wpcf7-form-control-wrap\" data-name=\"your-message\"><textarea cols=\"40\" rows=\"10\" class=\"wpcf7-form-control wpcf7-textarea\" aria-invalid=\"false\" name=\"your-message\"><\/textarea><\/span> <\/label>\n<\/p>\n<p><input class=\"wpcf7-form-control has-spinner wpcf7-submit\" type=\"submit\" value=\"Submit\" \/>\n<\/p><div class=\"wpcf7-response-output\" aria-hidden=\"true\"><\/div>\n<\/form>\n<\/div>\n[\/vc_column][\/vc_row][vc_row][vc_column][vc_raw_html]JTNDaWZyYW1lJTIwc3JjJTNEJTIyaHR0cHMlM0ElMkYlMkZ3d3cuZ29vZ2xlLmNvbSUyRm1hcHMlMkZlbWJlZCUzRnBiJTNEJTIxMW0xOCUyMTFtMTIlMjExbTMlMjExZDY1MzAuNDI4Mjk1ODY1NzU0JTIxMmQxNC44NTY4MTM4Mjc2MTUxMDYlMjEzZDQ2LjUxMzkxNDcyMjA5MjMzJTIxMm0zJTIxMWYwJTIxMmYwJTIxM2YwJTIxM20yJTIxMWkxMDI0JTIxMmk3NjglMjE0ZjEzLjElMjEzbTMlMjExbTIlMjExczB4NDc2ZmY4ZTM1MDc2Y2RlOSUyNTNBMHhmMzYxOGI0MzRkMjJmYzM1JTIxMnNQb2R6ZW1samUlMjUyMFBlY2UlMjUyQyUyNTIwcG9kamV0amUlMjUyMHphJTI1MjByYXp2b2olMjUyMHR1cmlzdGklMjVDNCUyNThEbmUlMjUyMGluJTI1MjBNdXplanNrZSUyNTIwZGVqYXZub3N0aSUyNTJDJTI1MjBkLm8uby4lMjE1ZTAlMjEzbTIlMjExc3NsJTIxMnNzaSUyMTR2MTY3OTMxMzEwNDk0MyUyMTVtMiUyMTFzc2wlMjEyc3NpJTIyJTIwd2lkdGglM0QlMjIxMjAwJTIyJTIwaGVpZ2h0JTNEJTIyNDAwJTIyJTIwc3R5bGUlM0QlMjJib3JkZXIlM0EwJTNCJTIyJTIwYWxsb3dmdWxsc2NyZWVuJTNEJTIyJTIyJTIwbG9hZGluZyUzRCUyMmxhenklMjIlMjByZWZlcnJlcnBvbGljeSUzRCUyMm5vLXJlZmVycmVyLXdoZW4tZG93bmdyYWRlJTIyJTNFJTNDJTJGaWZyYW1lJTNF[\/vc_raw_html][\/vc_column][\/vc_row]<\/p>","protected":false},"excerpt":{"rendered":"<p>[vc_row][vc_column][vc_column_text] Za vsa va\u0161a vpra\u0161anja smo vam vedno dosegljivi. PODZEMLJE PECE \u2013 Turisti\u010dni rudnik in muzej Glan\u010dnik 8, 2392 Me\u017eica \u00a0+386 2 87 00 180 info@podzemljepece.com \u00a0 [\/vc_column_text][\/vc_column][\/vc_row][vc_row][vc_column][block_title title=&#8221;Kontaktirajte nas&#8221;][\/block_title][\/vc_column][\/vc_row][vc_row][vc_column][vc_raw_html]JTNDaWZyYW1lJTIwc3JjJTNEJTIyaHR0cHMlM0ElMkYlMkZ3d3cuZ29vZ2xlLmNvbSUyRm1hcHMlMkZlbWJlZCUzRnBiJTNEJTIxMW0xOCUyMTFtMTIlMjExbTMlMjExZDY1MzAuNDI4Mjk1ODY1NzU0JTIxMmQxNC44NTY4MTM4Mjc2MTUxMDYlMjEzZDQ2LjUxMzkxNDcyMjA5MjMzJTIxMm0zJTIxMWYwJTIxMmYwJTIxM2YwJTIxM20yJTIxMWkxMDI0JTIxMmk3NjglMjE0ZjEzLjElMjEzbTMlMjExbTIlMjExczB4NDc2ZmY4ZTM1MDc2Y2RlOSUyNTNBMHhmMzYxOGI0MzRkMjJmYzM1JTIxMnNQb2R6ZW1samUlMjUyMFBlY2UlMjUyQyUyNTIwcG9kamV0amUlMjUyMHphJTI1MjByYXp2b2olMjUyMHR1cmlzdGklMjVDNCUyNThEbmUlMjUyMGluJTI1MjBNdXplanNrZSUyNTIwZGVqYXZub3N0aSUyNTJDJTI1MjBkLm8uby4lMjE1ZTAlMjEzbTIlMjExc3NsJTIxMnNzaSUyMTR2MTY3OTMxMzEwNDk0MyUyMTVtMiUyMTFzc2wlMjEyc3NpJTIyJTIwd2lkdGglM0QlMjIxMjAwJTIyJTIwaGVpZ2h0JTNEJTIyNDAwJTIyJTIwc3R5bGUlM0QlMjJib3JkZXIlM0EwJTNCJTIyJTIwYWxsb3dmdWxsc2NyZWVuJTNEJTIyJTIyJTIwbG9hZGluZyUzRCUyMmxhenklMjIlMjByZWZlcnJlcnBvbGljeSUzRCUyMm5vLXJlZmVycmVyLXdoZW4tZG93bmdyYWRlJTIyJTNFJTNDJTJGaWZyYW1lJTNF[\/vc_raw_html][\/vc_column][\/vc_row]<\/p>\n","protected":false},"author":1,"featured_media":0,"parent":0,"menu_order":0,"comment_status":"closed","ping_status":"closed","template":"","meta":{"_uag_custom_page_level_css":"","footnotes":""},"uagb_featured_image_src":{"full":false,"thumbnail":false,"medium":false,"medium_large":false,"large":false,"1536x1536":false,"2048x2048":false,"port3":false,"port3_grayscale":false,"port2":false,"port2_grayscale":false,"port4":false,"blog":false,"alternate_blog":false,"alternate_blog_side":false,"blog_grid":false,"staff":false,"staff_full":false},"uagb_author_info":{"display_name":"admn","author_link":"https:\/\/www.podzemljepece.com\/?author=1"},"uagb_comment_info":0,"uagb_excerpt":"[vc_row][vc_column][vc_column_text] Za vsa va\u0161a vpra\u0161anja smo vam vedno dosegljivi. PODZEMLJE PECE \u2013 Turisti\u010dni rudnik in muzej Glan\u010dnik 8, 2392 Me\u017eica \u00a0+386 2 87 00 180 info@podzemljepece.com \u00a0 [\/vc_column_text][\/vc_column][\/vc_row][vc_row][vc_column][block_title title=&#8221;Kontaktirajte nas&#8221;][\/block_title][\/vc_column][\/vc_row][vc_row][vc_column][vc_raw_html]JTNDaWZyYW1lJTIwc3JjJTNEJTIyaHR0cHMlM0ElMkYlMkZ3d3cuZ29vZ2xlLmNvbSUyRm1hcHMlMkZlbWJlZCUzRnBiJTNEJTIxMW0xOCUyMTFtMTIlMjExbTMlMjExZDY1MzAuNDI4Mjk1ODY1NzU0JTIxMmQxNC44NTY4MTM4Mjc2MTUxMDYlMjEzZDQ2LjUxMzkxNDcyMjA5MjMzJTIxMm0zJTIxMWYwJTIxMmYwJTIxM2YwJTIxM20yJTIxMWkxMDI0JTIxMmk3NjglMjE0ZjEzLjElMjEzbTMlMjExbTIlMjExczB4NDc2ZmY4ZTM1MDc2Y2RlOSUyNTNBMHhmMzYxOGI0MzRkMjJmYzM1JTIxMnNQb2R6ZW1samUlMjUyMFBlY2UlMjUyQyUyNTIwcG9kamV0amUlMjUyMHphJTI1MjByYXp2b2olMjUyMHR1cmlzdGklMjVDNCUyNThEbmUlMjUyMGluJTI1MjBNdXplanNrZSUyNTIwZGVqYXZub3N0aSUyNTJDJTI1MjBkLm8uby4lMjE1ZTAlMjEzbTIlMjExc3NsJTIxMnNzaSUyMTR2MTY3OTMxMzEwNDk0MyUyMTVtMiUyMTFzc2wlMjEyc3NpJTIyJTIwd2lkdGglM0QlMjIxMjAwJTIyJTIwaGVpZ2h0JTNEJTIyNDAwJTIyJTIwc3R5bGUlM0QlMjJib3JkZXIlM0EwJTNCJTIyJTIwYWxsb3dmdWxsc2NyZWVuJTNEJTIyJTIyJTIwbG9hZGluZyUzRCUyMmxhenklMjIlMjByZWZlcnJlcnBvbGljeSUzRCUyMm5vLXJlZmVycmVyLXdoZW4tZG93bmdyYWRlJTIyJTNFJTNDJTJGaWZyYW1lJTNF[\/vc_raw_html][\/vc_column][\/vc_row]","_links":{"self":[{"href":"https:\/\/www.podzemljepece.com\/index.php?rest_route=\/wp\/v2\/pages\/1360"}],"collection":[{"href":"https:\/\/www.podzemljepece.com\/index.php?rest_route=\/wp\/v2\/pages"}],"about":[{"href":"https:\/\/www.podzemljepece.com\/index.php?rest_route=\/wp\/v2\/types\/page"}],"author":[{"embeddable":true,"href":"https:\/\/www.podzemljepece.com\/index.php?rest_route=\/wp\/v2\/users\/1"}],"replies":[{"embeddable":true,"href":"https:\/\/www.podzemljepece.com\/index.php?rest_route=%2Fwp%2Fv2%2Fcomments&post=1360"}],"version-history":[{"count":4,"href":"https:\/\/www.podzemljepece.com\/index.php?rest_route=\/wp\/v2\/pages\/1360\/revisions"}],"predecessor-version":[{"id":1368,"href":"https:\/\/www.podzemljepece.com\/index.php?rest_route=\/wp\/v2\/pages\/1360\/revisions\/1368"}],"wp:attachment":[{"href":"https:\/\/www.podzemljepece.com\/index.php?rest_route=%2Fwp%2Fv2%2Fmedia&parent=1360"}],"curies":[{"name":"wp","href":"https:\/\/api.w.org\/{rel}","templated":true}]}}