{"id":1487,"date":"2023-01-27T17:01:31","date_gmt":"2023-01-27T17:01:31","guid":{"rendered":"http:\/\/new.podzemljepece.com\/?page_id=1487"},"modified":"2023-05-24T16:25:42","modified_gmt":"2023-05-24T16:25:42","slug":"info-center-in-trgovina","status":"publish","type":"page","link":"https:\/\/www.podzemljepece.com\/?page_id=1487&lang=de","title":{"rendered":"INFOZENTRUM UND SHOP"},"content":{"rendered":"\n<p>Das Informationszentrum Karawanken UNESCO Global Geopark in Me\u017eica ist ein wichtiger Mehrwert des Geoparks Karawanken und zugleich des touristischen Bergwerks und Museums. Zusammen mit dem Mehrzweckraum bietet es nun einen Ausgangspunkt f\u00fcr die Besichtigung des Bergwerks und gleichzeitig alle Informationen \u00fcber den Geopark Karawanken an einem Ort. Die Einrichtung des neuen Informationszentrums hat auch dazu beigetragen, einen wichtigen Teil des bergbaulichen Erbes des Bergwerks Me\u017eica zu erhalten, die Werkst\u00e4tten f\u00fcr Elektromaschinen sind n\u00e4mlich als kulturelles und technisches Denkmal gesch\u00fctzt. Das Informationszentrum befindet sich in einer der ehemaligen Werkst\u00e4tten, zu denen auch eine vollst\u00e4ndig erhaltene Schmiede aus dem Jahr 1926 geh\u00f6rt. Die restaurierte Schmiede steht noch an ihrem urspr\u00fcnglichen Standort, die Besucher k\u00f6nnen alle dazugeh\u00f6rigen Schmiedewerkzeuge besichtigen. Zu besonderen Anl\u00e4ssen f\u00fchrt der Schmied den Besuchern live vor, wie die im Bergwerk verwendeten Gegenst\u00e4nde fr\u00fcher geschmiedet wurden.<\/p>\n\n\n\n<p>Das urspr\u00fcngliche Geb\u00e4ude wurde zwar durch einen Brand besch\u00e4digt. Beim Wiederaufbau nach dem Brand wurde das urspr\u00fcngliche Aussehen des Geb\u00e4udes nicht wiederhergestellt, statt eines abgestuften Industriedachs wurde ein Flachdach errichtet. Im Rahmen der Einrichtung des Informationszentrums Karawanken UNESCO Global Geopark wurde das Geb\u00e4ude in seinem urspr\u00fcnglichen Aussehen mit einem Stufendach wiederhergestellt.<\/p>\n\n\n\n<div class=\"wp-block-group uag-hide-mob\"><div class=\"wp-block-group__inner-container is-layout-flow wp-block-group-is-layout-flow\"><!-- Carousel Style & Script for  gallery-69e820cc9eecf -->\r\n\r\n<script type=\"text\/javascript\">\r\n\/\/ <![CDATA[\r\n\/* START --- Image Carousel --- *\/\r\n\r\njQuery(document).ready(function($) {\r\n\r\n    \r\n    $('.ghozylab-gallery img').each(function(i) {\r\n\r\n        $alt = $(this).attr('alt');\r\n\r\n        \/\/ Replace default title to more fancy :)\r\n        $(this).attr('alt', $alt.replace(\/-|_\/g, ' '));\r\n\r\n        $altnew = $(this).attr('alt').toLowerCase().replace(\/\\b[a-z]\/g, function(letter) {\r\n\r\n            return letter.toUpperCase();\r\n\r\n        });\r\n\r\n        $(this).attr('alt', $altnew);\r\n        \/\/ Compatibility with Zoom Lite Theme Image LazyLoad\r\n        $(this).removeAttr('data-lazy-src');\r\n\r\n    });\r\n\r\n    \r\n    $('#icppreloader-gallery-69e820cc9eecf').fadeOut(300, function() {\r\n        $('#gallery-69e820cc9eecf').fadeIn(300);\r\n        var slider69e820cc9eecf = $('#gallery-69e820cc9eecf').bxSlider({\r\n            auto: true,\r\n            pause: 9000,\r\n            autoHover: true,\r\n            moveSlides: 3,\r\n            minSlides: 3,\r\n            maxSlides: 3,\r\n            slideWidth: 500,\r\n            slideMargin: 10,\r\n            startSlide: 0,\r\n            infiniteLoop: true,\r\n            captions: true,\r\n            captionsMode: 'alt',\r\n            adaptiveHeight: true,\r\n            useCSS: false,\r\n            pager: true,\r\n            easing: 'easeOutSine',\r\n            speed: 2500,\r\n            preloadImages: 'all',\r\n            onSlideBefore: function() {\r\n                                $('#gallery-69e820cc9eecf .bx-caption').slideUp();\r\n                            },\r\n            onSlideAfter: function($slideElement, oldIndex, newIndex) {\r\n                                slider69e820cc9eecf.stopAuto();\r\n                slider69e820cc9eecf.startAuto();\r\n                                $('#gallery-69e820cc9eecf .bx-caption').slideDown();\r\n                            }\r\n        });\r\n\r\n    });\r\n});\r\n\r\n\/* END --- Image Carousel --- *\/\r\n\r\n\/\/ ]]>\r\n<\/script>\r\n\r\n<style type=\"text\/css\">\r\n.markup-gallery-69e820cc9eecf .carousel-item img {width: 100%;margin: 0 auto;border:none !important;border-radius: 0px !important;box-shadow:none !important;}.markup-gallery-69e820cc9eecf .bx-controls-direction a {display: none;}.markup-gallery-69e820cc9eecf .bx-wrapper:hover .bx-controls-direction a {display: block;}.markup-gallery-69e820cc9eecf .bx-controls-direction a { display: block !important;}1<\/style>\r\n\r\n\n\t\t<div id='icppreloader-gallery-69e820cc9eecf' class='icpsliderpreloader'><\/div><div class='markup-gallery-69e820cc9eecf'><div style='display:none;' id='gallery-69e820cc9eecf' class='ghozylab-gallery galleryid-1487 gallery-size-full'><div class='carousel-item'><a   href='https:\/\/www.podzemljepece.com\/wp-content\/uploads\/2023\/03\/Info-center-Podzemlje-Pece-1024x681.jpg'><img width=\"2560\" height=\"1704\" src=\"https:\/\/www.podzemljepece.com\/wp-content\/uploads\/2023\/03\/Info-center-Podzemlje-Pece-scaled.jpg\" class=\"attachment-full size-full\" alt=\"\" decoding=\"async\" loading=\"lazy\" srcset=\"https:\/\/www.podzemljepece.com\/wp-content\/uploads\/2023\/03\/Info-center-Podzemlje-Pece-scaled.jpg 2560w, https:\/\/www.podzemljepece.com\/wp-content\/uploads\/2023\/03\/Info-center-Podzemlje-Pece-300x200.jpg 300w, https:\/\/www.podzemljepece.com\/wp-content\/uploads\/2023\/03\/Info-center-Podzemlje-Pece-1024x681.jpg 1024w, https:\/\/www.podzemljepece.com\/wp-content\/uploads\/2023\/03\/Info-center-Podzemlje-Pece-768x511.jpg 768w, https:\/\/www.podzemljepece.com\/wp-content\/uploads\/2023\/03\/Info-center-Podzemlje-Pece-1536x1022.jpg 1536w, https:\/\/www.podzemljepece.com\/wp-content\/uploads\/2023\/03\/Info-center-Podzemlje-Pece-2048x1363.jpg 2048w, https:\/\/www.podzemljepece.com\/wp-content\/uploads\/2023\/03\/Info-center-Podzemlje-Pece-355x235.jpg 355w\" sizes=\"(max-width: 2560px) 100vw, 2560px\" \/><\/a><\/div><div class='carousel-item'><a   href='https:\/\/www.podzemljepece.com\/wp-content\/uploads\/2023\/03\/Info-center-Podzemlje-Pece-23--1024x681.jpg'><img width=\"2560\" height=\"1704\" src=\"https:\/\/www.podzemljepece.com\/wp-content\/uploads\/2023\/03\/Info-center-Podzemlje-Pece-23--scaled.jpg\" class=\"attachment-full size-full\" alt=\"\" decoding=\"async\" loading=\"lazy\" srcset=\"https:\/\/www.podzemljepece.com\/wp-content\/uploads\/2023\/03\/Info-center-Podzemlje-Pece-23--scaled.jpg 2560w, https:\/\/www.podzemljepece.com\/wp-content\/uploads\/2023\/03\/Info-center-Podzemlje-Pece-23--300x200.jpg 300w, https:\/\/www.podzemljepece.com\/wp-content\/uploads\/2023\/03\/Info-center-Podzemlje-Pece-23--1024x681.jpg 1024w, https:\/\/www.podzemljepece.com\/wp-content\/uploads\/2023\/03\/Info-center-Podzemlje-Pece-23--768x511.jpg 768w, https:\/\/www.podzemljepece.com\/wp-content\/uploads\/2023\/03\/Info-center-Podzemlje-Pece-23--1536x1022.jpg 1536w, https:\/\/www.podzemljepece.com\/wp-content\/uploads\/2023\/03\/Info-center-Podzemlje-Pece-23--2048x1363.jpg 2048w, https:\/\/www.podzemljepece.com\/wp-content\/uploads\/2023\/03\/Info-center-Podzemlje-Pece-23--355x235.jpg 355w\" sizes=\"(max-width: 2560px) 100vw, 2560px\" \/><\/a><\/div><div class='carousel-item'><a   href='https:\/\/www.podzemljepece.com\/wp-content\/uploads\/2023\/03\/Info-center-Podzemlje-Pece-24--1024x682.jpg'><img width=\"2560\" height=\"1705\" src=\"https:\/\/www.podzemljepece.com\/wp-content\/uploads\/2023\/03\/Info-center-Podzemlje-Pece-24--scaled.jpg\" class=\"attachment-full size-full\" alt=\"\" decoding=\"async\" loading=\"lazy\" srcset=\"https:\/\/www.podzemljepece.com\/wp-content\/uploads\/2023\/03\/Info-center-Podzemlje-Pece-24--scaled.jpg 2560w, https:\/\/www.podzemljepece.com\/wp-content\/uploads\/2023\/03\/Info-center-Podzemlje-Pece-24--300x200.jpg 300w, https:\/\/www.podzemljepece.com\/wp-content\/uploads\/2023\/03\/Info-center-Podzemlje-Pece-24--1024x682.jpg 1024w, https:\/\/www.podzemljepece.com\/wp-content\/uploads\/2023\/03\/Info-center-Podzemlje-Pece-24--768x511.jpg 768w, https:\/\/www.podzemljepece.com\/wp-content\/uploads\/2023\/03\/Info-center-Podzemlje-Pece-24--1536x1023.jpg 1536w, https:\/\/www.podzemljepece.com\/wp-content\/uploads\/2023\/03\/Info-center-Podzemlje-Pece-24--2048x1364.jpg 2048w, https:\/\/www.podzemljepece.com\/wp-content\/uploads\/2023\/03\/Info-center-Podzemlje-Pece-24--355x235.jpg 355w\" sizes=\"(max-width: 2560px) 100vw, 2560px\" \/><\/a><\/div>\r\n\t\t<\/div><\/div>\n<\/div><\/div>\n\n\n\n<div class=\"wp-block-group uag-hide-desktop uag-hide-tab\"><div class=\"wp-block-group__inner-container is-layout-flow wp-block-group-is-layout-flow\"><!-- Carousel Style & Script for  gallery-69e820cca0b70 -->\r\n\r\n<script type=\"text\/javascript\">\r\n\/\/ <![CDATA[\r\n\/* START --- Image Carousel --- *\/\r\n\r\njQuery(document).ready(function($) {\r\n\r\n    \r\n    $('.ghozylab-gallery img').each(function(i) {\r\n\r\n        $alt = $(this).attr('alt');\r\n\r\n        \/\/ Replace default title to more fancy :)\r\n        $(this).attr('alt', $alt.replace(\/-|_\/g, ' '));\r\n\r\n        $altnew = $(this).attr('alt').toLowerCase().replace(\/\\b[a-z]\/g, function(letter) {\r\n\r\n            return letter.toUpperCase();\r\n\r\n        });\r\n\r\n        $(this).attr('alt', $altnew);\r\n        \/\/ Compatibility with Zoom Lite Theme Image LazyLoad\r\n        $(this).removeAttr('data-lazy-src');\r\n\r\n    });\r\n\r\n    \r\n    $('#icppreloader-gallery-69e820cca0b70').fadeOut(300, function() {\r\n        $('#gallery-69e820cca0b70').fadeIn(300);\r\n        var slider69e820cca0b70 = $('#gallery-69e820cca0b70').bxSlider({\r\n            auto: true,\r\n            pause: 9000,\r\n            autoHover: true,\r\n            moveSlides: 1,\r\n            minSlides: 1,\r\n            maxSlides: 1,\r\n            slideWidth: 500,\r\n            slideMargin: 10,\r\n            startSlide: 0,\r\n            infiniteLoop: true,\r\n            captions: true,\r\n            captionsMode: 'alt',\r\n            adaptiveHeight: true,\r\n            useCSS: false,\r\n            pager: true,\r\n            easing: 'easeOutSine',\r\n            speed: 2500,\r\n            preloadImages: 'all',\r\n            onSlideBefore: function() {\r\n                                $('#gallery-69e820cca0b70 .bx-caption').slideUp();\r\n                            },\r\n            onSlideAfter: function($slideElement, oldIndex, newIndex) {\r\n                                slider69e820cca0b70.stopAuto();\r\n                slider69e820cca0b70.startAuto();\r\n                                $('#gallery-69e820cca0b70 .bx-caption').slideDown();\r\n                            }\r\n        });\r\n\r\n    });\r\n});\r\n\r\n\/* END --- Image Carousel --- *\/\r\n\r\n\/\/ ]]>\r\n<\/script>\r\n\r\n<style type=\"text\/css\">\r\n.markup-gallery-69e820cca0b70 .carousel-item img {width: 100%;margin: 0 auto;border:none !important;border-radius: 0px !important;box-shadow:none !important;}.markup-gallery-69e820cca0b70 .bx-controls-direction a {display: none;}.markup-gallery-69e820cca0b70 .bx-wrapper:hover .bx-controls-direction a {display: block;}.markup-gallery-69e820cca0b70 .bx-controls-direction a { display: block !important;}1<\/style>\r\n\r\n\n\t\t<div id='icppreloader-gallery-69e820cca0b70' class='icpsliderpreloader'><\/div><div class='markup-gallery-69e820cca0b70'><div style='display:none;' id='gallery-69e820cca0b70' class='ghozylab-gallery galleryid-1487 gallery-size-full'><div class='carousel-item'><a   href='https:\/\/www.podzemljepece.com\/wp-content\/uploads\/2023\/03\/Info-center-Podzemlje-Pece-1024x681.jpg'><img width=\"2560\" height=\"1704\" src=\"https:\/\/www.podzemljepece.com\/wp-content\/uploads\/2023\/03\/Info-center-Podzemlje-Pece-scaled.jpg\" class=\"attachment-full size-full\" alt=\"\" decoding=\"async\" loading=\"lazy\" srcset=\"https:\/\/www.podzemljepece.com\/wp-content\/uploads\/2023\/03\/Info-center-Podzemlje-Pece-scaled.jpg 2560w, https:\/\/www.podzemljepece.com\/wp-content\/uploads\/2023\/03\/Info-center-Podzemlje-Pece-300x200.jpg 300w, https:\/\/www.podzemljepece.com\/wp-content\/uploads\/2023\/03\/Info-center-Podzemlje-Pece-1024x681.jpg 1024w, https:\/\/www.podzemljepece.com\/wp-content\/uploads\/2023\/03\/Info-center-Podzemlje-Pece-768x511.jpg 768w, https:\/\/www.podzemljepece.com\/wp-content\/uploads\/2023\/03\/Info-center-Podzemlje-Pece-1536x1022.jpg 1536w, https:\/\/www.podzemljepece.com\/wp-content\/uploads\/2023\/03\/Info-center-Podzemlje-Pece-2048x1363.jpg 2048w, https:\/\/www.podzemljepece.com\/wp-content\/uploads\/2023\/03\/Info-center-Podzemlje-Pece-355x235.jpg 355w\" sizes=\"(max-width: 2560px) 100vw, 2560px\" \/><\/a><\/div><div class='carousel-item'><a   href='https:\/\/www.podzemljepece.com\/wp-content\/uploads\/2023\/03\/Info-center-Podzemlje-Pece-23--1024x681.jpg'><img width=\"2560\" height=\"1704\" src=\"https:\/\/www.podzemljepece.com\/wp-content\/uploads\/2023\/03\/Info-center-Podzemlje-Pece-23--scaled.jpg\" class=\"attachment-full size-full\" alt=\"\" decoding=\"async\" loading=\"lazy\" srcset=\"https:\/\/www.podzemljepece.com\/wp-content\/uploads\/2023\/03\/Info-center-Podzemlje-Pece-23--scaled.jpg 2560w, https:\/\/www.podzemljepece.com\/wp-content\/uploads\/2023\/03\/Info-center-Podzemlje-Pece-23--300x200.jpg 300w, https:\/\/www.podzemljepece.com\/wp-content\/uploads\/2023\/03\/Info-center-Podzemlje-Pece-23--1024x681.jpg 1024w, https:\/\/www.podzemljepece.com\/wp-content\/uploads\/2023\/03\/Info-center-Podzemlje-Pece-23--768x511.jpg 768w, https:\/\/www.podzemljepece.com\/wp-content\/uploads\/2023\/03\/Info-center-Podzemlje-Pece-23--1536x1022.jpg 1536w, https:\/\/www.podzemljepece.com\/wp-content\/uploads\/2023\/03\/Info-center-Podzemlje-Pece-23--2048x1363.jpg 2048w, https:\/\/www.podzemljepece.com\/wp-content\/uploads\/2023\/03\/Info-center-Podzemlje-Pece-23--355x235.jpg 355w\" sizes=\"(max-width: 2560px) 100vw, 2560px\" \/><\/a><\/div><div class='carousel-item'><a   href='https:\/\/www.podzemljepece.com\/wp-content\/uploads\/2023\/03\/Info-center-Podzemlje-Pece-24--1024x682.jpg'><img width=\"2560\" height=\"1705\" src=\"https:\/\/www.podzemljepece.com\/wp-content\/uploads\/2023\/03\/Info-center-Podzemlje-Pece-24--scaled.jpg\" class=\"attachment-full size-full\" alt=\"\" decoding=\"async\" loading=\"lazy\" srcset=\"https:\/\/www.podzemljepece.com\/wp-content\/uploads\/2023\/03\/Info-center-Podzemlje-Pece-24--scaled.jpg 2560w, https:\/\/www.podzemljepece.com\/wp-content\/uploads\/2023\/03\/Info-center-Podzemlje-Pece-24--300x200.jpg 300w, https:\/\/www.podzemljepece.com\/wp-content\/uploads\/2023\/03\/Info-center-Podzemlje-Pece-24--1024x682.jpg 1024w, https:\/\/www.podzemljepece.com\/wp-content\/uploads\/2023\/03\/Info-center-Podzemlje-Pece-24--768x511.jpg 768w, https:\/\/www.podzemljepece.com\/wp-content\/uploads\/2023\/03\/Info-center-Podzemlje-Pece-24--1536x1023.jpg 1536w, https:\/\/www.podzemljepece.com\/wp-content\/uploads\/2023\/03\/Info-center-Podzemlje-Pece-24--2048x1364.jpg 2048w, https:\/\/www.podzemljepece.com\/wp-content\/uploads\/2023\/03\/Info-center-Podzemlje-Pece-24--355x235.jpg 355w\" sizes=\"(max-width: 2560px) 100vw, 2560px\" \/><\/a><\/div>\r\n\t\t<\/div><\/div>\n<\/div><\/div>\n","protected":false},"excerpt":{"rendered":"<p>Das Informationszentrum Karawanken UNESCO Global Geopark in Me\u017eica ist ein wichtiger Mehrwert des Geoparks Karawanken und zugleich des touristischen Bergwerks und Museums. Zusammen mit dem Mehrzweckraum bietet es nun einen Ausgangspunkt f\u00fcr die Besichtigung des Bergwerks und gleichzeitig alle Informationen \u00fcber den Geopark Karawanken an einem Ort. Die Einrichtung des neuen Informationszentrums hat auch dazu [&hellip;]<\/p>\n","protected":false},"author":1,"featured_media":1111,"parent":0,"menu_order":29,"comment_status":"closed","ping_status":"closed","template":"","meta":{"_uag_custom_page_level_css":"","footnotes":""},"categories":[24],"tags":[],"uagb_featured_image_src":{"full":["https:\/\/www.podzemljepece.com\/wp-content\/uploads\/2023\/03\/Info-center-Podzemlje-Pece-24--scaled.jpg",2560,1705,false],"thumbnail":["https:\/\/www.podzemljepece.com\/wp-content\/uploads\/2023\/03\/Info-center-Podzemlje-Pece-24--150x150.jpg",150,150,true],"medium":["https:\/\/www.podzemljepece.com\/wp-content\/uploads\/2023\/03\/Info-center-Podzemlje-Pece-24--300x200.jpg",300,200,true],"medium_large":["https:\/\/www.podzemljepece.com\/wp-content\/uploads\/2023\/03\/Info-center-Podzemlje-Pece-24--768x511.jpg",768,511,true],"large":["https:\/\/www.podzemljepece.com\/wp-content\/uploads\/2023\/03\/Info-center-Podzemlje-Pece-24--1024x682.jpg",940,626,true],"1536x1536":["https:\/\/www.podzemljepece.com\/wp-content\/uploads\/2023\/03\/Info-center-Podzemlje-Pece-24--1536x1023.jpg",1536,1023,true],"2048x2048":["https:\/\/www.podzemljepece.com\/wp-content\/uploads\/2023\/03\/Info-center-Podzemlje-Pece-24--2048x1364.jpg",2048,1364,true],"port3":["https:\/\/www.podzemljepece.com\/wp-content\/uploads\/2023\/03\/Info-center-Podzemlje-Pece-24--600x600.jpg",600,600,true],"port3_grayscale":["https:\/\/www.podzemljepece.com\/wp-content\/uploads\/2023\/03\/Info-center-Podzemlje-Pece-24--627x470.jpg",627,470,true],"port2":["https:\/\/www.podzemljepece.com\/wp-content\/uploads\/2023\/03\/Info-center-Podzemlje-Pece-24--460x275.jpg",460,275,true],"port2_grayscale":["https:\/\/www.podzemljepece.com\/wp-content\/uploads\/2023\/03\/Info-center-Podzemlje-Pece-24--940x470.jpg",940,470,true],"port4":["https:\/\/www.podzemljepece.com\/wp-content\/uploads\/2023\/03\/Info-center-Podzemlje-Pece-24--600x600.jpg",600,600,true],"blog":["https:\/\/www.podzemljepece.com\/wp-content\/uploads\/2023\/03\/Info-center-Podzemlje-Pece-24--825x340.jpg",825,340,true],"alternate_blog":["https:\/\/www.podzemljepece.com\/wp-content\/uploads\/2023\/03\/Info-center-Podzemlje-Pece-24--440x195.jpg",440,195,true],"alternate_blog_side":["https:\/\/www.podzemljepece.com\/wp-content\/uploads\/2023\/03\/Info-center-Podzemlje-Pece-24--355x235.jpg",355,235,true],"blog_grid":["https:\/\/www.podzemljepece.com\/wp-content\/uploads\/2023\/03\/Info-center-Podzemlje-Pece-24--350x350.jpg",350,350,true],"staff":["https:\/\/www.podzemljepece.com\/wp-content\/uploads\/2023\/03\/Info-center-Podzemlje-Pece-24--400x270.jpg",400,270,true],"staff_full":["https:\/\/www.podzemljepece.com\/wp-content\/uploads\/2023\/03\/Info-center-Podzemlje-Pece-24--500x340.jpg",500,340,true]},"uagb_author_info":{"display_name":"admn","author_link":"https:\/\/www.podzemljepece.com\/?author=1"},"uagb_comment_info":0,"uagb_excerpt":"Das Informationszentrum Karawanken UNESCO Global Geopark in Me\u017eica ist ein wichtiger Mehrwert des Geoparks Karawanken und zugleich des touristischen Bergwerks und Museums. Zusammen mit dem Mehrzweckraum bietet es nun einen Ausgangspunkt f\u00fcr die Besichtigung des Bergwerks und gleichzeitig alle Informationen \u00fcber den Geopark Karawanken an einem Ort. Die Einrichtung des neuen Informationszentrums hat auch dazu&hellip;","_links":{"self":[{"href":"https:\/\/www.podzemljepece.com\/index.php?rest_route=\/wp\/v2\/pages\/1487"}],"collection":[{"href":"https:\/\/www.podzemljepece.com\/index.php?rest_route=\/wp\/v2\/pages"}],"about":[{"href":"https:\/\/www.podzemljepece.com\/index.php?rest_route=\/wp\/v2\/types\/page"}],"author":[{"embeddable":true,"href":"https:\/\/www.podzemljepece.com\/index.php?rest_route=\/wp\/v2\/users\/1"}],"replies":[{"embeddable":true,"href":"https:\/\/www.podzemljepece.com\/index.php?rest_route=%2Fwp%2Fv2%2Fcomments&post=1487"}],"version-history":[{"count":3,"href":"https:\/\/www.podzemljepece.com\/index.php?rest_route=\/wp\/v2\/pages\/1487\/revisions"}],"predecessor-version":[{"id":1791,"href":"https:\/\/www.podzemljepece.com\/index.php?rest_route=\/wp\/v2\/pages\/1487\/revisions\/1791"}],"wp:featuredmedia":[{"embeddable":true,"href":"https:\/\/www.podzemljepece.com\/index.php?rest_route=\/wp\/v2\/media\/1111"}],"wp:attachment":[{"href":"https:\/\/www.podzemljepece.com\/index.php?rest_route=%2Fwp%2Fv2%2Fmedia&parent=1487"}],"wp:term":[{"taxonomy":"category","embeddable":true,"href":"https:\/\/www.podzemljepece.com\/index.php?rest_route=%2Fwp%2Fv2%2Fcategories&post=1487"},{"taxonomy":"post_tag","embeddable":true,"href":"https:\/\/www.podzemljepece.com\/index.php?rest_route=%2Fwp%2Fv2%2Ftags&post=1487"}],"curies":[{"name":"wp","href":"https:\/\/api.w.org\/{rel}","templated":true}]}}