{"id":1504,"date":"2023-01-27T16:56:30","date_gmt":"2023-01-27T16:56:30","guid":{"rendered":"http:\/\/new.podzemljepece.com\/?page_id=1504"},"modified":"2023-05-24T16:26:44","modified_gmt":"2023-05-24T16:26:44","slug":"dozivljajski-park","status":"publish","type":"page","link":"https:\/\/www.podzemljepece.com\/?page_id=1504&lang=de","title":{"rendered":"ERLEBNISPARK"},"content":{"rendered":"\n<p>Vor dem Informationszentrum Karawanken UNESCO Global Geopark f\u00fchrt ein Erlebnispark die Besucher Millionen von Jahren zur\u00fcck in die Zeit der Dinosaurier und Jahrhunderte zur\u00fcck in die Zeit von K\u00f6nig Matja\u017e. Ein Gem\u00e4lde der akademischen Malerin Barbara Jurkov\u0161ek erz\u00e4hlt davon, wie unsere Umwelt vor zweihundert Millionen Jahren aussah. Damals war hier ein Meer, in dem Ichthyosaurier und viele andere Organismen lebten, wie ein konservierter Ichthyosaurier-Wirbel beweist, der in dem Bergwerk gefunden wurde. Er kann heute im Museum besichtigt werden.<\/p>\n\n\n\n<p>Der Abenteuerpark zeigt die Dinosaurier, die vor zweihundert Millionen Jahren unseren Planeten bev\u00f6lkerten, w\u00e4hrend die verschiedenen Gesteine die geologische Vielfalt des UNESCO Global Geoparks Karawanken veranschaulichen.<\/p>\n\n\n\n<p>Das K\u00f6nig-Matja\u017e-Labyrinth beantwortet die Frage &#8220;Wer war K\u00f6nig Matja\u017e?\u201c mit interessanten Geschichten und sch\u00f6nen Illustrationen von bekannten slowenischen Autoren. An der Kletterwand in Form des Minerals Kalzit, das in unseren Bergwerken vorkommt, k\u00f6nnen die Kletterf\u00e4higkeiten getestet werden.<\/p>\n\n\n\n<p>Die wichtigsten geologischen Ereignisse in der Geschichte des Geoparks Karawanken, bei denen au\u00dfergew\u00f6hnliche Gesteine, Mineralien, Erze und Fossilien entstanden sind, werden in Nischen in der Stutzmauer der Zufahrtsstra\u00dfe dargestellt. Da der geologische Aufbau und bunte tektonische Aktivit\u00e4ten auch die Entstehung verschiedener Lebensr\u00e4ume f\u00fcr Pflanzen und Tiere sowie das Leben der Menschen beeinflusst haben, pr\u00e4sentieren die Nischen auch die vielf\u00e4ltige Natur und die Traditionen des Gebietes. In den Nischen werden neben interessanten Ereignissen aus dem Geopark Karawanken auch Geo-Aktivit\u00e4ten aus der Erdgeschichte dargestellt.<\/p>\n\n\n\n<div class=\"wp-block-group uag-hide-mob\"><div class=\"wp-block-group__inner-container is-layout-flow wp-block-group-is-layout-flow\"><!-- Carousel Style & Script for  gallery-69e7ae2ea06ad -->\r\n\r\n<script type=\"text\/javascript\">\r\n\/\/ <![CDATA[\r\n\/* START --- Image Carousel --- *\/\r\n\r\njQuery(document).ready(function($) {\r\n\r\n    \r\n    $('.ghozylab-gallery img').each(function(i) {\r\n\r\n        $alt = $(this).attr('alt');\r\n\r\n        \/\/ Replace default title to more fancy :)\r\n        $(this).attr('alt', $alt.replace(\/-|_\/g, ' '));\r\n\r\n        $altnew = $(this).attr('alt').toLowerCase().replace(\/\\b[a-z]\/g, function(letter) {\r\n\r\n            return letter.toUpperCase();\r\n\r\n        });\r\n\r\n        $(this).attr('alt', $altnew);\r\n        \/\/ Compatibility with Zoom Lite Theme Image LazyLoad\r\n        $(this).removeAttr('data-lazy-src');\r\n\r\n    });\r\n\r\n    \r\n    $('#icppreloader-gallery-69e7ae2ea06ad').fadeOut(300, function() {\r\n        $('#gallery-69e7ae2ea06ad').fadeIn(300);\r\n        var slider69e7ae2ea06ad = $('#gallery-69e7ae2ea06ad').bxSlider({\r\n            auto: true,\r\n            pause: 9000,\r\n            autoHover: true,\r\n            moveSlides: 3,\r\n            minSlides: 3,\r\n            maxSlides: 3,\r\n            slideWidth: 500,\r\n            slideMargin: 10,\r\n            startSlide: 0,\r\n            infiniteLoop: true,\r\n            captions: true,\r\n            captionsMode: 'alt',\r\n            adaptiveHeight: true,\r\n            useCSS: false,\r\n            pager: true,\r\n            easing: 'easeOutSine',\r\n            speed: 2500,\r\n            preloadImages: 'all',\r\n            onSlideBefore: function() {\r\n                                $('#gallery-69e7ae2ea06ad .bx-caption').slideUp();\r\n                            },\r\n            onSlideAfter: function($slideElement, oldIndex, newIndex) {\r\n                                slider69e7ae2ea06ad.stopAuto();\r\n                slider69e7ae2ea06ad.startAuto();\r\n                                $('#gallery-69e7ae2ea06ad .bx-caption').slideDown();\r\n                            }\r\n        });\r\n\r\n    });\r\n});\r\n\r\n\/* END --- Image Carousel --- *\/\r\n\r\n\/\/ ]]>\r\n<\/script>\r\n\r\n<style type=\"text\/css\">\r\n.markup-gallery-69e7ae2ea06ad .carousel-item img {width: 100%;margin: 0 auto;border:none !important;border-radius: 0px !important;box-shadow:none !important;}.markup-gallery-69e7ae2ea06ad .bx-controls-direction a {display: none;}.markup-gallery-69e7ae2ea06ad .bx-wrapper:hover .bx-controls-direction a {display: block;}.markup-gallery-69e7ae2ea06ad .bx-controls-direction a { display: block !important;}1<\/style>\r\n\r\n\n\t\t<div id='icppreloader-gallery-69e7ae2ea06ad' class='icpsliderpreloader'><\/div><div class='markup-gallery-69e7ae2ea06ad'><div style='display:none;' id='gallery-69e7ae2ea06ad' class='ghozylab-gallery galleryid-1504 gallery-size-full'><div class='carousel-item'><a   href='https:\/\/www.podzemljepece.com\/wp-content\/uploads\/2023\/03\/Podzemlje-Pece-tematski-park-2014-14--1024x681.jpg'><img width=\"2560\" height=\"1703\" src=\"https:\/\/www.podzemljepece.com\/wp-content\/uploads\/2023\/03\/Podzemlje-Pece-tematski-park-2014-14--scaled.jpg\" class=\"attachment-full size-full\" alt=\"\" decoding=\"async\" loading=\"lazy\" srcset=\"https:\/\/www.podzemljepece.com\/wp-content\/uploads\/2023\/03\/Podzemlje-Pece-tematski-park-2014-14--scaled.jpg 2560w, https:\/\/www.podzemljepece.com\/wp-content\/uploads\/2023\/03\/Podzemlje-Pece-tematski-park-2014-14--300x200.jpg 300w, https:\/\/www.podzemljepece.com\/wp-content\/uploads\/2023\/03\/Podzemlje-Pece-tematski-park-2014-14--1024x681.jpg 1024w, https:\/\/www.podzemljepece.com\/wp-content\/uploads\/2023\/03\/Podzemlje-Pece-tematski-park-2014-14--768x511.jpg 768w, https:\/\/www.podzemljepece.com\/wp-content\/uploads\/2023\/03\/Podzemlje-Pece-tematski-park-2014-14--1536x1022.jpg 1536w, https:\/\/www.podzemljepece.com\/wp-content\/uploads\/2023\/03\/Podzemlje-Pece-tematski-park-2014-14--2048x1363.jpg 2048w, https:\/\/www.podzemljepece.com\/wp-content\/uploads\/2023\/03\/Podzemlje-Pece-tematski-park-2014-14--355x235.jpg 355w\" sizes=\"(max-width: 2560px) 100vw, 2560px\" \/><\/a><\/div><div class='carousel-item'><a   href='https:\/\/www.podzemljepece.com\/wp-content\/uploads\/2023\/03\/Podzemlje-Pece-tematski-park-2014-32--1024x681.jpg'><img width=\"2560\" height=\"1703\" src=\"https:\/\/www.podzemljepece.com\/wp-content\/uploads\/2023\/03\/Podzemlje-Pece-tematski-park-2014-32--scaled.jpg\" class=\"attachment-full size-full\" alt=\"\" decoding=\"async\" loading=\"lazy\" srcset=\"https:\/\/www.podzemljepece.com\/wp-content\/uploads\/2023\/03\/Podzemlje-Pece-tematski-park-2014-32--scaled.jpg 2560w, https:\/\/www.podzemljepece.com\/wp-content\/uploads\/2023\/03\/Podzemlje-Pece-tematski-park-2014-32--300x200.jpg 300w, https:\/\/www.podzemljepece.com\/wp-content\/uploads\/2023\/03\/Podzemlje-Pece-tematski-park-2014-32--1024x681.jpg 1024w, https:\/\/www.podzemljepece.com\/wp-content\/uploads\/2023\/03\/Podzemlje-Pece-tematski-park-2014-32--768x511.jpg 768w, https:\/\/www.podzemljepece.com\/wp-content\/uploads\/2023\/03\/Podzemlje-Pece-tematski-park-2014-32--1536x1022.jpg 1536w, https:\/\/www.podzemljepece.com\/wp-content\/uploads\/2023\/03\/Podzemlje-Pece-tematski-park-2014-32--2048x1363.jpg 2048w, https:\/\/www.podzemljepece.com\/wp-content\/uploads\/2023\/03\/Podzemlje-Pece-tematski-park-2014-32--355x235.jpg 355w\" sizes=\"(max-width: 2560px) 100vw, 2560px\" \/><\/a><\/div><div class='carousel-item'><a   href='https:\/\/www.podzemljepece.com\/wp-content\/uploads\/2023\/03\/Podzemlje-Pece-tematski-park-2014-40--1024x681.jpg'><img width=\"2560\" height=\"1703\" src=\"https:\/\/www.podzemljepece.com\/wp-content\/uploads\/2023\/03\/Podzemlje-Pece-tematski-park-2014-40--scaled.jpg\" class=\"attachment-full size-full\" alt=\"\" decoding=\"async\" loading=\"lazy\" srcset=\"https:\/\/www.podzemljepece.com\/wp-content\/uploads\/2023\/03\/Podzemlje-Pece-tematski-park-2014-40--scaled.jpg 2560w, https:\/\/www.podzemljepece.com\/wp-content\/uploads\/2023\/03\/Podzemlje-Pece-tematski-park-2014-40--300x200.jpg 300w, https:\/\/www.podzemljepece.com\/wp-content\/uploads\/2023\/03\/Podzemlje-Pece-tematski-park-2014-40--1024x681.jpg 1024w, https:\/\/www.podzemljepece.com\/wp-content\/uploads\/2023\/03\/Podzemlje-Pece-tematski-park-2014-40--768x511.jpg 768w, https:\/\/www.podzemljepece.com\/wp-content\/uploads\/2023\/03\/Podzemlje-Pece-tematski-park-2014-40--1536x1022.jpg 1536w, https:\/\/www.podzemljepece.com\/wp-content\/uploads\/2023\/03\/Podzemlje-Pece-tematski-park-2014-40--2048x1363.jpg 2048w, https:\/\/www.podzemljepece.com\/wp-content\/uploads\/2023\/03\/Podzemlje-Pece-tematski-park-2014-40--355x235.jpg 355w\" sizes=\"(max-width: 2560px) 100vw, 2560px\" \/><\/a><\/div><div class='carousel-item'><a   href='https:\/\/www.podzemljepece.com\/wp-content\/uploads\/2023\/03\/Podzemlje-Pece-tematski-park-2014-1024x681.jpg'><img width=\"2560\" height=\"1703\" src=\"https:\/\/www.podzemljepece.com\/wp-content\/uploads\/2023\/03\/Podzemlje-Pece-tematski-park-2014-scaled.jpg\" class=\"attachment-full size-full\" alt=\"\" decoding=\"async\" loading=\"lazy\" srcset=\"https:\/\/www.podzemljepece.com\/wp-content\/uploads\/2023\/03\/Podzemlje-Pece-tematski-park-2014-scaled.jpg 2560w, https:\/\/www.podzemljepece.com\/wp-content\/uploads\/2023\/03\/Podzemlje-Pece-tematski-park-2014-300x200.jpg 300w, https:\/\/www.podzemljepece.com\/wp-content\/uploads\/2023\/03\/Podzemlje-Pece-tematski-park-2014-1024x681.jpg 1024w, https:\/\/www.podzemljepece.com\/wp-content\/uploads\/2023\/03\/Podzemlje-Pece-tematski-park-2014-768x511.jpg 768w, https:\/\/www.podzemljepece.com\/wp-content\/uploads\/2023\/03\/Podzemlje-Pece-tematski-park-2014-1536x1022.jpg 1536w, https:\/\/www.podzemljepece.com\/wp-content\/uploads\/2023\/03\/Podzemlje-Pece-tematski-park-2014-2048x1363.jpg 2048w, https:\/\/www.podzemljepece.com\/wp-content\/uploads\/2023\/03\/Podzemlje-Pece-tematski-park-2014-355x235.jpg 355w\" sizes=\"(max-width: 2560px) 100vw, 2560px\" \/><\/a><\/div>\r\n\t\t<\/div><\/div>\n<\/div><\/div>\n\n\n\n<div class=\"wp-block-group uag-hide-desktop uag-hide-tab\"><div class=\"wp-block-group__inner-container is-layout-flow wp-block-group-is-layout-flow\"><!-- Carousel Style & Script for  gallery-69e7ae2ea2661 -->\r\n\r\n<script type=\"text\/javascript\">\r\n\/\/ <![CDATA[\r\n\/* START --- Image Carousel --- *\/\r\n\r\njQuery(document).ready(function($) {\r\n\r\n    \r\n    $('.ghozylab-gallery img').each(function(i) {\r\n\r\n        $alt = $(this).attr('alt');\r\n\r\n        \/\/ Replace default title to more fancy :)\r\n        $(this).attr('alt', $alt.replace(\/-|_\/g, ' '));\r\n\r\n        $altnew = $(this).attr('alt').toLowerCase().replace(\/\\b[a-z]\/g, function(letter) {\r\n\r\n            return letter.toUpperCase();\r\n\r\n        });\r\n\r\n        $(this).attr('alt', $altnew);\r\n        \/\/ Compatibility with Zoom Lite Theme Image LazyLoad\r\n        $(this).removeAttr('data-lazy-src');\r\n\r\n    });\r\n\r\n    \r\n    $('#icppreloader-gallery-69e7ae2ea2661').fadeOut(300, function() {\r\n        $('#gallery-69e7ae2ea2661').fadeIn(300);\r\n        var slider69e7ae2ea2661 = $('#gallery-69e7ae2ea2661').bxSlider({\r\n            auto: true,\r\n            pause: 9000,\r\n            autoHover: true,\r\n            moveSlides: 1,\r\n            minSlides: 1,\r\n            maxSlides: 1,\r\n            slideWidth: 500,\r\n            slideMargin: 10,\r\n            startSlide: 0,\r\n            infiniteLoop: true,\r\n            captions: true,\r\n            captionsMode: 'alt',\r\n            adaptiveHeight: true,\r\n            useCSS: false,\r\n            pager: true,\r\n            easing: 'easeOutSine',\r\n            speed: 2500,\r\n            preloadImages: 'all',\r\n            onSlideBefore: function() {\r\n                                $('#gallery-69e7ae2ea2661 .bx-caption').slideUp();\r\n                            },\r\n            onSlideAfter: function($slideElement, oldIndex, newIndex) {\r\n                                slider69e7ae2ea2661.stopAuto();\r\n                slider69e7ae2ea2661.startAuto();\r\n                                $('#gallery-69e7ae2ea2661 .bx-caption').slideDown();\r\n                            }\r\n        });\r\n\r\n    });\r\n});\r\n\r\n\/* END --- Image Carousel --- *\/\r\n\r\n\/\/ ]]>\r\n<\/script>\r\n\r\n<style type=\"text\/css\">\r\n.markup-gallery-69e7ae2ea2661 .carousel-item img {width: 100%;margin: 0 auto;border:none !important;border-radius: 0px !important;box-shadow:none !important;}.markup-gallery-69e7ae2ea2661 .bx-controls-direction a {display: none;}.markup-gallery-69e7ae2ea2661 .bx-wrapper:hover .bx-controls-direction a {display: block;}.markup-gallery-69e7ae2ea2661 .bx-controls-direction a { display: block !important;}1<\/style>\r\n\r\n\n\t\t<div id='icppreloader-gallery-69e7ae2ea2661' class='icpsliderpreloader'><\/div><div class='markup-gallery-69e7ae2ea2661'><div style='display:none;' id='gallery-69e7ae2ea2661' class='ghozylab-gallery galleryid-1504 gallery-size-full'><div class='carousel-item'><a   href='https:\/\/www.podzemljepece.com\/wp-content\/uploads\/2023\/03\/Podzemlje-Pece-tematski-park-2014-14--1024x681.jpg'><img width=\"2560\" height=\"1703\" src=\"https:\/\/www.podzemljepece.com\/wp-content\/uploads\/2023\/03\/Podzemlje-Pece-tematski-park-2014-14--scaled.jpg\" class=\"attachment-full size-full\" alt=\"\" decoding=\"async\" loading=\"lazy\" srcset=\"https:\/\/www.podzemljepece.com\/wp-content\/uploads\/2023\/03\/Podzemlje-Pece-tematski-park-2014-14--scaled.jpg 2560w, https:\/\/www.podzemljepece.com\/wp-content\/uploads\/2023\/03\/Podzemlje-Pece-tematski-park-2014-14--300x200.jpg 300w, https:\/\/www.podzemljepece.com\/wp-content\/uploads\/2023\/03\/Podzemlje-Pece-tematski-park-2014-14--1024x681.jpg 1024w, https:\/\/www.podzemljepece.com\/wp-content\/uploads\/2023\/03\/Podzemlje-Pece-tematski-park-2014-14--768x511.jpg 768w, https:\/\/www.podzemljepece.com\/wp-content\/uploads\/2023\/03\/Podzemlje-Pece-tematski-park-2014-14--1536x1022.jpg 1536w, https:\/\/www.podzemljepece.com\/wp-content\/uploads\/2023\/03\/Podzemlje-Pece-tematski-park-2014-14--2048x1363.jpg 2048w, https:\/\/www.podzemljepece.com\/wp-content\/uploads\/2023\/03\/Podzemlje-Pece-tematski-park-2014-14--355x235.jpg 355w\" sizes=\"(max-width: 2560px) 100vw, 2560px\" \/><\/a><\/div><div class='carousel-item'><a   href='https:\/\/www.podzemljepece.com\/wp-content\/uploads\/2023\/03\/Podzemlje-Pece-tematski-park-2014-32--1024x681.jpg'><img width=\"2560\" height=\"1703\" src=\"https:\/\/www.podzemljepece.com\/wp-content\/uploads\/2023\/03\/Podzemlje-Pece-tematski-park-2014-32--scaled.jpg\" class=\"attachment-full size-full\" alt=\"\" decoding=\"async\" loading=\"lazy\" srcset=\"https:\/\/www.podzemljepece.com\/wp-content\/uploads\/2023\/03\/Podzemlje-Pece-tematski-park-2014-32--scaled.jpg 2560w, https:\/\/www.podzemljepece.com\/wp-content\/uploads\/2023\/03\/Podzemlje-Pece-tematski-park-2014-32--300x200.jpg 300w, https:\/\/www.podzemljepece.com\/wp-content\/uploads\/2023\/03\/Podzemlje-Pece-tematski-park-2014-32--1024x681.jpg 1024w, https:\/\/www.podzemljepece.com\/wp-content\/uploads\/2023\/03\/Podzemlje-Pece-tematski-park-2014-32--768x511.jpg 768w, https:\/\/www.podzemljepece.com\/wp-content\/uploads\/2023\/03\/Podzemlje-Pece-tematski-park-2014-32--1536x1022.jpg 1536w, https:\/\/www.podzemljepece.com\/wp-content\/uploads\/2023\/03\/Podzemlje-Pece-tematski-park-2014-32--2048x1363.jpg 2048w, https:\/\/www.podzemljepece.com\/wp-content\/uploads\/2023\/03\/Podzemlje-Pece-tematski-park-2014-32--355x235.jpg 355w\" sizes=\"(max-width: 2560px) 100vw, 2560px\" \/><\/a><\/div><div class='carousel-item'><a   href='https:\/\/www.podzemljepece.com\/wp-content\/uploads\/2023\/03\/Podzemlje-Pece-tematski-park-2014-40--1024x681.jpg'><img width=\"2560\" height=\"1703\" src=\"https:\/\/www.podzemljepece.com\/wp-content\/uploads\/2023\/03\/Podzemlje-Pece-tematski-park-2014-40--scaled.jpg\" class=\"attachment-full size-full\" alt=\"\" decoding=\"async\" loading=\"lazy\" srcset=\"https:\/\/www.podzemljepece.com\/wp-content\/uploads\/2023\/03\/Podzemlje-Pece-tematski-park-2014-40--scaled.jpg 2560w, https:\/\/www.podzemljepece.com\/wp-content\/uploads\/2023\/03\/Podzemlje-Pece-tematski-park-2014-40--300x200.jpg 300w, https:\/\/www.podzemljepece.com\/wp-content\/uploads\/2023\/03\/Podzemlje-Pece-tematski-park-2014-40--1024x681.jpg 1024w, https:\/\/www.podzemljepece.com\/wp-content\/uploads\/2023\/03\/Podzemlje-Pece-tematski-park-2014-40--768x511.jpg 768w, https:\/\/www.podzemljepece.com\/wp-content\/uploads\/2023\/03\/Podzemlje-Pece-tematski-park-2014-40--1536x1022.jpg 1536w, https:\/\/www.podzemljepece.com\/wp-content\/uploads\/2023\/03\/Podzemlje-Pece-tematski-park-2014-40--2048x1363.jpg 2048w, https:\/\/www.podzemljepece.com\/wp-content\/uploads\/2023\/03\/Podzemlje-Pece-tematski-park-2014-40--355x235.jpg 355w\" sizes=\"(max-width: 2560px) 100vw, 2560px\" \/><\/a><\/div><div class='carousel-item'><a   href='https:\/\/www.podzemljepece.com\/wp-content\/uploads\/2023\/03\/Podzemlje-Pece-tematski-park-2014-1024x681.jpg'><img width=\"2560\" height=\"1703\" src=\"https:\/\/www.podzemljepece.com\/wp-content\/uploads\/2023\/03\/Podzemlje-Pece-tematski-park-2014-scaled.jpg\" class=\"attachment-full size-full\" alt=\"\" decoding=\"async\" loading=\"lazy\" srcset=\"https:\/\/www.podzemljepece.com\/wp-content\/uploads\/2023\/03\/Podzemlje-Pece-tematski-park-2014-scaled.jpg 2560w, https:\/\/www.podzemljepece.com\/wp-content\/uploads\/2023\/03\/Podzemlje-Pece-tematski-park-2014-300x200.jpg 300w, https:\/\/www.podzemljepece.com\/wp-content\/uploads\/2023\/03\/Podzemlje-Pece-tematski-park-2014-1024x681.jpg 1024w, https:\/\/www.podzemljepece.com\/wp-content\/uploads\/2023\/03\/Podzemlje-Pece-tematski-park-2014-768x511.jpg 768w, https:\/\/www.podzemljepece.com\/wp-content\/uploads\/2023\/03\/Podzemlje-Pece-tematski-park-2014-1536x1022.jpg 1536w, https:\/\/www.podzemljepece.com\/wp-content\/uploads\/2023\/03\/Podzemlje-Pece-tematski-park-2014-2048x1363.jpg 2048w, https:\/\/www.podzemljepece.com\/wp-content\/uploads\/2023\/03\/Podzemlje-Pece-tematski-park-2014-355x235.jpg 355w\" sizes=\"(max-width: 2560px) 100vw, 2560px\" \/><\/a><\/div>\r\n\t\t<\/div><\/div>\n<\/div><\/div>\n","protected":false},"excerpt":{"rendered":"<p>Vor dem Informationszentrum Karawanken UNESCO Global Geopark f\u00fchrt ein Erlebnispark die Besucher Millionen von Jahren zur\u00fcck in die Zeit der Dinosaurier und Jahrhunderte zur\u00fcck in die Zeit von K\u00f6nig Matja\u017e. Ein Gem\u00e4lde der akademischen Malerin Barbara Jurkov\u0161ek erz\u00e4hlt davon, wie unsere Umwelt vor zweihundert Millionen Jahren aussah. Damals war hier ein Meer, in dem Ichthyosaurier [&hellip;]<\/p>\n","protected":false},"author":1,"featured_media":1505,"parent":0,"menu_order":60,"comment_status":"closed","ping_status":"closed","template":"","meta":{"_uag_custom_page_level_css":"","footnotes":""},"categories":[24],"tags":[],"uagb_featured_image_src":{"full":["https:\/\/www.podzemljepece.com\/wp-content\/uploads\/2022\/03\/Podzemlje_Pece_tematski_park_2014_-34-_.jpg",1000,665,false],"thumbnail":["https:\/\/www.podzemljepece.com\/wp-content\/uploads\/2022\/03\/Podzemlje_Pece_tematski_park_2014_-34-_-150x150.jpg",150,150,true],"medium":["https:\/\/www.podzemljepece.com\/wp-content\/uploads\/2022\/03\/Podzemlje_Pece_tematski_park_2014_-34-_-300x200.jpg",300,200,true],"medium_large":["https:\/\/www.podzemljepece.com\/wp-content\/uploads\/2022\/03\/Podzemlje_Pece_tematski_park_2014_-34-_-768x511.jpg",768,511,true],"large":["https:\/\/www.podzemljepece.com\/wp-content\/uploads\/2022\/03\/Podzemlje_Pece_tematski_park_2014_-34-_.jpg",940,625,false],"1536x1536":["https:\/\/www.podzemljepece.com\/wp-content\/uploads\/2022\/03\/Podzemlje_Pece_tematski_park_2014_-34-_.jpg",1000,665,false],"2048x2048":["https:\/\/www.podzemljepece.com\/wp-content\/uploads\/2022\/03\/Podzemlje_Pece_tematski_park_2014_-34-_.jpg",1000,665,false],"port3":["https:\/\/www.podzemljepece.com\/wp-content\/uploads\/2022\/03\/Podzemlje_Pece_tematski_park_2014_-34-_-600x600.jpg",600,600,true],"port3_grayscale":["https:\/\/www.podzemljepece.com\/wp-content\/uploads\/2022\/03\/Podzemlje_Pece_tematski_park_2014_-34-_-627x470.jpg",627,470,true],"port2":["https:\/\/www.podzemljepece.com\/wp-content\/uploads\/2022\/03\/Podzemlje_Pece_tematski_park_2014_-34-_-460x275.jpg",460,275,true],"port2_grayscale":["https:\/\/www.podzemljepece.com\/wp-content\/uploads\/2022\/03\/Podzemlje_Pece_tematski_park_2014_-34-_-940x470.jpg",940,470,true],"port4":["https:\/\/www.podzemljepece.com\/wp-content\/uploads\/2022\/03\/Podzemlje_Pece_tematski_park_2014_-34-_-600x600.jpg",600,600,true],"blog":["https:\/\/www.podzemljepece.com\/wp-content\/uploads\/2022\/03\/Podzemlje_Pece_tematski_park_2014_-34-_-825x340.jpg",825,340,true],"alternate_blog":["https:\/\/www.podzemljepece.com\/wp-content\/uploads\/2022\/03\/Podzemlje_Pece_tematski_park_2014_-34-_-440x195.jpg",440,195,true],"alternate_blog_side":["https:\/\/www.podzemljepece.com\/wp-content\/uploads\/2022\/03\/Podzemlje_Pece_tematski_park_2014_-34-_-355x235.jpg",355,235,true],"blog_grid":["https:\/\/www.podzemljepece.com\/wp-content\/uploads\/2022\/03\/Podzemlje_Pece_tematski_park_2014_-34-_-350x350.jpg",350,350,true],"staff":["https:\/\/www.podzemljepece.com\/wp-content\/uploads\/2022\/03\/Podzemlje_Pece_tematski_park_2014_-34-_-400x270.jpg",400,270,true],"staff_full":["https:\/\/www.podzemljepece.com\/wp-content\/uploads\/2022\/03\/Podzemlje_Pece_tematski_park_2014_-34-_-500x340.jpg",500,340,true]},"uagb_author_info":{"display_name":"admn","author_link":"https:\/\/www.podzemljepece.com\/?author=1"},"uagb_comment_info":0,"uagb_excerpt":"Vor dem Informationszentrum Karawanken UNESCO Global Geopark f\u00fchrt ein Erlebnispark die Besucher Millionen von Jahren zur\u00fcck in die Zeit der Dinosaurier und Jahrhunderte zur\u00fcck in die Zeit von K\u00f6nig Matja\u017e. Ein Gem\u00e4lde der akademischen Malerin Barbara Jurkov\u0161ek erz\u00e4hlt davon, wie unsere Umwelt vor zweihundert Millionen Jahren aussah. Damals war hier ein Meer, in dem Ichthyosaurier&hellip;","_links":{"self":[{"href":"https:\/\/www.podzemljepece.com\/index.php?rest_route=\/wp\/v2\/pages\/1504"}],"collection":[{"href":"https:\/\/www.podzemljepece.com\/index.php?rest_route=\/wp\/v2\/pages"}],"about":[{"href":"https:\/\/www.podzemljepece.com\/index.php?rest_route=\/wp\/v2\/types\/page"}],"author":[{"embeddable":true,"href":"https:\/\/www.podzemljepece.com\/index.php?rest_route=\/wp\/v2\/users\/1"}],"replies":[{"embeddable":true,"href":"https:\/\/www.podzemljepece.com\/index.php?rest_route=%2Fwp%2Fv2%2Fcomments&post=1504"}],"version-history":[{"count":3,"href":"https:\/\/www.podzemljepece.com\/index.php?rest_route=\/wp\/v2\/pages\/1504\/revisions"}],"predecessor-version":[{"id":1792,"href":"https:\/\/www.podzemljepece.com\/index.php?rest_route=\/wp\/v2\/pages\/1504\/revisions\/1792"}],"wp:featuredmedia":[{"embeddable":true,"href":"https:\/\/www.podzemljepece.com\/index.php?rest_route=\/wp\/v2\/media\/1505"}],"wp:attachment":[{"href":"https:\/\/www.podzemljepece.com\/index.php?rest_route=%2Fwp%2Fv2%2Fmedia&parent=1504"}],"wp:term":[{"taxonomy":"category","embeddable":true,"href":"https:\/\/www.podzemljepece.com\/index.php?rest_route=%2Fwp%2Fv2%2Fcategories&post=1504"},{"taxonomy":"post_tag","embeddable":true,"href":"https:\/\/www.podzemljepece.com\/index.php?rest_route=%2Fwp%2Fv2%2Ftags&post=1504"}],"curies":[{"name":"wp","href":"https:\/\/api.w.org\/{rel}","templated":true}]}}