{"id":1521,"date":"2021-08-27T11:29:57","date_gmt":"2021-08-27T11:29:57","guid":{"rendered":"http:\/\/new.podzemljepece.com\/?page_id=1521"},"modified":"2026-01-05T09:36:46","modified_gmt":"2026-01-05T09:36:46","slug":"cenik","status":"publish","type":"page","link":"https:\/\/www.podzemljepece.com\/?page_id=1521&lang=de","title":{"rendered":"PREISLISTE"},"content":{"rendered":"\n<h2 class=\"wp-block-heading\"><strong>PREISLISTE der Bergwerkbesichtigungen<\/strong><\/h2>\n\n\n\n<p class=\"has-black-background-color has-background\"><strong>BERGWERKBESICHTIGUNG MIT DEM ZUG<\/strong><br>Erwachsene: 21.00 EUR<br>Kinder, Sch\u00fcler, Studenten: 16.00 EUR<br><strong>Familienkarte<\/strong> (<strong>Bergwerkbesichtigung mit dem Zug<\/strong>)<br>Erwachsene: 21.00 EUR<br>Kinder, Sch\u00fcler, Studenten: 12.00 EUR<br>Die Bergwerkbesichtigung wird f\u00fcr Kinder ab 5 Jahren empfohlen.<\/p>\n\n\n\n<p class=\"has-black-background-color has-background\"><strong>MUSEUM EINTRITT<\/strong><br>5.00 EUR<\/p>\n\n\n\n<p class=\"has-black-background-color has-background\"><strong>BERGWERKBESICHTIGUNG MIT DEM FAHHRAD<\/strong><br><em>mindestens 2 Personen<\/em><br>45.00 EUR\/Person (inklusive Fahrradverleih)<br><strong>Black hole trail<\/strong><br>79.00 EUR\/Person<br>01.11.-31.03.: 65.00 EUR\/Person<\/p>\n\n\n\n<p class=\"has-black-background-color has-background\"><strong>BERGWERKBESICHTIGUNG MIT DEM KAJAK <\/strong><br><em>mindestens 2 Personen<\/em><br>55.00 EUR\/Person<br>01.06.-30.09.: 75.00 EUR\/Person<br>Preis inklusive &#8220;Bergmannsmahlzeit&#8221;.<br>Die Mindestgr\u00f6\u00dfe liegt bei 150 cm.<\/p>\n\n\n\n<p class=\"has-black-background-color has-background\"><em>Preis inklusive MWSt.<br>Preise gelten ab dem 01. 2026.<\/em><\/p>\n","protected":false},"excerpt":{"rendered":"<p>PREISLISTE der Bergwerkbesichtigungen BERGWERKBESICHTIGUNG MIT DEM ZUGErwachsene: 21.00 EURKinder, Sch\u00fcler, Studenten: 16.00 EURFamilienkarte (Bergwerkbesichtigung mit dem Zug)Erwachsene: 21.00 EURKinder, Sch\u00fcler, Studenten: 12.00 EURDie Bergwerkbesichtigung wird f\u00fcr Kinder ab 5 Jahren empfohlen. MUSEUM EINTRITT5.00 EUR BERGWERKBESICHTIGUNG MIT DEM FAHHRADmindestens 2 Personen45.00 EUR\/Person (inklusive Fahrradverleih)Black hole trail79.00 EUR\/Person01.11.-31.03.: 65.00 EUR\/Person BERGWERKBESICHTIGUNG MIT DEM KAJAK mindestens 2 Personen55.00 [&hellip;]<\/p>\n","protected":false},"author":1,"featured_media":0,"parent":0,"menu_order":0,"comment_status":"closed","ping_status":"closed","template":"","meta":{"_uag_custom_page_level_css":"","footnotes":""},"categories":[],"tags":[],"uagb_featured_image_src":{"full":false,"thumbnail":false,"medium":false,"medium_large":false,"large":false,"1536x1536":false,"2048x2048":false,"port3":false,"port3_grayscale":false,"port2":false,"port2_grayscale":false,"port4":false,"blog":false,"alternate_blog":false,"alternate_blog_side":false,"blog_grid":false,"staff":false,"staff_full":false},"uagb_author_info":{"display_name":"admn","author_link":"https:\/\/www.podzemljepece.com\/?author=1"},"uagb_comment_info":0,"uagb_excerpt":"PREISLISTE der Bergwerkbesichtigungen BERGWERKBESICHTIGUNG MIT DEM ZUGErwachsene: 21.00 EURKinder, Sch\u00fcler, Studenten: 16.00 EURFamilienkarte (Bergwerkbesichtigung mit dem Zug)Erwachsene: 21.00 EURKinder, Sch\u00fcler, Studenten: 12.00 EURDie Bergwerkbesichtigung wird f\u00fcr Kinder ab 5 Jahren empfohlen. MUSEUM EINTRITT5.00 EUR BERGWERKBESICHTIGUNG MIT DEM FAHHRADmindestens 2 Personen45.00 EUR\/Person (inklusive Fahrradverleih)Black hole trail79.00 EUR\/Person01.11.-31.03.: 65.00 EUR\/Person BERGWERKBESICHTIGUNG MIT DEM KAJAK mindestens 2 Personen55.00&hellip;","_links":{"self":[{"href":"https:\/\/www.podzemljepece.com\/index.php?rest_route=\/wp\/v2\/pages\/1521"}],"collection":[{"href":"https:\/\/www.podzemljepece.com\/index.php?rest_route=\/wp\/v2\/pages"}],"about":[{"href":"https:\/\/www.podzemljepece.com\/index.php?rest_route=\/wp\/v2\/types\/page"}],"author":[{"embeddable":true,"href":"https:\/\/www.podzemljepece.com\/index.php?rest_route=\/wp\/v2\/users\/1"}],"replies":[{"embeddable":true,"href":"https:\/\/www.podzemljepece.com\/index.php?rest_route=%2Fwp%2Fv2%2Fcomments&post=1521"}],"version-history":[{"count":14,"href":"https:\/\/www.podzemljepece.com\/index.php?rest_route=\/wp\/v2\/pages\/1521\/revisions"}],"predecessor-version":[{"id":3136,"href":"https:\/\/www.podzemljepece.com\/index.php?rest_route=\/wp\/v2\/pages\/1521\/revisions\/3136"}],"wp:attachment":[{"href":"https:\/\/www.podzemljepece.com\/index.php?rest_route=%2Fwp%2Fv2%2Fmedia&parent=1521"}],"wp:term":[{"taxonomy":"category","embeddable":true,"href":"https:\/\/www.podzemljepece.com\/index.php?rest_route=%2Fwp%2Fv2%2Fcategories&post=1521"},{"taxonomy":"post_tag","embeddable":true,"href":"https:\/\/www.podzemljepece.com\/index.php?rest_route=%2Fwp%2Fv2%2Ftags&post=1521"}],"curies":[{"name":"wp","href":"https:\/\/api.w.org\/{rel}","templated":true}]}}