{"id":1599,"date":"2023-01-27T11:49:41","date_gmt":"2023-01-27T11:49:41","guid":{"rendered":"http:\/\/new.podzemljepece.com\/?page_id=1599"},"modified":"2023-07-16T08:04:06","modified_gmt":"2023-07-16T08:04:06","slug":"karavanke-unesco-globalni-geopark","status":"publish","type":"page","link":"https:\/\/www.podzemljepece.com\/?page_id=1599&lang=de","title":{"rendered":"Karawanken UNESCO Global Geopark"},"content":{"rendered":"<p>[vc_row][vc_column][vc_column_text]<\/p>\r\n<h2 class=\"wp-block-heading\" align=\"justify\">KARAVANKE\/KARAWANKEN UNESCO GLOBAL GEOPARK<\/h2>\r\n<p align=\"justify\">Geoparks sind geografisch geschlossene Gebiete mit klar definierten Grenzen. Sie verf\u00fcgen \u00fcber ein herausragendes geologisches und geomorphologisches Erbe, das sowohl auf lokaler und nationaler als auch auf europ\u00e4ischer und globaler Ebene besonders ist. Neben ihrem herausragenden geologischen Erbe verf\u00fcgen Geoparks auch \u00fcber wichtige nat\u00fcrliche und historische Merkmale, arch\u00e4ologisches, technisches und anderes kulturelles Erbe, das mit ihrer herausragenden geologischen Struktur verbunden ist. Die Hauptziele der Geoparks sind der angemessene Schutz und die Popularisierung des Erbes, Bildung und die nachhaltige Entwicklung des Gebiets durch den so genannten Geotourismus.<\/p>\r\n<p align=\"justify\">Der Karavanke\/Karawanken UNESCO GLOBAL GEOPARK umfasst eine Fl\u00e4che von \u00fcber 1000 Quadratkilometern im grenz\u00fcberschreitenden Gebiet zwischen Slowenien und \u00d6sterreich mit rund 53000 Einwohnern. Vierzehn Grenzgemeinden sind einbezogen: \u010crna na Koro\u0161kem, Me\u017eica, Prevalje, Ravne na Koro\u0161kem, Dravograd, Bistrica nad Pliberkom (Feistritz ob Bleiburg), Pliberk (Bleiburg), Suha (Neuhaus), Globasnica (Globasnitz), Galicija (Gallizien), \u017ditara vas (Sittersdorf), \u017delezna Kapla (Bad Eisenkappel), Sele (Zell) und Labot (Lavam\u00fcnd). Seit 2013 ist er Mitglied des European and Global Geoparks Network, im November 2015 ist er zum Karavanke\/Karawanken UNESCO Global Geopark ernannt worden.<\/p>\r\n<p align=\"justify\">Das im Jahr 2000 gegr\u00fcndete Europ\u00e4ische Geopark-Netzwerk (EGN) umfasst derzeit 94 UNESCO-Geoparks aus 28 verschiedenen L\u00e4ndern, w\u00e4hrend das 2004 gegr\u00fcndete Globale Geopark-Netzwerk (GGN) 177 Globale UNESCO-Geoparks aus 46 L\u00e4ndern umfasst (Daten aus dem Jahr 2022). Der Karavanke\/Karawanken UNESCO Global Geopark ist einer von nur vier grenz\u00fcberschreitenden Geoparks.<\/p>\r\n<p align=\"justify\">Der Karavanke\/Karawanken UNESCO Global Geopark ist durch Bergbau und Mineralienvorkommen gepr\u00e4gt. In der Gegend von Petzen, Me\u017eica und Obir wurde n\u00e4mlich mehr als drei Jahrhunderte lang Blei- und Zinkerz gewonnen. Bis Mitte des 19. Jahrhunderts wurde in Le\u0161e bei Prevalje das gr\u00f6\u00dfte Kohlebergwerk in Slowenien betrieben. Das braune Mineral Turmalin Dravit hat seine klassische Lagerst\u00e4tte (locus typicus) in Dobrova bei Dravograd, w\u00e4hrend in Me\u017eica das reichste Vorkommen des Minerals Wulfenit in Europa zu finden ist. Die Erzlagerst\u00e4tten in Topla, Me\u017eica und Obir sind f\u00fcr die fachliche \u00d6ffentlichkeit unter dem Gesichtspunkt der Herkunft der Erzminerale von besonderem Interesse. Obwohl Karsterscheinungen nicht das \u201eParadepferd\u201c des Karavanke\/Karawanken UNESCO Global Geopark sind, z\u00e4hlen die Tropfsteinh\u00f6hlen Obir zu den sch\u00f6nsten Tropfsteinh\u00f6hlen \u00d6sterreichs, das Gebiet zwischen Jezersko und Bad Eisenkappel ist wegen seiner zahlreichen Quellen als &#8220;Gebiet der tausend Quellen&#8221; bekannt. Die Fossilienlagerst\u00e4tten geh\u00f6ren zu den interessantesten in Europa, was die Vielfalt und den Reichtum ihrer Vorkommen angeht. Aus den Trias-Schichten des Geoparks wurden mehrere neue Fossilienarten beschrieben, die nach Slowenien, Petzen, \u010crna na Koro\u0161kem und der Helenenschlucht benannt sind. Durch den Karavanke\/Karawanken UNESCO Global Geopark verl\u00e4uft die so genannte Periadriatische Bruchzone, das wichtigste tektonische Element des gesamten Alpenbogens, der durch die Kollision und die darauffolgenden Sekund\u00e4rprozesse zwischen der adriatischen Mikroplatte und der eurasischen Platte entstanden ist.<\/p>\r\n<p align=\"justify\">N\u00fctzliche Verbindungen:<\/p>\r\n<p><a href=\"http:\/\/www.geopark.si\" target=\"_blank\" rel=\"noopener\">Geopark Karavanke\/Karawanken<\/a><\/p>\r\n<p><a href=\"https:\/\/www.visitgeoparks.org\/\" target=\"_blank\" rel=\"noopener\">Global Geopark Network I UNESCO Geoparks GGN<\/a><\/p>\r\n<p><a href=\"https:\/\/globalgeoparksnetwork.org\/\" target=\"_blank\" rel=\"noopener\">www.globalgeoparksnetwork.org\/<\/a><\/p>\r\n<p><a href=\"https:\/\/www.europeangeoparks.org\/\" target=\"_blank\" rel=\"noopener\">www.europeangeoparks.org<\/a><\/p>\r\n<p>[\/vc_column_text][\/vc_column][\/vc_row][vc_row][vc_column][vc_gallery type=&#8221;image_grid&#8221; images=&#8221;989&#8243; img_size=&#8221;full&#8221;][\/vc_column][\/vc_row]<\/p>","protected":false},"excerpt":{"rendered":"<p>[vc_row][vc_column][vc_column_text] KARAVANKE\/KARAWANKEN UNESCO GLOBAL GEOPARK Geoparks sind geografisch geschlossene Gebiete mit klar definierten Grenzen. Sie verf\u00fcgen \u00fcber ein herausragendes geologisches und geomorphologisches Erbe, das sowohl auf lokaler und nationaler als auch auf europ\u00e4ischer und globaler Ebene besonders ist. Neben ihrem herausragenden geologischen Erbe verf\u00fcgen Geoparks auch \u00fcber wichtige nat\u00fcrliche und historische Merkmale, arch\u00e4ologisches, technisches und [&hellip;]<\/p>\n","protected":false},"author":1,"featured_media":0,"parent":0,"menu_order":0,"comment_status":"closed","ping_status":"closed","template":"","meta":{"_uag_custom_page_level_css":"","footnotes":""},"categories":[],"tags":[],"uagb_featured_image_src":{"full":false,"thumbnail":false,"medium":false,"medium_large":false,"large":false,"1536x1536":false,"2048x2048":false,"port3":false,"port3_grayscale":false,"port2":false,"port2_grayscale":false,"port4":false,"blog":false,"alternate_blog":false,"alternate_blog_side":false,"blog_grid":false,"staff":false,"staff_full":false},"uagb_author_info":{"display_name":"admn","author_link":"https:\/\/www.podzemljepece.com\/?author=1"},"uagb_comment_info":0,"uagb_excerpt":"[vc_row][vc_column][vc_column_text] KARAVANKE\/KARAWANKEN UNESCO GLOBAL GEOPARK Geoparks sind geografisch geschlossene Gebiete mit klar definierten Grenzen. Sie verf\u00fcgen \u00fcber ein herausragendes geologisches und geomorphologisches Erbe, das sowohl auf lokaler und nationaler als auch auf europ\u00e4ischer und globaler Ebene besonders ist. Neben ihrem herausragenden geologischen Erbe verf\u00fcgen Geoparks auch \u00fcber wichtige nat\u00fcrliche und historische Merkmale, arch\u00e4ologisches, technisches und&hellip;","_links":{"self":[{"href":"https:\/\/www.podzemljepece.com\/index.php?rest_route=\/wp\/v2\/pages\/1599"}],"collection":[{"href":"https:\/\/www.podzemljepece.com\/index.php?rest_route=\/wp\/v2\/pages"}],"about":[{"href":"https:\/\/www.podzemljepece.com\/index.php?rest_route=\/wp\/v2\/types\/page"}],"author":[{"embeddable":true,"href":"https:\/\/www.podzemljepece.com\/index.php?rest_route=\/wp\/v2\/users\/1"}],"replies":[{"embeddable":true,"href":"https:\/\/www.podzemljepece.com\/index.php?rest_route=%2Fwp%2Fv2%2Fcomments&post=1599"}],"version-history":[{"count":4,"href":"https:\/\/www.podzemljepece.com\/index.php?rest_route=\/wp\/v2\/pages\/1599\/revisions"}],"predecessor-version":[{"id":1902,"href":"https:\/\/www.podzemljepece.com\/index.php?rest_route=\/wp\/v2\/pages\/1599\/revisions\/1902"}],"wp:attachment":[{"href":"https:\/\/www.podzemljepece.com\/index.php?rest_route=%2Fwp%2Fv2%2Fmedia&parent=1599"}],"wp:term":[{"taxonomy":"category","embeddable":true,"href":"https:\/\/www.podzemljepece.com\/index.php?rest_route=%2Fwp%2Fv2%2Fcategories&post=1599"},{"taxonomy":"post_tag","embeddable":true,"href":"https:\/\/www.podzemljepece.com\/index.php?rest_route=%2Fwp%2Fv2%2Ftags&post=1599"}],"curies":[{"name":"wp","href":"https:\/\/api.w.org\/{rel}","templated":true}]}}