{"id":1610,"date":"2021-08-27T11:14:11","date_gmt":"2021-08-27T11:14:11","guid":{"rendered":"http:\/\/new.podzemljepece.com\/?page_id=1610"},"modified":"2025-04-11T09:10:15","modified_gmt":"2025-04-11T09:10:15","slug":"izobrazevanje","status":"publish","type":"page","link":"https:\/\/www.podzemljepece.com\/?page_id=1610","title":{"rendered":"EDUCATION"},"content":{"rendered":"<p>[vc_row][vc_column][vc_column_text]The mine and the mining heritage represent a treasure of new knowledge to be drawn and where past events can be shed light on. In cooperation with our company, many project, seminar, research, diploma, master&#8217;s and doctoral theses have already been prepared, which study the field of mining, geology, ethnology, history, safety at work and pedagogy.<\/p>\n<p><strong>Poto\u010dnik Krajnc, Barbara, \u00a02021: <\/strong>The content of trace elements in sphalerite from the Pb-Zn mine Me\u017eica (Master&#8217;s thesis)<\/p>\n<p><a href=\"https:\/\/repozitorij.uni-lj.si\/IzpisGradiva.php?id=125397&amp;lang=slv\">https:\/\/repozitorij.uni-lj.si\/IzpisGradiva.php?id=125397&amp;lang=slv<\/a><\/p>\n<p><strong>Herlec, Uro\u0161 in Komar, Darja, 2015: <\/strong>A source of zinc and lead for the formation of the Topla mine (Conference presentation)<\/p>\n<p><strong>Pungartnik, Tadej, 2014: <\/strong>The decline of the Hellenic miners: the mining community in the village of Podpeca (Master&#8217;s thesis)<\/p>\n<p><strong>Mavc, Miro, 2011: <\/strong>Hydrogeological analysis of the impacts of flooding of the Me\u017eica lead and zinc mine on water resources (Diploma thesis)<\/p>\n<p><strong>Komar, Darja, 2010: <\/strong>Inventory of petrological natural values of Geopark Peca (Diploma thesis)<\/p>\n<p><strong>Re\u010dnik, Aleksander, 2010: <\/strong>Minerals of the Me\u017eica lead-zinc mine (Monograph)<\/p>\n<p><strong>Pro\u0161t, Miran, 2010: <\/strong>Documentary and archival material, the legacy of the Me\u017eica lead and zinc mine (Diploma thesis)<\/p>\n<p><a href=\"https:\/\/repozitorij.uni-lj.si\/IzpisGradiva.php?id=21385&amp;lang=slv\">https:\/\/repozitorij.uni-lj.si\/IzpisGradiva.php?id=21385&amp;lang=slv<\/a><\/p>\n<p><strong>Pe\u010dovnik, Bla\u017e, 2006: <\/strong>Review of the development of the occupational health and safety service of the Me\u017eica lead and zinc mine between 1965 and 2000 with an analysis of accidents at work and an analysis of the final rehabilitation of the mine (Diploma thesis)<\/p>\n<p><strong>Pungartnik, Tadej, 2005: <\/strong>Helenski knapi: the life of mining families in Podpeca from the middle of the 19th century to the end of the Second World War (Diploma thesis)<\/p>\n<p><strong>Ur\u0161i\u010d, Klavdija, 2005: <\/strong>Analysis of mine closure and liquidation (Diploma thesis)<\/p>\n<p><strong>Gre\u0161ovnik, Gordana, 2004: <\/strong>Learning route with bikes through the mine (Diploma thesis)<\/p>\n<p><strong>Pungartnik, Tadej, 2003:<\/strong> Kova\u010di pri rudniku Me\u017eica : model za preureditev kova\u010dnice v muzejske in turisti\u010dne namene (Seminarska naloga)<\/p>\n<p><strong>Raj\u0161ter, Brigita, 2003:<\/strong> Knapov\u0161ka ko\u0161ta: Prehrana in prehrambena kultura rudarjev me\u017ei\u0161kega rudnika v 20. stoletju (Monografija)<\/p>\n<p><strong>Jer\u0161ek, Miha, 2003:<\/strong> Zna\u010dilnosti in razmere pri nastanku nekaterih rudnih in jalovinskih mineralov v oksidacijski coni me\u017ei\u0161kih rudi\u0161\u010d (Doktorska disertacija)<\/p>\n<p><strong>Fajmut, Andrejka, 2002: <\/strong>Podzemlje Pece, u\u010dna pot (Diplomsko delo)<\/p>\n<p>[\/vc_column_text][\/vc_column][\/vc_row]<\/p>\n","protected":false},"excerpt":{"rendered":"<p>[vc_row][vc_column][vc_column_text]The mine and the mining heritage represent a treasure of new knowledge to be drawn and where past events can be shed light on. In cooperation with our company, many project, seminar, research, diploma, master&#8217;s and doctoral theses have already been prepared, which study the field of mining, geology, ethnology, history, safety at work and [&hellip;]<\/p>\n","protected":false},"author":1,"featured_media":0,"parent":0,"menu_order":0,"comment_status":"closed","ping_status":"closed","template":"","meta":{"_uag_custom_page_level_css":"","footnotes":""},"categories":[],"tags":[],"uagb_featured_image_src":{"full":false,"thumbnail":false,"medium":false,"medium_large":false,"large":false,"1536x1536":false,"2048x2048":false,"port3":false,"port3_grayscale":false,"port2":false,"port2_grayscale":false,"port4":false,"blog":false,"alternate_blog":false,"alternate_blog_side":false,"blog_grid":false,"staff":false,"staff_full":false},"uagb_author_info":{"display_name":"admn","author_link":"https:\/\/www.podzemljepece.com\/?author=1"},"uagb_comment_info":0,"uagb_excerpt":"[vc_row][vc_column][vc_column_text]The mine and the mining heritage represent a treasure of new knowledge to be drawn and where past events can be shed light on. In cooperation with our company, many project, seminar, research, diploma, master&#8217;s and doctoral theses have already been prepared, which study the field of mining, geology, ethnology, history, safety at work and&hellip;","_links":{"self":[{"href":"https:\/\/www.podzemljepece.com\/index.php?rest_route=\/wp\/v2\/pages\/1610"}],"collection":[{"href":"https:\/\/www.podzemljepece.com\/index.php?rest_route=\/wp\/v2\/pages"}],"about":[{"href":"https:\/\/www.podzemljepece.com\/index.php?rest_route=\/wp\/v2\/types\/page"}],"author":[{"embeddable":true,"href":"https:\/\/www.podzemljepece.com\/index.php?rest_route=\/wp\/v2\/users\/1"}],"replies":[{"embeddable":true,"href":"https:\/\/www.podzemljepece.com\/index.php?rest_route=%2Fwp%2Fv2%2Fcomments&post=1610"}],"version-history":[{"count":3,"href":"https:\/\/www.podzemljepece.com\/index.php?rest_route=\/wp\/v2\/pages\/1610\/revisions"}],"predecessor-version":[{"id":2957,"href":"https:\/\/www.podzemljepece.com\/index.php?rest_route=\/wp\/v2\/pages\/1610\/revisions\/2957"}],"wp:attachment":[{"href":"https:\/\/www.podzemljepece.com\/index.php?rest_route=%2Fwp%2Fv2%2Fmedia&parent=1610"}],"wp:term":[{"taxonomy":"category","embeddable":true,"href":"https:\/\/www.podzemljepece.com\/index.php?rest_route=%2Fwp%2Fv2%2Fcategories&post=1610"},{"taxonomy":"post_tag","embeddable":true,"href":"https:\/\/www.podzemljepece.com\/index.php?rest_route=%2Fwp%2Fv2%2Ftags&post=1610"}],"curies":[{"name":"wp","href":"https:\/\/api.w.org\/{rel}","templated":true}]}}