{"id":1615,"date":"2023-03-07T11:55:35","date_gmt":"2023-03-07T11:55:35","guid":{"rendered":"http:\/\/new.podzemljepece.com\/?page_id=1615"},"modified":"2023-05-24T17:07:50","modified_gmt":"2023-05-24T17:07:50","slug":"turisticne-kmetije","status":"publish","type":"page","link":"https:\/\/www.podzemljepece.com\/?page_id=1615&lang=de","title":{"rendered":"TOURISTISCHE BAUERNH\u00d6FE"},"content":{"rendered":"\n<p>Verband der touristischen Bauernh\u00f6fe Sloweniens:<a rel=\"noreferrer noopener\" href=\"https:\/\/www.turisticnekmetije.si\/\" target=\"_blank\"> www.turisticnekmetije.si<\/a><\/p>\n\n\n\n<h2 class=\"wp-block-heading\">PREVALJE<\/h2>\n\n\n\n<p><strong>\u00d6KO-FERIENBAUERNHOF GRADI\u0160NIK<\/strong><br>Jamnica 6, 2391 Prevalje, Slovenija<br>Internetseite: <a rel=\"noreferrer noopener\" href=\"http:\/\/www.kmetija-gradisnik.si\" data-type=\"URL\" data-id=\"www.kmetija-gradisnik.si\" target=\"_blank\">www.kmetija-gradisnik.si<\/a><br>Kontakt: <a rel=\"noreferrer noopener\" href=\"mailto:info@kmetija-gradisnik.si\" target=\"_blank\">info@kmetija-gradisnik.si<\/a><\/p>\n\n\n\n<p><strong>BAUERNHOF<\/strong> <strong>PLODER<\/strong><br>\u0160entanel 3, 2391 Prevalje, Slovenija<br>Internetseite: <a rel=\"noreferrer noopener\" href=\"http:\/\/www.kmetija-ploder.com\" data-type=\"URL\" data-id=\"www.kmetija-ploder.com\" target=\"_blank\">www.kmetija-ploder.com<\/a><br>Kontakt: <a rel=\"noreferrer noopener\" href=\"mailto:kmetijaploder@hotmail.com\" target=\"_blank\">kmetijaploder@hotmail.com<\/a><\/p>\n\n\n\n<p><strong>\u00d6KO-BAUERNHOF<\/strong> <strong>MIKL<\/strong><br>Jamnica 11, 2391 Prevalje, Slovenija<br>Internetseite: <a rel=\"noreferrer noopener\" href=\"http:\/\/www.eko-kmetija.si\" target=\"_blank\">www.eko-kmetija.si<\/a><br>Kontakt: <a rel=\"noreferrer noopener\" href=\"mailto:ekokmetija@gmail.com\" target=\"_blank\">ekokmetija@gmail.com<\/a><\/p>\n\n\n\n<p><strong>MARIN-MILER<\/strong><br>\u0160entanel 8, 2391 Prevalje, Slovenija<br>Internetseite:  <a rel=\"noreferrer noopener\" href=\"http:\/\/www.marin-miler.si\" target=\"_blank\">www.marin-miler.si<\/a><br>Kontakt: <a rel=\"noreferrer noopener\" href=\"mailto:info@marin-miler.si\" target=\"_blank\">info@marin-miler.si<\/a><\/p>\n\n\n\n<p><strong>EKOHOTEL KORO\u0160<\/strong><br>Jamnica 10, 2391 Prevalje, Slovenija<br>Internetseite: <a rel=\"noreferrer noopener\" href=\"http:\/\/www.bikenomad.com\/sl\/domov\/\" target=\"_blank\" data-type=\"URL\" data-id=\"www.bikenomad.com\/sl\/domov\/\">www.bikenomad.com<\/a><br>Kontakt: <a href=\"mailto:info@bikenomad.com\">info@bikenomad.com<\/a><\/p>\n\n\n\n<h2 class=\"wp-block-heading\">ME\u017dICA<\/h2>\n\n\n\n<p><strong>FERIENBEURNHOF KAJ\u017dAR<\/strong><br>Ob Me\u017ei 10a, 2392 Me\u017eica, Slovenija<br>Kontakt: <a rel=\"noreferrer noopener\" href=\"mailto:kmecki.turizem.kajzar@hotmail.com\" target=\"_blank\">kmecki.turizem.kajzar@hotmail.com<\/a><\/p>\n\n\n\n<p><strong>FERIENBEURNHOF<\/strong> <strong> REHT<\/strong><br>Podkraj pri Me\u017eici 7, 2392 Me\u017eica, Slovenija<br>Kontakt: <a rel=\"noreferrer noopener\" href=\"mailto:reht@volja.net\" target=\"_blank\">reht@volja.net<\/a><\/p>\n\n\n\n<p><strong>FERIENBEURNHOF VOJAK-JAKOPI\u010c<\/strong><br>Onkraj Me\u017ee 7, 2392 Me\u017eica, Slovenija<br>Kontakt: <a rel=\"noreferrer noopener\" href=\"mailto:vojak.jakopic@gmail.com\" target=\"_blank\">vojak.jakopic@gmail.com<\/a><\/p>\n\n\n\n<h2 class=\"wp-block-heading\">\u010cRNA NA KORO\u0160KEM<\/h2>\n\n\n\n<p><strong>FERIENBEURNHOF PLAZNIK<\/strong><br>Bistra 14, 2393 \u010crna na Koro\u0161kem, Slovenija<br>Internetseite: https: <a rel=\"noreferrer noopener\" href=\"http:\/\/www.turisticna-kmetija-plaznik.com\" data-type=\"URL\" data-id=\"www.turisticna-kmetija-plaznik.com\" target=\"_blank\">www.turisticna-kmetija-plaznik.com<\/a><br>Kontakt: <a rel=\"noreferrer noopener\" href=\"mailto:vida.adamic@gmail.com\" target=\"_blank\">vida.adamic@gmail.com<\/a><\/p>\n\n\n\n<p><strong>FERIENBAUERNHOF SMRE\u010cNIK-GORZA<\/strong><br>Ludranski vrh 25a, \u010crna na Koro\u0161kem, Slovenija<br>Kontakt: <a rel=\"noreferrer noopener\" href=\"mailto:gorzabojan@gmail.com\" target=\"_blank\">gorzabojan@gmail.com<\/a><\/p>\n\n\n\n<p><strong>BERGBAUERNHOF KUMER<\/strong><br>Koprivna 28, 2393 \u010crna na Koro\u0161kem, Slovenija<br>Kontakt: <a href=\"mailto:pkpecaolseva@gmail.com\">pkpecaolseva@gmail.com<\/a><\/p>\n","protected":false},"excerpt":{"rendered":"<p>Verband der touristischen Bauernh\u00f6fe Sloweniens: www.turisticnekmetije.si PREVALJE \u00d6KO-FERIENBAUERNHOF GRADI\u0160NIKJamnica 6, 2391 Prevalje, SlovenijaInternetseite: www.kmetija-gradisnik.siKontakt: info@kmetija-gradisnik.si BAUERNHOF PLODER\u0160entanel 3, 2391 Prevalje, SlovenijaInternetseite: www.kmetija-ploder.comKontakt: kmetijaploder@hotmail.com \u00d6KO-BAUERNHOF MIKLJamnica 11, 2391 Prevalje, SlovenijaInternetseite: www.eko-kmetija.siKontakt: ekokmetija@gmail.com MARIN-MILER\u0160entanel 8, 2391 Prevalje, SlovenijaInternetseite: www.marin-miler.siKontakt: info@marin-miler.si EKOHOTEL KORO\u0160Jamnica 10, 2391 Prevalje, SlovenijaInternetseite: www.bikenomad.comKontakt: info@bikenomad.com ME\u017dICA FERIENBEURNHOF KAJ\u017dAROb Me\u017ei 10a, 2392 Me\u017eica, SlovenijaKontakt: kmecki.turizem.kajzar@hotmail.com [&hellip;]<\/p>\n","protected":false},"author":1,"featured_media":0,"parent":0,"menu_order":0,"comment_status":"closed","ping_status":"closed","template":"","meta":{"_uag_custom_page_level_css":"","footnotes":""},"categories":[],"tags":[],"uagb_featured_image_src":{"full":false,"thumbnail":false,"medium":false,"medium_large":false,"large":false,"1536x1536":false,"2048x2048":false,"port3":false,"port3_grayscale":false,"port2":false,"port2_grayscale":false,"port4":false,"blog":false,"alternate_blog":false,"alternate_blog_side":false,"blog_grid":false,"staff":false,"staff_full":false},"uagb_author_info":{"display_name":"admn","author_link":"https:\/\/www.podzemljepece.com\/?author=1"},"uagb_comment_info":0,"uagb_excerpt":"Verband der touristischen Bauernh\u00f6fe Sloweniens: www.turisticnekmetije.si PREVALJE \u00d6KO-FERIENBAUERNHOF GRADI\u0160NIKJamnica 6, 2391 Prevalje, SlovenijaInternetseite: www.kmetija-gradisnik.siKontakt: info@kmetija-gradisnik.si BAUERNHOF PLODER\u0160entanel 3, 2391 Prevalje, SlovenijaInternetseite: www.kmetija-ploder.comKontakt: kmetijaploder@hotmail.com \u00d6KO-BAUERNHOF MIKLJamnica 11, 2391 Prevalje, SlovenijaInternetseite: www.eko-kmetija.siKontakt: ekokmetija@gmail.com MARIN-MILER\u0160entanel 8, 2391 Prevalje, SlovenijaInternetseite: www.marin-miler.siKontakt: info@marin-miler.si EKOHOTEL KORO\u0160Jamnica 10, 2391 Prevalje, SlovenijaInternetseite: www.bikenomad.comKontakt: info@bikenomad.com ME\u017dICA FERIENBEURNHOF KAJ\u017dAROb Me\u017ei 10a, 2392 Me\u017eica, SlovenijaKontakt: kmecki.turizem.kajzar@hotmail.com&hellip;","_links":{"self":[{"href":"https:\/\/www.podzemljepece.com\/index.php?rest_route=\/wp\/v2\/pages\/1615"}],"collection":[{"href":"https:\/\/www.podzemljepece.com\/index.php?rest_route=\/wp\/v2\/pages"}],"about":[{"href":"https:\/\/www.podzemljepece.com\/index.php?rest_route=\/wp\/v2\/types\/page"}],"author":[{"embeddable":true,"href":"https:\/\/www.podzemljepece.com\/index.php?rest_route=\/wp\/v2\/users\/1"}],"replies":[{"embeddable":true,"href":"https:\/\/www.podzemljepece.com\/index.php?rest_route=%2Fwp%2Fv2%2Fcomments&post=1615"}],"version-history":[{"count":2,"href":"https:\/\/www.podzemljepece.com\/index.php?rest_route=\/wp\/v2\/pages\/1615\/revisions"}],"predecessor-version":[{"id":1814,"href":"https:\/\/www.podzemljepece.com\/index.php?rest_route=\/wp\/v2\/pages\/1615\/revisions\/1814"}],"wp:attachment":[{"href":"https:\/\/www.podzemljepece.com\/index.php?rest_route=%2Fwp%2Fv2%2Fmedia&parent=1615"}],"wp:term":[{"taxonomy":"category","embeddable":true,"href":"https:\/\/www.podzemljepece.com\/index.php?rest_route=%2Fwp%2Fv2%2Fcategories&post=1615"},{"taxonomy":"post_tag","embeddable":true,"href":"https:\/\/www.podzemljepece.com\/index.php?rest_route=%2Fwp%2Fv2%2Ftags&post=1615"}],"curies":[{"name":"wp","href":"https:\/\/api.w.org\/{rel}","templated":true}]}}