{"id":1633,"date":"2023-01-27T11:55:31","date_gmt":"2023-01-27T11:55:31","guid":{"rendered":"http:\/\/new.podzemljepece.com\/?page_id=1633"},"modified":"2023-04-19T14:31:07","modified_gmt":"2023-04-19T14:31:07","slug":"kje-smo","status":"publish","type":"page","link":"https:\/\/www.podzemljepece.com\/?page_id=1633","title":{"rendered":"OUR LOCATION"},"content":{"rendered":"\n<div class=\"wp-block-image\"><figure class=\"aligncenter size-large is-resized\"><a href=\"https:\/\/goo.gl\/maps\/TTxuyuC5QJQWnNpdA\" target=\"_blank\" rel=\"noopener\"><img decoding=\"async\" loading=\"lazy\" src=\"http:\/\/new.podzemljepece.com\/wp-content\/uploads\/2023\/03\/map-1024x676.png\" alt=\"\" class=\"wp-image-1003\" width=\"542\" height=\"357\" srcset=\"https:\/\/www.podzemljepece.com\/wp-content\/uploads\/2023\/03\/map-1024x676.png 1024w, https:\/\/www.podzemljepece.com\/wp-content\/uploads\/2023\/03\/map-300x198.png 300w, https:\/\/www.podzemljepece.com\/wp-content\/uploads\/2023\/03\/map-768x507.png 768w, https:\/\/www.podzemljepece.com\/wp-content\/uploads\/2023\/03\/map-1536x1014.png 1536w, https:\/\/www.podzemljepece.com\/wp-content\/uploads\/2023\/03\/map-2048x1352.png 2048w, https:\/\/www.podzemljepece.com\/wp-content\/uploads\/2023\/03\/map-355x235.png 355w\" sizes=\"(max-width: 542px) 100vw, 542px\" \/><\/a><\/figure><\/div>\n\n\n<p>\u00a0<\/p>\n<p>When planning your route, we advise you that you choose the route through <strong>Zavodnje<\/strong> if you are coming from the direction of Ljubljana and not across Bele vode to avoid a gravel road.<\/p>\n\n\n<div class=\"wp-block-group uag-hide-mob\"><div class=\"wp-block-group__inner-container is-layout-flow wp-block-group-is-layout-flow\"><!-- Carousel Style & Script for  gallery-69e8122d9f3eb -->\r\n\r\n<script type=\"text\/javascript\">\r\n\/\/ <![CDATA[\r\n\/* START --- Image Carousel --- *\/\r\n\r\njQuery(document).ready(function($) {\r\n\r\n    \r\n    $('.ghozylab-gallery img').each(function(i) {\r\n\r\n        $alt = $(this).attr('alt');\r\n\r\n        \/\/ Replace default title to more fancy :)\r\n        $(this).attr('alt', $alt.replace(\/-|_\/g, ' '));\r\n\r\n        $altnew = $(this).attr('alt').toLowerCase().replace(\/\\b[a-z]\/g, function(letter) {\r\n\r\n            return letter.toUpperCase();\r\n\r\n        });\r\n\r\n        $(this).attr('alt', $altnew);\r\n        \/\/ Compatibility with Zoom Lite Theme Image LazyLoad\r\n        $(this).removeAttr('data-lazy-src');\r\n\r\n    });\r\n\r\n    \r\n    $('#icppreloader-gallery-69e8122d9f3eb').fadeOut(300, function() {\r\n        $('#gallery-69e8122d9f3eb').fadeIn(300);\r\n        var slider69e8122d9f3eb = $('#gallery-69e8122d9f3eb').bxSlider({\r\n            auto: true,\r\n            pause: 9000,\r\n            autoHover: true,\r\n            moveSlides: 3,\r\n            minSlides: 3,\r\n            maxSlides: 3,\r\n            slideWidth: 500,\r\n            slideMargin: 10,\r\n            startSlide: 0,\r\n            infiniteLoop: true,\r\n            captions: true,\r\n            captionsMode: 'alt',\r\n            adaptiveHeight: true,\r\n            useCSS: false,\r\n            pager: true,\r\n            easing: 'easeOutSine',\r\n            speed: 2500,\r\n            preloadImages: 'all',\r\n            onSlideBefore: function() {\r\n                                $('#gallery-69e8122d9f3eb .bx-caption').slideUp();\r\n                            },\r\n            onSlideAfter: function($slideElement, oldIndex, newIndex) {\r\n                                slider69e8122d9f3eb.stopAuto();\r\n                slider69e8122d9f3eb.startAuto();\r\n                                $('#gallery-69e8122d9f3eb .bx-caption').slideDown();\r\n                            }\r\n        });\r\n\r\n    });\r\n});\r\n\r\n\/* END --- Image Carousel --- *\/\r\n\r\n\/\/ ]]>\r\n<\/script>\r\n\r\n<style type=\"text\/css\">\r\n.markup-gallery-69e8122d9f3eb .carousel-item img {width: 100%;margin: 0 auto;border:none !important;border-radius: 0px !important;box-shadow:none !important;}.markup-gallery-69e8122d9f3eb .bx-controls-direction a {display: none;}.markup-gallery-69e8122d9f3eb .bx-wrapper:hover .bx-controls-direction a {display: block;}.markup-gallery-69e8122d9f3eb .bx-controls-direction a { display: block !important;}1<\/style>\r\n\r\n\n\t\t<div id='icppreloader-gallery-69e8122d9f3eb' class='icpsliderpreloader'><\/div><div class='markup-gallery-69e8122d9f3eb'><div style='display:none;' id='gallery-69e8122d9f3eb' class='ghozylab-gallery galleryid-1633 gallery-size-full'><div class='carousel-item'><a   href='https:\/\/www.podzemljepece.com\/wp-content\/uploads\/2023\/03\/DJI_0095-1024x575.jpg'><img width=\"2560\" height=\"1438\" src=\"https:\/\/www.podzemljepece.com\/wp-content\/uploads\/2023\/03\/DJI_0095-scaled.jpg\" class=\"attachment-full size-full\" alt=\"Foto: Miran \u017dlebnik\" decoding=\"async\" loading=\"lazy\" srcset=\"https:\/\/www.podzemljepece.com\/wp-content\/uploads\/2023\/03\/DJI_0095-scaled.jpg 2560w, https:\/\/www.podzemljepece.com\/wp-content\/uploads\/2023\/03\/DJI_0095-300x168.jpg 300w, https:\/\/www.podzemljepece.com\/wp-content\/uploads\/2023\/03\/DJI_0095-1024x575.jpg 1024w, https:\/\/www.podzemljepece.com\/wp-content\/uploads\/2023\/03\/DJI_0095-768x431.jpg 768w, https:\/\/www.podzemljepece.com\/wp-content\/uploads\/2023\/03\/DJI_0095-1536x863.jpg 1536w, https:\/\/www.podzemljepece.com\/wp-content\/uploads\/2023\/03\/DJI_0095-2048x1150.jpg 2048w\" sizes=\"(max-width: 2560px) 100vw, 2560px\" \/><\/a><\/div><div class='carousel-item'><a   href='https:\/\/www.podzemljepece.com\/wp-content\/uploads\/2023\/03\/DJI_0063-min-1024x575.jpg'><img width=\"2560\" height=\"1438\" src=\"https:\/\/www.podzemljepece.com\/wp-content\/uploads\/2023\/03\/DJI_0063-min-scaled.jpg\" class=\"attachment-full size-full\" alt=\"Foto: Miran \u017dlebnik\" decoding=\"async\" loading=\"lazy\" srcset=\"https:\/\/www.podzemljepece.com\/wp-content\/uploads\/2023\/03\/DJI_0063-min-scaled.jpg 2560w, https:\/\/www.podzemljepece.com\/wp-content\/uploads\/2023\/03\/DJI_0063-min-300x168.jpg 300w, https:\/\/www.podzemljepece.com\/wp-content\/uploads\/2023\/03\/DJI_0063-min-1024x575.jpg 1024w, https:\/\/www.podzemljepece.com\/wp-content\/uploads\/2023\/03\/DJI_0063-min-768x431.jpg 768w, https:\/\/www.podzemljepece.com\/wp-content\/uploads\/2023\/03\/DJI_0063-min-1536x863.jpg 1536w, https:\/\/www.podzemljepece.com\/wp-content\/uploads\/2023\/03\/DJI_0063-min-2048x1150.jpg 2048w\" sizes=\"(max-width: 2560px) 100vw, 2560px\" \/><\/a><\/div><div class='carousel-item'><a   href='https:\/\/www.podzemljepece.com\/wp-content\/uploads\/2023\/03\/DJI_0060-min-1024x575.jpg'><img width=\"2560\" height=\"1438\" src=\"https:\/\/www.podzemljepece.com\/wp-content\/uploads\/2023\/03\/DJI_0060-min-scaled.jpg\" class=\"attachment-full size-full\" alt=\"Foto: Miran \u017dlebnik\" decoding=\"async\" loading=\"lazy\" srcset=\"https:\/\/www.podzemljepece.com\/wp-content\/uploads\/2023\/03\/DJI_0060-min-scaled.jpg 2560w, https:\/\/www.podzemljepece.com\/wp-content\/uploads\/2023\/03\/DJI_0060-min-300x168.jpg 300w, https:\/\/www.podzemljepece.com\/wp-content\/uploads\/2023\/03\/DJI_0060-min-1024x575.jpg 1024w, https:\/\/www.podzemljepece.com\/wp-content\/uploads\/2023\/03\/DJI_0060-min-768x431.jpg 768w, https:\/\/www.podzemljepece.com\/wp-content\/uploads\/2023\/03\/DJI_0060-min-1536x863.jpg 1536w, https:\/\/www.podzemljepece.com\/wp-content\/uploads\/2023\/03\/DJI_0060-min-2048x1150.jpg 2048w\" sizes=\"(max-width: 2560px) 100vw, 2560px\" \/><\/a><\/div><div class='carousel-item'><a   href='https:\/\/www.podzemljepece.com\/wp-content\/uploads\/2023\/03\/20210127_132300-1024x768.jpg'><img width=\"2560\" height=\"1920\" src=\"https:\/\/www.podzemljepece.com\/wp-content\/uploads\/2023\/03\/20210127_132300-scaled.jpg\" class=\"attachment-full size-full\" alt=\"Foto: Miran \u017dlebnik\" decoding=\"async\" loading=\"lazy\" srcset=\"https:\/\/www.podzemljepece.com\/wp-content\/uploads\/2023\/03\/20210127_132300-scaled.jpg 2560w, https:\/\/www.podzemljepece.com\/wp-content\/uploads\/2023\/03\/20210127_132300-300x225.jpg 300w, https:\/\/www.podzemljepece.com\/wp-content\/uploads\/2023\/03\/20210127_132300-1024x768.jpg 1024w, https:\/\/www.podzemljepece.com\/wp-content\/uploads\/2023\/03\/20210127_132300-768x576.jpg 768w, https:\/\/www.podzemljepece.com\/wp-content\/uploads\/2023\/03\/20210127_132300-1536x1152.jpg 1536w, https:\/\/www.podzemljepece.com\/wp-content\/uploads\/2023\/03\/20210127_132300-2048x1536.jpg 2048w, https:\/\/www.podzemljepece.com\/wp-content\/uploads\/2023\/03\/20210127_132300-627x470.jpg 627w\" sizes=\"(max-width: 2560px) 100vw, 2560px\" \/><\/a><\/div><div class='carousel-item'><a   href='https:\/\/www.podzemljepece.com\/wp-content\/uploads\/2023\/03\/20220612_112416-1024x461.jpg'><img width=\"2560\" height=\"1153\" src=\"https:\/\/www.podzemljepece.com\/wp-content\/uploads\/2023\/03\/20220612_112416-scaled.jpg\" class=\"attachment-full size-full\" alt=\"Foto: Miran \u017dlebnik\" decoding=\"async\" loading=\"lazy\" srcset=\"https:\/\/www.podzemljepece.com\/wp-content\/uploads\/2023\/03\/20220612_112416-scaled.jpg 2560w, https:\/\/www.podzemljepece.com\/wp-content\/uploads\/2023\/03\/20220612_112416-300x135.jpg 300w, https:\/\/www.podzemljepece.com\/wp-content\/uploads\/2023\/03\/20220612_112416-1024x461.jpg 1024w, https:\/\/www.podzemljepece.com\/wp-content\/uploads\/2023\/03\/20220612_112416-768x346.jpg 768w, https:\/\/www.podzemljepece.com\/wp-content\/uploads\/2023\/03\/20220612_112416-1536x692.jpg 1536w, https:\/\/www.podzemljepece.com\/wp-content\/uploads\/2023\/03\/20220612_112416-2048x922.jpg 2048w\" sizes=\"(max-width: 2560px) 100vw, 2560px\" \/><\/a><\/div><div class='carousel-item'><a   href='https:\/\/www.podzemljepece.com\/wp-content\/uploads\/2023\/03\/DSC_6414-min-1024x683.jpg'><img width=\"2560\" height=\"1707\" src=\"https:\/\/www.podzemljepece.com\/wp-content\/uploads\/2023\/03\/DSC_6414-min-scaled.jpg\" class=\"attachment-full size-full\" alt=\"Foto: Miran \u017dlebnik\" decoding=\"async\" loading=\"lazy\" srcset=\"https:\/\/www.podzemljepece.com\/wp-content\/uploads\/2023\/03\/DSC_6414-min-scaled.jpg 2560w, https:\/\/www.podzemljepece.com\/wp-content\/uploads\/2023\/03\/DSC_6414-min-300x200.jpg 300w, https:\/\/www.podzemljepece.com\/wp-content\/uploads\/2023\/03\/DSC_6414-min-1024x683.jpg 1024w, https:\/\/www.podzemljepece.com\/wp-content\/uploads\/2023\/03\/DSC_6414-min-768x512.jpg 768w, https:\/\/www.podzemljepece.com\/wp-content\/uploads\/2023\/03\/DSC_6414-min-1536x1024.jpg 1536w, https:\/\/www.podzemljepece.com\/wp-content\/uploads\/2023\/03\/DSC_6414-min-2048x1365.jpg 2048w\" sizes=\"(max-width: 2560px) 100vw, 2560px\" \/><\/a><\/div>\r\n\t\t<\/div><\/div>\n<\/div><\/div>\n\n\n\n<div class=\"wp-block-group uag-hide-desktop uag-hide-tab\"><div class=\"wp-block-group__inner-container is-layout-flow wp-block-group-is-layout-flow\"><!-- Carousel Style & Script for  gallery-69e8122da1a86 -->\r\n\r\n<script type=\"text\/javascript\">\r\n\/\/ <![CDATA[\r\n\/* START --- Image Carousel --- *\/\r\n\r\njQuery(document).ready(function($) {\r\n\r\n    \r\n    $('.ghozylab-gallery img').each(function(i) {\r\n\r\n        $alt = $(this).attr('alt');\r\n\r\n        \/\/ Replace default title to more fancy :)\r\n        $(this).attr('alt', $alt.replace(\/-|_\/g, ' '));\r\n\r\n        $altnew = $(this).attr('alt').toLowerCase().replace(\/\\b[a-z]\/g, function(letter) {\r\n\r\n            return letter.toUpperCase();\r\n\r\n        });\r\n\r\n        $(this).attr('alt', $altnew);\r\n        \/\/ Compatibility with Zoom Lite Theme Image LazyLoad\r\n        $(this).removeAttr('data-lazy-src');\r\n\r\n    });\r\n\r\n    \r\n    $('#icppreloader-gallery-69e8122da1a86').fadeOut(300, function() {\r\n        $('#gallery-69e8122da1a86').fadeIn(300);\r\n        var slider69e8122da1a86 = $('#gallery-69e8122da1a86').bxSlider({\r\n            auto: true,\r\n            pause: 9000,\r\n            autoHover: true,\r\n            moveSlides: 1,\r\n            minSlides: 1,\r\n            maxSlides: 1,\r\n            slideWidth: 500,\r\n            slideMargin: 10,\r\n            startSlide: 0,\r\n            infiniteLoop: true,\r\n            captions: true,\r\n            captionsMode: 'alt',\r\n            adaptiveHeight: true,\r\n            useCSS: false,\r\n            pager: true,\r\n            easing: 'easeOutSine',\r\n            speed: 2500,\r\n            preloadImages: 'all',\r\n            onSlideBefore: function() {\r\n                                $('#gallery-69e8122da1a86 .bx-caption').slideUp();\r\n                            },\r\n            onSlideAfter: function($slideElement, oldIndex, newIndex) {\r\n                                slider69e8122da1a86.stopAuto();\r\n                slider69e8122da1a86.startAuto();\r\n                                $('#gallery-69e8122da1a86 .bx-caption').slideDown();\r\n                            }\r\n        });\r\n\r\n    });\r\n});\r\n\r\n\/* END --- Image Carousel --- *\/\r\n\r\n\/\/ ]]>\r\n<\/script>\r\n\r\n<style type=\"text\/css\">\r\n.markup-gallery-69e8122da1a86 .carousel-item img {width: 100%;margin: 0 auto;border:none !important;border-radius: 0px !important;box-shadow:none !important;}.markup-gallery-69e8122da1a86 .bx-controls-direction a {display: none;}.markup-gallery-69e8122da1a86 .bx-wrapper:hover .bx-controls-direction a {display: block;}.markup-gallery-69e8122da1a86 .bx-controls-direction a { display: block !important;}1<\/style>\r\n\r\n\n\t\t<div id='icppreloader-gallery-69e8122da1a86' class='icpsliderpreloader'><\/div><div class='markup-gallery-69e8122da1a86'><div style='display:none;' id='gallery-69e8122da1a86' class='ghozylab-gallery galleryid-1633 gallery-size-full'><div class='carousel-item'><a   href='https:\/\/www.podzemljepece.com\/wp-content\/uploads\/2023\/03\/DJI_0095-1024x575.jpg'><img width=\"2560\" height=\"1438\" src=\"https:\/\/www.podzemljepece.com\/wp-content\/uploads\/2023\/03\/DJI_0095-scaled.jpg\" class=\"attachment-full size-full\" alt=\"Foto: Miran \u017dlebnik\" decoding=\"async\" loading=\"lazy\" srcset=\"https:\/\/www.podzemljepece.com\/wp-content\/uploads\/2023\/03\/DJI_0095-scaled.jpg 2560w, https:\/\/www.podzemljepece.com\/wp-content\/uploads\/2023\/03\/DJI_0095-300x168.jpg 300w, https:\/\/www.podzemljepece.com\/wp-content\/uploads\/2023\/03\/DJI_0095-1024x575.jpg 1024w, https:\/\/www.podzemljepece.com\/wp-content\/uploads\/2023\/03\/DJI_0095-768x431.jpg 768w, https:\/\/www.podzemljepece.com\/wp-content\/uploads\/2023\/03\/DJI_0095-1536x863.jpg 1536w, https:\/\/www.podzemljepece.com\/wp-content\/uploads\/2023\/03\/DJI_0095-2048x1150.jpg 2048w\" sizes=\"(max-width: 2560px) 100vw, 2560px\" \/><\/a><\/div><div class='carousel-item'><a   href='https:\/\/www.podzemljepece.com\/wp-content\/uploads\/2023\/03\/DJI_0063-min-1024x575.jpg'><img width=\"2560\" height=\"1438\" src=\"https:\/\/www.podzemljepece.com\/wp-content\/uploads\/2023\/03\/DJI_0063-min-scaled.jpg\" class=\"attachment-full size-full\" alt=\"Foto: Miran \u017dlebnik\" decoding=\"async\" loading=\"lazy\" srcset=\"https:\/\/www.podzemljepece.com\/wp-content\/uploads\/2023\/03\/DJI_0063-min-scaled.jpg 2560w, https:\/\/www.podzemljepece.com\/wp-content\/uploads\/2023\/03\/DJI_0063-min-300x168.jpg 300w, https:\/\/www.podzemljepece.com\/wp-content\/uploads\/2023\/03\/DJI_0063-min-1024x575.jpg 1024w, https:\/\/www.podzemljepece.com\/wp-content\/uploads\/2023\/03\/DJI_0063-min-768x431.jpg 768w, https:\/\/www.podzemljepece.com\/wp-content\/uploads\/2023\/03\/DJI_0063-min-1536x863.jpg 1536w, https:\/\/www.podzemljepece.com\/wp-content\/uploads\/2023\/03\/DJI_0063-min-2048x1150.jpg 2048w\" sizes=\"(max-width: 2560px) 100vw, 2560px\" \/><\/a><\/div><div class='carousel-item'><a   href='https:\/\/www.podzemljepece.com\/wp-content\/uploads\/2023\/03\/DJI_0060-min-1024x575.jpg'><img width=\"2560\" height=\"1438\" src=\"https:\/\/www.podzemljepece.com\/wp-content\/uploads\/2023\/03\/DJI_0060-min-scaled.jpg\" class=\"attachment-full size-full\" alt=\"Foto: Miran \u017dlebnik\" decoding=\"async\" loading=\"lazy\" srcset=\"https:\/\/www.podzemljepece.com\/wp-content\/uploads\/2023\/03\/DJI_0060-min-scaled.jpg 2560w, https:\/\/www.podzemljepece.com\/wp-content\/uploads\/2023\/03\/DJI_0060-min-300x168.jpg 300w, https:\/\/www.podzemljepece.com\/wp-content\/uploads\/2023\/03\/DJI_0060-min-1024x575.jpg 1024w, https:\/\/www.podzemljepece.com\/wp-content\/uploads\/2023\/03\/DJI_0060-min-768x431.jpg 768w, https:\/\/www.podzemljepece.com\/wp-content\/uploads\/2023\/03\/DJI_0060-min-1536x863.jpg 1536w, https:\/\/www.podzemljepece.com\/wp-content\/uploads\/2023\/03\/DJI_0060-min-2048x1150.jpg 2048w\" sizes=\"(max-width: 2560px) 100vw, 2560px\" \/><\/a><\/div><div class='carousel-item'><a   href='https:\/\/www.podzemljepece.com\/wp-content\/uploads\/2023\/03\/20210127_132300-1024x768.jpg'><img width=\"2560\" height=\"1920\" src=\"https:\/\/www.podzemljepece.com\/wp-content\/uploads\/2023\/03\/20210127_132300-scaled.jpg\" class=\"attachment-full size-full\" alt=\"Foto: Miran \u017dlebnik\" decoding=\"async\" loading=\"lazy\" srcset=\"https:\/\/www.podzemljepece.com\/wp-content\/uploads\/2023\/03\/20210127_132300-scaled.jpg 2560w, https:\/\/www.podzemljepece.com\/wp-content\/uploads\/2023\/03\/20210127_132300-300x225.jpg 300w, https:\/\/www.podzemljepece.com\/wp-content\/uploads\/2023\/03\/20210127_132300-1024x768.jpg 1024w, https:\/\/www.podzemljepece.com\/wp-content\/uploads\/2023\/03\/20210127_132300-768x576.jpg 768w, https:\/\/www.podzemljepece.com\/wp-content\/uploads\/2023\/03\/20210127_132300-1536x1152.jpg 1536w, https:\/\/www.podzemljepece.com\/wp-content\/uploads\/2023\/03\/20210127_132300-2048x1536.jpg 2048w, https:\/\/www.podzemljepece.com\/wp-content\/uploads\/2023\/03\/20210127_132300-627x470.jpg 627w\" sizes=\"(max-width: 2560px) 100vw, 2560px\" \/><\/a><\/div><div class='carousel-item'><a   href='https:\/\/www.podzemljepece.com\/wp-content\/uploads\/2023\/03\/20220612_112416-1024x461.jpg'><img width=\"2560\" height=\"1153\" src=\"https:\/\/www.podzemljepece.com\/wp-content\/uploads\/2023\/03\/20220612_112416-scaled.jpg\" class=\"attachment-full size-full\" alt=\"Foto: Miran \u017dlebnik\" decoding=\"async\" loading=\"lazy\" srcset=\"https:\/\/www.podzemljepece.com\/wp-content\/uploads\/2023\/03\/20220612_112416-scaled.jpg 2560w, https:\/\/www.podzemljepece.com\/wp-content\/uploads\/2023\/03\/20220612_112416-300x135.jpg 300w, https:\/\/www.podzemljepece.com\/wp-content\/uploads\/2023\/03\/20220612_112416-1024x461.jpg 1024w, https:\/\/www.podzemljepece.com\/wp-content\/uploads\/2023\/03\/20220612_112416-768x346.jpg 768w, https:\/\/www.podzemljepece.com\/wp-content\/uploads\/2023\/03\/20220612_112416-1536x692.jpg 1536w, https:\/\/www.podzemljepece.com\/wp-content\/uploads\/2023\/03\/20220612_112416-2048x922.jpg 2048w\" sizes=\"(max-width: 2560px) 100vw, 2560px\" \/><\/a><\/div><div class='carousel-item'><a   href='https:\/\/www.podzemljepece.com\/wp-content\/uploads\/2023\/03\/DSC_6414-min-1024x683.jpg'><img width=\"2560\" height=\"1707\" src=\"https:\/\/www.podzemljepece.com\/wp-content\/uploads\/2023\/03\/DSC_6414-min-scaled.jpg\" class=\"attachment-full size-full\" alt=\"Foto: Miran \u017dlebnik\" decoding=\"async\" loading=\"lazy\" srcset=\"https:\/\/www.podzemljepece.com\/wp-content\/uploads\/2023\/03\/DSC_6414-min-scaled.jpg 2560w, https:\/\/www.podzemljepece.com\/wp-content\/uploads\/2023\/03\/DSC_6414-min-300x200.jpg 300w, https:\/\/www.podzemljepece.com\/wp-content\/uploads\/2023\/03\/DSC_6414-min-1024x683.jpg 1024w, https:\/\/www.podzemljepece.com\/wp-content\/uploads\/2023\/03\/DSC_6414-min-768x512.jpg 768w, https:\/\/www.podzemljepece.com\/wp-content\/uploads\/2023\/03\/DSC_6414-min-1536x1024.jpg 1536w, https:\/\/www.podzemljepece.com\/wp-content\/uploads\/2023\/03\/DSC_6414-min-2048x1365.jpg 2048w\" sizes=\"(max-width: 2560px) 100vw, 2560px\" \/><\/a><\/div>\r\n\t\t<\/div><\/div>\n<\/div><\/div>\n\n\n\n<p><\/p>\n\n\n\n<h2 class=\"wp-block-heading\"><strong>ME\u017dICA<\/strong><\/h2>\n\n\n\n<p>Me\u017eica is the alpine and mining tourist centre of the Me\u017eica Valley and it also gave the valley its name. The municipality of Me\u017eica is located in a basin at the confluence of the Me\u017ea River and the \u0160umac Stream at an altitude of 491 m above sea level. Due to its location, Me\u017eica has the characteristics of a lovely alpine centre surrounded by many peaks. The Karavanke mountain range ends here and the landscape transitions into the lower region of Pohorsko Podravje.<\/p>\n\n\n\n<p>Me\u017eica was known as a mining centre in the past. The Me\u017eica lead and zinc mine is one of the oldest mines in Europe, as the ore deposits below Peca are said to have been exploited already in the late Middle Ages, and the first official written sources date back to 1665.<\/p>\n\n\n\n<p>The long years of mining left a unique mark on people&#8217;s lives and the landscape. There are now many monuments in the town and its surroundings that point to the turbulent mining past. In order to preserve the mining heritage, some of the most important parts of the mine are arranged for tourist tours.<\/p>\n\n\n\n<p>Due to its geographical location, Me\u017eica is an important starting point for hiking and mountain biking enthusiasts. Me\u017eica is one of the starting points for mountain trips to the mighty Peca mountain, which rises above the town in all its beauty and has been shrouded in the veils of the mysterious legend of King Matja\u017e for centuries.<\/p>\n\n\n\n<p>The interesting church of St. Lenart with its miraculous chain, Podkraj with its characteristic granaries and Lom with beautiful views of the neighbouring Podjuna are located above Me\u017eica. There is a beekeeping collection and several interesting interpretation points connected by a geological hiking trail. The main tourist attraction of Me\u017eica is the Peca Underground, a tourist mine and museum.<\/p>\n\n\n\n<p>(Photos by Miran \u017dlebnik)<\/p>\n\n\n\n<p><a rel=\"noreferrer noopener\" href=\"https:\/\/mezica.si\/objave\/91\" target=\"_blank\">www.mezica.si<\/a><\/p>\n","protected":false},"excerpt":{"rendered":"<p>\u00a0 When planning your route, we advise you that you choose the route through Zavodnje if you are coming from the direction of Ljubljana and not across Bele vode to avoid a gravel road. ME\u017dICA Me\u017eica is the alpine and mining tourist centre of the Me\u017eica Valley and it also gave the valley its name. [&hellip;]<\/p>\n","protected":false},"author":1,"featured_media":0,"parent":0,"menu_order":0,"comment_status":"closed","ping_status":"closed","template":"","meta":{"_uag_custom_page_level_css":"","footnotes":""},"categories":[],"tags":[],"uagb_featured_image_src":{"full":false,"thumbnail":false,"medium":false,"medium_large":false,"large":false,"1536x1536":false,"2048x2048":false,"port3":false,"port3_grayscale":false,"port2":false,"port2_grayscale":false,"port4":false,"blog":false,"alternate_blog":false,"alternate_blog_side":false,"blog_grid":false,"staff":false,"staff_full":false},"uagb_author_info":{"display_name":"admn","author_link":"https:\/\/www.podzemljepece.com\/?author=1"},"uagb_comment_info":0,"uagb_excerpt":"\u00a0 When planning your route, we advise you that you choose the route through Zavodnje if you are coming from the direction of Ljubljana and not across Bele vode to avoid a gravel road. ME\u017dICA Me\u017eica is the alpine and mining tourist centre of the Me\u017eica Valley and it also gave the valley its name.&hellip;","_links":{"self":[{"href":"https:\/\/www.podzemljepece.com\/index.php?rest_route=\/wp\/v2\/pages\/1633"}],"collection":[{"href":"https:\/\/www.podzemljepece.com\/index.php?rest_route=\/wp\/v2\/pages"}],"about":[{"href":"https:\/\/www.podzemljepece.com\/index.php?rest_route=\/wp\/v2\/types\/page"}],"author":[{"embeddable":true,"href":"https:\/\/www.podzemljepece.com\/index.php?rest_route=\/wp\/v2\/users\/1"}],"replies":[{"embeddable":true,"href":"https:\/\/www.podzemljepece.com\/index.php?rest_route=%2Fwp%2Fv2%2Fcomments&post=1633"}],"version-history":[{"count":3,"href":"https:\/\/www.podzemljepece.com\/index.php?rest_route=\/wp\/v2\/pages\/1633\/revisions"}],"predecessor-version":[{"id":1720,"href":"https:\/\/www.podzemljepece.com\/index.php?rest_route=\/wp\/v2\/pages\/1633\/revisions\/1720"}],"wp:attachment":[{"href":"https:\/\/www.podzemljepece.com\/index.php?rest_route=%2Fwp%2Fv2%2Fmedia&parent=1633"}],"wp:term":[{"taxonomy":"category","embeddable":true,"href":"https:\/\/www.podzemljepece.com\/index.php?rest_route=%2Fwp%2Fv2%2Fcategories&post=1633"},{"taxonomy":"post_tag","embeddable":true,"href":"https:\/\/www.podzemljepece.com\/index.php?rest_route=%2Fwp%2Fv2%2Ftags&post=1633"}],"curies":[{"name":"wp","href":"https:\/\/api.w.org\/{rel}","templated":true}]}}