{"id":1634,"date":"2023-01-27T11:55:31","date_gmt":"2023-01-27T11:55:31","guid":{"rendered":"http:\/\/new.podzemljepece.com\/?page_id=1634"},"modified":"2023-05-24T17:13:55","modified_gmt":"2023-05-24T17:13:55","slug":"kje-smo","status":"publish","type":"page","link":"https:\/\/www.podzemljepece.com\/?page_id=1634&lang=de","title":{"rendered":"UNSER STANDORT"},"content":{"rendered":"\n<div class=\"wp-block-image\"><figure class=\"aligncenter size-large is-resized\"><a href=\"https:\/\/goo.gl\/maps\/TTxuyuC5QJQWnNpdA\" target=\"_blank\" rel=\"noopener\"><img decoding=\"async\" loading=\"lazy\" src=\"http:\/\/new.podzemljepece.com\/wp-content\/uploads\/2023\/03\/map-1024x676.png\" alt=\"\" class=\"wp-image-1003\" width=\"542\" height=\"357\" srcset=\"https:\/\/www.podzemljepece.com\/wp-content\/uploads\/2023\/03\/map-1024x676.png 1024w, https:\/\/www.podzemljepece.com\/wp-content\/uploads\/2023\/03\/map-300x198.png 300w, https:\/\/www.podzemljepece.com\/wp-content\/uploads\/2023\/03\/map-768x507.png 768w, https:\/\/www.podzemljepece.com\/wp-content\/uploads\/2023\/03\/map-1536x1014.png 1536w, https:\/\/www.podzemljepece.com\/wp-content\/uploads\/2023\/03\/map-2048x1352.png 2048w, https:\/\/www.podzemljepece.com\/wp-content\/uploads\/2023\/03\/map-355x235.png 355w\" sizes=\"(max-width: 542px) 100vw, 542px\" \/><\/a><\/figure><\/div>\n\n\n<p>\u00a0<\/p>\n<p align=\"justify\">Wenn Sie aus Ljubljana kommen, empfehlen wir Ihnen, die Route \u00fcber <strong>Zavodnje<\/strong> und nicht \u00fcber Bele vode zu nehmen, da sie dort eine Schotterstra\u00dfe erwartet.<\/p>\n\n\n<div class=\"wp-block-group uag-hide-mob\"><div class=\"wp-block-group__inner-container is-layout-flow wp-block-group-is-layout-flow\"><!-- Carousel Style & Script for  gallery-69e7f73b1ae90 -->\r\n\r\n<script type=\"text\/javascript\">\r\n\/\/ <![CDATA[\r\n\/* START --- Image Carousel --- *\/\r\n\r\njQuery(document).ready(function($) {\r\n\r\n    \r\n    $('.ghozylab-gallery img').each(function(i) {\r\n\r\n        $alt = $(this).attr('alt');\r\n\r\n        \/\/ Replace default title to more fancy :)\r\n        $(this).attr('alt', $alt.replace(\/-|_\/g, ' '));\r\n\r\n        $altnew = $(this).attr('alt').toLowerCase().replace(\/\\b[a-z]\/g, function(letter) {\r\n\r\n            return letter.toUpperCase();\r\n\r\n        });\r\n\r\n        $(this).attr('alt', $altnew);\r\n        \/\/ Compatibility with Zoom Lite Theme Image LazyLoad\r\n        $(this).removeAttr('data-lazy-src');\r\n\r\n    });\r\n\r\n    \r\n    $('#icppreloader-gallery-69e7f73b1ae90').fadeOut(300, function() {\r\n        $('#gallery-69e7f73b1ae90').fadeIn(300);\r\n        var slider69e7f73b1ae90 = $('#gallery-69e7f73b1ae90').bxSlider({\r\n            auto: true,\r\n            pause: 9000,\r\n            autoHover: true,\r\n            moveSlides: 3,\r\n            minSlides: 3,\r\n            maxSlides: 3,\r\n            slideWidth: 500,\r\n            slideMargin: 10,\r\n            startSlide: 0,\r\n            infiniteLoop: true,\r\n            captions: true,\r\n            captionsMode: 'alt',\r\n            adaptiveHeight: true,\r\n            useCSS: false,\r\n            pager: true,\r\n            easing: 'easeOutSine',\r\n            speed: 2500,\r\n            preloadImages: 'all',\r\n            onSlideBefore: function() {\r\n                                $('#gallery-69e7f73b1ae90 .bx-caption').slideUp();\r\n                            },\r\n            onSlideAfter: function($slideElement, oldIndex, newIndex) {\r\n                                slider69e7f73b1ae90.stopAuto();\r\n                slider69e7f73b1ae90.startAuto();\r\n                                $('#gallery-69e7f73b1ae90 .bx-caption').slideDown();\r\n                            }\r\n        });\r\n\r\n    });\r\n});\r\n\r\n\/* END --- Image Carousel --- *\/\r\n\r\n\/\/ ]]>\r\n<\/script>\r\n\r\n<style type=\"text\/css\">\r\n.markup-gallery-69e7f73b1ae90 .carousel-item img {width: 100%;margin: 0 auto;border:none !important;border-radius: 0px !important;box-shadow:none !important;}.markup-gallery-69e7f73b1ae90 .bx-controls-direction a {display: none;}.markup-gallery-69e7f73b1ae90 .bx-wrapper:hover .bx-controls-direction a {display: block;}.markup-gallery-69e7f73b1ae90 .bx-controls-direction a { display: block !important;}1<\/style>\r\n\r\n\n\t\t<div id='icppreloader-gallery-69e7f73b1ae90' class='icpsliderpreloader'><\/div><div class='markup-gallery-69e7f73b1ae90'><div style='display:none;' id='gallery-69e7f73b1ae90' class='ghozylab-gallery galleryid-1634 gallery-size-full'><div class='carousel-item'><a   href='https:\/\/www.podzemljepece.com\/wp-content\/uploads\/2023\/03\/DJI_0095-1024x575.jpg'><img width=\"2560\" height=\"1438\" src=\"https:\/\/www.podzemljepece.com\/wp-content\/uploads\/2023\/03\/DJI_0095-scaled.jpg\" class=\"attachment-full size-full\" alt=\"Foto: Miran \u017dlebnik\" decoding=\"async\" loading=\"lazy\" srcset=\"https:\/\/www.podzemljepece.com\/wp-content\/uploads\/2023\/03\/DJI_0095-scaled.jpg 2560w, https:\/\/www.podzemljepece.com\/wp-content\/uploads\/2023\/03\/DJI_0095-300x168.jpg 300w, https:\/\/www.podzemljepece.com\/wp-content\/uploads\/2023\/03\/DJI_0095-1024x575.jpg 1024w, https:\/\/www.podzemljepece.com\/wp-content\/uploads\/2023\/03\/DJI_0095-768x431.jpg 768w, https:\/\/www.podzemljepece.com\/wp-content\/uploads\/2023\/03\/DJI_0095-1536x863.jpg 1536w, https:\/\/www.podzemljepece.com\/wp-content\/uploads\/2023\/03\/DJI_0095-2048x1150.jpg 2048w\" sizes=\"(max-width: 2560px) 100vw, 2560px\" \/><\/a><\/div><div class='carousel-item'><a   href='https:\/\/www.podzemljepece.com\/wp-content\/uploads\/2023\/03\/DJI_0063-min-1024x575.jpg'><img width=\"2560\" height=\"1438\" src=\"https:\/\/www.podzemljepece.com\/wp-content\/uploads\/2023\/03\/DJI_0063-min-scaled.jpg\" class=\"attachment-full size-full\" alt=\"Foto: Miran \u017dlebnik\" decoding=\"async\" loading=\"lazy\" srcset=\"https:\/\/www.podzemljepece.com\/wp-content\/uploads\/2023\/03\/DJI_0063-min-scaled.jpg 2560w, https:\/\/www.podzemljepece.com\/wp-content\/uploads\/2023\/03\/DJI_0063-min-300x168.jpg 300w, https:\/\/www.podzemljepece.com\/wp-content\/uploads\/2023\/03\/DJI_0063-min-1024x575.jpg 1024w, https:\/\/www.podzemljepece.com\/wp-content\/uploads\/2023\/03\/DJI_0063-min-768x431.jpg 768w, https:\/\/www.podzemljepece.com\/wp-content\/uploads\/2023\/03\/DJI_0063-min-1536x863.jpg 1536w, https:\/\/www.podzemljepece.com\/wp-content\/uploads\/2023\/03\/DJI_0063-min-2048x1150.jpg 2048w\" sizes=\"(max-width: 2560px) 100vw, 2560px\" \/><\/a><\/div><div class='carousel-item'><a   href='https:\/\/www.podzemljepece.com\/wp-content\/uploads\/2023\/03\/DJI_0060-min-1024x575.jpg'><img width=\"2560\" height=\"1438\" src=\"https:\/\/www.podzemljepece.com\/wp-content\/uploads\/2023\/03\/DJI_0060-min-scaled.jpg\" class=\"attachment-full size-full\" alt=\"Foto: Miran \u017dlebnik\" decoding=\"async\" loading=\"lazy\" srcset=\"https:\/\/www.podzemljepece.com\/wp-content\/uploads\/2023\/03\/DJI_0060-min-scaled.jpg 2560w, https:\/\/www.podzemljepece.com\/wp-content\/uploads\/2023\/03\/DJI_0060-min-300x168.jpg 300w, https:\/\/www.podzemljepece.com\/wp-content\/uploads\/2023\/03\/DJI_0060-min-1024x575.jpg 1024w, https:\/\/www.podzemljepece.com\/wp-content\/uploads\/2023\/03\/DJI_0060-min-768x431.jpg 768w, https:\/\/www.podzemljepece.com\/wp-content\/uploads\/2023\/03\/DJI_0060-min-1536x863.jpg 1536w, https:\/\/www.podzemljepece.com\/wp-content\/uploads\/2023\/03\/DJI_0060-min-2048x1150.jpg 2048w\" sizes=\"(max-width: 2560px) 100vw, 2560px\" \/><\/a><\/div><div class='carousel-item'><a   href='https:\/\/www.podzemljepece.com\/wp-content\/uploads\/2023\/03\/20210127_132300-1024x768.jpg'><img width=\"2560\" height=\"1920\" src=\"https:\/\/www.podzemljepece.com\/wp-content\/uploads\/2023\/03\/20210127_132300-scaled.jpg\" class=\"attachment-full size-full\" alt=\"Foto: Miran \u017dlebnik\" decoding=\"async\" loading=\"lazy\" srcset=\"https:\/\/www.podzemljepece.com\/wp-content\/uploads\/2023\/03\/20210127_132300-scaled.jpg 2560w, https:\/\/www.podzemljepece.com\/wp-content\/uploads\/2023\/03\/20210127_132300-300x225.jpg 300w, https:\/\/www.podzemljepece.com\/wp-content\/uploads\/2023\/03\/20210127_132300-1024x768.jpg 1024w, https:\/\/www.podzemljepece.com\/wp-content\/uploads\/2023\/03\/20210127_132300-768x576.jpg 768w, https:\/\/www.podzemljepece.com\/wp-content\/uploads\/2023\/03\/20210127_132300-1536x1152.jpg 1536w, https:\/\/www.podzemljepece.com\/wp-content\/uploads\/2023\/03\/20210127_132300-2048x1536.jpg 2048w, https:\/\/www.podzemljepece.com\/wp-content\/uploads\/2023\/03\/20210127_132300-627x470.jpg 627w\" sizes=\"(max-width: 2560px) 100vw, 2560px\" \/><\/a><\/div><div class='carousel-item'><a   href='https:\/\/www.podzemljepece.com\/wp-content\/uploads\/2023\/03\/20220612_112416-1024x461.jpg'><img width=\"2560\" height=\"1153\" src=\"https:\/\/www.podzemljepece.com\/wp-content\/uploads\/2023\/03\/20220612_112416-scaled.jpg\" class=\"attachment-full size-full\" alt=\"Foto: Miran \u017dlebnik\" decoding=\"async\" loading=\"lazy\" srcset=\"https:\/\/www.podzemljepece.com\/wp-content\/uploads\/2023\/03\/20220612_112416-scaled.jpg 2560w, https:\/\/www.podzemljepece.com\/wp-content\/uploads\/2023\/03\/20220612_112416-300x135.jpg 300w, https:\/\/www.podzemljepece.com\/wp-content\/uploads\/2023\/03\/20220612_112416-1024x461.jpg 1024w, https:\/\/www.podzemljepece.com\/wp-content\/uploads\/2023\/03\/20220612_112416-768x346.jpg 768w, https:\/\/www.podzemljepece.com\/wp-content\/uploads\/2023\/03\/20220612_112416-1536x692.jpg 1536w, https:\/\/www.podzemljepece.com\/wp-content\/uploads\/2023\/03\/20220612_112416-2048x922.jpg 2048w\" sizes=\"(max-width: 2560px) 100vw, 2560px\" \/><\/a><\/div><div class='carousel-item'><a   href='https:\/\/www.podzemljepece.com\/wp-content\/uploads\/2023\/03\/DSC_6414-min-1024x683.jpg'><img width=\"2560\" height=\"1707\" src=\"https:\/\/www.podzemljepece.com\/wp-content\/uploads\/2023\/03\/DSC_6414-min-scaled.jpg\" class=\"attachment-full size-full\" alt=\"Foto: Miran \u017dlebnik\" decoding=\"async\" loading=\"lazy\" srcset=\"https:\/\/www.podzemljepece.com\/wp-content\/uploads\/2023\/03\/DSC_6414-min-scaled.jpg 2560w, https:\/\/www.podzemljepece.com\/wp-content\/uploads\/2023\/03\/DSC_6414-min-300x200.jpg 300w, https:\/\/www.podzemljepece.com\/wp-content\/uploads\/2023\/03\/DSC_6414-min-1024x683.jpg 1024w, https:\/\/www.podzemljepece.com\/wp-content\/uploads\/2023\/03\/DSC_6414-min-768x512.jpg 768w, https:\/\/www.podzemljepece.com\/wp-content\/uploads\/2023\/03\/DSC_6414-min-1536x1024.jpg 1536w, https:\/\/www.podzemljepece.com\/wp-content\/uploads\/2023\/03\/DSC_6414-min-2048x1365.jpg 2048w\" sizes=\"(max-width: 2560px) 100vw, 2560px\" \/><\/a><\/div>\r\n\t\t<\/div><\/div>\n<\/div><\/div>\n\n\n\n<div class=\"wp-block-group uag-hide-desktop uag-hide-tab\"><div class=\"wp-block-group__inner-container is-layout-flow wp-block-group-is-layout-flow\"><!-- Carousel Style & Script for  gallery-69e7f73b1dd5a -->\r\n\r\n<script type=\"text\/javascript\">\r\n\/\/ <![CDATA[\r\n\/* START --- Image Carousel --- *\/\r\n\r\njQuery(document).ready(function($) {\r\n\r\n    \r\n    $('.ghozylab-gallery img').each(function(i) {\r\n\r\n        $alt = $(this).attr('alt');\r\n\r\n        \/\/ Replace default title to more fancy :)\r\n        $(this).attr('alt', $alt.replace(\/-|_\/g, ' '));\r\n\r\n        $altnew = $(this).attr('alt').toLowerCase().replace(\/\\b[a-z]\/g, function(letter) {\r\n\r\n            return letter.toUpperCase();\r\n\r\n        });\r\n\r\n        $(this).attr('alt', $altnew);\r\n        \/\/ Compatibility with Zoom Lite Theme Image LazyLoad\r\n        $(this).removeAttr('data-lazy-src');\r\n\r\n    });\r\n\r\n    \r\n    $('#icppreloader-gallery-69e7f73b1dd5a').fadeOut(300, function() {\r\n        $('#gallery-69e7f73b1dd5a').fadeIn(300);\r\n        var slider69e7f73b1dd5a = $('#gallery-69e7f73b1dd5a').bxSlider({\r\n            auto: true,\r\n            pause: 9000,\r\n            autoHover: true,\r\n            moveSlides: 1,\r\n            minSlides: 1,\r\n            maxSlides: 1,\r\n            slideWidth: 500,\r\n            slideMargin: 10,\r\n            startSlide: 0,\r\n            infiniteLoop: true,\r\n            captions: true,\r\n            captionsMode: 'alt',\r\n            adaptiveHeight: true,\r\n            useCSS: false,\r\n            pager: true,\r\n            easing: 'easeOutSine',\r\n            speed: 2500,\r\n            preloadImages: 'all',\r\n            onSlideBefore: function() {\r\n                                $('#gallery-69e7f73b1dd5a .bx-caption').slideUp();\r\n                            },\r\n            onSlideAfter: function($slideElement, oldIndex, newIndex) {\r\n                                slider69e7f73b1dd5a.stopAuto();\r\n                slider69e7f73b1dd5a.startAuto();\r\n                                $('#gallery-69e7f73b1dd5a .bx-caption').slideDown();\r\n                            }\r\n        });\r\n\r\n    });\r\n});\r\n\r\n\/* END --- Image Carousel --- *\/\r\n\r\n\/\/ ]]>\r\n<\/script>\r\n\r\n<style type=\"text\/css\">\r\n.markup-gallery-69e7f73b1dd5a .carousel-item img {width: 100%;margin: 0 auto;border:none !important;border-radius: 0px !important;box-shadow:none !important;}.markup-gallery-69e7f73b1dd5a .bx-controls-direction a {display: none;}.markup-gallery-69e7f73b1dd5a .bx-wrapper:hover .bx-controls-direction a {display: block;}.markup-gallery-69e7f73b1dd5a .bx-controls-direction a { display: block !important;}1<\/style>\r\n\r\n\n\t\t<div id='icppreloader-gallery-69e7f73b1dd5a' class='icpsliderpreloader'><\/div><div class='markup-gallery-69e7f73b1dd5a'><div style='display:none;' id='gallery-69e7f73b1dd5a' class='ghozylab-gallery galleryid-1634 gallery-size-full'><div class='carousel-item'><a   href='https:\/\/www.podzemljepece.com\/wp-content\/uploads\/2023\/03\/DJI_0095-1024x575.jpg'><img width=\"2560\" height=\"1438\" src=\"https:\/\/www.podzemljepece.com\/wp-content\/uploads\/2023\/03\/DJI_0095-scaled.jpg\" class=\"attachment-full size-full\" alt=\"Foto: Miran \u017dlebnik\" decoding=\"async\" loading=\"lazy\" srcset=\"https:\/\/www.podzemljepece.com\/wp-content\/uploads\/2023\/03\/DJI_0095-scaled.jpg 2560w, https:\/\/www.podzemljepece.com\/wp-content\/uploads\/2023\/03\/DJI_0095-300x168.jpg 300w, https:\/\/www.podzemljepece.com\/wp-content\/uploads\/2023\/03\/DJI_0095-1024x575.jpg 1024w, https:\/\/www.podzemljepece.com\/wp-content\/uploads\/2023\/03\/DJI_0095-768x431.jpg 768w, https:\/\/www.podzemljepece.com\/wp-content\/uploads\/2023\/03\/DJI_0095-1536x863.jpg 1536w, https:\/\/www.podzemljepece.com\/wp-content\/uploads\/2023\/03\/DJI_0095-2048x1150.jpg 2048w\" sizes=\"(max-width: 2560px) 100vw, 2560px\" \/><\/a><\/div><div class='carousel-item'><a   href='https:\/\/www.podzemljepece.com\/wp-content\/uploads\/2023\/03\/DJI_0063-min-1024x575.jpg'><img width=\"2560\" height=\"1438\" src=\"https:\/\/www.podzemljepece.com\/wp-content\/uploads\/2023\/03\/DJI_0063-min-scaled.jpg\" class=\"attachment-full size-full\" alt=\"Foto: Miran \u017dlebnik\" decoding=\"async\" loading=\"lazy\" srcset=\"https:\/\/www.podzemljepece.com\/wp-content\/uploads\/2023\/03\/DJI_0063-min-scaled.jpg 2560w, https:\/\/www.podzemljepece.com\/wp-content\/uploads\/2023\/03\/DJI_0063-min-300x168.jpg 300w, https:\/\/www.podzemljepece.com\/wp-content\/uploads\/2023\/03\/DJI_0063-min-1024x575.jpg 1024w, https:\/\/www.podzemljepece.com\/wp-content\/uploads\/2023\/03\/DJI_0063-min-768x431.jpg 768w, https:\/\/www.podzemljepece.com\/wp-content\/uploads\/2023\/03\/DJI_0063-min-1536x863.jpg 1536w, https:\/\/www.podzemljepece.com\/wp-content\/uploads\/2023\/03\/DJI_0063-min-2048x1150.jpg 2048w\" sizes=\"(max-width: 2560px) 100vw, 2560px\" \/><\/a><\/div><div class='carousel-item'><a   href='https:\/\/www.podzemljepece.com\/wp-content\/uploads\/2023\/03\/DJI_0060-min-1024x575.jpg'><img width=\"2560\" height=\"1438\" src=\"https:\/\/www.podzemljepece.com\/wp-content\/uploads\/2023\/03\/DJI_0060-min-scaled.jpg\" class=\"attachment-full size-full\" alt=\"Foto: Miran \u017dlebnik\" decoding=\"async\" loading=\"lazy\" srcset=\"https:\/\/www.podzemljepece.com\/wp-content\/uploads\/2023\/03\/DJI_0060-min-scaled.jpg 2560w, https:\/\/www.podzemljepece.com\/wp-content\/uploads\/2023\/03\/DJI_0060-min-300x168.jpg 300w, https:\/\/www.podzemljepece.com\/wp-content\/uploads\/2023\/03\/DJI_0060-min-1024x575.jpg 1024w, https:\/\/www.podzemljepece.com\/wp-content\/uploads\/2023\/03\/DJI_0060-min-768x431.jpg 768w, https:\/\/www.podzemljepece.com\/wp-content\/uploads\/2023\/03\/DJI_0060-min-1536x863.jpg 1536w, https:\/\/www.podzemljepece.com\/wp-content\/uploads\/2023\/03\/DJI_0060-min-2048x1150.jpg 2048w\" sizes=\"(max-width: 2560px) 100vw, 2560px\" \/><\/a><\/div><div class='carousel-item'><a   href='https:\/\/www.podzemljepece.com\/wp-content\/uploads\/2023\/03\/20210127_132300-1024x768.jpg'><img width=\"2560\" height=\"1920\" src=\"https:\/\/www.podzemljepece.com\/wp-content\/uploads\/2023\/03\/20210127_132300-scaled.jpg\" class=\"attachment-full size-full\" alt=\"Foto: Miran \u017dlebnik\" decoding=\"async\" loading=\"lazy\" srcset=\"https:\/\/www.podzemljepece.com\/wp-content\/uploads\/2023\/03\/20210127_132300-scaled.jpg 2560w, https:\/\/www.podzemljepece.com\/wp-content\/uploads\/2023\/03\/20210127_132300-300x225.jpg 300w, https:\/\/www.podzemljepece.com\/wp-content\/uploads\/2023\/03\/20210127_132300-1024x768.jpg 1024w, https:\/\/www.podzemljepece.com\/wp-content\/uploads\/2023\/03\/20210127_132300-768x576.jpg 768w, https:\/\/www.podzemljepece.com\/wp-content\/uploads\/2023\/03\/20210127_132300-1536x1152.jpg 1536w, https:\/\/www.podzemljepece.com\/wp-content\/uploads\/2023\/03\/20210127_132300-2048x1536.jpg 2048w, https:\/\/www.podzemljepece.com\/wp-content\/uploads\/2023\/03\/20210127_132300-627x470.jpg 627w\" sizes=\"(max-width: 2560px) 100vw, 2560px\" \/><\/a><\/div><div class='carousel-item'><a   href='https:\/\/www.podzemljepece.com\/wp-content\/uploads\/2023\/03\/20220612_112416-1024x461.jpg'><img width=\"2560\" height=\"1153\" src=\"https:\/\/www.podzemljepece.com\/wp-content\/uploads\/2023\/03\/20220612_112416-scaled.jpg\" class=\"attachment-full size-full\" alt=\"Foto: Miran \u017dlebnik\" decoding=\"async\" loading=\"lazy\" srcset=\"https:\/\/www.podzemljepece.com\/wp-content\/uploads\/2023\/03\/20220612_112416-scaled.jpg 2560w, https:\/\/www.podzemljepece.com\/wp-content\/uploads\/2023\/03\/20220612_112416-300x135.jpg 300w, https:\/\/www.podzemljepece.com\/wp-content\/uploads\/2023\/03\/20220612_112416-1024x461.jpg 1024w, https:\/\/www.podzemljepece.com\/wp-content\/uploads\/2023\/03\/20220612_112416-768x346.jpg 768w, https:\/\/www.podzemljepece.com\/wp-content\/uploads\/2023\/03\/20220612_112416-1536x692.jpg 1536w, https:\/\/www.podzemljepece.com\/wp-content\/uploads\/2023\/03\/20220612_112416-2048x922.jpg 2048w\" sizes=\"(max-width: 2560px) 100vw, 2560px\" \/><\/a><\/div><div class='carousel-item'><a   href='https:\/\/www.podzemljepece.com\/wp-content\/uploads\/2023\/03\/DSC_6414-min-1024x683.jpg'><img width=\"2560\" height=\"1707\" src=\"https:\/\/www.podzemljepece.com\/wp-content\/uploads\/2023\/03\/DSC_6414-min-scaled.jpg\" class=\"attachment-full size-full\" alt=\"Foto: Miran \u017dlebnik\" decoding=\"async\" loading=\"lazy\" srcset=\"https:\/\/www.podzemljepece.com\/wp-content\/uploads\/2023\/03\/DSC_6414-min-scaled.jpg 2560w, https:\/\/www.podzemljepece.com\/wp-content\/uploads\/2023\/03\/DSC_6414-min-300x200.jpg 300w, https:\/\/www.podzemljepece.com\/wp-content\/uploads\/2023\/03\/DSC_6414-min-1024x683.jpg 1024w, https:\/\/www.podzemljepece.com\/wp-content\/uploads\/2023\/03\/DSC_6414-min-768x512.jpg 768w, https:\/\/www.podzemljepece.com\/wp-content\/uploads\/2023\/03\/DSC_6414-min-1536x1024.jpg 1536w, https:\/\/www.podzemljepece.com\/wp-content\/uploads\/2023\/03\/DSC_6414-min-2048x1365.jpg 2048w\" sizes=\"(max-width: 2560px) 100vw, 2560px\" \/><\/a><\/div>\r\n\t\t<\/div><\/div>\n<\/div><\/div>\n\n\n\n<p><\/p>\n\n\n\n<h2 class=\"wp-block-heading\"><strong>ME\u017dICA<\/strong><\/h2>\n\n\n\n<p>Me\u017eica ist das alpine, bergm\u00e4nnische und touristische Zentrum des Me\u017eatals. Die Gemeinde Me\u017eica liegt in einem bewegten Talkessel am Zusammenfluss des Flusses Me\u017ea und des Baches \u0160umec auf einer Seeh\u00f6he von 491 m. Die Lage verleiht Me\u017eica den Charakter eines angenehmen alpinen Zentrums, umgeben von zahlreichen Gipfeln. Die Gebirgskette der Karawanken endet hier und die Landschaft geht langsam in die niedrigere Welt des Drautals \u00fcber.<\/p>\n\n\n\n<p>In der Vergangenheit war Me\u017eica als Bergbauzentrum bekannt. Das Blei- und Zinkbergwerk Me\u017eica ist eines der \u00e4ltesten Bergwerke Europas, das Erzreichtum unter Petzen sollte bereits im sp\u00e4ten Mittelalter ausgebeutet worden sein, die ersten schriftlichen Dokumente reichen aber ins Jahr 1665 zur\u00fcck.<\/p>\n\n\n\n<p>Die langen Jahre des Bergbaus haben das Leben der Menschen und die Landschaft auf eine einzigartige Weise gepr\u00e4gt. Heute erinnern zahlreiche Denkm\u00e4ler in und um die Stadt an die bewegte Bergbauvergangenheit. Um das reiche Erbe des Bergbaus zu bewahren, sind einige der wichtigsten Teile des Bergwerks f\u00fcr Touristen ge\u00f6ffnet.<\/p>\n\n\n\n<p>Aufgrund seiner geografischen Lage ist Me\u017eica ein wichtiger Ausgangspunkt f\u00fcr Bergsteiger und Mountainbike-Fans. Me\u017eica ist einer der Ausgangspunkte f\u00fcr Wanderungen zum m\u00e4chtigen Berg Petzen, der sich in seiner ganzen Sch\u00f6nheit \u00fcber der Stadt erhebt und seit Jahrhunderten vom Schleier der geheimnisvollen Legende von K\u00f6nig Matja\u017e umh\u00fcllt ist.<\/p>\n\n\n\n<p>Oberhalb von Me\u017eica befindet sich die interessante Kirche des Hl. Lenart mit ihrer magischen Kette, Podkraj mit seinen charakteristischen Getreidespeichern und Lom mit seiner sch\u00f6nen Aussicht auf das benachbarte Jauntal. Es gibt eine Imker Ausstellung und mehrere interessante Interpretationspunkte, die durch einen geologischen Wanderweg verbunden sind. Die wichtigste touristische Attraktion von Me\u017eica ist das touristische Bergwerk und Museum Unterwelt Petzens.<\/p>\n\n\n\n<p>(Autor der Fotos Miran \u017dlebnik)<\/p>\n\n\n\n<p><a rel=\"noreferrer noopener\" href=\"https:\/\/mezica.si\/objave\/91\" target=\"_blank\">www.mezica.si<\/a><\/p>\n","protected":false},"excerpt":{"rendered":"<p>\u00a0 Wenn Sie aus Ljubljana kommen, empfehlen wir Ihnen, die Route \u00fcber Zavodnje und nicht \u00fcber Bele vode zu nehmen, da sie dort eine Schotterstra\u00dfe erwartet. ME\u017dICA Me\u017eica ist das alpine, bergm\u00e4nnische und touristische Zentrum des Me\u017eatals. Die Gemeinde Me\u017eica liegt in einem bewegten Talkessel am Zusammenfluss des Flusses Me\u017ea und des Baches \u0160umec auf [&hellip;]<\/p>\n","protected":false},"author":1,"featured_media":0,"parent":0,"menu_order":0,"comment_status":"closed","ping_status":"closed","template":"","meta":{"_uag_custom_page_level_css":"","footnotes":""},"categories":[],"tags":[],"uagb_featured_image_src":{"full":false,"thumbnail":false,"medium":false,"medium_large":false,"large":false,"1536x1536":false,"2048x2048":false,"port3":false,"port3_grayscale":false,"port2":false,"port2_grayscale":false,"port4":false,"blog":false,"alternate_blog":false,"alternate_blog_side":false,"blog_grid":false,"staff":false,"staff_full":false},"uagb_author_info":{"display_name":"admn","author_link":"https:\/\/www.podzemljepece.com\/?author=1"},"uagb_comment_info":0,"uagb_excerpt":"\u00a0 Wenn Sie aus Ljubljana kommen, empfehlen wir Ihnen, die Route \u00fcber Zavodnje und nicht \u00fcber Bele vode zu nehmen, da sie dort eine Schotterstra\u00dfe erwartet. ME\u017dICA Me\u017eica ist das alpine, bergm\u00e4nnische und touristische Zentrum des Me\u017eatals. Die Gemeinde Me\u017eica liegt in einem bewegten Talkessel am Zusammenfluss des Flusses Me\u017ea und des Baches \u0160umec auf&hellip;","_links":{"self":[{"href":"https:\/\/www.podzemljepece.com\/index.php?rest_route=\/wp\/v2\/pages\/1634"}],"collection":[{"href":"https:\/\/www.podzemljepece.com\/index.php?rest_route=\/wp\/v2\/pages"}],"about":[{"href":"https:\/\/www.podzemljepece.com\/index.php?rest_route=\/wp\/v2\/types\/page"}],"author":[{"embeddable":true,"href":"https:\/\/www.podzemljepece.com\/index.php?rest_route=\/wp\/v2\/users\/1"}],"replies":[{"embeddable":true,"href":"https:\/\/www.podzemljepece.com\/index.php?rest_route=%2Fwp%2Fv2%2Fcomments&post=1634"}],"version-history":[{"count":2,"href":"https:\/\/www.podzemljepece.com\/index.php?rest_route=\/wp\/v2\/pages\/1634\/revisions"}],"predecessor-version":[{"id":1818,"href":"https:\/\/www.podzemljepece.com\/index.php?rest_route=\/wp\/v2\/pages\/1634\/revisions\/1818"}],"wp:attachment":[{"href":"https:\/\/www.podzemljepece.com\/index.php?rest_route=%2Fwp%2Fv2%2Fmedia&parent=1634"}],"wp:term":[{"taxonomy":"category","embeddable":true,"href":"https:\/\/www.podzemljepece.com\/index.php?rest_route=%2Fwp%2Fv2%2Fcategories&post=1634"},{"taxonomy":"post_tag","embeddable":true,"href":"https:\/\/www.podzemljepece.com\/index.php?rest_route=%2Fwp%2Fv2%2Ftags&post=1634"}],"curies":[{"name":"wp","href":"https:\/\/api.w.org\/{rel}","templated":true}]}}