{"id":1657,"date":"2023-03-03T11:18:07","date_gmt":"2023-03-03T11:18:07","guid":{"rendered":"http:\/\/new.podzemljepece.com\/?page_id=1657"},"modified":"2023-05-24T16:55:47","modified_gmt":"2023-05-24T16:55:47","slug":"naturegame","status":"publish","type":"page","link":"https:\/\/www.podzemljepece.com\/?page_id=1657&lang=de","title":{"rendered":"NATUREGAME"},"content":{"rendered":"\n<p>Das Gebiet rund um Petzen umfasst eine sensible und interessante Geodiversit\u00e4t im Herzen des Geoparks Karawanken. Sensible Naturr\u00e4ume, Umweltthemen und Klimawandel sind f\u00fcr die Bev\u00f6lkerung im Sinne einer umfassenden Sensibilisierung im Alltag nur schwer zug\u00e4nglich. Auch der Trend zur digitalen Medienunterhaltung wird sich zunehmend auswirken und vor allem bei Kindern und Jugendlichen zu einem Bewegungsmangel f\u00fchren. Das Projekt wird einen wichtigen Beitrag zur Verbesserung dieser beiden Aspekte im grenz\u00fcberschreitenden Erlebnisraum des Berges Petzen leisten. Die vielf\u00e4ltige Geodiversit\u00e4t des Gebietes und ihre Verbindung zu globalen Themen wird auf spielerische, attraktive Weise vermittelt. Das \u00fcbergeordnete Projektziel ist es, durch eine attraktive Angebotsstruktur im Bereich &#8220;Natur- und Geoerlebnisse&#8221; die Sensibilit\u00e4t f\u00fcr die nat\u00fcrlichen Gegebenheiten in Verbindung mit attraktiven &#8220;Freizeitangeboten&#8221; zu st\u00e4rken und diese so einer breiteren \u00d6ffentlichkeit zug\u00e4nglich zu machen. Ein Netzwerk von Erlebnisangeboten, durch die jeder die Geodiversit\u00e4t und die Umwelt spielerisch erleben und sich in ihr bewegen kann, wird die Bedeutung des Geoparks Karawanken als eine wichtige direkte Wirkung hervorheben. Sensible Gebiete (Natura2000) werden bewusst von der Nutzung ausgeschlossen und deren Inhalte an geeigneten Stellen in der n\u00e4heren Umgebung verbreitet. Geodiversit\u00e4t und ihre Inhalte sowie das Bed\u00fcrfnis nach Freizeitaktivit\u00e4ten in der Natur enden nicht an den Landesgrenzen. Die Ergebnisse m\u00fcssen einer breiten \u00d6ffentlichkeit zug\u00e4nglich gemacht werden. Damit wird das Ziel verfolgt, das Gebiet nicht durch St\u00fctzpunkte, sondern durch raumbezogene Nutzung und intensive Bewusstseinsbildung zu sch\u00fctzen. Das gesamte so entstandene Netz von Ausflugszielen muss in das Management von Geodiversit\u00e4t und Tourismus im Rahmen des bilateralen Geoparks Karawanken integriert werden.<\/p>\n\n\n\n<p><strong>Projektni partnerji:<\/strong><\/p>\n\n\n\n<ul><li>F.S. Immobilienverwaltungs GmbH (\u00fchrender Partner)<\/li><li>Naturfreunde \u00d6sterreich Ortsgruppe Petzen<\/li><li>Obir Tropfsteinh\u00f6hlen GesmbH<\/li><li>Gemeinde Globasnitz<\/li><li>Gemeinde \u010crna na Koro\u0161kem<\/li><li>Gemeinde Prevalje<\/li><li>Podzemlje Pece, podjetje za razvoj turisti\u010dne in muzejske dejavnosti, d.o.o.<\/li><\/ul>\n\n\n\n<p><strong>Dauer des Projekts: <\/strong>1. 3. 2018\u201328. 2. 2021<\/p>\n\n\n\n<p><strong>Genehmigter EFRE-Beitrag:<\/strong> 1.966.798,63 \u20ac<\/p>\n\n\n<!-- Carousel Style & Script for  gallery-69e7c7f5a8bc8 -->\r\n\r\n<script type=\"text\/javascript\">\r\n\/\/ <![CDATA[\r\n\/* START --- Image Carousel --- *\/\r\n\r\njQuery(document).ready(function($) {\r\n\r\n    \r\n    $('.ghozylab-gallery img').each(function(i) {\r\n\r\n        $alt = $(this).attr('alt');\r\n\r\n        \/\/ Replace default title to more fancy :)\r\n        $(this).attr('alt', $alt.replace(\/-|_\/g, ' '));\r\n\r\n        $altnew = $(this).attr('alt').toLowerCase().replace(\/\\b[a-z]\/g, function(letter) {\r\n\r\n            return letter.toUpperCase();\r\n\r\n        });\r\n\r\n        $(this).attr('alt', $altnew);\r\n        \/\/ Compatibility with Zoom Lite Theme Image LazyLoad\r\n        $(this).removeAttr('data-lazy-src');\r\n\r\n    });\r\n\r\n    \r\n    $('#icppreloader-gallery-69e7c7f5a8bc8').fadeOut(300, function() {\r\n        $('#gallery-69e7c7f5a8bc8').fadeIn(300);\r\n        var slider69e7c7f5a8bc8 = $('#gallery-69e7c7f5a8bc8').bxSlider({\r\n            auto: true,\r\n            pause: 9000,\r\n            autoHover: true,\r\n            moveSlides: 5,\r\n            minSlides: 5,\r\n            maxSlides: 5,\r\n            slideWidth: 500,\r\n            slideMargin: 10,\r\n            startSlide: 0,\r\n            infiniteLoop: true,\r\n            captions: true,\r\n            captionsMode: 'alt',\r\n            adaptiveHeight: true,\r\n            useCSS: false,\r\n            pager: true,\r\n            easing: 'easeOutSine',\r\n            speed: 2500,\r\n            preloadImages: 'all',\r\n            onSlideBefore: function() {\r\n                                $('#gallery-69e7c7f5a8bc8 .bx-caption').slideUp();\r\n                            },\r\n            onSlideAfter: function($slideElement, oldIndex, newIndex) {\r\n                                slider69e7c7f5a8bc8.stopAuto();\r\n                slider69e7c7f5a8bc8.startAuto();\r\n                                $('#gallery-69e7c7f5a8bc8 .bx-caption').slideDown();\r\n                            }\r\n        });\r\n\r\n    });\r\n});\r\n\r\n\/* END --- Image Carousel --- *\/\r\n\r\n\/\/ ]]>\r\n<\/script>\r\n\r\n<style type=\"text\/css\">\r\n.markup-gallery-69e7c7f5a8bc8 .carousel-item img {width: 100%;margin: 0 auto;border:none !important;border-radius: 0px !important;box-shadow:none !important;}.markup-gallery-69e7c7f5a8bc8 .bx-controls-direction a {display: none;}.markup-gallery-69e7c7f5a8bc8 .bx-wrapper:hover .bx-controls-direction a {display: block;}.markup-gallery-69e7c7f5a8bc8 .bx-controls-direction a { display: block !important;}1<\/style>\r\n\r\n\n\t\t<div id='icppreloader-gallery-69e7c7f5a8bc8' class='icpsliderpreloader'><\/div><div class='markup-gallery-69e7c7f5a8bc8'><div style='display:none;' id='gallery-69e7c7f5a8bc8' class='ghozylab-gallery galleryid-1657 gallery-size-full'><div class='carousel-item'><a   href='https:\/\/www.podzemljepece.com\/wp-content\/uploads\/2023\/03\/Slika2-1-1024x1024.jpg'><img width=\"846\" height=\"321\" src=\"https:\/\/www.podzemljepece.com\/wp-content\/uploads\/2023\/03\/Slika2-1.jpg\" class=\"attachment-full size-full\" alt=\"\" decoding=\"async\" loading=\"lazy\" srcset=\"https:\/\/www.podzemljepece.com\/wp-content\/uploads\/2023\/03\/Slika2-1.jpg 846w, https:\/\/www.podzemljepece.com\/wp-content\/uploads\/2023\/03\/Slika2-1-768x291.jpg 768w\" sizes=\"(max-width: 846px) 100vw, 846px\" \/><\/a><\/div>\r\n\t\t<\/div><\/div>\n","protected":false},"excerpt":{"rendered":"<p>Das Gebiet rund um Petzen umfasst eine sensible und interessante Geodiversit\u00e4t im Herzen des Geoparks Karawanken. Sensible Naturr\u00e4ume, Umweltthemen und Klimawandel sind f\u00fcr die Bev\u00f6lkerung im Sinne einer umfassenden Sensibilisierung im Alltag nur schwer zug\u00e4nglich. Auch der Trend zur digitalen Medienunterhaltung wird sich zunehmend auswirken und vor allem bei Kindern und Jugendlichen zu einem Bewegungsmangel [&hellip;]<\/p>\n","protected":false},"author":1,"featured_media":1570,"parent":0,"menu_order":10,"comment_status":"closed","ping_status":"closed","template":"","meta":{"_uag_custom_page_level_css":"","footnotes":""},"categories":[26],"tags":[],"uagb_featured_image_src":{"full":["https:\/\/www.podzemljepece.com\/wp-content\/uploads\/2022\/03\/Podzemlje_Pece_tematski_park_2014_-40-_.jpg",1000,665,false],"thumbnail":["https:\/\/www.podzemljepece.com\/wp-content\/uploads\/2022\/03\/Podzemlje_Pece_tematski_park_2014_-40-_-150x150.jpg",150,150,true],"medium":["https:\/\/www.podzemljepece.com\/wp-content\/uploads\/2022\/03\/Podzemlje_Pece_tematski_park_2014_-40-_-300x200.jpg",300,200,true],"medium_large":["https:\/\/www.podzemljepece.com\/wp-content\/uploads\/2022\/03\/Podzemlje_Pece_tematski_park_2014_-40-_-768x511.jpg",768,511,true],"large":["https:\/\/www.podzemljepece.com\/wp-content\/uploads\/2022\/03\/Podzemlje_Pece_tematski_park_2014_-40-_.jpg",940,625,false],"1536x1536":["https:\/\/www.podzemljepece.com\/wp-content\/uploads\/2022\/03\/Podzemlje_Pece_tematski_park_2014_-40-_.jpg",1000,665,false],"2048x2048":["https:\/\/www.podzemljepece.com\/wp-content\/uploads\/2022\/03\/Podzemlje_Pece_tematski_park_2014_-40-_.jpg",1000,665,false],"port3":["https:\/\/www.podzemljepece.com\/wp-content\/uploads\/2022\/03\/Podzemlje_Pece_tematski_park_2014_-40-_-600x600.jpg",600,600,true],"port3_grayscale":["https:\/\/www.podzemljepece.com\/wp-content\/uploads\/2022\/03\/Podzemlje_Pece_tematski_park_2014_-40-_-627x470.jpg",627,470,true],"port2":["https:\/\/www.podzemljepece.com\/wp-content\/uploads\/2022\/03\/Podzemlje_Pece_tematski_park_2014_-40-_-460x275.jpg",460,275,true],"port2_grayscale":["https:\/\/www.podzemljepece.com\/wp-content\/uploads\/2022\/03\/Podzemlje_Pece_tematski_park_2014_-40-_-940x470.jpg",940,470,true],"port4":["https:\/\/www.podzemljepece.com\/wp-content\/uploads\/2022\/03\/Podzemlje_Pece_tematski_park_2014_-40-_-600x600.jpg",600,600,true],"blog":["https:\/\/www.podzemljepece.com\/wp-content\/uploads\/2022\/03\/Podzemlje_Pece_tematski_park_2014_-40-_-825x340.jpg",825,340,true],"alternate_blog":["https:\/\/www.podzemljepece.com\/wp-content\/uploads\/2022\/03\/Podzemlje_Pece_tematski_park_2014_-40-_-440x195.jpg",440,195,true],"alternate_blog_side":["https:\/\/www.podzemljepece.com\/wp-content\/uploads\/2022\/03\/Podzemlje_Pece_tematski_park_2014_-40-_-355x235.jpg",355,235,true],"blog_grid":["https:\/\/www.podzemljepece.com\/wp-content\/uploads\/2022\/03\/Podzemlje_Pece_tematski_park_2014_-40-_-350x350.jpg",350,350,true],"staff":["https:\/\/www.podzemljepece.com\/wp-content\/uploads\/2022\/03\/Podzemlje_Pece_tematski_park_2014_-40-_-400x270.jpg",400,270,true],"staff_full":["https:\/\/www.podzemljepece.com\/wp-content\/uploads\/2022\/03\/Podzemlje_Pece_tematski_park_2014_-40-_-500x340.jpg",500,340,true]},"uagb_author_info":{"display_name":"admn","author_link":"https:\/\/www.podzemljepece.com\/?author=1"},"uagb_comment_info":0,"uagb_excerpt":"Das Gebiet rund um Petzen umfasst eine sensible und interessante Geodiversit\u00e4t im Herzen des Geoparks Karawanken. Sensible Naturr\u00e4ume, Umweltthemen und Klimawandel sind f\u00fcr die Bev\u00f6lkerung im Sinne einer umfassenden Sensibilisierung im Alltag nur schwer zug\u00e4nglich. Auch der Trend zur digitalen Medienunterhaltung wird sich zunehmend auswirken und vor allem bei Kindern und Jugendlichen zu einem Bewegungsmangel&hellip;","_links":{"self":[{"href":"https:\/\/www.podzemljepece.com\/index.php?rest_route=\/wp\/v2\/pages\/1657"}],"collection":[{"href":"https:\/\/www.podzemljepece.com\/index.php?rest_route=\/wp\/v2\/pages"}],"about":[{"href":"https:\/\/www.podzemljepece.com\/index.php?rest_route=\/wp\/v2\/types\/page"}],"author":[{"embeddable":true,"href":"https:\/\/www.podzemljepece.com\/index.php?rest_route=\/wp\/v2\/users\/1"}],"replies":[{"embeddable":true,"href":"https:\/\/www.podzemljepece.com\/index.php?rest_route=%2Fwp%2Fv2%2Fcomments&post=1657"}],"version-history":[{"count":1,"href":"https:\/\/www.podzemljepece.com\/index.php?rest_route=\/wp\/v2\/pages\/1657\/revisions"}],"predecessor-version":[{"id":1806,"href":"https:\/\/www.podzemljepece.com\/index.php?rest_route=\/wp\/v2\/pages\/1657\/revisions\/1806"}],"wp:featuredmedia":[{"embeddable":true,"href":"https:\/\/www.podzemljepece.com\/index.php?rest_route=\/wp\/v2\/media\/1570"}],"wp:attachment":[{"href":"https:\/\/www.podzemljepece.com\/index.php?rest_route=%2Fwp%2Fv2%2Fmedia&parent=1657"}],"wp:term":[{"taxonomy":"category","embeddable":true,"href":"https:\/\/www.podzemljepece.com\/index.php?rest_route=%2Fwp%2Fv2%2Fcategories&post=1657"},{"taxonomy":"post_tag","embeddable":true,"href":"https:\/\/www.podzemljepece.com\/index.php?rest_route=%2Fwp%2Fv2%2Ftags&post=1657"}],"curies":[{"name":"wp","href":"https:\/\/api.w.org\/{rel}","templated":true}]}}