{"id":1662,"date":"2023-03-03T11:29:55","date_gmt":"2023-03-03T11:29:55","guid":{"rendered":"http:\/\/new.podzemljepece.com\/?page_id=1662"},"modified":"2023-05-24T17:00:49","modified_gmt":"2023-05-24T17:00:49","slug":"iron-route","status":"publish","type":"page","link":"https:\/\/www.podzemljepece.com\/?page_id=1662&lang=de","title":{"rendered":"IRON ROUTE"},"content":{"rendered":"\n<p>Die Firma Podzemlje Pece beteiligte sich aktiv an dem internationalen Projekt The Iron Route &#8211; \u017delezna pot, das im Rahmen des<strong> Interreg III-Programms <\/strong>der Europ\u00e4ischen Union stattfand. B \u2013 Alpine Space. Das Projekt brachte verschiedene Alpenl\u00e4nder mit einer gemeinsamen Bergbau- und Eisenvergangenheit zusammen. An dem Projekt waren Partner aus Slowenien, \u00d6sterreich und Italien beteiligt. Die Projektaktivit\u00e4ten umfassten Studien, Forschung, den Austausch von Erfahrungen und Ergebnissen sowie die Erstellung eines neuen Netzwerks zwischen Institutionen und lokalen Organisationen. Ziel des Projekts war es, den aktiven Eisenweg, ein effizientes und umweltfreundliches Management des nat\u00fcrlichen und kulturellen Erbes, hervorzuheben.<\/p>\n\n\n\n<p><strong>Projektpartner:<\/strong><\/p>\n\n\n\n<ul><li>REGIONE LOMBARDIA &#8211; DIREZIONE GENERALE CULTURE, IDENTITA&#8217;, AUTONOMIE &#8211; Archivio di Etnografia e Sto (F\u00fchrender Partner)<\/li><li>MARKTGEMEINDE H\u00dcTTENBERG<\/li><li>PODZEMLJE PECE, RSCM-GRADBENI MATERIALI D.O.O.<\/li><li>GORENJSKI MUZEJ<\/li><li>REGIONE AUTONOMA VALLE D\u2019AOSTAASSESSORATO TERRITORIO, Ambiente e Opere pubbliche<\/li><li>REGIONE AUTONOMA FRIULI VENEZIA GIULIA &#8211; DIREZIONE CENTRALE DELLE RISORSE AGRICOLE NATURALI, FORESTA<\/li><li>COMUNITA&#8217; MONTANA DI VALLE TROMPIA<\/li><li>COOPERATIVA LEADER PLUS DELLE VALLI SERIANA E DI SCALVE s.c.r.l.<\/li><li>UNIVERSITA&#8217; DEGLI STUDI DELL&#8217;INSUBRIA<\/li><\/ul>\n\n\n\n<p><strong>Dauer des Projekts:<\/strong> 1. 1. 2005\u201331. 12. 2007<\/p>\n\n\n\n<p><strong>Wert des Projekts:<\/strong> 1.758.240,00 \u20ac, kofinanziert von der EU 945.120,00 \u20ac<\/p>\n\n\n","protected":false},"excerpt":{"rendered":"<p>Die Firma Podzemlje Pece beteiligte sich aktiv an dem internationalen Projekt The Iron Route &#8211; \u017delezna pot, das im Rahmen des Interreg III-Programms der Europ\u00e4ischen Union stattfand. B \u2013 Alpine Space. Das Projekt brachte verschiedene Alpenl\u00e4nder mit einer gemeinsamen Bergbau- und Eisenvergangenheit zusammen. An dem Projekt waren Partner aus Slowenien, \u00d6sterreich und Italien beteiligt. Die [&hellip;]<\/p>\n","protected":false},"author":1,"featured_media":1663,"parent":0,"menu_order":30,"comment_status":"closed","ping_status":"closed","template":"","meta":{"_uag_custom_page_level_css":"","footnotes":""},"categories":[26],"tags":[],"uagb_featured_image_src":{"full":["https:\/\/www.podzemljepece.com\/wp-content\/uploads\/2021\/08\/Rudnik_Mezica_3.jpg",1000,665,false],"thumbnail":["https:\/\/www.podzemljepece.com\/wp-content\/uploads\/2021\/08\/Rudnik_Mezica_3-150x150.jpg",150,150,true],"medium":["https:\/\/www.podzemljepece.com\/wp-content\/uploads\/2021\/08\/Rudnik_Mezica_3-300x200.jpg",300,200,true],"medium_large":["https:\/\/www.podzemljepece.com\/wp-content\/uploads\/2021\/08\/Rudnik_Mezica_3-768x511.jpg",768,511,true],"large":["https:\/\/www.podzemljepece.com\/wp-content\/uploads\/2021\/08\/Rudnik_Mezica_3.jpg",940,625,false],"1536x1536":["https:\/\/www.podzemljepece.com\/wp-content\/uploads\/2021\/08\/Rudnik_Mezica_3.jpg",1000,665,false],"2048x2048":["https:\/\/www.podzemljepece.com\/wp-content\/uploads\/2021\/08\/Rudnik_Mezica_3.jpg",1000,665,false],"port3":["https:\/\/www.podzemljepece.com\/wp-content\/uploads\/2021\/08\/Rudnik_Mezica_3-600x600.jpg",600,600,true],"port3_grayscale":["https:\/\/www.podzemljepece.com\/wp-content\/uploads\/2021\/08\/Rudnik_Mezica_3-627x470.jpg",627,470,true],"port2":["https:\/\/www.podzemljepece.com\/wp-content\/uploads\/2021\/08\/Rudnik_Mezica_3-460x275.jpg",460,275,true],"port2_grayscale":["https:\/\/www.podzemljepece.com\/wp-content\/uploads\/2021\/08\/Rudnik_Mezica_3-940x470.jpg",940,470,true],"port4":["https:\/\/www.podzemljepece.com\/wp-content\/uploads\/2021\/08\/Rudnik_Mezica_3-600x600.jpg",600,600,true],"blog":["https:\/\/www.podzemljepece.com\/wp-content\/uploads\/2021\/08\/Rudnik_Mezica_3-825x340.jpg",825,340,true],"alternate_blog":["https:\/\/www.podzemljepece.com\/wp-content\/uploads\/2021\/08\/Rudnik_Mezica_3-440x195.jpg",440,195,true],"alternate_blog_side":["https:\/\/www.podzemljepece.com\/wp-content\/uploads\/2021\/08\/Rudnik_Mezica_3-355x235.jpg",355,235,true],"blog_grid":["https:\/\/www.podzemljepece.com\/wp-content\/uploads\/2021\/08\/Rudnik_Mezica_3-350x350.jpg",350,350,true],"staff":["https:\/\/www.podzemljepece.com\/wp-content\/uploads\/2021\/08\/Rudnik_Mezica_3-400x270.jpg",400,270,true],"staff_full":["https:\/\/www.podzemljepece.com\/wp-content\/uploads\/2021\/08\/Rudnik_Mezica_3-500x340.jpg",500,340,true]},"uagb_author_info":{"display_name":"admn","author_link":"https:\/\/www.podzemljepece.com\/?author=1"},"uagb_comment_info":0,"uagb_excerpt":"Die Firma Podzemlje Pece beteiligte sich aktiv an dem internationalen Projekt The Iron Route &#8211; \u017delezna pot, das im Rahmen des Interreg III-Programms der Europ\u00e4ischen Union stattfand. B \u2013 Alpine Space. Das Projekt brachte verschiedene Alpenl\u00e4nder mit einer gemeinsamen Bergbau- und Eisenvergangenheit zusammen. An dem Projekt waren Partner aus Slowenien, \u00d6sterreich und Italien beteiligt. Die&hellip;","_links":{"self":[{"href":"https:\/\/www.podzemljepece.com\/index.php?rest_route=\/wp\/v2\/pages\/1662"}],"collection":[{"href":"https:\/\/www.podzemljepece.com\/index.php?rest_route=\/wp\/v2\/pages"}],"about":[{"href":"https:\/\/www.podzemljepece.com\/index.php?rest_route=\/wp\/v2\/types\/page"}],"author":[{"embeddable":true,"href":"https:\/\/www.podzemljepece.com\/index.php?rest_route=\/wp\/v2\/users\/1"}],"replies":[{"embeddable":true,"href":"https:\/\/www.podzemljepece.com\/index.php?rest_route=%2Fwp%2Fv2%2Fcomments&post=1662"}],"version-history":[{"count":1,"href":"https:\/\/www.podzemljepece.com\/index.php?rest_route=\/wp\/v2\/pages\/1662\/revisions"}],"predecessor-version":[{"id":1811,"href":"https:\/\/www.podzemljepece.com\/index.php?rest_route=\/wp\/v2\/pages\/1662\/revisions\/1811"}],"wp:featuredmedia":[{"embeddable":true,"href":"https:\/\/www.podzemljepece.com\/index.php?rest_route=\/wp\/v2\/media\/1663"}],"wp:attachment":[{"href":"https:\/\/www.podzemljepece.com\/index.php?rest_route=%2Fwp%2Fv2%2Fmedia&parent=1662"}],"wp:term":[{"taxonomy":"category","embeddable":true,"href":"https:\/\/www.podzemljepece.com\/index.php?rest_route=%2Fwp%2Fv2%2Fcategories&post=1662"},{"taxonomy":"post_tag","embeddable":true,"href":"https:\/\/www.podzemljepece.com\/index.php?rest_route=%2Fwp%2Fv2%2Ftags&post=1662"}],"curies":[{"name":"wp","href":"https:\/\/api.w.org\/{rel}","templated":true}]}}