{"id":1696,"date":"2021-08-27T11:18:03","date_gmt":"2021-08-27T11:18:03","guid":{"rendered":"http:\/\/new.podzemljepece.com\/?page_id=1696"},"modified":"2023-05-24T16:33:30","modified_gmt":"2023-05-24T16:33:30","slug":"delavnice-za-otroke","status":"publish","type":"page","link":"https:\/\/www.podzemljepece.com\/?page_id=1696&lang=de","title":{"rendered":"WORKSHOPS"},"content":{"rendered":"\n<p class=\"has-vivid-red-color has-text-color\"><strong><a href=\"http:\/\/geopark.si\/UserFiles\/Image\/zabavno,poucno-napis.jpg\">AM\u00dcSANT, INFORMATIV, LOCKER<\/a><\/strong><\/p>\n\n\n\n<p>In der Unterwelt Petzens und im Geopark Karawanken lernen wir auf spielerische Art und Weise. Deshalb haben wir eine Reihe von p\u00e4dagogischen Aktivit\u00e4ten <strong>\u201eAm\u00fcsant, informativ, locker&#8221; <\/strong>entwickelt.<\/p>\n\n\n\n<p>Die p\u00e4dagogischen Workshops richten sich an verschiedene Altersgruppen von Kindern und Jugendlichen.<\/p>\n\n\n\n<p><strong>GEO-ABENTEUER &#8211; Workshops f\u00fcr kleine Kinder im Kindergarten und im ersten Trimester der Grundschule.<\/strong><\/p>\n\n\n\n<p>Die Kinder lernen spielerisch die Geologie und die geologischen Besonderheiten des UNESCO Global Geoparks Karawanken kennen. Dabei entwickeln sie eine positive Einstellung zu diesem Erbe und tragen so langfristig zu dessen Erhalt bei.<\/p>\n\n\n\n<p><strong>DIE GEHEIME WELT DER GESTEINE, MINERALIEN UND FOSSILEN &#8211; Workshops f\u00fcr Sch\u00fcler der letzten Klassen der Grundschule und Mittelsch\u00fcler.<\/strong><\/p>\n\n\n\n<p>Die Kinder und Sch\u00fcler entwickeln durch Erfahrungen mit praktischen Aufgabenbeispielen eine positive Einstellung zum geologischen Erbe. Der Workshop f\u00fchrt die Kinder in die Arbeit eines Feldgeologen, in die Grundlagen der Petrologie, Mineralogie, Pal\u00e4ontologie und Hydrogeologie ein, wobei gleichzeitig der Naturschutz und das geologische Erbe im Mittelpunkt stehen.<\/p>\n\n\n\n<p>Wir empfehlen, die Workshops mit einem Besuch des Bergwerks und der Museumssammlungen zu verbinden. Die Workshops sind f\u00fcr naturwissenschaftliche, technische und Projekt-Tage geeignet.<\/p>\n\n\n<!-- Carousel Style & Script for  gallery-69e7c551b8351 -->\r\n\r\n<script type=\"text\/javascript\">\r\n\/\/ <![CDATA[\r\n\/* START --- Image Carousel --- *\/\r\n\r\njQuery(document).ready(function($) {\r\n\r\n    \r\n    $('.ghozylab-gallery img').each(function(i) {\r\n\r\n        $alt = $(this).attr('alt');\r\n\r\n        \/\/ Replace default title to more fancy :)\r\n        $(this).attr('alt', $alt.replace(\/-|_\/g, ' '));\r\n\r\n        $altnew = $(this).attr('alt').toLowerCase().replace(\/\\b[a-z]\/g, function(letter) {\r\n\r\n            return letter.toUpperCase();\r\n\r\n        });\r\n\r\n        $(this).attr('alt', $altnew);\r\n        \/\/ Compatibility with Zoom Lite Theme Image LazyLoad\r\n        $(this).removeAttr('data-lazy-src');\r\n\r\n    });\r\n\r\n    \r\n    $('#icppreloader-gallery-69e7c551b8351').fadeOut(300, function() {\r\n        $('#gallery-69e7c551b8351').fadeIn(300);\r\n        var slider69e7c551b8351 = $('#gallery-69e7c551b8351').bxSlider({\r\n            auto: true,\r\n            pause: 9000,\r\n            autoHover: true,\r\n            moveSlides: 3,\r\n            minSlides: 3,\r\n            maxSlides: 3,\r\n            slideWidth: 500,\r\n            slideMargin: 10,\r\n            startSlide: 0,\r\n            infiniteLoop: true,\r\n            captions: true,\r\n            captionsMode: 'alt',\r\n            adaptiveHeight: true,\r\n            useCSS: false,\r\n            pager: true,\r\n            easing: 'easeOutSine',\r\n            speed: 2500,\r\n            preloadImages: 'all',\r\n            onSlideBefore: function() {\r\n                                $('#gallery-69e7c551b8351 .bx-caption').slideUp();\r\n                            },\r\n            onSlideAfter: function($slideElement, oldIndex, newIndex) {\r\n                                slider69e7c551b8351.stopAuto();\r\n                slider69e7c551b8351.startAuto();\r\n                                $('#gallery-69e7c551b8351 .bx-caption').slideDown();\r\n                            }\r\n        });\r\n\r\n    });\r\n});\r\n\r\n\/* END --- Image Carousel --- *\/\r\n\r\n\/\/ ]]>\r\n<\/script>\r\n\r\n<style type=\"text\/css\">\r\n.markup-gallery-69e7c551b8351 .carousel-item img {width: 100%;margin: 0 auto;border:none !important;border-radius: 0px !important;box-shadow:none !important;}.markup-gallery-69e7c551b8351 .bx-controls-direction a {display: none;}.markup-gallery-69e7c551b8351 .bx-wrapper:hover .bx-controls-direction a {display: block;}.markup-gallery-69e7c551b8351 .bx-controls-direction a { display: block !important;}1<\/style>\r\n\r\n\n\t\t<div id='icppreloader-gallery-69e7c551b8351' class='icpsliderpreloader'><\/div><div class='markup-gallery-69e7c551b8351'><div style='display:none;' id='gallery-69e7c551b8351' class='ghozylab-gallery galleryid-1696 gallery-size-full'><div class='carousel-item'><a   href='https:\/\/www.podzemljepece.com\/wp-content\/uploads\/2023\/03\/Rudnik-Mezica-10-min-1024x682.jpg'><img width=\"2560\" height=\"1704\" src=\"https:\/\/www.podzemljepece.com\/wp-content\/uploads\/2023\/03\/Rudnik-Mezica-10-min-scaled.jpg\" class=\"attachment-full size-full\" alt=\"\" decoding=\"async\" loading=\"lazy\" srcset=\"https:\/\/www.podzemljepece.com\/wp-content\/uploads\/2023\/03\/Rudnik-Mezica-10-min-scaled.jpg 2560w, https:\/\/www.podzemljepece.com\/wp-content\/uploads\/2023\/03\/Rudnik-Mezica-10-min-300x200.jpg 300w, https:\/\/www.podzemljepece.com\/wp-content\/uploads\/2023\/03\/Rudnik-Mezica-10-min-1024x682.jpg 1024w, https:\/\/www.podzemljepece.com\/wp-content\/uploads\/2023\/03\/Rudnik-Mezica-10-min-768x511.jpg 768w, https:\/\/www.podzemljepece.com\/wp-content\/uploads\/2023\/03\/Rudnik-Mezica-10-min-1536x1022.jpg 1536w, https:\/\/www.podzemljepece.com\/wp-content\/uploads\/2023\/03\/Rudnik-Mezica-10-min-2048x1363.jpg 2048w, https:\/\/www.podzemljepece.com\/wp-content\/uploads\/2023\/03\/Rudnik-Mezica-10-min-355x235.jpg 355w\" sizes=\"(max-width: 2560px) 100vw, 2560px\" \/><\/a><\/div><div class='carousel-item'><a   href='https:\/\/www.podzemljepece.com\/wp-content\/uploads\/2023\/03\/IMG_6790-min-1024x683.jpg'><img width=\"2560\" height=\"1707\" src=\"https:\/\/www.podzemljepece.com\/wp-content\/uploads\/2023\/03\/IMG_6790-min-scaled.jpg\" class=\"attachment-full size-full\" alt=\"\" decoding=\"async\" loading=\"lazy\" srcset=\"https:\/\/www.podzemljepece.com\/wp-content\/uploads\/2023\/03\/IMG_6790-min-scaled.jpg 2560w, https:\/\/www.podzemljepece.com\/wp-content\/uploads\/2023\/03\/IMG_6790-min-300x200.jpg 300w, https:\/\/www.podzemljepece.com\/wp-content\/uploads\/2023\/03\/IMG_6790-min-1024x683.jpg 1024w, https:\/\/www.podzemljepece.com\/wp-content\/uploads\/2023\/03\/IMG_6790-min-768x512.jpg 768w, https:\/\/www.podzemljepece.com\/wp-content\/uploads\/2023\/03\/IMG_6790-min-1536x1024.jpg 1536w, https:\/\/www.podzemljepece.com\/wp-content\/uploads\/2023\/03\/IMG_6790-min-2048x1365.jpg 2048w\" sizes=\"(max-width: 2560px) 100vw, 2560px\" \/><\/a><\/div><div class='carousel-item'><a   href='https:\/\/www.podzemljepece.com\/wp-content\/uploads\/2023\/03\/IMG_6813-1024x683.jpg'><img width=\"2560\" height=\"1707\" src=\"https:\/\/www.podzemljepece.com\/wp-content\/uploads\/2023\/03\/IMG_6813-scaled.jpg\" class=\"attachment-full size-full\" alt=\"\" decoding=\"async\" loading=\"lazy\" srcset=\"https:\/\/www.podzemljepece.com\/wp-content\/uploads\/2023\/03\/IMG_6813-scaled.jpg 2560w, https:\/\/www.podzemljepece.com\/wp-content\/uploads\/2023\/03\/IMG_6813-300x200.jpg 300w, https:\/\/www.podzemljepece.com\/wp-content\/uploads\/2023\/03\/IMG_6813-1024x683.jpg 1024w, https:\/\/www.podzemljepece.com\/wp-content\/uploads\/2023\/03\/IMG_6813-768x512.jpg 768w, https:\/\/www.podzemljepece.com\/wp-content\/uploads\/2023\/03\/IMG_6813-1536x1024.jpg 1536w, https:\/\/www.podzemljepece.com\/wp-content\/uploads\/2023\/03\/IMG_6813-2048x1365.jpg 2048w\" sizes=\"(max-width: 2560px) 100vw, 2560px\" \/><\/a><\/div><div class='carousel-item'><a   href='https:\/\/www.podzemljepece.com\/wp-content\/uploads\/2023\/03\/IMG_6812-1024x683.jpg'><img width=\"2560\" height=\"1707\" src=\"https:\/\/www.podzemljepece.com\/wp-content\/uploads\/2023\/03\/IMG_6812-scaled.jpg\" class=\"attachment-full size-full\" alt=\"\" decoding=\"async\" loading=\"lazy\" srcset=\"https:\/\/www.podzemljepece.com\/wp-content\/uploads\/2023\/03\/IMG_6812-scaled.jpg 2560w, https:\/\/www.podzemljepece.com\/wp-content\/uploads\/2023\/03\/IMG_6812-300x200.jpg 300w, https:\/\/www.podzemljepece.com\/wp-content\/uploads\/2023\/03\/IMG_6812-1024x683.jpg 1024w, https:\/\/www.podzemljepece.com\/wp-content\/uploads\/2023\/03\/IMG_6812-768x512.jpg 768w, https:\/\/www.podzemljepece.com\/wp-content\/uploads\/2023\/03\/IMG_6812-1536x1024.jpg 1536w, https:\/\/www.podzemljepece.com\/wp-content\/uploads\/2023\/03\/IMG_6812-2048x1365.jpg 2048w\" sizes=\"(max-width: 2560px) 100vw, 2560px\" \/><\/a><\/div>\r\n\t\t<\/div><\/div>\n","protected":false},"excerpt":{"rendered":"<p>AM\u00dcSANT, INFORMATIV, LOCKER In der Unterwelt Petzens und im Geopark Karawanken lernen wir auf spielerische Art und Weise. Deshalb haben wir eine Reihe von p\u00e4dagogischen Aktivit\u00e4ten \u201eAm\u00fcsant, informativ, locker&#8221; entwickelt. Die p\u00e4dagogischen Workshops richten sich an verschiedene Altersgruppen von Kindern und Jugendlichen. GEO-ABENTEUER &#8211; Workshops f\u00fcr kleine Kinder im Kindergarten und im ersten Trimester der [&hellip;]<\/p>\n","protected":false},"author":1,"featured_media":0,"parent":0,"menu_order":0,"comment_status":"closed","ping_status":"closed","template":"","meta":{"_uag_custom_page_level_css":"","footnotes":""},"categories":[],"tags":[],"uagb_featured_image_src":{"full":false,"thumbnail":false,"medium":false,"medium_large":false,"large":false,"1536x1536":false,"2048x2048":false,"port3":false,"port3_grayscale":false,"port2":false,"port2_grayscale":false,"port4":false,"blog":false,"alternate_blog":false,"alternate_blog_side":false,"blog_grid":false,"staff":false,"staff_full":false},"uagb_author_info":{"display_name":"admn","author_link":"https:\/\/www.podzemljepece.com\/?author=1"},"uagb_comment_info":0,"uagb_excerpt":"AM\u00dcSANT, INFORMATIV, LOCKER In der Unterwelt Petzens und im Geopark Karawanken lernen wir auf spielerische Art und Weise. Deshalb haben wir eine Reihe von p\u00e4dagogischen Aktivit\u00e4ten \u201eAm\u00fcsant, informativ, locker&#8221; entwickelt. Die p\u00e4dagogischen Workshops richten sich an verschiedene Altersgruppen von Kindern und Jugendlichen. GEO-ABENTEUER &#8211; Workshops f\u00fcr kleine Kinder im Kindergarten und im ersten Trimester der&hellip;","_links":{"self":[{"href":"https:\/\/www.podzemljepece.com\/index.php?rest_route=\/wp\/v2\/pages\/1696"}],"collection":[{"href":"https:\/\/www.podzemljepece.com\/index.php?rest_route=\/wp\/v2\/pages"}],"about":[{"href":"https:\/\/www.podzemljepece.com\/index.php?rest_route=\/wp\/v2\/types\/page"}],"author":[{"embeddable":true,"href":"https:\/\/www.podzemljepece.com\/index.php?rest_route=\/wp\/v2\/users\/1"}],"replies":[{"embeddable":true,"href":"https:\/\/www.podzemljepece.com\/index.php?rest_route=%2Fwp%2Fv2%2Fcomments&post=1696"}],"version-history":[{"count":1,"href":"https:\/\/www.podzemljepece.com\/index.php?rest_route=\/wp\/v2\/pages\/1696\/revisions"}],"predecessor-version":[{"id":1796,"href":"https:\/\/www.podzemljepece.com\/index.php?rest_route=\/wp\/v2\/pages\/1696\/revisions\/1796"}],"wp:attachment":[{"href":"https:\/\/www.podzemljepece.com\/index.php?rest_route=%2Fwp%2Fv2%2Fmedia&parent=1696"}],"wp:term":[{"taxonomy":"category","embeddable":true,"href":"https:\/\/www.podzemljepece.com\/index.php?rest_route=%2Fwp%2Fv2%2Fcategories&post=1696"},{"taxonomy":"post_tag","embeddable":true,"href":"https:\/\/www.podzemljepece.com\/index.php?rest_route=%2Fwp%2Fv2%2Ftags&post=1696"}],"curies":[{"name":"wp","href":"https:\/\/api.w.org\/{rel}","templated":true}]}}