{"id":2133,"date":"2023-10-12T10:31:58","date_gmt":"2023-10-12T10:31:58","guid":{"rendered":"https:\/\/www.podzemljepece.com\/?page_id=2133"},"modified":"2023-12-05T13:28:22","modified_gmt":"2023-12-05T13:28:22","slug":"greentour","status":"publish","type":"page","link":"https:\/\/www.podzemljepece.com\/?page_id=2133&lang=de","title":{"rendered":"GreenTour"},"content":{"rendered":"\n<p>Das \u00fcbergeordnete Ziel ist es ein resilientes und bewusstes Management der Tourismusentwicklung, auf Grundlage der besonderen Natur- und Kulturg\u00fcter, in den Karawanken zu etablieren. Dies soll durch die gezielt ausgew\u00e4hlte Partnerstruktur, in welcher der UNESCO Global Geopark als bilaterale Klammer dieses Natur- und Kulturraumes, ma\u00dfgebliche Tourismusorganisationen beiderseits der Grenze, die in der allt\u00e4glichen Vermarktung des Gebietes sowie in der G\u00e4stebetreuung und Wartung touristischer Infrastrukturen t\u00e4tig sind, sowie das Naturschutzinstitut, welches u.a. in der Betreuung sensibler Gebiete in den Karawanken t\u00e4tig ist, bilateral zusammengefasst werden. Das Management baut auf 3 S\u00e4ulen, welche sich in den Arbeitspaketen niederschl\u00e4gt auf: bewusster Umgang und Wartung von Naturerlebnisinfrastrukturen, innovative Produktentwicklung zu Themen mit Schutzrelevanz und Besuchermanagement.<\/p>\n\n\n\n<p>Durch das Projekt sollen sowohl touristische Akteure, und Verantwortliche f\u00fcr die Umsetzung und Instandhaltung touristischer Infrastrukturen (Gemeinden, Tourismusverb\u00e4nde, Freizeitanbieter, &#8230;) als auch die &#8220;Ben\u00fctzer&#8221; des bilateralen Natur- und Kulturraumes in ihrem jeweiligen Verantwortungsbewusstsein und ihrem bewussten Agieren in diesem Raum gest\u00e4rkt werden.<\/p>\n\n\n\n<p>Dadurch soll sich der Karawanken UNESCO Global Geopark zu einer resilienten Tourismusdestination etablieren der Schutz von Natur und Kultur zum Programm macht. Gef\u00e4hrdungen sensibler Gebiete sollen \u00fcberwacht und minimiert werden. Ebenso soll aber durch den verst\u00e4rkten Fokus auf die sch\u00fctzenswerten Gebiete und Vorkommen, der attraktiverer und zeitgem\u00e4\u00dfer Natur- und Kulturerlebnisraum gef\u00f6rdert und qualitativ angehoben werden.&nbsp;<\/p>\n\n\n\n<p><strong>Leadpartner:<\/strong><br>EVTZ Geopark Karawanken m.b.H.<\/p>\n\n\n\n<p><strong>Projektpartner:<\/strong><\/p>\n\n\n\n<ul>\n<li><a>RRA Koro\u0161ka, regionalna razvojna agencija za Koro\u0161ko d.o.o.<\/a><\/li>\n\n\n\n<li>Zavod Republike Slovenije za varstvo narave\/OE Maribor (Institut der Republik Slowenien f\u00fcr Naturschutz)<\/li>\n\n\n\n<li>Podzemlje Pece, podjetje za razvoj turisti\u010dne in muzejske dejavnosti, d.o.o.<\/li>\n\n\n\n<li>KSL Tourismus Marketing GmbH<\/li>\n\n\n\n<li>Tourismusverband Eisenkappel-Vellach<\/li>\n<\/ul>\n\n\n\n<p><strong>Dauer:<\/strong> 1.9.2023 \u2013 31.8.2026<br><strong>Genehmigter EFRE-Beitrag:<\/strong> 1.426.292,36 \u20ac<\/p>\n\n\n\n<img decoding=\"async\" src=\"http:\/\/www.podzemljepece.com\/wp-content\/uploads\/2023\/10\/PO2-Project-logo-Slovenia-Austria_bilingual_GreenTour_RGB-2.png\">\n","protected":false},"excerpt":{"rendered":"<p>Das \u00fcbergeordnete Ziel ist es ein resilientes und bewusstes Management der Tourismusentwicklung, auf Grundlage der besonderen Natur- und Kulturg\u00fcter, in den Karawanken zu etablieren. Dies soll durch die gezielt ausgew\u00e4hlte Partnerstruktur, in welcher der UNESCO Global Geopark als bilaterale Klammer dieses Natur- und Kulturraumes, ma\u00dfgebliche Tourismusorganisationen beiderseits der Grenze, die in der allt\u00e4glichen Vermarktung des [&hellip;]<\/p>\n","protected":false},"author":1,"featured_media":1655,"parent":0,"menu_order":0,"comment_status":"closed","ping_status":"closed","template":"","meta":{"_uag_custom_page_level_css":"","footnotes":""},"categories":[26],"tags":[],"uagb_featured_image_src":{"full":["https:\/\/www.podzemljepece.com\/wp-content\/uploads\/2023\/03\/Mezica-Interpretationsweg_URS7377-Urosh-Grabner_URS7372-Urosh-Grabner-min-1024x683-1.jpg",1024,683,false],"thumbnail":["https:\/\/www.podzemljepece.com\/wp-content\/uploads\/2023\/03\/Mezica-Interpretationsweg_URS7377-Urosh-Grabner_URS7372-Urosh-Grabner-min-1024x683-1-150x150.jpg",150,150,true],"medium":["https:\/\/www.podzemljepece.com\/wp-content\/uploads\/2023\/03\/Mezica-Interpretationsweg_URS7377-Urosh-Grabner_URS7372-Urosh-Grabner-min-1024x683-1-300x200.jpg",300,200,true],"medium_large":["https:\/\/www.podzemljepece.com\/wp-content\/uploads\/2023\/03\/Mezica-Interpretationsweg_URS7377-Urosh-Grabner_URS7372-Urosh-Grabner-min-1024x683-1-768x512.jpg",768,512,true],"large":["https:\/\/www.podzemljepece.com\/wp-content\/uploads\/2023\/03\/Mezica-Interpretationsweg_URS7377-Urosh-Grabner_URS7372-Urosh-Grabner-min-1024x683-1.jpg",940,627,false],"1536x1536":["https:\/\/www.podzemljepece.com\/wp-content\/uploads\/2023\/03\/Mezica-Interpretationsweg_URS7377-Urosh-Grabner_URS7372-Urosh-Grabner-min-1024x683-1.jpg",1024,683,false],"2048x2048":["https:\/\/www.podzemljepece.com\/wp-content\/uploads\/2023\/03\/Mezica-Interpretationsweg_URS7377-Urosh-Grabner_URS7372-Urosh-Grabner-min-1024x683-1.jpg",1024,683,false],"port3":["https:\/\/www.podzemljepece.com\/wp-content\/uploads\/2023\/03\/Mezica-Interpretationsweg_URS7377-Urosh-Grabner_URS7372-Urosh-Grabner-min-1024x683-1-600x600.jpg",600,600,true],"port3_grayscale":["https:\/\/www.podzemljepece.com\/wp-content\/uploads\/2023\/03\/Mezica-Interpretationsweg_URS7377-Urosh-Grabner_URS7372-Urosh-Grabner-min-1024x683-1-627x470.jpg",627,470,true],"port2":["https:\/\/www.podzemljepece.com\/wp-content\/uploads\/2023\/03\/Mezica-Interpretationsweg_URS7377-Urosh-Grabner_URS7372-Urosh-Grabner-min-1024x683-1-460x275.jpg",460,275,true],"port2_grayscale":["https:\/\/www.podzemljepece.com\/wp-content\/uploads\/2023\/03\/Mezica-Interpretationsweg_URS7377-Urosh-Grabner_URS7372-Urosh-Grabner-min-1024x683-1-940x470.jpg",940,470,true],"port4":["https:\/\/www.podzemljepece.com\/wp-content\/uploads\/2023\/03\/Mezica-Interpretationsweg_URS7377-Urosh-Grabner_URS7372-Urosh-Grabner-min-1024x683-1-600x600.jpg",600,600,true],"blog":["https:\/\/www.podzemljepece.com\/wp-content\/uploads\/2023\/03\/Mezica-Interpretationsweg_URS7377-Urosh-Grabner_URS7372-Urosh-Grabner-min-1024x683-1-825x340.jpg",825,340,true],"alternate_blog":["https:\/\/www.podzemljepece.com\/wp-content\/uploads\/2023\/03\/Mezica-Interpretationsweg_URS7377-Urosh-Grabner_URS7372-Urosh-Grabner-min-1024x683-1-440x195.jpg",440,195,true],"alternate_blog_side":["https:\/\/www.podzemljepece.com\/wp-content\/uploads\/2023\/03\/Mezica-Interpretationsweg_URS7377-Urosh-Grabner_URS7372-Urosh-Grabner-min-1024x683-1-355x235.jpg",355,235,true],"blog_grid":["https:\/\/www.podzemljepece.com\/wp-content\/uploads\/2023\/03\/Mezica-Interpretationsweg_URS7377-Urosh-Grabner_URS7372-Urosh-Grabner-min-1024x683-1-350x350.jpg",350,350,true],"staff":["https:\/\/www.podzemljepece.com\/wp-content\/uploads\/2023\/03\/Mezica-Interpretationsweg_URS7377-Urosh-Grabner_URS7372-Urosh-Grabner-min-1024x683-1-400x270.jpg",400,270,true],"staff_full":["https:\/\/www.podzemljepece.com\/wp-content\/uploads\/2023\/03\/Mezica-Interpretationsweg_URS7377-Urosh-Grabner_URS7372-Urosh-Grabner-min-1024x683-1-500x340.jpg",500,340,true]},"uagb_author_info":{"display_name":"admn","author_link":"https:\/\/www.podzemljepece.com\/?author=1"},"uagb_comment_info":0,"uagb_excerpt":"Das \u00fcbergeordnete Ziel ist es ein resilientes und bewusstes Management der Tourismusentwicklung, auf Grundlage der besonderen Natur- und Kulturg\u00fcter, in den Karawanken zu etablieren. Dies soll durch die gezielt ausgew\u00e4hlte Partnerstruktur, in welcher der UNESCO Global Geopark als bilaterale Klammer dieses Natur- und Kulturraumes, ma\u00dfgebliche Tourismusorganisationen beiderseits der Grenze, die in der allt\u00e4glichen Vermarktung des&hellip;","_links":{"self":[{"href":"https:\/\/www.podzemljepece.com\/index.php?rest_route=\/wp\/v2\/pages\/2133"}],"collection":[{"href":"https:\/\/www.podzemljepece.com\/index.php?rest_route=\/wp\/v2\/pages"}],"about":[{"href":"https:\/\/www.podzemljepece.com\/index.php?rest_route=\/wp\/v2\/types\/page"}],"author":[{"embeddable":true,"href":"https:\/\/www.podzemljepece.com\/index.php?rest_route=\/wp\/v2\/users\/1"}],"replies":[{"embeddable":true,"href":"https:\/\/www.podzemljepece.com\/index.php?rest_route=%2Fwp%2Fv2%2Fcomments&post=2133"}],"version-history":[{"count":2,"href":"https:\/\/www.podzemljepece.com\/index.php?rest_route=\/wp\/v2\/pages\/2133\/revisions"}],"predecessor-version":[{"id":2185,"href":"https:\/\/www.podzemljepece.com\/index.php?rest_route=\/wp\/v2\/pages\/2133\/revisions\/2185"}],"wp:featuredmedia":[{"embeddable":true,"href":"https:\/\/www.podzemljepece.com\/index.php?rest_route=\/wp\/v2\/media\/1655"}],"wp:attachment":[{"href":"https:\/\/www.podzemljepece.com\/index.php?rest_route=%2Fwp%2Fv2%2Fmedia&parent=2133"}],"wp:term":[{"taxonomy":"category","embeddable":true,"href":"https:\/\/www.podzemljepece.com\/index.php?rest_route=%2Fwp%2Fv2%2Fcategories&post=2133"},{"taxonomy":"post_tag","embeddable":true,"href":"https:\/\/www.podzemljepece.com\/index.php?rest_route=%2Fwp%2Fv2%2Ftags&post=2133"}],"curies":[{"name":"wp","href":"https:\/\/api.w.org\/{rel}","templated":true}]}}