{"id":344,"date":"2021-08-27T11:20:16","date_gmt":"2021-08-27T11:20:16","guid":{"rendered":"http:\/\/new.podzemljepece.com\/?page_id=344"},"modified":"2025-07-09T09:35:03","modified_gmt":"2025-07-09T09:35:03","slug":"odpiralni-cas","status":"publish","type":"page","link":"https:\/\/www.podzemljepece.com\/?page_id=344&lang=de","title":{"rendered":"\u00d6ffnungszeiten"},"content":{"rendered":"\n<p><\/p>\n\n\n\n<p>Das Museum ist von Dienstag bis Sonntag von 9.00 bis 15.00 Uhr, bzw. nach Vereinbarung ge\u00f6ffnet. <strong>Montag ist Ruhetag.<\/strong><\/p>\n\n\n\n<p><br><strong>F\u00fcr die Besichtigung des Bergwerks mit dem Zug:<\/strong> F\u00fcr Gruppen ab 10 Personen:<br>um <strong>9:00, 11:00, 13:00 und 15:00<\/strong>. Individuelle Besucher und Familien k\u00f6nnen sich anderen Gruppen anschlie\u00dfen.<\/p>\n\n\n\n<p><strong>F\u00fcr die Bergwerkbesichtigung mit dem Fahrrad:<\/strong> um <strong>10:00 und 14:00 <\/strong>(mindestens 2 Personen)<br><br><strong>F\u00fcr die Bergwerkbesichtigung mit dem Kajak:<\/strong> um <strong>09:00 und 11:00<\/strong> (mindestens 2 Personen)<br><br><strong>Black hole trail:<\/strong> ausschlie\u00dflich nach Vereinbarung<\/p>\n\n\n\n<p><strong>INFORMATIONEN UND RESERVIERUNGEN:<\/strong><br>F\u00fcr Reservierungen und zus\u00e4tzliche Infos stehen wir jeden Tag von 9. bis 15. Uhr zur Verf\u00fcgung.&nbsp;<br><strong>tel: +386 (2) 87 00 180<\/strong>&nbsp;oder&nbsp;<strong>e-mail:&nbsp;<\/strong><a href=\"mailto:info@podzemljepece.com\">info@podzemljepece.com<\/a><strong> &nbsp;<\/strong><\/p>\n","protected":false},"excerpt":{"rendered":"<p>Das Museum ist von Dienstag bis Sonntag von 9.00 bis 15.00 Uhr, bzw. nach Vereinbarung ge\u00f6ffnet. Montag ist Ruhetag. F\u00fcr die Besichtigung des Bergwerks mit dem Zug: F\u00fcr Gruppen ab 10 Personen:um 9:00, 11:00, 13:00 und 15:00. Individuelle Besucher und Familien k\u00f6nnen sich anderen Gruppen anschlie\u00dfen. F\u00fcr die Bergwerkbesichtigung mit dem Fahrrad: um 10:00 und [&hellip;]<\/p>\n","protected":false},"author":1,"featured_media":0,"parent":0,"menu_order":0,"comment_status":"closed","ping_status":"closed","template":"","meta":{"_uag_custom_page_level_css":"","footnotes":""},"categories":[],"tags":[],"uagb_featured_image_src":{"full":false,"thumbnail":false,"medium":false,"medium_large":false,"large":false,"1536x1536":false,"2048x2048":false,"port3":false,"port3_grayscale":false,"port2":false,"port2_grayscale":false,"port4":false,"blog":false,"alternate_blog":false,"alternate_blog_side":false,"blog_grid":false,"staff":false,"staff_full":false},"uagb_author_info":{"display_name":"admn","author_link":"https:\/\/www.podzemljepece.com\/?author=1"},"uagb_comment_info":0,"uagb_excerpt":"Das Museum ist von Dienstag bis Sonntag von 9.00 bis 15.00 Uhr, bzw. nach Vereinbarung ge\u00f6ffnet. Montag ist Ruhetag. F\u00fcr die Besichtigung des Bergwerks mit dem Zug: F\u00fcr Gruppen ab 10 Personen:um 9:00, 11:00, 13:00 und 15:00. Individuelle Besucher und Familien k\u00f6nnen sich anderen Gruppen anschlie\u00dfen. F\u00fcr die Bergwerkbesichtigung mit dem Fahrrad: um 10:00 und&hellip;","_links":{"self":[{"href":"https:\/\/www.podzemljepece.com\/index.php?rest_route=\/wp\/v2\/pages\/344"}],"collection":[{"href":"https:\/\/www.podzemljepece.com\/index.php?rest_route=\/wp\/v2\/pages"}],"about":[{"href":"https:\/\/www.podzemljepece.com\/index.php?rest_route=\/wp\/v2\/types\/page"}],"author":[{"embeddable":true,"href":"https:\/\/www.podzemljepece.com\/index.php?rest_route=\/wp\/v2\/users\/1"}],"replies":[{"embeddable":true,"href":"https:\/\/www.podzemljepece.com\/index.php?rest_route=%2Fwp%2Fv2%2Fcomments&post=344"}],"version-history":[{"count":24,"href":"https:\/\/www.podzemljepece.com\/index.php?rest_route=\/wp\/v2\/pages\/344\/revisions"}],"predecessor-version":[{"id":3068,"href":"https:\/\/www.podzemljepece.com\/index.php?rest_route=\/wp\/v2\/pages\/344\/revisions\/3068"}],"wp:attachment":[{"href":"https:\/\/www.podzemljepece.com\/index.php?rest_route=%2Fwp%2Fv2%2Fmedia&parent=344"}],"wp:term":[{"taxonomy":"category","embeddable":true,"href":"https:\/\/www.podzemljepece.com\/index.php?rest_route=%2Fwp%2Fv2%2Fcategories&post=344"},{"taxonomy":"post_tag","embeddable":true,"href":"https:\/\/www.podzemljepece.com\/index.php?rest_route=%2Fwp%2Fv2%2Ftags&post=344"}],"curies":[{"name":"wp","href":"https:\/\/api.w.org\/{rel}","templated":true}]}}