{"id":387,"date":"2021-08-27T10:51:32","date_gmt":"2021-08-27T10:51:32","guid":{"rendered":"http:\/\/new.podzemljepece.com\/?page_id=387"},"modified":"2023-12-05T13:17:12","modified_gmt":"2023-12-05T13:17:12","slug":"o-nas","status":"publish","type":"page","link":"https:\/\/www.podzemljepece.com\/?page_id=387","title":{"rendered":"ABOUT"},"content":{"rendered":"\n<p><strong>Company Podzemlje Pece, d.o.o. is part of the TAB d. d. group<\/strong><\/p>\n\n\n\n<p><strong>Name:<\/strong>&nbsp;Podzemlje Pece, Podjetje za razvoj turisti\u010dne in muzejske dejavnosti, d.o.o.<br><strong>Title:&nbsp;<\/strong>Glan\u010dnik 8, 2392 ME\u017dICA<br><strong>Phone:<\/strong>&nbsp;00 386 (2) 870 01 80<br><strong>Website:<\/strong>&nbsp;www.podzemljepece.com<br><strong>Founder:<\/strong>&nbsp;Gradbeni materiali d.o.o., owned by TAB d. d.<br><strong>Share capital:<\/strong>&nbsp;400.395 EUR<\/p>\n\n\n\n<p><strong>Main company activity code:<\/strong><\/p>\n\n\n\n<p>91.020 Activities of museums<br>91.030 Protection of cultural heritage<\/p>\n\n\n\n<p><strong>Responsible person:<\/strong>&nbsp;director, dr. Darja Komar, uni. dipl. in\u017e. geol.<\/p>\n\n\n\n<p>Me\u017eica lead and zinc mine was one of the last lead-zinc mines in Europe that was still operating at the end of the twentieth century. In its more than three hundred years of operation, it fed many families over the centuries, and it had a strong influence on life outside the mine in the Me\u017eica valley area. After the closure of the mine, a rich technical, cultural and natural heritage remained. Due to the strong local initiative and the desire of the employees to preserve this heritage, the company RSC Me\u017eica v zapiranju d.o.o. also included the mining project &#8220;Protecting parts of the Me\u017eica mines for the purpose of preserving the natural, technical and cultural heritage&#8221; among the closing projects.<\/p>\n\n\n\n<p>The project defined an area in the mine that will remain open even after the final closure of the mine and will be used for tourist, educational, research and study purposes.<\/p>\n\n\n\n<p>The mission of the company is to preserve the technical, natural and cultural heritage of mining, and to upgrade during in the development of other activities: tourism, crafts and entrepreneurship.<\/p>\n\n\n\n<p>The vision of the company is to be a successful tourist museum company that preserves the wealth of the exceptional past (historical knowledge, equipment, premises) which are the basis for development of innovative tourist products.<\/p>\n\n\n\n<p>The tourist mine and museum has been open to visitors since 1997, when part of the well-organized complex in the mine and part of the museum in Glan\u010dnik were opened to the public. But new content has been added ever since. Approximately 380,000 tourists have visited it by the end of 2021, 48,000 of which by bicycle and 14,000 by kayak.<\/p>\n\n\n\n<p>With an annual visit of up to 20,000 visitors, we rank among the most visited tourist destinations in Carinthia.<\/p>\n\n\n\n<p>In the twenty-five years of operation, we have established many connections with tourist mines and museums in Slovenia, Austria and Italy, as well with professional institutions, tourism providers, educational institutions and others. We participated in many domestic and international projects. We initiated the creation of the cross-border Karavanke\/Karawanken Geopark, which has been a member of EGN and GGN since 2013. We have also been a member of the UNESCO Global Geopark since 2015.<\/p>\n\n\n\n<p>We have also received numerous awards during our operation, namely:<\/p>\n\n\n\n<ul>\n<li>Silver Sejalec award for innovative product in 2004, awarded by the Slovenian Tourism Organization.<\/li>\n\n\n\n<li>We were nominated for the European Museum of the year in 2007.<\/li>\n\n\n\n<li>Finalist for the title of European Destination of Excellence &#8211; EDEN 2011.<\/li>\n\n\n\n<li>The golden coat of arms of the municipality of Me\u017eica in 2012.<\/li>\n\n\n\n<li>Finalists for the Sejalec award 2013, for the product with a kayak in the Peca underground.<\/li>\n\n\n\n<li>Special recognition of the Economic Exhibition for innovative products in 2013.<\/li>\n\n\n\n<li>Finalist award for THE BEST WALKING ROUTE, awarded by the Tourist Association of Slovenia, in 2016.<\/li>\n\n\n\n<li>Title of Slovenian unique experiences \u2013 5* experience for Kayak Tour, awarded by the Slovenian Tourist Organization in 2018.<\/li>\n\n\n\n<li>Recognition of the Centre for School and Extracurricular Activities, on the 20th anniversary of its operation, for good cooperation.<\/li>\n\n\n\n<li>In 2017, the Working community Geopark Karavanke received the Jakob Award 2017 for the project &#8220;Innovative tourist programs for active vacations in a natural environment&#8221;, which also includes the Peca Underground offer.<\/li>\n\n\n\n<li>Title of Slovenian unique experiences \u2013 5* experience for Adrenaline-pumping mountain bike descent on the Black Hole Trail, awarded by the Slovenian Tourist Organization in 2023.<\/li>\n\n\n\n<li>Finalists for the Sejalec award 2023, for the product: Adrenaline-pumping mountain bike descent on the Black Hole Trail.<\/li>\n<\/ul>\n\n\n\n<p><\/p>\n\n\n\n<p><\/p>\n","protected":false},"excerpt":{"rendered":"<p>Company Podzemlje Pece, d.o.o. is part of the TAB d. d. group Name:&nbsp;Podzemlje Pece, Podjetje za razvoj turisti\u010dne in muzejske dejavnosti, d.o.o.Title:&nbsp;Glan\u010dnik 8, 2392 ME\u017dICAPhone:&nbsp;00 386 (2) 870 01 80Website:&nbsp;www.podzemljepece.comFounder:&nbsp;Gradbeni materiali d.o.o., owned by TAB d. d.Share capital:&nbsp;400.395 EUR Main company activity code: 91.020 Activities of museums91.030 Protection of cultural heritage Responsible person:&nbsp;director, dr. Darja [&hellip;]<\/p>\n","protected":false},"author":1,"featured_media":388,"parent":0,"menu_order":0,"comment_status":"closed","ping_status":"closed","template":"","meta":{"_uag_custom_page_level_css":"","footnotes":""},"categories":[],"tags":[],"uagb_featured_image_src":{"full":["https:\/\/www.podzemljepece.com\/wp-content\/uploads\/2021\/07\/Razveseli-me-vid-Podzemlje-Pece-image.png",802,300,false],"thumbnail":["https:\/\/www.podzemljepece.com\/wp-content\/uploads\/2021\/07\/Razveseli-me-vid-Podzemlje-Pece-image-150x150.png",150,150,true],"medium":["https:\/\/www.podzemljepece.com\/wp-content\/uploads\/2021\/07\/Razveseli-me-vid-Podzemlje-Pece-image-300x112.png",300,112,true],"medium_large":["https:\/\/www.podzemljepece.com\/wp-content\/uploads\/2021\/07\/Razveseli-me-vid-Podzemlje-Pece-image-768x287.png",768,287,true],"large":["https:\/\/www.podzemljepece.com\/wp-content\/uploads\/2021\/07\/Razveseli-me-vid-Podzemlje-Pece-image.png",802,300,false],"1536x1536":["https:\/\/www.podzemljepece.com\/wp-content\/uploads\/2021\/07\/Razveseli-me-vid-Podzemlje-Pece-image.png",802,300,false],"2048x2048":["https:\/\/www.podzemljepece.com\/wp-content\/uploads\/2021\/07\/Razveseli-me-vid-Podzemlje-Pece-image.png",802,300,false],"port3":["https:\/\/www.podzemljepece.com\/wp-content\/uploads\/2021\/07\/Razveseli-me-vid-Podzemlje-Pece-image-600x300.png",600,300,true],"port3_grayscale":["https:\/\/www.podzemljepece.com\/wp-content\/uploads\/2021\/07\/Razveseli-me-vid-Podzemlje-Pece-image-627x300.png",627,300,true],"port2":["https:\/\/www.podzemljepece.com\/wp-content\/uploads\/2021\/07\/Razveseli-me-vid-Podzemlje-Pece-image-460x275.png",460,275,true],"port2_grayscale":["https:\/\/www.podzemljepece.com\/wp-content\/uploads\/2021\/07\/Razveseli-me-vid-Podzemlje-Pece-image.png",802,300,false],"port4":["https:\/\/www.podzemljepece.com\/wp-content\/uploads\/2021\/07\/Razveseli-me-vid-Podzemlje-Pece-image-600x300.png",600,300,true],"blog":["https:\/\/www.podzemljepece.com\/wp-content\/uploads\/2021\/07\/Razveseli-me-vid-Podzemlje-Pece-image.png",802,300,false],"alternate_blog":["https:\/\/www.podzemljepece.com\/wp-content\/uploads\/2021\/07\/Razveseli-me-vid-Podzemlje-Pece-image-440x195.png",440,195,true],"alternate_blog_side":["https:\/\/www.podzemljepece.com\/wp-content\/uploads\/2021\/07\/Razveseli-me-vid-Podzemlje-Pece-image-355x235.png",355,235,true],"blog_grid":["https:\/\/www.podzemljepece.com\/wp-content\/uploads\/2021\/07\/Razveseli-me-vid-Podzemlje-Pece-image-350x300.png",350,300,true],"staff":["https:\/\/www.podzemljepece.com\/wp-content\/uploads\/2021\/07\/Razveseli-me-vid-Podzemlje-Pece-image-400x270.png",400,270,true],"staff_full":["https:\/\/www.podzemljepece.com\/wp-content\/uploads\/2021\/07\/Razveseli-me-vid-Podzemlje-Pece-image-500x300.png",500,300,true]},"uagb_author_info":{"display_name":"admn","author_link":"https:\/\/www.podzemljepece.com\/?author=1"},"uagb_comment_info":0,"uagb_excerpt":"Company Podzemlje Pece, d.o.o. is part of the TAB d. d. group Name:&nbsp;Podzemlje Pece, Podjetje za razvoj turisti\u010dne in muzejske dejavnosti, d.o.o.Title:&nbsp;Glan\u010dnik 8, 2392 ME\u017dICAPhone:&nbsp;00 386 (2) 870 01 80Website:&nbsp;www.podzemljepece.comFounder:&nbsp;Gradbeni materiali d.o.o., owned by TAB d. d.Share capital:&nbsp;400.395 EUR Main company activity code: 91.020 Activities of museums91.030 Protection of cultural heritage Responsible person:&nbsp;director, dr. Darja&hellip;","_links":{"self":[{"href":"https:\/\/www.podzemljepece.com\/index.php?rest_route=\/wp\/v2\/pages\/387"}],"collection":[{"href":"https:\/\/www.podzemljepece.com\/index.php?rest_route=\/wp\/v2\/pages"}],"about":[{"href":"https:\/\/www.podzemljepece.com\/index.php?rest_route=\/wp\/v2\/types\/page"}],"author":[{"embeddable":true,"href":"https:\/\/www.podzemljepece.com\/index.php?rest_route=\/wp\/v2\/users\/1"}],"replies":[{"embeddable":true,"href":"https:\/\/www.podzemljepece.com\/index.php?rest_route=%2Fwp%2Fv2%2Fcomments&post=387"}],"version-history":[{"count":8,"href":"https:\/\/www.podzemljepece.com\/index.php?rest_route=\/wp\/v2\/pages\/387\/revisions"}],"predecessor-version":[{"id":2179,"href":"https:\/\/www.podzemljepece.com\/index.php?rest_route=\/wp\/v2\/pages\/387\/revisions\/2179"}],"wp:featuredmedia":[{"embeddable":true,"href":"https:\/\/www.podzemljepece.com\/index.php?rest_route=\/wp\/v2\/media\/388"}],"wp:attachment":[{"href":"https:\/\/www.podzemljepece.com\/index.php?rest_route=%2Fwp%2Fv2%2Fmedia&parent=387"}],"wp:term":[{"taxonomy":"category","embeddable":true,"href":"https:\/\/www.podzemljepece.com\/index.php?rest_route=%2Fwp%2Fv2%2Fcategories&post=387"},{"taxonomy":"post_tag","embeddable":true,"href":"https:\/\/www.podzemljepece.com\/index.php?rest_route=%2Fwp%2Fv2%2Ftags&post=387"}],"curies":[{"name":"wp","href":"https:\/\/api.w.org\/{rel}","templated":true}]}}