{"id":507,"date":"2023-01-27T12:00:06","date_gmt":"2023-01-27T12:00:06","guid":{"rendered":"http:\/\/new.podzemljepece.com\/?page_id=507"},"modified":"2023-03-22T12:16:27","modified_gmt":"2023-03-22T12:16:27","slug":"projekti","status":"publish","type":"page","link":"https:\/\/www.podzemljepece.com\/?page_id=507&lang=sl","title":{"rendered":"Projekti"},"content":{"rendered":"<p>[vc_row][vc_column][vc_column_text]Podzemlje Pece \u2013 turisti\u010dni rudnik in muzej \u017ee vse od vzpostavitve sodeluje pri razli\u010dnih doma\u010dih in mednarodnih projektih. Evropska unija namre\u010d v svojih programih nudi \u0161tevilne mo\u017enosti, da na podro\u010dju muzejske dejavnosti in turizma gradimo razli\u010dna partnerstva, izmenjavamo izku\u0161nje in sodelujemo pri skupni promociji.<\/p>\r\n<p>\u00a0[\/vc_column_text][\/vc_column][\/vc_row][vc_row][vc_column][vc_basic_grid post_type=&#8221;page&#8221; max_items=&#8221;10&#8243; element_width=&#8221;6&#8243; gap=&#8221;5&#8243; item=&#8221;basicGrid_TextFirst&#8221; grid_id=&#8221;vc_gid:1679487287826-20ad198ed0a31b4d621c967c6f079f10-4&#8243; exclude=&#8221;648, 640, 636, 633, 628, 608, 583, 524, 507, 499, 495, 334, 219, 97, 86, 83, 80, 78, 2, 9, 389, 64, 74, 76, 387, 62, 1040, 1326&#8243; taxonomies=&#8221;23&#8243;][\/vc_column][\/vc_row]<\/p>","protected":false},"excerpt":{"rendered":"<p>[vc_row][vc_column][vc_column_text]Podzemlje Pece \u2013 turisti\u010dni rudnik in muzej \u017ee vse od vzpostavitve sodeluje pri razli\u010dnih doma\u010dih in mednarodnih projektih. Evropska unija namre\u010d v svojih programih nudi \u0161tevilne mo\u017enosti, da na podro\u010dju muzejske dejavnosti in turizma gradimo razli\u010dna partnerstva, izmenjavamo izku\u0161nje in sodelujemo pri skupni promociji. \u00a0[\/vc_column_text][\/vc_column][\/vc_row][vc_row][vc_column][vc_basic_grid post_type=&#8221;page&#8221; max_items=&#8221;10&#8243; element_width=&#8221;6&#8243; gap=&#8221;5&#8243; item=&#8221;basicGrid_TextFirst&#8221; grid_id=&#8221;vc_gid:1679487287826-20ad198ed0a31b4d621c967c6f079f10-4&#8243; exclude=&#8221;648, 640, 636, 633, [&hellip;]<\/p>\n","protected":false},"author":1,"featured_media":0,"parent":0,"menu_order":0,"comment_status":"closed","ping_status":"closed","template":"","meta":{"_uag_custom_page_level_css":"","footnotes":""},"categories":[],"tags":[],"uagb_featured_image_src":{"full":false,"thumbnail":false,"medium":false,"medium_large":false,"large":false,"1536x1536":false,"2048x2048":false,"port3":false,"port3_grayscale":false,"port2":false,"port2_grayscale":false,"port4":false,"blog":false,"alternate_blog":false,"alternate_blog_side":false,"blog_grid":false,"staff":false,"staff_full":false},"uagb_author_info":{"display_name":"admn","author_link":"https:\/\/www.podzemljepece.com\/?author=1"},"uagb_comment_info":0,"uagb_excerpt":"[vc_row][vc_column][vc_column_text]Podzemlje Pece \u2013 turisti\u010dni rudnik in muzej \u017ee vse od vzpostavitve sodeluje pri razli\u010dnih doma\u010dih in mednarodnih projektih. Evropska unija namre\u010d v svojih programih nudi \u0161tevilne mo\u017enosti, da na podro\u010dju muzejske dejavnosti in turizma gradimo razli\u010dna partnerstva, izmenjavamo izku\u0161nje in sodelujemo pri skupni promociji. \u00a0[\/vc_column_text][\/vc_column][\/vc_row][vc_row][vc_column][vc_basic_grid post_type=&#8221;page&#8221; max_items=&#8221;10&#8243; element_width=&#8221;6&#8243; gap=&#8221;5&#8243; item=&#8221;basicGrid_TextFirst&#8221; grid_id=&#8221;vc_gid:1679487287826-20ad198ed0a31b4d621c967c6f079f10-4&#8243; exclude=&#8221;648, 640, 636, 633,&hellip;","_links":{"self":[{"href":"https:\/\/www.podzemljepece.com\/index.php?rest_route=\/wp\/v2\/pages\/507"}],"collection":[{"href":"https:\/\/www.podzemljepece.com\/index.php?rest_route=\/wp\/v2\/pages"}],"about":[{"href":"https:\/\/www.podzemljepece.com\/index.php?rest_route=\/wp\/v2\/types\/page"}],"author":[{"embeddable":true,"href":"https:\/\/www.podzemljepece.com\/index.php?rest_route=\/wp\/v2\/users\/1"}],"replies":[{"embeddable":true,"href":"https:\/\/www.podzemljepece.com\/index.php?rest_route=%2Fwp%2Fv2%2Fcomments&post=507"}],"version-history":[{"count":8,"href":"https:\/\/www.podzemljepece.com\/index.php?rest_route=\/wp\/v2\/pages\/507\/revisions"}],"predecessor-version":[{"id":1603,"href":"https:\/\/www.podzemljepece.com\/index.php?rest_route=\/wp\/v2\/pages\/507\/revisions\/1603"}],"wp:attachment":[{"href":"https:\/\/www.podzemljepece.com\/index.php?rest_route=%2Fwp%2Fv2%2Fmedia&parent=507"}],"wp:term":[{"taxonomy":"category","embeddable":true,"href":"https:\/\/www.podzemljepece.com\/index.php?rest_route=%2Fwp%2Fv2%2Fcategories&post=507"},{"taxonomy":"post_tag","embeddable":true,"href":"https:\/\/www.podzemljepece.com\/index.php?rest_route=%2Fwp%2Fv2%2Ftags&post=507"}],"curies":[{"name":"wp","href":"https:\/\/api.w.org\/{rel}","templated":true}]}}