{"id":524,"date":"2023-01-27T14:17:16","date_gmt":"2023-01-27T14:17:16","guid":{"rendered":"http:\/\/new.podzemljepece.com\/?page_id=524"},"modified":"2025-06-24T11:52:00","modified_gmt":"2025-06-24T11:52:00","slug":"ogled-rudnika-z-s-kolesom","status":"publish","type":"page","link":"https:\/\/www.podzemljepece.com\/?page_id=524&lang=sl","title":{"rendered":"Ogled rudnika s kolesom"},"content":{"rendered":"<p>[vc_row][vc_column][vc_raw_html]JTNDaGVhZCUzRSUwQSUzQ2xpbmslMjBocmVmJTNEJTIyaHR0cHMlM0ElMkYlMkZmb250cy5nb29nbGVhcGlzLmNvbSUyRmNzczIlM0ZmYW1pbHklM0RNb250c2VycmF0JTNBd2dodCU0MDUwMCUyNmRpc3BsYXklM0Rzd2FwJTIyJTIwcmVsJTNEJTIyc3R5bGVzaGVldCUyMiUzRSUwQSUzQyUyRmhlYWQlM0UlMEElM0NzdHlsZSUzRSUwQS5ib29raW5nJTIwJTdCJTBBYmFja2dyb3VuZC1jb2xvciUzQSUyM0ZGQ0I0NiUzQiUwQXBhZGRpbmclM0ElMjAxMHB4JTIwMjBweCUzQiUwQWJvcmRlci1yYWRpdXMlM0ElMjA4cHglM0IlMEFib3JkZXItd2lkdGglM0ElMjAwcHglM0IlMEFmb250LWZhbWlseSUzQSUyMFBvcHBpbnMlM0IlMEFmb250LXNpemUlM0ElMjAxNnB4JTNCJTBBJTdEJTBBJTBBLmJvb2tpbmclM0Fob3ZlciUyMCU3QiUwQWJhY2tncm91bmQtY29sb3IlM0ElMjAlMjNGRkI3NEIlM0IlMEElN0QlMEElM0MlMkZzdHlsZSUzRSUwQSUwQSUzQ2J1dHRvbiUyMGNsYXNzJTNEJTIyYm9va2luZyUyMiUyMG9uY2xpY2slM0QlMjJ3aW5kb3cubG9jYXRpb24uaHJlZiUzRCUyN2h0dHBzJTNBJTJGJTJGd3d3LnBvZHplbWxqZXBlY2UuY29tJTJGJTNGcGFnZV9pZCUzRDI3NTYlMjZsYW5nJTNEc2wlMjclMjIlM0UlMEFSZXplcnZpcmFqJTIwemRhaiUzQyUyRmJ1dHRvbiUzRQ==[\/vc_raw_html][vc_column_text]Z gorskimi kolesi navadno u\u017eivamo v gorah, pri nas pa se lahko s kolesom popeljete tudi skozi goro, saj smo na\u0161li prehod po opu\u0161\u010denih in skrivnostnih rudarskih rovih. Z vodnikom, \u010delado in svetilko lahko varno prekolesarite ve\u010d kot pet kilometrov edinstvene podzemne poti iz ene doline v drugo in do\u017eivite nepozabno pustolov\u0161\u010dino. Pot poteka po varnih rovih in se dvigne le za 15 m, vseeno pa vdolbine in grbine nekdanjih \u017eelezni\u0161kih pragov ne dopu\u0161\u010dajo lagodnega kolesarjenja.<\/p>\r\n\r\n<p>Kolesarska avantura se pri\u010dne v informacijskem centru Karavanke UNESCO Globalnega Geoparka, kjer vas sprejme izku\u0161en vodnik, s katerim se boste s prevozom odpravili do vhoda v rudnik v \u010crni na Koro\u0161kem. Podzemna kolesarska pot se kon\u010da nad Me\u017eico, do izhodi\u0161\u010da pa se boste spustili po asfaltirani cesti (cca 1,5 km).<\/p>\r\n\r\n<p>Temperatura v rudniku je 10 \u00b0C, popolna tema in varnostni predpisi v podzemlju pa zahtevajo posebno opremo. \u010celada in naglavna svetilka sta obvezni in sta vklju\u010deni v vstopnino. Priporo\u010damo topla \u0161portna obla\u010dila in kolesarske rokavice. Celotna pot traja 2,5 uri. Starostna omejitev je 10 let, oziroma opravljen kolesarski izpit.<\/p>\r\n\r\n<p><strong>Ogled rudnika je mo\u017een samo z gorskim kolesom, ki ga dobite pri nas. Obvezna je predhodna rezervacija termina. Elektri\u010dna kolesa niso dovoljena. <\/strong><\/p>\r\n\r\n\r\n<div class=\"wp-block-group uag-hide-mob is-layout-flow wp-block-group-is-layout-flow\"><div class=\"wp-block-group__inner-container\"><!-- Carousel Style & Script for  gallery-69e79b538f55a -->\r\n\r\n<script type=\"text\/javascript\">\r\n\/\/ <![CDATA[\r\n\/* START --- Image Carousel --- *\/\r\n\r\njQuery(document).ready(function($) {\r\n\r\n    \r\n    $('.ghozylab-gallery img').each(function(i) {\r\n\r\n        $alt = $(this).attr('alt');\r\n\r\n        \/\/ Replace default title to more fancy :)\r\n        $(this).attr('alt', $alt.replace(\/-|_\/g, ' '));\r\n\r\n        $altnew = $(this).attr('alt').toLowerCase().replace(\/\\b[a-z]\/g, function(letter) {\r\n\r\n            return letter.toUpperCase();\r\n\r\n        });\r\n\r\n        $(this).attr('alt', $altnew);\r\n        \/\/ Compatibility with Zoom Lite Theme Image LazyLoad\r\n        $(this).removeAttr('data-lazy-src');\r\n\r\n    });\r\n\r\n    \r\n    $('#icppreloader-gallery-69e79b538f55a').fadeOut(300, function() {\r\n        $('#gallery-69e79b538f55a').fadeIn(300);\r\n        var slider69e79b538f55a = $('#gallery-69e79b538f55a').bxSlider({\r\n            auto: true,\r\n            pause: 9000,\r\n            autoHover: true,\r\n            moveSlides: 3,\r\n            minSlides: 3,\r\n            maxSlides: 3,\r\n            slideWidth: 500,\r\n            slideMargin: 10,\r\n            startSlide: 0,\r\n            infiniteLoop: true,\r\n            captions: true,\r\n            captionsMode: 'alt',\r\n            adaptiveHeight: true,\r\n            useCSS: false,\r\n            pager: true,\r\n            easing: 'easeOutSine',\r\n            speed: 2500,\r\n            preloadImages: 'all',\r\n            onSlideBefore: function() {\r\n                                $('#gallery-69e79b538f55a .bx-caption').slideUp();\r\n                            },\r\n            onSlideAfter: function($slideElement, oldIndex, newIndex) {\r\n                                slider69e79b538f55a.stopAuto();\r\n                slider69e79b538f55a.startAuto();\r\n                                $('#gallery-69e79b538f55a .bx-caption').slideDown();\r\n                            }\r\n        });\r\n\r\n    });\r\n});\r\n\r\n\/* END --- Image Carousel --- *\/\r\n\r\n\/\/ ]]>\r\n<\/script>\r\n\r\n<style type=\"text\/css\">\r\n.markup-gallery-69e79b538f55a .carousel-item img {width: 100%;margin: 0 auto;border:none !important;border-radius: 0px !important;box-shadow:none !important;}.markup-gallery-69e79b538f55a .bx-controls-direction a {display: none;}.markup-gallery-69e79b538f55a .bx-wrapper:hover .bx-controls-direction a {display: block;}.markup-gallery-69e79b538f55a .bx-controls-direction a { display: block !important;}1<\/style>\r\n\r\n\n\t\t<div id='icppreloader-gallery-69e79b538f55a' class='icpsliderpreloader'><\/div><div class='markup-gallery-69e79b538f55a'><div style='display:none;' id='gallery-69e79b538f55a' class='ghozylab-gallery galleryid-524 gallery-size-full'><div class='carousel-item'><a   href='https:\/\/www.podzemljepece.com\/wp-content\/uploads\/2023\/02\/Podzemlje-Pece-kolesarjenje-februar-2017-108-min-1024x682.jpg'><img width=\"2560\" height=\"1704\" src=\"https:\/\/www.podzemljepece.com\/wp-content\/uploads\/2023\/02\/Podzemlje-Pece-kolesarjenje-februar-2017-108-min-scaled.jpg\" class=\"attachment-full size-full\" alt=\"Foto: Tomo Jeseni\u010dnik\" decoding=\"async\" loading=\"lazy\" srcset=\"https:\/\/www.podzemljepece.com\/wp-content\/uploads\/2023\/02\/Podzemlje-Pece-kolesarjenje-februar-2017-108-min-scaled.jpg 2560w, https:\/\/www.podzemljepece.com\/wp-content\/uploads\/2023\/02\/Podzemlje-Pece-kolesarjenje-februar-2017-108-min-300x200.jpg 300w, https:\/\/www.podzemljepece.com\/wp-content\/uploads\/2023\/02\/Podzemlje-Pece-kolesarjenje-februar-2017-108-min-1024x682.jpg 1024w, https:\/\/www.podzemljepece.com\/wp-content\/uploads\/2023\/02\/Podzemlje-Pece-kolesarjenje-februar-2017-108-min-768x511.jpg 768w, https:\/\/www.podzemljepece.com\/wp-content\/uploads\/2023\/02\/Podzemlje-Pece-kolesarjenje-februar-2017-108-min-1536x1022.jpg 1536w, https:\/\/www.podzemljepece.com\/wp-content\/uploads\/2023\/02\/Podzemlje-Pece-kolesarjenje-februar-2017-108-min-2048x1363.jpg 2048w, https:\/\/www.podzemljepece.com\/wp-content\/uploads\/2023\/02\/Podzemlje-Pece-kolesarjenje-februar-2017-108-min-355x235.jpg 355w\" sizes=\"(max-width: 2560px) 100vw, 2560px\" \/><\/a><\/div><div class='carousel-item'><a   href='https:\/\/www.podzemljepece.com\/wp-content\/uploads\/2023\/02\/Podzemlje-Pece-kolesarjenje-februar-2017-124-min-1024x682.jpg'><img width=\"2560\" height=\"1704\" src=\"https:\/\/www.podzemljepece.com\/wp-content\/uploads\/2023\/02\/Podzemlje-Pece-kolesarjenje-februar-2017-124-min-scaled.jpg\" class=\"attachment-full size-full\" alt=\"Foto: Tomo Jeseni\u010dnik\" decoding=\"async\" loading=\"lazy\" srcset=\"https:\/\/www.podzemljepece.com\/wp-content\/uploads\/2023\/02\/Podzemlje-Pece-kolesarjenje-februar-2017-124-min-scaled.jpg 2560w, https:\/\/www.podzemljepece.com\/wp-content\/uploads\/2023\/02\/Podzemlje-Pece-kolesarjenje-februar-2017-124-min-300x200.jpg 300w, https:\/\/www.podzemljepece.com\/wp-content\/uploads\/2023\/02\/Podzemlje-Pece-kolesarjenje-februar-2017-124-min-1024x682.jpg 1024w, https:\/\/www.podzemljepece.com\/wp-content\/uploads\/2023\/02\/Podzemlje-Pece-kolesarjenje-februar-2017-124-min-768x511.jpg 768w, https:\/\/www.podzemljepece.com\/wp-content\/uploads\/2023\/02\/Podzemlje-Pece-kolesarjenje-februar-2017-124-min-1536x1022.jpg 1536w, https:\/\/www.podzemljepece.com\/wp-content\/uploads\/2023\/02\/Podzemlje-Pece-kolesarjenje-februar-2017-124-min-2048x1363.jpg 2048w, https:\/\/www.podzemljepece.com\/wp-content\/uploads\/2023\/02\/Podzemlje-Pece-kolesarjenje-februar-2017-124-min-355x235.jpg 355w\" sizes=\"(max-width: 2560px) 100vw, 2560px\" \/><\/a><\/div><div class='carousel-item'><a   href='https:\/\/www.podzemljepece.com\/wp-content\/uploads\/2023\/02\/Podzemlje-Pece-kolesarjenje-februar-2017-39-min-1024x682.jpg'><img width=\"2560\" height=\"1704\" src=\"https:\/\/www.podzemljepece.com\/wp-content\/uploads\/2023\/02\/Podzemlje-Pece-kolesarjenje-februar-2017-39-min-scaled.jpg\" class=\"attachment-full size-full\" alt=\"Foto: Tomo Jeseni\u010dnik\" decoding=\"async\" loading=\"lazy\" srcset=\"https:\/\/www.podzemljepece.com\/wp-content\/uploads\/2023\/02\/Podzemlje-Pece-kolesarjenje-februar-2017-39-min-scaled.jpg 2560w, https:\/\/www.podzemljepece.com\/wp-content\/uploads\/2023\/02\/Podzemlje-Pece-kolesarjenje-februar-2017-39-min-300x200.jpg 300w, https:\/\/www.podzemljepece.com\/wp-content\/uploads\/2023\/02\/Podzemlje-Pece-kolesarjenje-februar-2017-39-min-1024x682.jpg 1024w, https:\/\/www.podzemljepece.com\/wp-content\/uploads\/2023\/02\/Podzemlje-Pece-kolesarjenje-februar-2017-39-min-768x511.jpg 768w, https:\/\/www.podzemljepece.com\/wp-content\/uploads\/2023\/02\/Podzemlje-Pece-kolesarjenje-februar-2017-39-min-1536x1022.jpg 1536w, https:\/\/www.podzemljepece.com\/wp-content\/uploads\/2023\/02\/Podzemlje-Pece-kolesarjenje-februar-2017-39-min-2048x1363.jpg 2048w, https:\/\/www.podzemljepece.com\/wp-content\/uploads\/2023\/02\/Podzemlje-Pece-kolesarjenje-februar-2017-39-min-355x235.jpg 355w\" sizes=\"(max-width: 2560px) 100vw, 2560px\" \/><\/a><\/div><div class='carousel-item'><a   href='https:\/\/www.podzemljepece.com\/wp-content\/uploads\/2023\/02\/Podzemlje-Pece-kolesarjenje-februar-2017-190-min-682x1024.jpg'><img width=\"1704\" height=\"2560\" src=\"https:\/\/www.podzemljepece.com\/wp-content\/uploads\/2023\/02\/Podzemlje-Pece-kolesarjenje-februar-2017-190-min-scaled.jpg\" class=\"attachment-full size-full\" alt=\"Foto: Tomo Jeseni\u010dnik\" decoding=\"async\" loading=\"lazy\" srcset=\"https:\/\/www.podzemljepece.com\/wp-content\/uploads\/2023\/02\/Podzemlje-Pece-kolesarjenje-februar-2017-190-min-scaled.jpg 1704w, https:\/\/www.podzemljepece.com\/wp-content\/uploads\/2023\/02\/Podzemlje-Pece-kolesarjenje-februar-2017-190-min-200x300.jpg 200w, https:\/\/www.podzemljepece.com\/wp-content\/uploads\/2023\/02\/Podzemlje-Pece-kolesarjenje-februar-2017-190-min-682x1024.jpg 682w, https:\/\/www.podzemljepece.com\/wp-content\/uploads\/2023\/02\/Podzemlje-Pece-kolesarjenje-februar-2017-190-min-768x1154.jpg 768w, https:\/\/www.podzemljepece.com\/wp-content\/uploads\/2023\/02\/Podzemlje-Pece-kolesarjenje-februar-2017-190-min-1022x1536.jpg 1022w, https:\/\/www.podzemljepece.com\/wp-content\/uploads\/2023\/02\/Podzemlje-Pece-kolesarjenje-februar-2017-190-min-1363x2048.jpg 1363w\" sizes=\"(max-width: 1704px) 100vw, 1704px\" \/><\/a><\/div><div class='carousel-item'><a   href='https:\/\/www.podzemljepece.com\/wp-content\/uploads\/2023\/02\/Podzemlje-Pece-kolesarjenje-februar-2017-106-min-1024x682.jpg'><img width=\"2560\" height=\"1704\" src=\"https:\/\/www.podzemljepece.com\/wp-content\/uploads\/2023\/02\/Podzemlje-Pece-kolesarjenje-februar-2017-106-min-scaled.jpg\" class=\"attachment-full size-full\" alt=\"\" decoding=\"async\" loading=\"lazy\" srcset=\"https:\/\/www.podzemljepece.com\/wp-content\/uploads\/2023\/02\/Podzemlje-Pece-kolesarjenje-februar-2017-106-min-scaled.jpg 2560w, https:\/\/www.podzemljepece.com\/wp-content\/uploads\/2023\/02\/Podzemlje-Pece-kolesarjenje-februar-2017-106-min-300x200.jpg 300w, https:\/\/www.podzemljepece.com\/wp-content\/uploads\/2023\/02\/Podzemlje-Pece-kolesarjenje-februar-2017-106-min-1024x682.jpg 1024w, https:\/\/www.podzemljepece.com\/wp-content\/uploads\/2023\/02\/Podzemlje-Pece-kolesarjenje-februar-2017-106-min-768x511.jpg 768w, https:\/\/www.podzemljepece.com\/wp-content\/uploads\/2023\/02\/Podzemlje-Pece-kolesarjenje-februar-2017-106-min-1536x1022.jpg 1536w, https:\/\/www.podzemljepece.com\/wp-content\/uploads\/2023\/02\/Podzemlje-Pece-kolesarjenje-februar-2017-106-min-2048x1363.jpg 2048w, https:\/\/www.podzemljepece.com\/wp-content\/uploads\/2023\/02\/Podzemlje-Pece-kolesarjenje-februar-2017-106-min-355x235.jpg 355w\" sizes=\"(max-width: 2560px) 100vw, 2560px\" \/><\/a><\/div>\r\n\t\t<\/div><\/div>\n<\/div><\/div>\r\n\r\n\r\n<div class=\"wp-block-group uag-hide-desktop uag-hide-tab is-layout-flow wp-block-group-is-layout-flow\"><div class=\"wp-block-group__inner-container\"><!-- Carousel Style & Script for  gallery-69e79b5391a6f -->\r\n\r\n<script type=\"text\/javascript\">\r\n\/\/ <![CDATA[\r\n\/* START --- Image Carousel --- *\/\r\n\r\njQuery(document).ready(function($) {\r\n\r\n    \r\n    $('.ghozylab-gallery img').each(function(i) {\r\n\r\n        $alt = $(this).attr('alt');\r\n\r\n        \/\/ Replace default title to more fancy :)\r\n        $(this).attr('alt', $alt.replace(\/-|_\/g, ' '));\r\n\r\n        $altnew = $(this).attr('alt').toLowerCase().replace(\/\\b[a-z]\/g, function(letter) {\r\n\r\n            return letter.toUpperCase();\r\n\r\n        });\r\n\r\n        $(this).attr('alt', $altnew);\r\n        \/\/ Compatibility with Zoom Lite Theme Image LazyLoad\r\n        $(this).removeAttr('data-lazy-src');\r\n\r\n    });\r\n\r\n    \r\n    $('#icppreloader-gallery-69e79b5391a6f').fadeOut(300, function() {\r\n        $('#gallery-69e79b5391a6f').fadeIn(300);\r\n        var slider69e79b5391a6f = $('#gallery-69e79b5391a6f').bxSlider({\r\n            auto: true,\r\n            pause: 9000,\r\n            autoHover: true,\r\n            moveSlides: 1,\r\n            minSlides: 1,\r\n            maxSlides: 1,\r\n            slideWidth: 500,\r\n            slideMargin: 10,\r\n            startSlide: 0,\r\n            infiniteLoop: true,\r\n            captions: true,\r\n            captionsMode: 'alt',\r\n            adaptiveHeight: true,\r\n            useCSS: false,\r\n            pager: true,\r\n            easing: 'easeOutSine',\r\n            speed: 2500,\r\n            preloadImages: 'all',\r\n            onSlideBefore: function() {\r\n                                $('#gallery-69e79b5391a6f .bx-caption').slideUp();\r\n                            },\r\n            onSlideAfter: function($slideElement, oldIndex, newIndex) {\r\n                                slider69e79b5391a6f.stopAuto();\r\n                slider69e79b5391a6f.startAuto();\r\n                                $('#gallery-69e79b5391a6f .bx-caption').slideDown();\r\n                            }\r\n        });\r\n\r\n    });\r\n});\r\n\r\n\/* END --- Image Carousel --- *\/\r\n\r\n\/\/ ]]>\r\n<\/script>\r\n\r\n<style type=\"text\/css\">\r\n.markup-gallery-69e79b5391a6f .carousel-item img {width: 100%;margin: 0 auto;border:none !important;border-radius: 0px !important;box-shadow:none !important;}.markup-gallery-69e79b5391a6f .bx-controls-direction a {display: none;}.markup-gallery-69e79b5391a6f .bx-wrapper:hover .bx-controls-direction a {display: block;}.markup-gallery-69e79b5391a6f .bx-controls-direction a { display: block !important;}1<\/style>\r\n\r\n\n\t\t<div id='icppreloader-gallery-69e79b5391a6f' class='icpsliderpreloader'><\/div><div class='markup-gallery-69e79b5391a6f'><div style='display:none;' id='gallery-69e79b5391a6f' class='ghozylab-gallery galleryid-524 gallery-size-full'><div class='carousel-item'><a   href='https:\/\/www.podzemljepece.com\/wp-content\/uploads\/2023\/02\/Podzemlje-Pece-kolesarjenje-februar-2017-108-min-1024x682.jpg'><img width=\"2560\" height=\"1704\" src=\"https:\/\/www.podzemljepece.com\/wp-content\/uploads\/2023\/02\/Podzemlje-Pece-kolesarjenje-februar-2017-108-min-scaled.jpg\" class=\"attachment-full size-full\" alt=\"Foto: Tomo Jeseni\u010dnik\" decoding=\"async\" loading=\"lazy\" srcset=\"https:\/\/www.podzemljepece.com\/wp-content\/uploads\/2023\/02\/Podzemlje-Pece-kolesarjenje-februar-2017-108-min-scaled.jpg 2560w, https:\/\/www.podzemljepece.com\/wp-content\/uploads\/2023\/02\/Podzemlje-Pece-kolesarjenje-februar-2017-108-min-300x200.jpg 300w, https:\/\/www.podzemljepece.com\/wp-content\/uploads\/2023\/02\/Podzemlje-Pece-kolesarjenje-februar-2017-108-min-1024x682.jpg 1024w, https:\/\/www.podzemljepece.com\/wp-content\/uploads\/2023\/02\/Podzemlje-Pece-kolesarjenje-februar-2017-108-min-768x511.jpg 768w, https:\/\/www.podzemljepece.com\/wp-content\/uploads\/2023\/02\/Podzemlje-Pece-kolesarjenje-februar-2017-108-min-1536x1022.jpg 1536w, https:\/\/www.podzemljepece.com\/wp-content\/uploads\/2023\/02\/Podzemlje-Pece-kolesarjenje-februar-2017-108-min-2048x1363.jpg 2048w, https:\/\/www.podzemljepece.com\/wp-content\/uploads\/2023\/02\/Podzemlje-Pece-kolesarjenje-februar-2017-108-min-355x235.jpg 355w\" sizes=\"(max-width: 2560px) 100vw, 2560px\" \/><\/a><\/div><div class='carousel-item'><a   href='https:\/\/www.podzemljepece.com\/wp-content\/uploads\/2023\/02\/Podzemlje-Pece-kolesarjenje-februar-2017-124-min-1024x682.jpg'><img width=\"2560\" height=\"1704\" src=\"https:\/\/www.podzemljepece.com\/wp-content\/uploads\/2023\/02\/Podzemlje-Pece-kolesarjenje-februar-2017-124-min-scaled.jpg\" class=\"attachment-full size-full\" alt=\"Foto: Tomo Jeseni\u010dnik\" decoding=\"async\" loading=\"lazy\" srcset=\"https:\/\/www.podzemljepece.com\/wp-content\/uploads\/2023\/02\/Podzemlje-Pece-kolesarjenje-februar-2017-124-min-scaled.jpg 2560w, https:\/\/www.podzemljepece.com\/wp-content\/uploads\/2023\/02\/Podzemlje-Pece-kolesarjenje-februar-2017-124-min-300x200.jpg 300w, https:\/\/www.podzemljepece.com\/wp-content\/uploads\/2023\/02\/Podzemlje-Pece-kolesarjenje-februar-2017-124-min-1024x682.jpg 1024w, https:\/\/www.podzemljepece.com\/wp-content\/uploads\/2023\/02\/Podzemlje-Pece-kolesarjenje-februar-2017-124-min-768x511.jpg 768w, https:\/\/www.podzemljepece.com\/wp-content\/uploads\/2023\/02\/Podzemlje-Pece-kolesarjenje-februar-2017-124-min-1536x1022.jpg 1536w, https:\/\/www.podzemljepece.com\/wp-content\/uploads\/2023\/02\/Podzemlje-Pece-kolesarjenje-februar-2017-124-min-2048x1363.jpg 2048w, https:\/\/www.podzemljepece.com\/wp-content\/uploads\/2023\/02\/Podzemlje-Pece-kolesarjenje-februar-2017-124-min-355x235.jpg 355w\" sizes=\"(max-width: 2560px) 100vw, 2560px\" \/><\/a><\/div><div class='carousel-item'><a   href='https:\/\/www.podzemljepece.com\/wp-content\/uploads\/2023\/02\/Podzemlje-Pece-kolesarjenje-februar-2017-39-min-1024x682.jpg'><img width=\"2560\" height=\"1704\" src=\"https:\/\/www.podzemljepece.com\/wp-content\/uploads\/2023\/02\/Podzemlje-Pece-kolesarjenje-februar-2017-39-min-scaled.jpg\" class=\"attachment-full size-full\" alt=\"Foto: Tomo Jeseni\u010dnik\" decoding=\"async\" loading=\"lazy\" srcset=\"https:\/\/www.podzemljepece.com\/wp-content\/uploads\/2023\/02\/Podzemlje-Pece-kolesarjenje-februar-2017-39-min-scaled.jpg 2560w, https:\/\/www.podzemljepece.com\/wp-content\/uploads\/2023\/02\/Podzemlje-Pece-kolesarjenje-februar-2017-39-min-300x200.jpg 300w, https:\/\/www.podzemljepece.com\/wp-content\/uploads\/2023\/02\/Podzemlje-Pece-kolesarjenje-februar-2017-39-min-1024x682.jpg 1024w, https:\/\/www.podzemljepece.com\/wp-content\/uploads\/2023\/02\/Podzemlje-Pece-kolesarjenje-februar-2017-39-min-768x511.jpg 768w, https:\/\/www.podzemljepece.com\/wp-content\/uploads\/2023\/02\/Podzemlje-Pece-kolesarjenje-februar-2017-39-min-1536x1022.jpg 1536w, https:\/\/www.podzemljepece.com\/wp-content\/uploads\/2023\/02\/Podzemlje-Pece-kolesarjenje-februar-2017-39-min-2048x1363.jpg 2048w, https:\/\/www.podzemljepece.com\/wp-content\/uploads\/2023\/02\/Podzemlje-Pece-kolesarjenje-februar-2017-39-min-355x235.jpg 355w\" sizes=\"(max-width: 2560px) 100vw, 2560px\" \/><\/a><\/div><div class='carousel-item'><a   href='https:\/\/www.podzemljepece.com\/wp-content\/uploads\/2023\/02\/Podzemlje-Pece-kolesarjenje-februar-2017-190-min-682x1024.jpg'><img width=\"1704\" height=\"2560\" src=\"https:\/\/www.podzemljepece.com\/wp-content\/uploads\/2023\/02\/Podzemlje-Pece-kolesarjenje-februar-2017-190-min-scaled.jpg\" class=\"attachment-full size-full\" alt=\"Foto: Tomo Jeseni\u010dnik\" decoding=\"async\" loading=\"lazy\" srcset=\"https:\/\/www.podzemljepece.com\/wp-content\/uploads\/2023\/02\/Podzemlje-Pece-kolesarjenje-februar-2017-190-min-scaled.jpg 1704w, https:\/\/www.podzemljepece.com\/wp-content\/uploads\/2023\/02\/Podzemlje-Pece-kolesarjenje-februar-2017-190-min-200x300.jpg 200w, https:\/\/www.podzemljepece.com\/wp-content\/uploads\/2023\/02\/Podzemlje-Pece-kolesarjenje-februar-2017-190-min-682x1024.jpg 682w, https:\/\/www.podzemljepece.com\/wp-content\/uploads\/2023\/02\/Podzemlje-Pece-kolesarjenje-februar-2017-190-min-768x1154.jpg 768w, https:\/\/www.podzemljepece.com\/wp-content\/uploads\/2023\/02\/Podzemlje-Pece-kolesarjenje-februar-2017-190-min-1022x1536.jpg 1022w, https:\/\/www.podzemljepece.com\/wp-content\/uploads\/2023\/02\/Podzemlje-Pece-kolesarjenje-februar-2017-190-min-1363x2048.jpg 1363w\" sizes=\"(max-width: 1704px) 100vw, 1704px\" \/><\/a><\/div><div class='carousel-item'><a   href='https:\/\/www.podzemljepece.com\/wp-content\/uploads\/2023\/02\/Podzemlje-Pece-kolesarjenje-februar-2017-106-min-1024x682.jpg'><img width=\"2560\" height=\"1704\" src=\"https:\/\/www.podzemljepece.com\/wp-content\/uploads\/2023\/02\/Podzemlje-Pece-kolesarjenje-februar-2017-106-min-scaled.jpg\" class=\"attachment-full size-full\" alt=\"\" decoding=\"async\" loading=\"lazy\" srcset=\"https:\/\/www.podzemljepece.com\/wp-content\/uploads\/2023\/02\/Podzemlje-Pece-kolesarjenje-februar-2017-106-min-scaled.jpg 2560w, https:\/\/www.podzemljepece.com\/wp-content\/uploads\/2023\/02\/Podzemlje-Pece-kolesarjenje-februar-2017-106-min-300x200.jpg 300w, https:\/\/www.podzemljepece.com\/wp-content\/uploads\/2023\/02\/Podzemlje-Pece-kolesarjenje-februar-2017-106-min-1024x682.jpg 1024w, https:\/\/www.podzemljepece.com\/wp-content\/uploads\/2023\/02\/Podzemlje-Pece-kolesarjenje-februar-2017-106-min-768x511.jpg 768w, https:\/\/www.podzemljepece.com\/wp-content\/uploads\/2023\/02\/Podzemlje-Pece-kolesarjenje-februar-2017-106-min-1536x1022.jpg 1536w, https:\/\/www.podzemljepece.com\/wp-content\/uploads\/2023\/02\/Podzemlje-Pece-kolesarjenje-februar-2017-106-min-2048x1363.jpg 2048w, https:\/\/www.podzemljepece.com\/wp-content\/uploads\/2023\/02\/Podzemlje-Pece-kolesarjenje-februar-2017-106-min-355x235.jpg 355w\" sizes=\"(max-width: 2560px) 100vw, 2560px\" \/><\/a><\/div>\r\n\t\t<\/div><\/div>\n<\/div><\/div>\r\n<p>[\/vc_column_text][\/vc_column][\/vc_row][vc_row][vc_column][\/vc_column][\/vc_row]<\/p>\r\n","protected":false},"excerpt":{"rendered":"<p>[vc_row][vc_column][vc_raw_html]JTNDaGVhZCUzRSUwQSUzQ2xpbmslMjBocmVmJTNEJTIyaHR0cHMlM0ElMkYlMkZmb250cy5nb29nbGVhcGlzLmNvbSUyRmNzczIlM0ZmYW1pbHklM0RNb250c2VycmF0JTNBd2dodCU0MDUwMCUyNmRpc3BsYXklM0Rzd2FwJTIyJTIwcmVsJTNEJTIyc3R5bGVzaGVldCUyMiUzRSUwQSUzQyUyRmhlYWQlM0UlMEElM0NzdHlsZSUzRSUwQS5ib29raW5nJTIwJTdCJTBBYmFja2dyb3VuZC1jb2xvciUzQSUyM0ZGQ0I0NiUzQiUwQXBhZGRpbmclM0ElMjAxMHB4JTIwMjBweCUzQiUwQWJvcmRlci1yYWRpdXMlM0ElMjA4cHglM0IlMEFib3JkZXItd2lkdGglM0ElMjAwcHglM0IlMEFmb250LWZhbWlseSUzQSUyMFBvcHBpbnMlM0IlMEFmb250LXNpemUlM0ElMjAxNnB4JTNCJTBBJTdEJTBBJTBBLmJvb2tpbmclM0Fob3ZlciUyMCU3QiUwQWJhY2tncm91bmQtY29sb3IlM0ElMjAlMjNGRkI3NEIlM0IlMEElN0QlMEElM0MlMkZzdHlsZSUzRSUwQSUwQSUzQ2J1dHRvbiUyMGNsYXNzJTNEJTIyYm9va2luZyUyMiUyMG9uY2xpY2slM0QlMjJ3aW5kb3cubG9jYXRpb24uaHJlZiUzRCUyN2h0dHBzJTNBJTJGJTJGd3d3LnBvZHplbWxqZXBlY2UuY29tJTJGJTNGcGFnZV9pZCUzRDI3NTYlMjZsYW5nJTNEc2wlMjclMjIlM0UlMEFSZXplcnZpcmFqJTIwemRhaiUzQyUyRmJ1dHRvbiUzRQ==[\/vc_raw_html][vc_column_text]Z gorskimi kolesi navadno u\u017eivamo v gorah, pri nas pa se lahko s kolesom popeljete tudi skozi goro, saj smo na\u0161li prehod po opu\u0161\u010denih in skrivnostnih rudarskih rovih. Z vodnikom, \u010delado in svetilko lahko varno prekolesarite ve\u010d kot pet kilometrov edinstvene podzemne poti iz ene doline v drugo in do\u017eivite nepozabno pustolov\u0161\u010dino. Pot poteka po [&hellip;]<\/p>\n","protected":false},"author":1,"featured_media":0,"parent":0,"menu_order":0,"comment_status":"closed","ping_status":"closed","template":"","meta":{"_uag_custom_page_level_css":"","footnotes":""},"categories":[],"tags":[],"uagb_featured_image_src":{"full":false,"thumbnail":false,"medium":false,"medium_large":false,"large":false,"1536x1536":false,"2048x2048":false,"port3":false,"port3_grayscale":false,"port2":false,"port2_grayscale":false,"port4":false,"blog":false,"alternate_blog":false,"alternate_blog_side":false,"blog_grid":false,"staff":false,"staff_full":false},"uagb_author_info":{"display_name":"admn","author_link":"https:\/\/www.podzemljepece.com\/?author=1"},"uagb_comment_info":0,"uagb_excerpt":"[vc_row][vc_column][vc_raw_html]JTNDaGVhZCUzRSUwQSUzQ2xpbmslMjBocmVmJTNEJTIyaHR0cHMlM0ElMkYlMkZmb250cy5nb29nbGVhcGlzLmNvbSUyRmNzczIlM0ZmYW1pbHklM0RNb250c2VycmF0JTNBd2dodCU0MDUwMCUyNmRpc3BsYXklM0Rzd2FwJTIyJTIwcmVsJTNEJTIyc3R5bGVzaGVldCUyMiUzRSUwQSUzQyUyRmhlYWQlM0UlMEElM0NzdHlsZSUzRSUwQS5ib29raW5nJTIwJTdCJTBBYmFja2dyb3VuZC1jb2xvciUzQSUyM0ZGQ0I0NiUzQiUwQXBhZGRpbmclM0ElMjAxMHB4JTIwMjBweCUzQiUwQWJvcmRlci1yYWRpdXMlM0ElMjA4cHglM0IlMEFib3JkZXItd2lkdGglM0ElMjAwcHglM0IlMEFmb250LWZhbWlseSUzQSUyMFBvcHBpbnMlM0IlMEFmb250LXNpemUlM0ElMjAxNnB4JTNCJTBBJTdEJTBBJTBBLmJvb2tpbmclM0Fob3ZlciUyMCU3QiUwQWJhY2tncm91bmQtY29sb3IlM0ElMjAlMjNGRkI3NEIlM0IlMEElN0QlMEElM0MlMkZzdHlsZSUzRSUwQSUwQSUzQ2J1dHRvbiUyMGNsYXNzJTNEJTIyYm9va2luZyUyMiUyMG9uY2xpY2slM0QlMjJ3aW5kb3cubG9jYXRpb24uaHJlZiUzRCUyN2h0dHBzJTNBJTJGJTJGd3d3LnBvZHplbWxqZXBlY2UuY29tJTJGJTNGcGFnZV9pZCUzRDI3NTYlMjZsYW5nJTNEc2wlMjclMjIlM0UlMEFSZXplcnZpcmFqJTIwemRhaiUzQyUyRmJ1dHRvbiUzRQ==[\/vc_raw_html][vc_column_text]Z gorskimi kolesi navadno u\u017eivamo v gorah, pri nas pa se lahko s kolesom popeljete tudi skozi goro, saj smo na\u0161li prehod po opu\u0161\u010denih in skrivnostnih rudarskih rovih. Z vodnikom, \u010delado in svetilko lahko varno prekolesarite ve\u010d kot pet kilometrov edinstvene podzemne poti iz ene doline v drugo in do\u017eivite nepozabno pustolov\u0161\u010dino. Pot poteka po&hellip;","_links":{"self":[{"href":"https:\/\/www.podzemljepece.com\/index.php?rest_route=\/wp\/v2\/pages\/524"}],"collection":[{"href":"https:\/\/www.podzemljepece.com\/index.php?rest_route=\/wp\/v2\/pages"}],"about":[{"href":"https:\/\/www.podzemljepece.com\/index.php?rest_route=\/wp\/v2\/types\/page"}],"author":[{"embeddable":true,"href":"https:\/\/www.podzemljepece.com\/index.php?rest_route=\/wp\/v2\/users\/1"}],"replies":[{"embeddable":true,"href":"https:\/\/www.podzemljepece.com\/index.php?rest_route=%2Fwp%2Fv2%2Fcomments&post=524"}],"version-history":[{"count":22,"href":"https:\/\/www.podzemljepece.com\/index.php?rest_route=\/wp\/v2\/pages\/524\/revisions"}],"predecessor-version":[{"id":3043,"href":"https:\/\/www.podzemljepece.com\/index.php?rest_route=\/wp\/v2\/pages\/524\/revisions\/3043"}],"wp:attachment":[{"href":"https:\/\/www.podzemljepece.com\/index.php?rest_route=%2Fwp%2Fv2%2Fmedia&parent=524"}],"wp:term":[{"taxonomy":"category","embeddable":true,"href":"https:\/\/www.podzemljepece.com\/index.php?rest_route=%2Fwp%2Fv2%2Fcategories&post=524"},{"taxonomy":"post_tag","embeddable":true,"href":"https:\/\/www.podzemljepece.com\/index.php?rest_route=%2Fwp%2Fv2%2Ftags&post=524"}],"curies":[{"name":"wp","href":"https:\/\/api.w.org\/{rel}","templated":true}]}}