{"id":62,"date":"2021-08-27T10:51:32","date_gmt":"2021-08-27T10:51:32","guid":{"rendered":"http:\/\/new.podzemljepece.com\/?page_id=62"},"modified":"2023-12-05T13:10:27","modified_gmt":"2023-12-05T13:10:27","slug":"o-nas","status":"publish","type":"page","link":"https:\/\/www.podzemljepece.com\/?page_id=62&lang=sl","title":{"rendered":"O podjetju"},"content":{"rendered":"\n<p class=\"has-white-color has-text-color\"><strong>Dru\u017eba Podzemlje Pece, d.o.o.<\/strong> je del skupine TAB d.d.<\/p>\n\n\n\n<p class=\"has-white-color has-text-color\"><\/p>\n\n\n\n<p class=\"has-white-color has-text-color\"><strong>Naziv:<\/strong>&nbsp;Podzemlje Pece, Podjetje za razvoj turisti\u010dne in muzejske dejavnosti, d.o.o.<br><strong>Naslov:&nbsp;<\/strong>Glan\u010dnik 8, 2392 ME\u017dICA<br><strong>Telefon:<\/strong>&nbsp;00 386 (2) 870 01 80<br><strong>Spletna stran:<\/strong>&nbsp;www.podzemljepece.com<br><strong>Ustanovitelj:<\/strong>&nbsp;Gradbeni materiali d.o.o., ki je v lasti dru\u017ebe TAB d.d.<br><strong>Osnovni kapital:<\/strong>&nbsp;400.395 EUR<\/p>\n\n\n\n<p class=\"has-black-color has-text-color\"><strong>\u0160ifra glavne dejavnosti podjetja:<\/strong><\/p>\n\n\n\n<p class=\"has-white-color has-text-color\">91.020 Dejavnost muzejev<br>91.030 Varstvo kulturne dedi\u0161\u010dine<\/p>\n\n\n\n<p class=\"has-white-color has-text-color\"><strong>Odgovorna oseba:<\/strong>&nbsp;direktorica dr. Darja Komar, uni. dipl. in\u017e. geol.<\/p>\n\n\n\n<p class=\"has-white-color has-text-color\">Rudnik svinca in cinka Me\u017eica je bil eden zadnjih svin\u010devo \u2013 cinkovih rudnikov v Evropi, ki je konec dvajsetega stoletja \u0161e deloval. V svojem ve\u010d kot tristoletnem delovanju je skozi stoletja dajal kruh \u0161tevilnim dru\u017einam, mo\u010dno pa je vplival na \u017eivljenje izven rudnika na obmo\u010dju Me\u017ei\u0161ke doline. Po zaprtju rudnika je ostala bogata tehni\u0161ka, kulturna in naravna dedi\u0161\u010dina. Ob mo\u010dni lokalni iniciativi in \u017eelji zaposlenih, da se ta dedi\u0161\u010dina ohrani, je dru\u017eba RSC Me\u017eica v zapiranju d.o.o. med projekte zapiranja uvrstila tudi rudarski projekt \u00bbZavarovanje delov rudi\u0161\u010d Me\u017eica za namene ohranitve naravne, tehni\u010dne in kulturne dedi\u0161\u010dine\u00ab. V projektu je bilo opredeljeno obmo\u010dje v rudniku, ki ostane odprto \u0161e po dokon\u010dnem zaprtju rudnika in bo slu\u017eilo v turisti\u010dne, izobra\u017eevalne, raziskovalne in \u0161tudijske namene.<br>Poslanstvo dru\u017ebe je ohraniti bogato tehni\u010dno, naravno in kulturno dedi\u0161\u010dina rudarstva, ter jo nadgraditi pri razvoju drugih dejavnosti: turizma, obrti in podjetni\u0161tva.<\/p>\n\n\n\n<p class=\"has-white-color has-text-color\">Vizija dru\u017ebe je biti uspe\u0161no turisti\u010dno muzejsko podjetje, ki ohranja bogastvo izredne preteklosti (zgodovinsko znanje, oprema, prostori) na osnovi katere razvija inovativne turisti\u010dne produkte.\u2003<\/p>\n\n\n\n<p class=\"has-white-color has-text-color\">Turisti\u010dni rudnik in muzej je za obiskovalce odprt od leta 1997, ko se je za javnost odprl del urejenega kompleksa v rudniku in del muzeja na Glan\u010dniku. Kasneje pa so se dodajale vedno nove vsebine. Do konca leta 2021 ga je obiskalo okoli 380.000 turistov, od tega s kolesi 48.000 s kajakom pa 14.000.<br><br>Z letnim obiskom do 20.000 obiskovalcev se uvr\u0161\u010damo med najbolj obiskane turisti\u010dne destinacije na Koro\u0161kem.<br><br>V petindvajsetih letih delovanja smo vzpostavili \u0161tevilne povezave s turisti\u010dnimi rudniki in muzeji v Sloveniji, Avstriji in Italiji, kakor tudi med strokovnimi institucijam, turisti\u010dnimi ponudniki, izobra\u017eevalnimi institucijami in drugimi. Sodelovali smo pri \u0161tevilnih doma\u010dih in mednarodnih projektih. Bili smo pobudnik ustanovitve \u010dezmejnega Geoparka Karavanke\/Karawanken, ki je \u010dlan EGN in GGN od leta 2013. Od leta 2015 pa UNESCO Globalni Geopark.<br><\/p>\n\n\n\n<p class=\"has-white-color has-text-color\">V letih delovanja smo prejeli tudi \u0161tevilna priznanja in sicer:<\/p>\n\n\n\n<ul>\n<li>Srebrnega sejalca za inovativni produkt leta 2004, ki ga podeljuje Slovenska turisti\u010dna organizacija.<\/li>\n\n\n\n<li>Bili smo nominirani za Evropski muzej leta 2007.<\/li>\n\n\n\n<li>Finalisti za naziv Evropske destinacije odli\u010dnosti \u2013 EDEN 2011.<\/li>\n\n\n\n<li>Zlati grb ob\u010dine Me\u017eica leta 2012.<\/li>\n\n\n\n<li>Finalisti za Sejalca 2013, za produkt s kajakom v podzemlje Pece.<\/li>\n\n\n\n<li>Posebno priznanje Gospodarskega razstavi\u0161\u010da za inovativne produkte, leta 2013.<\/li>\n\n\n\n<li>Nagrada za finalista za NAJ POHODNO POT, ki jo podeljuje Turisti\u010dna zveza Slovenije, leta 2016.<\/li>\n\n\n\n<li>Naziv Slovenian unique experiences \u2013 5* do\u017eivetje za Ogled s kajakom, ki ga podeljuje Slovenska turisti\u010dna organizacija, leta 2018.<\/li>\n\n\n\n<li>Priznanje Centra \u0161olskih in ob\u0161olskih dejavnosti, ob 20. letnici delovanja, za dobro sodelovanje.<\/li>\n\n\n\n<li>Leta 2017 je Delovna skupnost Geopark Karavanke je prejela nagrado Jakob 2017 za projekt na temo \u00bbInovativni turisti\u010dni programi za aktivni dopust v naravnem okolju\u00ab med katerimi je tudi ponudba podzemlja Pece.<\/li>\n\n\n\n<li>Naziv Slovenian unique experiences \u2013 5* do\u017eivetje za Black hole trail oziroma Adrenalinski gorsko-kolesarski spust \u010crna luknja, ki ga podeljuje Slovenska turisti\u010dna organizacija, leta 2023.<\/li>\n\n\n\n<li>Finalisti za nagrado Sejalec 2023 za produkt Black hole trail oziroma Adrenalinski gorsko-kolesarski spust \u010crna luknja.<\/li>\n<\/ul>\n\n\n\n<p><\/p>\n","protected":false},"excerpt":{"rendered":"<p>Dru\u017eba Podzemlje Pece, d.o.o. je del skupine TAB d.d. Naziv:&nbsp;Podzemlje Pece, Podjetje za razvoj turisti\u010dne in muzejske dejavnosti, d.o.o.Naslov:&nbsp;Glan\u010dnik 8, 2392 ME\u017dICATelefon:&nbsp;00 386 (2) 870 01 80Spletna stran:&nbsp;www.podzemljepece.comUstanovitelj:&nbsp;Gradbeni materiali d.o.o., ki je v lasti dru\u017ebe TAB d.d.Osnovni kapital:&nbsp;400.395 EUR \u0160ifra glavne dejavnosti podjetja: 91.020 Dejavnost muzejev91.030 Varstvo kulturne dedi\u0161\u010dine Odgovorna oseba:&nbsp;direktorica dr. Darja Komar, uni. [&hellip;]<\/p>\n","protected":false},"author":1,"featured_media":14,"parent":0,"menu_order":0,"comment_status":"closed","ping_status":"closed","template":"","meta":{"_uag_custom_page_level_css":"","footnotes":""},"categories":[],"tags":[],"uagb_featured_image_src":{"full":["https:\/\/www.podzemljepece.com\/wp-content\/uploads\/2021\/07\/Razveseli-me-vid-Podzemlje-Pece-image.png",802,300,false],"thumbnail":["https:\/\/www.podzemljepece.com\/wp-content\/uploads\/2021\/07\/Razveseli-me-vid-Podzemlje-Pece-image-150x150.png",150,150,true],"medium":["https:\/\/www.podzemljepece.com\/wp-content\/uploads\/2021\/07\/Razveseli-me-vid-Podzemlje-Pece-image-300x112.png",300,112,true],"medium_large":["https:\/\/www.podzemljepece.com\/wp-content\/uploads\/2021\/07\/Razveseli-me-vid-Podzemlje-Pece-image-768x287.png",768,287,true],"large":["https:\/\/www.podzemljepece.com\/wp-content\/uploads\/2021\/07\/Razveseli-me-vid-Podzemlje-Pece-image.png",802,300,false],"1536x1536":["https:\/\/www.podzemljepece.com\/wp-content\/uploads\/2021\/07\/Razveseli-me-vid-Podzemlje-Pece-image.png",802,300,false],"2048x2048":["https:\/\/www.podzemljepece.com\/wp-content\/uploads\/2021\/07\/Razveseli-me-vid-Podzemlje-Pece-image.png",802,300,false],"port3":["https:\/\/www.podzemljepece.com\/wp-content\/uploads\/2021\/07\/Razveseli-me-vid-Podzemlje-Pece-image-600x300.png",600,300,true],"port3_grayscale":["https:\/\/www.podzemljepece.com\/wp-content\/uploads\/2021\/07\/Razveseli-me-vid-Podzemlje-Pece-image-627x300.png",627,300,true],"port2":["https:\/\/www.podzemljepece.com\/wp-content\/uploads\/2021\/07\/Razveseli-me-vid-Podzemlje-Pece-image-460x275.png",460,275,true],"port2_grayscale":["https:\/\/www.podzemljepece.com\/wp-content\/uploads\/2021\/07\/Razveseli-me-vid-Podzemlje-Pece-image.png",802,300,false],"port4":["https:\/\/www.podzemljepece.com\/wp-content\/uploads\/2021\/07\/Razveseli-me-vid-Podzemlje-Pece-image-600x300.png",600,300,true],"blog":["https:\/\/www.podzemljepece.com\/wp-content\/uploads\/2021\/07\/Razveseli-me-vid-Podzemlje-Pece-image.png",802,300,false],"alternate_blog":["https:\/\/www.podzemljepece.com\/wp-content\/uploads\/2021\/07\/Razveseli-me-vid-Podzemlje-Pece-image-440x195.png",440,195,true],"alternate_blog_side":["https:\/\/www.podzemljepece.com\/wp-content\/uploads\/2021\/07\/Razveseli-me-vid-Podzemlje-Pece-image-355x235.png",355,235,true],"blog_grid":["https:\/\/www.podzemljepece.com\/wp-content\/uploads\/2021\/07\/Razveseli-me-vid-Podzemlje-Pece-image-350x300.png",350,300,true],"staff":["https:\/\/www.podzemljepece.com\/wp-content\/uploads\/2021\/07\/Razveseli-me-vid-Podzemlje-Pece-image-400x270.png",400,270,true],"staff_full":["https:\/\/www.podzemljepece.com\/wp-content\/uploads\/2021\/07\/Razveseli-me-vid-Podzemlje-Pece-image-500x300.png",500,300,true]},"uagb_author_info":{"display_name":"admn","author_link":"https:\/\/www.podzemljepece.com\/?author=1"},"uagb_comment_info":0,"uagb_excerpt":"Dru\u017eba Podzemlje Pece, d.o.o. je del skupine TAB d.d. Naziv:&nbsp;Podzemlje Pece, Podjetje za razvoj turisti\u010dne in muzejske dejavnosti, d.o.o.Naslov:&nbsp;Glan\u010dnik 8, 2392 ME\u017dICATelefon:&nbsp;00 386 (2) 870 01 80Spletna stran:&nbsp;www.podzemljepece.comUstanovitelj:&nbsp;Gradbeni materiali d.o.o., ki je v lasti dru\u017ebe TAB d.d.Osnovni kapital:&nbsp;400.395 EUR \u0160ifra glavne dejavnosti podjetja: 91.020 Dejavnost muzejev91.030 Varstvo kulturne dedi\u0161\u010dine Odgovorna oseba:&nbsp;direktorica dr. Darja Komar, uni.&hellip;","_links":{"self":[{"href":"https:\/\/www.podzemljepece.com\/index.php?rest_route=\/wp\/v2\/pages\/62"}],"collection":[{"href":"https:\/\/www.podzemljepece.com\/index.php?rest_route=\/wp\/v2\/pages"}],"about":[{"href":"https:\/\/www.podzemljepece.com\/index.php?rest_route=\/wp\/v2\/types\/page"}],"author":[{"embeddable":true,"href":"https:\/\/www.podzemljepece.com\/index.php?rest_route=\/wp\/v2\/users\/1"}],"replies":[{"embeddable":true,"href":"https:\/\/www.podzemljepece.com\/index.php?rest_route=%2Fwp%2Fv2%2Fcomments&post=62"}],"version-history":[{"count":23,"href":"https:\/\/www.podzemljepece.com\/index.php?rest_route=\/wp\/v2\/pages\/62\/revisions"}],"predecessor-version":[{"id":2176,"href":"https:\/\/www.podzemljepece.com\/index.php?rest_route=\/wp\/v2\/pages\/62\/revisions\/2176"}],"wp:featuredmedia":[{"embeddable":true,"href":"https:\/\/www.podzemljepece.com\/index.php?rest_route=\/wp\/v2\/media\/14"}],"wp:attachment":[{"href":"https:\/\/www.podzemljepece.com\/index.php?rest_route=%2Fwp%2Fv2%2Fmedia&parent=62"}],"wp:term":[{"taxonomy":"category","embeddable":true,"href":"https:\/\/www.podzemljepece.com\/index.php?rest_route=%2Fwp%2Fv2%2Fcategories&post=62"},{"taxonomy":"post_tag","embeddable":true,"href":"https:\/\/www.podzemljepece.com\/index.php?rest_route=%2Fwp%2Fv2%2Ftags&post=62"}],"curies":[{"name":"wp","href":"https:\/\/api.w.org\/{rel}","templated":true}]}}