{"id":628,"date":"2023-01-27T16:56:30","date_gmt":"2023-01-27T16:56:30","guid":{"rendered":"http:\/\/new.podzemljepece.com\/?page_id=628"},"modified":"2024-10-03T08:33:45","modified_gmt":"2024-10-03T08:33:45","slug":"dozivljajski-park","status":"publish","type":"page","link":"https:\/\/www.podzemljepece.com\/?page_id=628&lang=sl","title":{"rendered":"DO\u017dIVLJAJSKI PARK"},"content":{"rendered":"\n<p class=\"has-white-color has-text-color\">Pred informacijskim centrom Karavanke UNESCO Globalnega Geoparka&nbsp; je urejen do\u017eivljajski park, ki obiskovalce popelje milijone let nazaj v \u010das dinozavrov in stoletja nazaj v \u010das kralja Matja\u017ea. Poslikava akademske slikarke Barbare Jurkov\u0161ek pripoveduje o tem, kako je izgledalo na\u0161e okolje dvesto milijonov let nazaj. Takrat je tu valovalo morje v katerem so \u017eiveli ihtiozavri in \u0161tevilni drugi organizmi, kar dokazuje ohranjeno vretence ihtiozavra, najdeno v rudniku. Le-tega si je danes mogo\u010de ogledati v muzeju.<\/p>\n\n\n\n<p class=\"has-white-color has-text-color\">V do\u017eivljajskem parku so na ogled dinozavri, ki so dvesto milijonov let nazaj poseljevali na\u0161 planet, raznolike kamnine pa prikazujejo geolo\u0161ko pestrost Karavanke UNESCO Globalnega Geoparka.<\/p>\n\n\n\n<p class=\"has-white-color has-text-color\">Labirint kralja Matja\u017ea daje z zanimivimi pripovedmi in lepimi ilustracijami znanih slovenskih avtorjev odgovor na vpra\u0161anje: \u00bbKdo je bil kralj Matja\u017e?\u00ab, plezalne sposobnosti pa je mogo\u010de preizkusiti na plezalni steni v obliki minerala kalcita, ki ga najdemo v na\u0161ih rudnikih.<\/p>\n\n\n\n<p>V ni\u0161ah v opornem zidu dovozne ceste so predstavljeni najpomembnej\u0161i geolo\u0161ki dogodki v zgodovini Geoparka Karavanke, ko so nastale izjemne kamnine, minerali, rude in fosili. Ker pa je geolo\u0161ka zgradba in pestro tektonsko dogajanje vplivalo tudi na nastanek razli\u010dnih \u017eivljenjskih prostorov rastlin in \u017eivali, ter na \u017eivljenje ljudi, je v ni\u0161ah predstavljen \u0161e pester \u017eivi svet ter tradicija obmo\u010dja. Med ni\u0161ami so zanimivim dogodkom iz Geoparka Karavanke dodani tudi geo-dogodki iz zgodovine Zemlje.<\/p>\n\n\n\n<div class=\"wp-block-group uag-hide-mob is-layout-flow wp-block-group-is-layout-flow\"><div class=\"wp-block-group__inner-container\"><!-- Carousel Style & Script for  gallery-69e796fa856a3 -->\r\n\r\n<script type=\"text\/javascript\">\r\n\/\/ <![CDATA[\r\n\/* START --- Image Carousel --- *\/\r\n\r\njQuery(document).ready(function($) {\r\n\r\n    \r\n    $('.ghozylab-gallery img').each(function(i) {\r\n\r\n        $alt = $(this).attr('alt');\r\n\r\n        \/\/ Replace default title to more fancy :)\r\n        $(this).attr('alt', $alt.replace(\/-|_\/g, ' '));\r\n\r\n        $altnew = $(this).attr('alt').toLowerCase().replace(\/\\b[a-z]\/g, function(letter) {\r\n\r\n            return letter.toUpperCase();\r\n\r\n        });\r\n\r\n        $(this).attr('alt', $altnew);\r\n        \/\/ Compatibility with Zoom Lite Theme Image LazyLoad\r\n        $(this).removeAttr('data-lazy-src');\r\n\r\n    });\r\n\r\n    \r\n    $('#icppreloader-gallery-69e796fa856a3').fadeOut(300, function() {\r\n        $('#gallery-69e796fa856a3').fadeIn(300);\r\n        var slider69e796fa856a3 = $('#gallery-69e796fa856a3').bxSlider({\r\n            auto: true,\r\n            pause: 9000,\r\n            autoHover: true,\r\n            moveSlides: 3,\r\n            minSlides: 3,\r\n            maxSlides: 3,\r\n            slideWidth: 500,\r\n            slideMargin: 10,\r\n            startSlide: 0,\r\n            infiniteLoop: true,\r\n            captions: true,\r\n            captionsMode: 'alt',\r\n            adaptiveHeight: true,\r\n            useCSS: false,\r\n            pager: true,\r\n            easing: 'easeOutSine',\r\n            speed: 2500,\r\n            preloadImages: 'all',\r\n            onSlideBefore: function() {\r\n                                $('#gallery-69e796fa856a3 .bx-caption').slideUp();\r\n                            },\r\n            onSlideAfter: function($slideElement, oldIndex, newIndex) {\r\n                                slider69e796fa856a3.stopAuto();\r\n                slider69e796fa856a3.startAuto();\r\n                                $('#gallery-69e796fa856a3 .bx-caption').slideDown();\r\n                            }\r\n        });\r\n\r\n    });\r\n});\r\n\r\n\/* END --- Image Carousel --- *\/\r\n\r\n\/\/ ]]>\r\n<\/script>\r\n\r\n<style type=\"text\/css\">\r\n.markup-gallery-69e796fa856a3 .carousel-item img {width: 100%;margin: 0 auto;border:none !important;border-radius: 0px !important;box-shadow:none !important;}.markup-gallery-69e796fa856a3 .bx-controls-direction a {display: none;}.markup-gallery-69e796fa856a3 .bx-wrapper:hover .bx-controls-direction a {display: block;}.markup-gallery-69e796fa856a3 .bx-controls-direction a { display: block !important;}1<\/style>\r\n\r\n\n\t\t<div id='icppreloader-gallery-69e796fa856a3' class='icpsliderpreloader'><\/div><div class='markup-gallery-69e796fa856a3'><div style='display:none;' id='gallery-69e796fa856a3' class='ghozylab-gallery galleryid-628 gallery-size-full'><div class='carousel-item'><a   href='https:\/\/www.podzemljepece.com\/wp-content\/uploads\/2023\/03\/Podzemlje-Pece-tematski-park-2014-14--1024x681.jpg'><img width=\"2560\" height=\"1703\" src=\"https:\/\/www.podzemljepece.com\/wp-content\/uploads\/2023\/03\/Podzemlje-Pece-tematski-park-2014-14--scaled.jpg\" class=\"attachment-full size-full\" alt=\"\" decoding=\"async\" loading=\"lazy\" srcset=\"https:\/\/www.podzemljepece.com\/wp-content\/uploads\/2023\/03\/Podzemlje-Pece-tematski-park-2014-14--scaled.jpg 2560w, https:\/\/www.podzemljepece.com\/wp-content\/uploads\/2023\/03\/Podzemlje-Pece-tematski-park-2014-14--300x200.jpg 300w, https:\/\/www.podzemljepece.com\/wp-content\/uploads\/2023\/03\/Podzemlje-Pece-tematski-park-2014-14--1024x681.jpg 1024w, https:\/\/www.podzemljepece.com\/wp-content\/uploads\/2023\/03\/Podzemlje-Pece-tematski-park-2014-14--768x511.jpg 768w, https:\/\/www.podzemljepece.com\/wp-content\/uploads\/2023\/03\/Podzemlje-Pece-tematski-park-2014-14--1536x1022.jpg 1536w, https:\/\/www.podzemljepece.com\/wp-content\/uploads\/2023\/03\/Podzemlje-Pece-tematski-park-2014-14--2048x1363.jpg 2048w, https:\/\/www.podzemljepece.com\/wp-content\/uploads\/2023\/03\/Podzemlje-Pece-tematski-park-2014-14--355x235.jpg 355w\" sizes=\"(max-width: 2560px) 100vw, 2560px\" \/><\/a><\/div><div class='carousel-item'><a   href='https:\/\/www.podzemljepece.com\/wp-content\/uploads\/2023\/03\/Podzemlje-Pece-tematski-park-2014-32--1024x681.jpg'><img width=\"2560\" height=\"1703\" src=\"https:\/\/www.podzemljepece.com\/wp-content\/uploads\/2023\/03\/Podzemlje-Pece-tematski-park-2014-32--scaled.jpg\" class=\"attachment-full size-full\" alt=\"\" decoding=\"async\" loading=\"lazy\" srcset=\"https:\/\/www.podzemljepece.com\/wp-content\/uploads\/2023\/03\/Podzemlje-Pece-tematski-park-2014-32--scaled.jpg 2560w, https:\/\/www.podzemljepece.com\/wp-content\/uploads\/2023\/03\/Podzemlje-Pece-tematski-park-2014-32--300x200.jpg 300w, https:\/\/www.podzemljepece.com\/wp-content\/uploads\/2023\/03\/Podzemlje-Pece-tematski-park-2014-32--1024x681.jpg 1024w, https:\/\/www.podzemljepece.com\/wp-content\/uploads\/2023\/03\/Podzemlje-Pece-tematski-park-2014-32--768x511.jpg 768w, https:\/\/www.podzemljepece.com\/wp-content\/uploads\/2023\/03\/Podzemlje-Pece-tematski-park-2014-32--1536x1022.jpg 1536w, https:\/\/www.podzemljepece.com\/wp-content\/uploads\/2023\/03\/Podzemlje-Pece-tematski-park-2014-32--2048x1363.jpg 2048w, https:\/\/www.podzemljepece.com\/wp-content\/uploads\/2023\/03\/Podzemlje-Pece-tematski-park-2014-32--355x235.jpg 355w\" sizes=\"(max-width: 2560px) 100vw, 2560px\" \/><\/a><\/div><div class='carousel-item'><a   href='https:\/\/www.podzemljepece.com\/wp-content\/uploads\/2023\/03\/Podzemlje-Pece-tematski-park-2014-40--1024x681.jpg'><img width=\"2560\" height=\"1703\" src=\"https:\/\/www.podzemljepece.com\/wp-content\/uploads\/2023\/03\/Podzemlje-Pece-tematski-park-2014-40--scaled.jpg\" class=\"attachment-full size-full\" alt=\"\" decoding=\"async\" loading=\"lazy\" srcset=\"https:\/\/www.podzemljepece.com\/wp-content\/uploads\/2023\/03\/Podzemlje-Pece-tematski-park-2014-40--scaled.jpg 2560w, https:\/\/www.podzemljepece.com\/wp-content\/uploads\/2023\/03\/Podzemlje-Pece-tematski-park-2014-40--300x200.jpg 300w, https:\/\/www.podzemljepece.com\/wp-content\/uploads\/2023\/03\/Podzemlje-Pece-tematski-park-2014-40--1024x681.jpg 1024w, https:\/\/www.podzemljepece.com\/wp-content\/uploads\/2023\/03\/Podzemlje-Pece-tematski-park-2014-40--768x511.jpg 768w, https:\/\/www.podzemljepece.com\/wp-content\/uploads\/2023\/03\/Podzemlje-Pece-tematski-park-2014-40--1536x1022.jpg 1536w, https:\/\/www.podzemljepece.com\/wp-content\/uploads\/2023\/03\/Podzemlje-Pece-tematski-park-2014-40--2048x1363.jpg 2048w, https:\/\/www.podzemljepece.com\/wp-content\/uploads\/2023\/03\/Podzemlje-Pece-tematski-park-2014-40--355x235.jpg 355w\" sizes=\"(max-width: 2560px) 100vw, 2560px\" \/><\/a><\/div><div class='carousel-item'><a   href='https:\/\/www.podzemljepece.com\/wp-content\/uploads\/2023\/03\/Podzemlje-Pece-tematski-park-2014-1024x681.jpg'><img width=\"2560\" height=\"1703\" src=\"https:\/\/www.podzemljepece.com\/wp-content\/uploads\/2023\/03\/Podzemlje-Pece-tematski-park-2014-scaled.jpg\" class=\"attachment-full size-full\" alt=\"\" decoding=\"async\" loading=\"lazy\" srcset=\"https:\/\/www.podzemljepece.com\/wp-content\/uploads\/2023\/03\/Podzemlje-Pece-tematski-park-2014-scaled.jpg 2560w, https:\/\/www.podzemljepece.com\/wp-content\/uploads\/2023\/03\/Podzemlje-Pece-tematski-park-2014-300x200.jpg 300w, https:\/\/www.podzemljepece.com\/wp-content\/uploads\/2023\/03\/Podzemlje-Pece-tematski-park-2014-1024x681.jpg 1024w, https:\/\/www.podzemljepece.com\/wp-content\/uploads\/2023\/03\/Podzemlje-Pece-tematski-park-2014-768x511.jpg 768w, https:\/\/www.podzemljepece.com\/wp-content\/uploads\/2023\/03\/Podzemlje-Pece-tematski-park-2014-1536x1022.jpg 1536w, https:\/\/www.podzemljepece.com\/wp-content\/uploads\/2023\/03\/Podzemlje-Pece-tematski-park-2014-2048x1363.jpg 2048w, https:\/\/www.podzemljepece.com\/wp-content\/uploads\/2023\/03\/Podzemlje-Pece-tematski-park-2014-355x235.jpg 355w\" sizes=\"(max-width: 2560px) 100vw, 2560px\" \/><\/a><\/div>\r\n\t\t<\/div><\/div>\n<\/div><\/div>\n\n\n\n<div class=\"wp-block-group uag-hide-desktop uag-hide-tab is-layout-flow wp-block-group-is-layout-flow\"><div class=\"wp-block-group__inner-container\"><!-- Carousel Style & Script for  gallery-69e796fa8867a -->\r\n\r\n<script type=\"text\/javascript\">\r\n\/\/ <![CDATA[\r\n\/* START --- Image Carousel --- *\/\r\n\r\njQuery(document).ready(function($) {\r\n\r\n    \r\n    $('.ghozylab-gallery img').each(function(i) {\r\n\r\n        $alt = $(this).attr('alt');\r\n\r\n        \/\/ Replace default title to more fancy :)\r\n        $(this).attr('alt', $alt.replace(\/-|_\/g, ' '));\r\n\r\n        $altnew = $(this).attr('alt').toLowerCase().replace(\/\\b[a-z]\/g, function(letter) {\r\n\r\n            return letter.toUpperCase();\r\n\r\n        });\r\n\r\n        $(this).attr('alt', $altnew);\r\n        \/\/ Compatibility with Zoom Lite Theme Image LazyLoad\r\n        $(this).removeAttr('data-lazy-src');\r\n\r\n    });\r\n\r\n    \r\n    $('#icppreloader-gallery-69e796fa8867a').fadeOut(300, function() {\r\n        $('#gallery-69e796fa8867a').fadeIn(300);\r\n        var slider69e796fa8867a = $('#gallery-69e796fa8867a').bxSlider({\r\n            auto: true,\r\n            pause: 9000,\r\n            autoHover: true,\r\n            moveSlides: 1,\r\n            minSlides: 1,\r\n            maxSlides: 1,\r\n            slideWidth: 500,\r\n            slideMargin: 10,\r\n            startSlide: 0,\r\n            infiniteLoop: true,\r\n            captions: true,\r\n            captionsMode: 'alt',\r\n            adaptiveHeight: true,\r\n            useCSS: false,\r\n            pager: true,\r\n            easing: 'easeOutSine',\r\n            speed: 2500,\r\n            preloadImages: 'all',\r\n            onSlideBefore: function() {\r\n                                $('#gallery-69e796fa8867a .bx-caption').slideUp();\r\n                            },\r\n            onSlideAfter: function($slideElement, oldIndex, newIndex) {\r\n                                slider69e796fa8867a.stopAuto();\r\n                slider69e796fa8867a.startAuto();\r\n                                $('#gallery-69e796fa8867a .bx-caption').slideDown();\r\n                            }\r\n        });\r\n\r\n    });\r\n});\r\n\r\n\/* END --- Image Carousel --- *\/\r\n\r\n\/\/ ]]>\r\n<\/script>\r\n\r\n<style type=\"text\/css\">\r\n.markup-gallery-69e796fa8867a .carousel-item img {width: 100%;margin: 0 auto;border:none !important;border-radius: 0px !important;box-shadow:none !important;}.markup-gallery-69e796fa8867a .bx-controls-direction a {display: none;}.markup-gallery-69e796fa8867a .bx-wrapper:hover .bx-controls-direction a {display: block;}.markup-gallery-69e796fa8867a .bx-controls-direction a { display: block !important;}1<\/style>\r\n\r\n\n\t\t<div id='icppreloader-gallery-69e796fa8867a' class='icpsliderpreloader'><\/div><div class='markup-gallery-69e796fa8867a'><div style='display:none;' id='gallery-69e796fa8867a' class='ghozylab-gallery galleryid-628 gallery-size-full'><div class='carousel-item'><a   href='https:\/\/www.podzemljepece.com\/wp-content\/uploads\/2023\/03\/Podzemlje-Pece-tematski-park-2014-14--1024x681.jpg'><img width=\"2560\" height=\"1703\" src=\"https:\/\/www.podzemljepece.com\/wp-content\/uploads\/2023\/03\/Podzemlje-Pece-tematski-park-2014-14--scaled.jpg\" class=\"attachment-full size-full\" alt=\"\" decoding=\"async\" loading=\"lazy\" srcset=\"https:\/\/www.podzemljepece.com\/wp-content\/uploads\/2023\/03\/Podzemlje-Pece-tematski-park-2014-14--scaled.jpg 2560w, https:\/\/www.podzemljepece.com\/wp-content\/uploads\/2023\/03\/Podzemlje-Pece-tematski-park-2014-14--300x200.jpg 300w, https:\/\/www.podzemljepece.com\/wp-content\/uploads\/2023\/03\/Podzemlje-Pece-tematski-park-2014-14--1024x681.jpg 1024w, https:\/\/www.podzemljepece.com\/wp-content\/uploads\/2023\/03\/Podzemlje-Pece-tematski-park-2014-14--768x511.jpg 768w, https:\/\/www.podzemljepece.com\/wp-content\/uploads\/2023\/03\/Podzemlje-Pece-tematski-park-2014-14--1536x1022.jpg 1536w, https:\/\/www.podzemljepece.com\/wp-content\/uploads\/2023\/03\/Podzemlje-Pece-tematski-park-2014-14--2048x1363.jpg 2048w, https:\/\/www.podzemljepece.com\/wp-content\/uploads\/2023\/03\/Podzemlje-Pece-tematski-park-2014-14--355x235.jpg 355w\" sizes=\"(max-width: 2560px) 100vw, 2560px\" \/><\/a><\/div><div class='carousel-item'><a   href='https:\/\/www.podzemljepece.com\/wp-content\/uploads\/2023\/03\/Podzemlje-Pece-tematski-park-2014-32--1024x681.jpg'><img width=\"2560\" height=\"1703\" src=\"https:\/\/www.podzemljepece.com\/wp-content\/uploads\/2023\/03\/Podzemlje-Pece-tematski-park-2014-32--scaled.jpg\" class=\"attachment-full size-full\" alt=\"\" decoding=\"async\" loading=\"lazy\" srcset=\"https:\/\/www.podzemljepece.com\/wp-content\/uploads\/2023\/03\/Podzemlje-Pece-tematski-park-2014-32--scaled.jpg 2560w, https:\/\/www.podzemljepece.com\/wp-content\/uploads\/2023\/03\/Podzemlje-Pece-tematski-park-2014-32--300x200.jpg 300w, https:\/\/www.podzemljepece.com\/wp-content\/uploads\/2023\/03\/Podzemlje-Pece-tematski-park-2014-32--1024x681.jpg 1024w, https:\/\/www.podzemljepece.com\/wp-content\/uploads\/2023\/03\/Podzemlje-Pece-tematski-park-2014-32--768x511.jpg 768w, https:\/\/www.podzemljepece.com\/wp-content\/uploads\/2023\/03\/Podzemlje-Pece-tematski-park-2014-32--1536x1022.jpg 1536w, https:\/\/www.podzemljepece.com\/wp-content\/uploads\/2023\/03\/Podzemlje-Pece-tematski-park-2014-32--2048x1363.jpg 2048w, https:\/\/www.podzemljepece.com\/wp-content\/uploads\/2023\/03\/Podzemlje-Pece-tematski-park-2014-32--355x235.jpg 355w\" sizes=\"(max-width: 2560px) 100vw, 2560px\" \/><\/a><\/div><div class='carousel-item'><a   href='https:\/\/www.podzemljepece.com\/wp-content\/uploads\/2023\/03\/Podzemlje-Pece-tematski-park-2014-40--1024x681.jpg'><img width=\"2560\" height=\"1703\" src=\"https:\/\/www.podzemljepece.com\/wp-content\/uploads\/2023\/03\/Podzemlje-Pece-tematski-park-2014-40--scaled.jpg\" class=\"attachment-full size-full\" alt=\"\" decoding=\"async\" loading=\"lazy\" srcset=\"https:\/\/www.podzemljepece.com\/wp-content\/uploads\/2023\/03\/Podzemlje-Pece-tematski-park-2014-40--scaled.jpg 2560w, https:\/\/www.podzemljepece.com\/wp-content\/uploads\/2023\/03\/Podzemlje-Pece-tematski-park-2014-40--300x200.jpg 300w, https:\/\/www.podzemljepece.com\/wp-content\/uploads\/2023\/03\/Podzemlje-Pece-tematski-park-2014-40--1024x681.jpg 1024w, https:\/\/www.podzemljepece.com\/wp-content\/uploads\/2023\/03\/Podzemlje-Pece-tematski-park-2014-40--768x511.jpg 768w, https:\/\/www.podzemljepece.com\/wp-content\/uploads\/2023\/03\/Podzemlje-Pece-tematski-park-2014-40--1536x1022.jpg 1536w, https:\/\/www.podzemljepece.com\/wp-content\/uploads\/2023\/03\/Podzemlje-Pece-tematski-park-2014-40--2048x1363.jpg 2048w, https:\/\/www.podzemljepece.com\/wp-content\/uploads\/2023\/03\/Podzemlje-Pece-tematski-park-2014-40--355x235.jpg 355w\" sizes=\"(max-width: 2560px) 100vw, 2560px\" \/><\/a><\/div><div class='carousel-item'><a   href='https:\/\/www.podzemljepece.com\/wp-content\/uploads\/2023\/03\/Podzemlje-Pece-tematski-park-2014-1024x681.jpg'><img width=\"2560\" height=\"1703\" src=\"https:\/\/www.podzemljepece.com\/wp-content\/uploads\/2023\/03\/Podzemlje-Pece-tematski-park-2014-scaled.jpg\" class=\"attachment-full size-full\" alt=\"\" decoding=\"async\" loading=\"lazy\" srcset=\"https:\/\/www.podzemljepece.com\/wp-content\/uploads\/2023\/03\/Podzemlje-Pece-tematski-park-2014-scaled.jpg 2560w, https:\/\/www.podzemljepece.com\/wp-content\/uploads\/2023\/03\/Podzemlje-Pece-tematski-park-2014-300x200.jpg 300w, https:\/\/www.podzemljepece.com\/wp-content\/uploads\/2023\/03\/Podzemlje-Pece-tematski-park-2014-1024x681.jpg 1024w, https:\/\/www.podzemljepece.com\/wp-content\/uploads\/2023\/03\/Podzemlje-Pece-tematski-park-2014-768x511.jpg 768w, https:\/\/www.podzemljepece.com\/wp-content\/uploads\/2023\/03\/Podzemlje-Pece-tematski-park-2014-1536x1022.jpg 1536w, https:\/\/www.podzemljepece.com\/wp-content\/uploads\/2023\/03\/Podzemlje-Pece-tematski-park-2014-2048x1363.jpg 2048w, https:\/\/www.podzemljepece.com\/wp-content\/uploads\/2023\/03\/Podzemlje-Pece-tematski-park-2014-355x235.jpg 355w\" sizes=\"(max-width: 2560px) 100vw, 2560px\" \/><\/a><\/div>\r\n\t\t<\/div><\/div>\n<\/div><\/div>\n","protected":false},"excerpt":{"rendered":"<p>Pred informacijskim centrom Karavanke UNESCO Globalnega Geoparka&nbsp; je urejen do\u017eivljajski park, ki obiskovalce popelje milijone let nazaj v \u010das dinozavrov in stoletja nazaj v \u010das kralja Matja\u017ea. Poslikava akademske slikarke Barbare Jurkov\u0161ek pripoveduje o tem, kako je izgledalo na\u0161e okolje dvesto milijonov let nazaj. Takrat je tu valovalo morje v katerem so \u017eiveli ihtiozavri in [&hellip;]<\/p>\n","protected":false},"author":1,"featured_media":310,"parent":0,"menu_order":60,"comment_status":"closed","ping_status":"closed","template":"","meta":{"_uag_custom_page_level_css":"","footnotes":""},"categories":[24],"tags":[],"uagb_featured_image_src":{"full":["https:\/\/www.podzemljepece.com\/wp-content\/uploads\/2022\/03\/Podzemlje_Pece_tematski_park_2014_-34-_.jpg",1000,665,false],"thumbnail":["https:\/\/www.podzemljepece.com\/wp-content\/uploads\/2022\/03\/Podzemlje_Pece_tematski_park_2014_-34-_-150x150.jpg",150,150,true],"medium":["https:\/\/www.podzemljepece.com\/wp-content\/uploads\/2022\/03\/Podzemlje_Pece_tematski_park_2014_-34-_-300x200.jpg",300,200,true],"medium_large":["https:\/\/www.podzemljepece.com\/wp-content\/uploads\/2022\/03\/Podzemlje_Pece_tematski_park_2014_-34-_-768x511.jpg",768,511,true],"large":["https:\/\/www.podzemljepece.com\/wp-content\/uploads\/2022\/03\/Podzemlje_Pece_tematski_park_2014_-34-_.jpg",940,625,false],"1536x1536":["https:\/\/www.podzemljepece.com\/wp-content\/uploads\/2022\/03\/Podzemlje_Pece_tematski_park_2014_-34-_.jpg",1000,665,false],"2048x2048":["https:\/\/www.podzemljepece.com\/wp-content\/uploads\/2022\/03\/Podzemlje_Pece_tematski_park_2014_-34-_.jpg",1000,665,false],"port3":["https:\/\/www.podzemljepece.com\/wp-content\/uploads\/2022\/03\/Podzemlje_Pece_tematski_park_2014_-34-_-600x600.jpg",600,600,true],"port3_grayscale":["https:\/\/www.podzemljepece.com\/wp-content\/uploads\/2022\/03\/Podzemlje_Pece_tematski_park_2014_-34-_-627x470.jpg",627,470,true],"port2":["https:\/\/www.podzemljepece.com\/wp-content\/uploads\/2022\/03\/Podzemlje_Pece_tematski_park_2014_-34-_-460x275.jpg",460,275,true],"port2_grayscale":["https:\/\/www.podzemljepece.com\/wp-content\/uploads\/2022\/03\/Podzemlje_Pece_tematski_park_2014_-34-_-940x470.jpg",940,470,true],"port4":["https:\/\/www.podzemljepece.com\/wp-content\/uploads\/2022\/03\/Podzemlje_Pece_tematski_park_2014_-34-_-600x600.jpg",600,600,true],"blog":["https:\/\/www.podzemljepece.com\/wp-content\/uploads\/2022\/03\/Podzemlje_Pece_tematski_park_2014_-34-_-825x340.jpg",825,340,true],"alternate_blog":["https:\/\/www.podzemljepece.com\/wp-content\/uploads\/2022\/03\/Podzemlje_Pece_tematski_park_2014_-34-_-440x195.jpg",440,195,true],"alternate_blog_side":["https:\/\/www.podzemljepece.com\/wp-content\/uploads\/2022\/03\/Podzemlje_Pece_tematski_park_2014_-34-_-355x235.jpg",355,235,true],"blog_grid":["https:\/\/www.podzemljepece.com\/wp-content\/uploads\/2022\/03\/Podzemlje_Pece_tematski_park_2014_-34-_-350x350.jpg",350,350,true],"staff":["https:\/\/www.podzemljepece.com\/wp-content\/uploads\/2022\/03\/Podzemlje_Pece_tematski_park_2014_-34-_-400x270.jpg",400,270,true],"staff_full":["https:\/\/www.podzemljepece.com\/wp-content\/uploads\/2022\/03\/Podzemlje_Pece_tematski_park_2014_-34-_-500x340.jpg",500,340,true]},"uagb_author_info":{"display_name":"admn","author_link":"https:\/\/www.podzemljepece.com\/?author=1"},"uagb_comment_info":0,"uagb_excerpt":"Pred informacijskim centrom Karavanke UNESCO Globalnega Geoparka&nbsp; je urejen do\u017eivljajski park, ki obiskovalce popelje milijone let nazaj v \u010das dinozavrov in stoletja nazaj v \u010das kralja Matja\u017ea. Poslikava akademske slikarke Barbare Jurkov\u0161ek pripoveduje o tem, kako je izgledalo na\u0161e okolje dvesto milijonov let nazaj. Takrat je tu valovalo morje v katerem so \u017eiveli ihtiozavri in&hellip;","_links":{"self":[{"href":"https:\/\/www.podzemljepece.com\/index.php?rest_route=\/wp\/v2\/pages\/628"}],"collection":[{"href":"https:\/\/www.podzemljepece.com\/index.php?rest_route=\/wp\/v2\/pages"}],"about":[{"href":"https:\/\/www.podzemljepece.com\/index.php?rest_route=\/wp\/v2\/types\/page"}],"author":[{"embeddable":true,"href":"https:\/\/www.podzemljepece.com\/index.php?rest_route=\/wp\/v2\/users\/1"}],"replies":[{"embeddable":true,"href":"https:\/\/www.podzemljepece.com\/index.php?rest_route=%2Fwp%2Fv2%2Fcomments&post=628"}],"version-history":[{"count":9,"href":"https:\/\/www.podzemljepece.com\/index.php?rest_route=\/wp\/v2\/pages\/628\/revisions"}],"predecessor-version":[{"id":2338,"href":"https:\/\/www.podzemljepece.com\/index.php?rest_route=\/wp\/v2\/pages\/628\/revisions\/2338"}],"wp:featuredmedia":[{"embeddable":true,"href":"https:\/\/www.podzemljepece.com\/index.php?rest_route=\/wp\/v2\/media\/310"}],"wp:attachment":[{"href":"https:\/\/www.podzemljepece.com\/index.php?rest_route=%2Fwp%2Fv2%2Fmedia&parent=628"}],"wp:term":[{"taxonomy":"category","embeddable":true,"href":"https:\/\/www.podzemljepece.com\/index.php?rest_route=%2Fwp%2Fv2%2Fcategories&post=628"},{"taxonomy":"post_tag","embeddable":true,"href":"https:\/\/www.podzemljepece.com\/index.php?rest_route=%2Fwp%2Fv2%2Ftags&post=628"}],"curies":[{"name":"wp","href":"https:\/\/api.w.org\/{rel}","templated":true}]}}