{"id":633,"date":"2023-01-27T17:01:31","date_gmt":"2023-01-27T17:01:31","guid":{"rendered":"http:\/\/new.podzemljepece.com\/?page_id=633"},"modified":"2024-10-03T08:43:49","modified_gmt":"2024-10-03T08:43:49","slug":"info-center-in-trgovina","status":"publish","type":"page","link":"https:\/\/www.podzemljepece.com\/?page_id=633&lang=sl","title":{"rendered":"INFO CENTER IN TRGOVINA"},"content":{"rendered":"\n<p>Informacijski center Karavanke UNESCO Globalnega Geoparka v Me\u017eici je pomembna dodana vrednost Geoparka Karavanke in hkrati turisti\u010dnega rudnika in muzeja. Skupaj z ve\u010dnamenskim prostorom danes predstavlja izhodi\u0161\u010dno to\u010dko za ogled rudnika, hkrati pa na enem mestu nudi vse informacije o Geoparku Karavanke. Vzpostavitev novega informacijskega centra je prav tako prispevala k ohranitvi pomembnega dela rudarske dedi\u0161\u010dine Rudnika Me\u017eica, to so elektro-strojne delavnice, ki so zavarovane kot kulturno-tehni\u010dni spomenik. Informacijski center je namre\u010d postavljen v eno izmed nekdanjih delavnic, ki vklju\u010duje v celoti ohranjeno kova\u010dijo, zgrajeno leta 1926. Obnovljena kova\u010dija je tako ostala na originalnem mestu, obiskovalci pa si lahko ogledajo tudi vso pripadajo\u010de kova\u0161ko orodje. Ob posebnih prilo\u017enostih kova\u010d obiskovalcem v \u017eivo predstavi kako se je v preteklosti kovalo predmete, ki so jih rabili pri delu v rudniku.<\/p>\n\n\n\n<p>Originalni objekt je bil sicer po\u0161kodovan v po\u017earu. V okviru obnove po po\u017earu objektu niso povrnili originalne podobe, saj so mu namesto stopni\u010daste industrijske strehe naredili ravno. V okviru vzpostavitve informacijskega centra Karavanke UNESCO Globalnega Geoparka se je objektu vrnila prvotna podoba s stopni\u010dasto streho.<\/p>\n\n\n\n<div class=\"wp-block-group uag-hide-mob is-layout-flow wp-block-group-is-layout-flow\"><div class=\"wp-block-group__inner-container\"><!-- Carousel Style & Script for  gallery-69e838504e6ba -->\r\n\r\n<script type=\"text\/javascript\">\r\n\/\/ <![CDATA[\r\n\/* START --- Image Carousel --- *\/\r\n\r\njQuery(document).ready(function($) {\r\n\r\n    \r\n    $('.ghozylab-gallery img').each(function(i) {\r\n\r\n        $alt = $(this).attr('alt');\r\n\r\n        \/\/ Replace default title to more fancy :)\r\n        $(this).attr('alt', $alt.replace(\/-|_\/g, ' '));\r\n\r\n        $altnew = $(this).attr('alt').toLowerCase().replace(\/\\b[a-z]\/g, function(letter) {\r\n\r\n            return letter.toUpperCase();\r\n\r\n        });\r\n\r\n        $(this).attr('alt', $altnew);\r\n        \/\/ Compatibility with Zoom Lite Theme Image LazyLoad\r\n        $(this).removeAttr('data-lazy-src');\r\n\r\n    });\r\n\r\n    \r\n    $('#icppreloader-gallery-69e838504e6ba').fadeOut(300, function() {\r\n        $('#gallery-69e838504e6ba').fadeIn(300);\r\n        var slider69e838504e6ba = $('#gallery-69e838504e6ba').bxSlider({\r\n            auto: true,\r\n            pause: 9000,\r\n            autoHover: true,\r\n            moveSlides: 3,\r\n            minSlides: 3,\r\n            maxSlides: 3,\r\n            slideWidth: 500,\r\n            slideMargin: 10,\r\n            startSlide: 0,\r\n            infiniteLoop: true,\r\n            captions: true,\r\n            captionsMode: 'alt',\r\n            adaptiveHeight: true,\r\n            useCSS: false,\r\n            pager: true,\r\n            easing: 'easeOutSine',\r\n            speed: 2500,\r\n            preloadImages: 'all',\r\n            onSlideBefore: function() {\r\n                                $('#gallery-69e838504e6ba .bx-caption').slideUp();\r\n                            },\r\n            onSlideAfter: function($slideElement, oldIndex, newIndex) {\r\n                                slider69e838504e6ba.stopAuto();\r\n                slider69e838504e6ba.startAuto();\r\n                                $('#gallery-69e838504e6ba .bx-caption').slideDown();\r\n                            }\r\n        });\r\n\r\n    });\r\n});\r\n\r\n\/* END --- Image Carousel --- *\/\r\n\r\n\/\/ ]]>\r\n<\/script>\r\n\r\n<style type=\"text\/css\">\r\n.markup-gallery-69e838504e6ba .carousel-item img {width: 100%;margin: 0 auto;border:none !important;border-radius: 0px !important;box-shadow:none !important;}.markup-gallery-69e838504e6ba .bx-controls-direction a {display: none;}.markup-gallery-69e838504e6ba .bx-wrapper:hover .bx-controls-direction a {display: block;}.markup-gallery-69e838504e6ba .bx-controls-direction a { display: block !important;}1<\/style>\r\n\r\n\n\t\t<div id='icppreloader-gallery-69e838504e6ba' class='icpsliderpreloader'><\/div><div class='markup-gallery-69e838504e6ba'><div style='display:none;' id='gallery-69e838504e6ba' class='ghozylab-gallery galleryid-633 gallery-size-full'><div class='carousel-item'><a   href='https:\/\/www.podzemljepece.com\/wp-content\/uploads\/2023\/03\/Info-center-Podzemlje-Pece-1024x681.jpg'><img width=\"2560\" height=\"1704\" src=\"https:\/\/www.podzemljepece.com\/wp-content\/uploads\/2023\/03\/Info-center-Podzemlje-Pece-scaled.jpg\" class=\"attachment-full size-full\" alt=\"\" decoding=\"async\" loading=\"lazy\" srcset=\"https:\/\/www.podzemljepece.com\/wp-content\/uploads\/2023\/03\/Info-center-Podzemlje-Pece-scaled.jpg 2560w, https:\/\/www.podzemljepece.com\/wp-content\/uploads\/2023\/03\/Info-center-Podzemlje-Pece-300x200.jpg 300w, https:\/\/www.podzemljepece.com\/wp-content\/uploads\/2023\/03\/Info-center-Podzemlje-Pece-1024x681.jpg 1024w, https:\/\/www.podzemljepece.com\/wp-content\/uploads\/2023\/03\/Info-center-Podzemlje-Pece-768x511.jpg 768w, https:\/\/www.podzemljepece.com\/wp-content\/uploads\/2023\/03\/Info-center-Podzemlje-Pece-1536x1022.jpg 1536w, https:\/\/www.podzemljepece.com\/wp-content\/uploads\/2023\/03\/Info-center-Podzemlje-Pece-2048x1363.jpg 2048w, https:\/\/www.podzemljepece.com\/wp-content\/uploads\/2023\/03\/Info-center-Podzemlje-Pece-355x235.jpg 355w\" sizes=\"(max-width: 2560px) 100vw, 2560px\" \/><\/a><\/div><div class='carousel-item'><a   href='https:\/\/www.podzemljepece.com\/wp-content\/uploads\/2023\/03\/Info-center-Podzemlje-Pece-23--1024x681.jpg'><img width=\"2560\" height=\"1704\" src=\"https:\/\/www.podzemljepece.com\/wp-content\/uploads\/2023\/03\/Info-center-Podzemlje-Pece-23--scaled.jpg\" class=\"attachment-full size-full\" alt=\"\" decoding=\"async\" loading=\"lazy\" srcset=\"https:\/\/www.podzemljepece.com\/wp-content\/uploads\/2023\/03\/Info-center-Podzemlje-Pece-23--scaled.jpg 2560w, https:\/\/www.podzemljepece.com\/wp-content\/uploads\/2023\/03\/Info-center-Podzemlje-Pece-23--300x200.jpg 300w, https:\/\/www.podzemljepece.com\/wp-content\/uploads\/2023\/03\/Info-center-Podzemlje-Pece-23--1024x681.jpg 1024w, https:\/\/www.podzemljepece.com\/wp-content\/uploads\/2023\/03\/Info-center-Podzemlje-Pece-23--768x511.jpg 768w, https:\/\/www.podzemljepece.com\/wp-content\/uploads\/2023\/03\/Info-center-Podzemlje-Pece-23--1536x1022.jpg 1536w, https:\/\/www.podzemljepece.com\/wp-content\/uploads\/2023\/03\/Info-center-Podzemlje-Pece-23--2048x1363.jpg 2048w, https:\/\/www.podzemljepece.com\/wp-content\/uploads\/2023\/03\/Info-center-Podzemlje-Pece-23--355x235.jpg 355w\" sizes=\"(max-width: 2560px) 100vw, 2560px\" \/><\/a><\/div><div class='carousel-item'><a   href='https:\/\/www.podzemljepece.com\/wp-content\/uploads\/2023\/03\/Info-center-Podzemlje-Pece-24--1024x682.jpg'><img width=\"2560\" height=\"1705\" src=\"https:\/\/www.podzemljepece.com\/wp-content\/uploads\/2023\/03\/Info-center-Podzemlje-Pece-24--scaled.jpg\" class=\"attachment-full size-full\" alt=\"\" decoding=\"async\" loading=\"lazy\" srcset=\"https:\/\/www.podzemljepece.com\/wp-content\/uploads\/2023\/03\/Info-center-Podzemlje-Pece-24--scaled.jpg 2560w, https:\/\/www.podzemljepece.com\/wp-content\/uploads\/2023\/03\/Info-center-Podzemlje-Pece-24--300x200.jpg 300w, https:\/\/www.podzemljepece.com\/wp-content\/uploads\/2023\/03\/Info-center-Podzemlje-Pece-24--1024x682.jpg 1024w, https:\/\/www.podzemljepece.com\/wp-content\/uploads\/2023\/03\/Info-center-Podzemlje-Pece-24--768x511.jpg 768w, https:\/\/www.podzemljepece.com\/wp-content\/uploads\/2023\/03\/Info-center-Podzemlje-Pece-24--1536x1023.jpg 1536w, https:\/\/www.podzemljepece.com\/wp-content\/uploads\/2023\/03\/Info-center-Podzemlje-Pece-24--2048x1364.jpg 2048w, https:\/\/www.podzemljepece.com\/wp-content\/uploads\/2023\/03\/Info-center-Podzemlje-Pece-24--355x235.jpg 355w\" sizes=\"(max-width: 2560px) 100vw, 2560px\" \/><\/a><\/div>\r\n\t\t<\/div><\/div>\n<\/div><\/div>\n\n\n\n<div class=\"wp-block-group uag-hide-desktop uag-hide-tab is-layout-flow wp-block-group-is-layout-flow\"><div class=\"wp-block-group__inner-container\"><!-- Carousel Style & Script for  gallery-69e83850501bb -->\r\n\r\n<script type=\"text\/javascript\">\r\n\/\/ <![CDATA[\r\n\/* START --- Image Carousel --- *\/\r\n\r\njQuery(document).ready(function($) {\r\n\r\n    \r\n    $('.ghozylab-gallery img').each(function(i) {\r\n\r\n        $alt = $(this).attr('alt');\r\n\r\n        \/\/ Replace default title to more fancy :)\r\n        $(this).attr('alt', $alt.replace(\/-|_\/g, ' '));\r\n\r\n        $altnew = $(this).attr('alt').toLowerCase().replace(\/\\b[a-z]\/g, function(letter) {\r\n\r\n            return letter.toUpperCase();\r\n\r\n        });\r\n\r\n        $(this).attr('alt', $altnew);\r\n        \/\/ Compatibility with Zoom Lite Theme Image LazyLoad\r\n        $(this).removeAttr('data-lazy-src');\r\n\r\n    });\r\n\r\n    \r\n    $('#icppreloader-gallery-69e83850501bb').fadeOut(300, function() {\r\n        $('#gallery-69e83850501bb').fadeIn(300);\r\n        var slider69e83850501bb = $('#gallery-69e83850501bb').bxSlider({\r\n            auto: true,\r\n            pause: 9000,\r\n            autoHover: true,\r\n            moveSlides: 1,\r\n            minSlides: 1,\r\n            maxSlides: 1,\r\n            slideWidth: 500,\r\n            slideMargin: 10,\r\n            startSlide: 0,\r\n            infiniteLoop: true,\r\n            captions: true,\r\n            captionsMode: 'alt',\r\n            adaptiveHeight: true,\r\n            useCSS: false,\r\n            pager: true,\r\n            easing: 'easeOutSine',\r\n            speed: 2500,\r\n            preloadImages: 'all',\r\n            onSlideBefore: function() {\r\n                                $('#gallery-69e83850501bb .bx-caption').slideUp();\r\n                            },\r\n            onSlideAfter: function($slideElement, oldIndex, newIndex) {\r\n                                slider69e83850501bb.stopAuto();\r\n                slider69e83850501bb.startAuto();\r\n                                $('#gallery-69e83850501bb .bx-caption').slideDown();\r\n                            }\r\n        });\r\n\r\n    });\r\n});\r\n\r\n\/* END --- Image Carousel --- *\/\r\n\r\n\/\/ ]]>\r\n<\/script>\r\n\r\n<style type=\"text\/css\">\r\n.markup-gallery-69e83850501bb .carousel-item img {width: 100%;margin: 0 auto;border:none !important;border-radius: 0px !important;box-shadow:none !important;}.markup-gallery-69e83850501bb .bx-controls-direction a {display: none;}.markup-gallery-69e83850501bb .bx-wrapper:hover .bx-controls-direction a {display: block;}.markup-gallery-69e83850501bb .bx-controls-direction a { display: block !important;}1<\/style>\r\n\r\n\n\t\t<div id='icppreloader-gallery-69e83850501bb' class='icpsliderpreloader'><\/div><div class='markup-gallery-69e83850501bb'><div style='display:none;' id='gallery-69e83850501bb' class='ghozylab-gallery galleryid-633 gallery-size-full'><div class='carousel-item'><a   href='https:\/\/www.podzemljepece.com\/wp-content\/uploads\/2023\/03\/Info-center-Podzemlje-Pece-1024x681.jpg'><img width=\"2560\" height=\"1704\" src=\"https:\/\/www.podzemljepece.com\/wp-content\/uploads\/2023\/03\/Info-center-Podzemlje-Pece-scaled.jpg\" class=\"attachment-full size-full\" alt=\"\" decoding=\"async\" loading=\"lazy\" srcset=\"https:\/\/www.podzemljepece.com\/wp-content\/uploads\/2023\/03\/Info-center-Podzemlje-Pece-scaled.jpg 2560w, https:\/\/www.podzemljepece.com\/wp-content\/uploads\/2023\/03\/Info-center-Podzemlje-Pece-300x200.jpg 300w, https:\/\/www.podzemljepece.com\/wp-content\/uploads\/2023\/03\/Info-center-Podzemlje-Pece-1024x681.jpg 1024w, https:\/\/www.podzemljepece.com\/wp-content\/uploads\/2023\/03\/Info-center-Podzemlje-Pece-768x511.jpg 768w, https:\/\/www.podzemljepece.com\/wp-content\/uploads\/2023\/03\/Info-center-Podzemlje-Pece-1536x1022.jpg 1536w, https:\/\/www.podzemljepece.com\/wp-content\/uploads\/2023\/03\/Info-center-Podzemlje-Pece-2048x1363.jpg 2048w, https:\/\/www.podzemljepece.com\/wp-content\/uploads\/2023\/03\/Info-center-Podzemlje-Pece-355x235.jpg 355w\" sizes=\"(max-width: 2560px) 100vw, 2560px\" \/><\/a><\/div><div class='carousel-item'><a   href='https:\/\/www.podzemljepece.com\/wp-content\/uploads\/2023\/03\/Info-center-Podzemlje-Pece-23--1024x681.jpg'><img width=\"2560\" height=\"1704\" src=\"https:\/\/www.podzemljepece.com\/wp-content\/uploads\/2023\/03\/Info-center-Podzemlje-Pece-23--scaled.jpg\" class=\"attachment-full size-full\" alt=\"\" decoding=\"async\" loading=\"lazy\" srcset=\"https:\/\/www.podzemljepece.com\/wp-content\/uploads\/2023\/03\/Info-center-Podzemlje-Pece-23--scaled.jpg 2560w, https:\/\/www.podzemljepece.com\/wp-content\/uploads\/2023\/03\/Info-center-Podzemlje-Pece-23--300x200.jpg 300w, https:\/\/www.podzemljepece.com\/wp-content\/uploads\/2023\/03\/Info-center-Podzemlje-Pece-23--1024x681.jpg 1024w, https:\/\/www.podzemljepece.com\/wp-content\/uploads\/2023\/03\/Info-center-Podzemlje-Pece-23--768x511.jpg 768w, https:\/\/www.podzemljepece.com\/wp-content\/uploads\/2023\/03\/Info-center-Podzemlje-Pece-23--1536x1022.jpg 1536w, https:\/\/www.podzemljepece.com\/wp-content\/uploads\/2023\/03\/Info-center-Podzemlje-Pece-23--2048x1363.jpg 2048w, https:\/\/www.podzemljepece.com\/wp-content\/uploads\/2023\/03\/Info-center-Podzemlje-Pece-23--355x235.jpg 355w\" sizes=\"(max-width: 2560px) 100vw, 2560px\" \/><\/a><\/div><div class='carousel-item'><a   href='https:\/\/www.podzemljepece.com\/wp-content\/uploads\/2023\/03\/Info-center-Podzemlje-Pece-24--1024x682.jpg'><img width=\"2560\" height=\"1705\" src=\"https:\/\/www.podzemljepece.com\/wp-content\/uploads\/2023\/03\/Info-center-Podzemlje-Pece-24--scaled.jpg\" class=\"attachment-full size-full\" alt=\"\" decoding=\"async\" loading=\"lazy\" srcset=\"https:\/\/www.podzemljepece.com\/wp-content\/uploads\/2023\/03\/Info-center-Podzemlje-Pece-24--scaled.jpg 2560w, https:\/\/www.podzemljepece.com\/wp-content\/uploads\/2023\/03\/Info-center-Podzemlje-Pece-24--300x200.jpg 300w, https:\/\/www.podzemljepece.com\/wp-content\/uploads\/2023\/03\/Info-center-Podzemlje-Pece-24--1024x682.jpg 1024w, https:\/\/www.podzemljepece.com\/wp-content\/uploads\/2023\/03\/Info-center-Podzemlje-Pece-24--768x511.jpg 768w, https:\/\/www.podzemljepece.com\/wp-content\/uploads\/2023\/03\/Info-center-Podzemlje-Pece-24--1536x1023.jpg 1536w, https:\/\/www.podzemljepece.com\/wp-content\/uploads\/2023\/03\/Info-center-Podzemlje-Pece-24--2048x1364.jpg 2048w, https:\/\/www.podzemljepece.com\/wp-content\/uploads\/2023\/03\/Info-center-Podzemlje-Pece-24--355x235.jpg 355w\" sizes=\"(max-width: 2560px) 100vw, 2560px\" \/><\/a><\/div>\r\n\t\t<\/div><\/div>\n<\/div><\/div>\n","protected":false},"excerpt":{"rendered":"<p>Informacijski center Karavanke UNESCO Globalnega Geoparka v Me\u017eici je pomembna dodana vrednost Geoparka Karavanke in hkrati turisti\u010dnega rudnika in muzeja. Skupaj z ve\u010dnamenskim prostorom danes predstavlja izhodi\u0161\u010dno to\u010dko za ogled rudnika, hkrati pa na enem mestu nudi vse informacije o Geoparku Karavanke. Vzpostavitev novega informacijskega centra je prav tako prispevala k ohranitvi pomembnega dela rudarske [&hellip;]<\/p>\n","protected":false},"author":1,"featured_media":1109,"parent":0,"menu_order":29,"comment_status":"closed","ping_status":"closed","template":"","meta":{"_uag_custom_page_level_css":"","footnotes":""},"categories":[24],"tags":[],"uagb_featured_image_src":{"full":["https:\/\/www.podzemljepece.com\/wp-content\/uploads\/2023\/03\/Info-center-Podzemlje-Pece-24--scaled.jpg",2560,1705,false],"thumbnail":["https:\/\/www.podzemljepece.com\/wp-content\/uploads\/2023\/03\/Info-center-Podzemlje-Pece-24--150x150.jpg",150,150,true],"medium":["https:\/\/www.podzemljepece.com\/wp-content\/uploads\/2023\/03\/Info-center-Podzemlje-Pece-24--300x200.jpg",300,200,true],"medium_large":["https:\/\/www.podzemljepece.com\/wp-content\/uploads\/2023\/03\/Info-center-Podzemlje-Pece-24--768x511.jpg",768,511,true],"large":["https:\/\/www.podzemljepece.com\/wp-content\/uploads\/2023\/03\/Info-center-Podzemlje-Pece-24--1024x682.jpg",940,626,true],"1536x1536":["https:\/\/www.podzemljepece.com\/wp-content\/uploads\/2023\/03\/Info-center-Podzemlje-Pece-24--1536x1023.jpg",1536,1023,true],"2048x2048":["https:\/\/www.podzemljepece.com\/wp-content\/uploads\/2023\/03\/Info-center-Podzemlje-Pece-24--2048x1364.jpg",2048,1364,true],"port3":["https:\/\/www.podzemljepece.com\/wp-content\/uploads\/2023\/03\/Info-center-Podzemlje-Pece-24--600x600.jpg",600,600,true],"port3_grayscale":["https:\/\/www.podzemljepece.com\/wp-content\/uploads\/2023\/03\/Info-center-Podzemlje-Pece-24--627x470.jpg",627,470,true],"port2":["https:\/\/www.podzemljepece.com\/wp-content\/uploads\/2023\/03\/Info-center-Podzemlje-Pece-24--460x275.jpg",460,275,true],"port2_grayscale":["https:\/\/www.podzemljepece.com\/wp-content\/uploads\/2023\/03\/Info-center-Podzemlje-Pece-24--940x470.jpg",940,470,true],"port4":["https:\/\/www.podzemljepece.com\/wp-content\/uploads\/2023\/03\/Info-center-Podzemlje-Pece-24--600x600.jpg",600,600,true],"blog":["https:\/\/www.podzemljepece.com\/wp-content\/uploads\/2023\/03\/Info-center-Podzemlje-Pece-24--825x340.jpg",825,340,true],"alternate_blog":["https:\/\/www.podzemljepece.com\/wp-content\/uploads\/2023\/03\/Info-center-Podzemlje-Pece-24--440x195.jpg",440,195,true],"alternate_blog_side":["https:\/\/www.podzemljepece.com\/wp-content\/uploads\/2023\/03\/Info-center-Podzemlje-Pece-24--355x235.jpg",355,235,true],"blog_grid":["https:\/\/www.podzemljepece.com\/wp-content\/uploads\/2023\/03\/Info-center-Podzemlje-Pece-24--350x350.jpg",350,350,true],"staff":["https:\/\/www.podzemljepece.com\/wp-content\/uploads\/2023\/03\/Info-center-Podzemlje-Pece-24--400x270.jpg",400,270,true],"staff_full":["https:\/\/www.podzemljepece.com\/wp-content\/uploads\/2023\/03\/Info-center-Podzemlje-Pece-24--500x340.jpg",500,340,true]},"uagb_author_info":{"display_name":"admn","author_link":"https:\/\/www.podzemljepece.com\/?author=1"},"uagb_comment_info":0,"uagb_excerpt":"Informacijski center Karavanke UNESCO Globalnega Geoparka v Me\u017eici je pomembna dodana vrednost Geoparka Karavanke in hkrati turisti\u010dnega rudnika in muzeja. Skupaj z ve\u010dnamenskim prostorom danes predstavlja izhodi\u0161\u010dno to\u010dko za ogled rudnika, hkrati pa na enem mestu nudi vse informacije o Geoparku Karavanke. Vzpostavitev novega informacijskega centra je prav tako prispevala k ohranitvi pomembnega dela rudarske&hellip;","_links":{"self":[{"href":"https:\/\/www.podzemljepece.com\/index.php?rest_route=\/wp\/v2\/pages\/633"}],"collection":[{"href":"https:\/\/www.podzemljepece.com\/index.php?rest_route=\/wp\/v2\/pages"}],"about":[{"href":"https:\/\/www.podzemljepece.com\/index.php?rest_route=\/wp\/v2\/types\/page"}],"author":[{"embeddable":true,"href":"https:\/\/www.podzemljepece.com\/index.php?rest_route=\/wp\/v2\/users\/1"}],"replies":[{"embeddable":true,"href":"https:\/\/www.podzemljepece.com\/index.php?rest_route=%2Fwp%2Fv2%2Fcomments&post=633"}],"version-history":[{"count":6,"href":"https:\/\/www.podzemljepece.com\/index.php?rest_route=\/wp\/v2\/pages\/633\/revisions"}],"predecessor-version":[{"id":2343,"href":"https:\/\/www.podzemljepece.com\/index.php?rest_route=\/wp\/v2\/pages\/633\/revisions\/2343"}],"wp:featuredmedia":[{"embeddable":true,"href":"https:\/\/www.podzemljepece.com\/index.php?rest_route=\/wp\/v2\/media\/1109"}],"wp:attachment":[{"href":"https:\/\/www.podzemljepece.com\/index.php?rest_route=%2Fwp%2Fv2%2Fmedia&parent=633"}],"wp:term":[{"taxonomy":"category","embeddable":true,"href":"https:\/\/www.podzemljepece.com\/index.php?rest_route=%2Fwp%2Fv2%2Fcategories&post=633"},{"taxonomy":"post_tag","embeddable":true,"href":"https:\/\/www.podzemljepece.com\/index.php?rest_route=%2Fwp%2Fv2%2Ftags&post=633"}],"curies":[{"name":"wp","href":"https:\/\/api.w.org\/{rel}","templated":true}]}}