{"id":640,"date":"2023-01-27T17:13:23","date_gmt":"2023-01-27T17:13:23","guid":{"rendered":"http:\/\/new.podzemljepece.com\/?page_id=640"},"modified":"2023-03-21T17:18:15","modified_gmt":"2023-03-21T17:18:15","slug":"ogled-muzeja-rudnika-mezica","status":"publish","type":"page","link":"https:\/\/www.podzemljepece.com\/?page_id=640&lang=sl","title":{"rendered":"OGLED MUZEJA RUDNIKA ME\u017dICA"},"content":{"rendered":"<p>Zgradbo na Glan\u010dniku, v kateri je danes urejen muzej, so leta 1928 zgradili angle\u0161ki lastniki rudnika. V pritli\u010dju in prvem nadstropju so se nahajali upravni prostori, v drugem nadstropju pa stanovanja za rudarske nadzornike. Muzejske zbirke vklju\u010dujejo zbirko mineralov z najbolj znanim in cenjenim mineralom wulfenitom, rudnin in fosilov ter jamomerske opreme. V enem izmed nekdanjih stanovanj je urejena muzejska postavitev stanovanja rudarske dru\u017eine, ki prikazuje bivanjsko kulturo me\u017ei\u0161kih knapov v obdobju pred drugo svetovno vojno. Zbirka fotografij naravoslovnega fotografa Maksa Kunca kot celota predstavlja zanimiv dokumentarni pregled lokalnega rastlinstva in \u017eivalstva.<\/p>\n\n\n<div class=\"wp-block-group\"><div class=\"wp-block-group__inner-container is-layout-flow wp-block-group-is-layout-flow\">\n<div class=\"wp-block-columns is-layout-flex wp-container-2 wp-block-columns-is-layout-flex\">\n<div class=\"wp-block-column uag-hide-mob is-layout-flow wp-block-column-is-layout-flow\" style=\"flex-basis:100%\"><!-- Carousel Style & Script for  gallery-69f34b93856d9 -->\r\n\r\n<script type=\"text\/javascript\">\r\n\/\/ <![CDATA[\r\n\/* START --- Image Carousel --- *\/\r\n\r\njQuery(document).ready(function($) {\r\n\r\n    \r\n    $('.ghozylab-gallery img').each(function(i) {\r\n\r\n        $alt = $(this).attr('alt');\r\n\r\n        \/\/ Replace default title to more fancy :)\r\n        $(this).attr('alt', $alt.replace(\/-|_\/g, ' '));\r\n\r\n        $altnew = $(this).attr('alt').toLowerCase().replace(\/\\b[a-z]\/g, function(letter) {\r\n\r\n            return letter.toUpperCase();\r\n\r\n        });\r\n\r\n        $(this).attr('alt', $altnew);\r\n        \/\/ Compatibility with Zoom Lite Theme Image LazyLoad\r\n        $(this).removeAttr('data-lazy-src');\r\n\r\n    });\r\n\r\n    \r\n    $('#icppreloader-gallery-69f34b93856d9').fadeOut(300, function() {\r\n        $('#gallery-69f34b93856d9').fadeIn(300);\r\n        var slider69f34b93856d9 = $('#gallery-69f34b93856d9').bxSlider({\r\n            auto: true,\r\n            pause: 9000,\r\n            autoHover: true,\r\n            moveSlides: 3,\r\n            minSlides: 3,\r\n            maxSlides: 3,\r\n            slideWidth: 500,\r\n            slideMargin: 10,\r\n            startSlide: 0,\r\n            infiniteLoop: true,\r\n            captions: true,\r\n            captionsMode: 'alt',\r\n            adaptiveHeight: true,\r\n            useCSS: false,\r\n            pager: true,\r\n            easing: 'easeOutSine',\r\n            speed: 2500,\r\n            preloadImages: 'all',\r\n            onSlideBefore: function() {\r\n                                $('#gallery-69f34b93856d9 .bx-caption').slideUp();\r\n                            },\r\n            onSlideAfter: function($slideElement, oldIndex, newIndex) {\r\n                                slider69f34b93856d9.stopAuto();\r\n                slider69f34b93856d9.startAuto();\r\n                                $('#gallery-69f34b93856d9 .bx-caption').slideDown();\r\n                            }\r\n        });\r\n\r\n    });\r\n});\r\n\r\n\/* END --- Image Carousel --- *\/\r\n\r\n\/\/ ]]>\r\n<\/script>\r\n\r\n<style type=\"text\/css\">\r\n.markup-gallery-69f34b93856d9 .carousel-item img {width: 100%;margin: 0 auto;border:none !important;border-radius: 0px !important;box-shadow:none !important;}.markup-gallery-69f34b93856d9 .bx-controls-direction a {display: none;}.markup-gallery-69f34b93856d9 .bx-wrapper:hover .bx-controls-direction a {display: block;}.markup-gallery-69f34b93856d9 .bx-controls-direction a { display: block !important;}1<\/style>\r\n\r\n\n\t\t<div id='icppreloader-gallery-69f34b93856d9' class='icpsliderpreloader'><\/div><div class='markup-gallery-69f34b93856d9'><div style='display:none;' id='gallery-69f34b93856d9' class='ghozylab-gallery galleryid-640 gallery-size-full'><div class='carousel-item'><a   href='https:\/\/www.podzemljepece.com\/wp-content\/uploads\/2023\/03\/Rudnik-Mezica-7-1024x682.jpg'><img width=\"2560\" height=\"1704\" src=\"https:\/\/www.podzemljepece.com\/wp-content\/uploads\/2023\/03\/Rudnik-Mezica-7-scaled.jpg\" class=\"attachment-full size-full\" alt=\"\" decoding=\"async\" loading=\"lazy\" srcset=\"https:\/\/www.podzemljepece.com\/wp-content\/uploads\/2023\/03\/Rudnik-Mezica-7-scaled.jpg 2560w, https:\/\/www.podzemljepece.com\/wp-content\/uploads\/2023\/03\/Rudnik-Mezica-7-300x200.jpg 300w, https:\/\/www.podzemljepece.com\/wp-content\/uploads\/2023\/03\/Rudnik-Mezica-7-1024x682.jpg 1024w, https:\/\/www.podzemljepece.com\/wp-content\/uploads\/2023\/03\/Rudnik-Mezica-7-768x511.jpg 768w, https:\/\/www.podzemljepece.com\/wp-content\/uploads\/2023\/03\/Rudnik-Mezica-7-1536x1022.jpg 1536w, https:\/\/www.podzemljepece.com\/wp-content\/uploads\/2023\/03\/Rudnik-Mezica-7-2048x1363.jpg 2048w, https:\/\/www.podzemljepece.com\/wp-content\/uploads\/2023\/03\/Rudnik-Mezica-7-355x235.jpg 355w\" sizes=\"(max-width: 2560px) 100vw, 2560px\" \/><\/a><\/div><div class='carousel-item'><a   href='https:\/\/www.podzemljepece.com\/wp-content\/uploads\/2021\/08\/Rudnik_Mezica_3.jpg'><img width=\"1000\" height=\"665\" src=\"https:\/\/www.podzemljepece.com\/wp-content\/uploads\/2021\/08\/Rudnik_Mezica_3.jpg\" class=\"attachment-full size-full\" alt=\"\" decoding=\"async\" loading=\"lazy\" srcset=\"https:\/\/www.podzemljepece.com\/wp-content\/uploads\/2021\/08\/Rudnik_Mezica_3.jpg 1000w, https:\/\/www.podzemljepece.com\/wp-content\/uploads\/2021\/08\/Rudnik_Mezica_3-300x200.jpg 300w, https:\/\/www.podzemljepece.com\/wp-content\/uploads\/2021\/08\/Rudnik_Mezica_3-768x511.jpg 768w, https:\/\/www.podzemljepece.com\/wp-content\/uploads\/2021\/08\/Rudnik_Mezica_3-355x235.jpg 355w\" sizes=\"(max-width: 1000px) 100vw, 1000px\" \/><\/a><\/div>\r\n\t\t<\/div><\/div>\n<\/div>\n<\/div>\n<\/div><\/div>\n\n\n\n<div class=\"wp-block-group\"><div class=\"wp-block-group__inner-container is-layout-flow wp-block-group-is-layout-flow\">\n<div class=\"wp-block-columns is-layout-flex wp-container-5 wp-block-columns-is-layout-flex\">\n<div class=\"wp-block-column uag-hide-desktop uag-hide-tab is-layout-flow wp-block-column-is-layout-flow\" style=\"flex-basis:100%\"><!-- Carousel Style & Script for  gallery-69f34b9388099 -->\r\n\r\n<script type=\"text\/javascript\">\r\n\/\/ <![CDATA[\r\n\/* START --- Image Carousel --- *\/\r\n\r\njQuery(document).ready(function($) {\r\n\r\n    \r\n    $('.ghozylab-gallery img').each(function(i) {\r\n\r\n        $alt = $(this).attr('alt');\r\n\r\n        \/\/ Replace default title to more fancy :)\r\n        $(this).attr('alt', $alt.replace(\/-|_\/g, ' '));\r\n\r\n        $altnew = $(this).attr('alt').toLowerCase().replace(\/\\b[a-z]\/g, function(letter) {\r\n\r\n            return letter.toUpperCase();\r\n\r\n        });\r\n\r\n        $(this).attr('alt', $altnew);\r\n        \/\/ Compatibility with Zoom Lite Theme Image LazyLoad\r\n        $(this).removeAttr('data-lazy-src');\r\n\r\n    });\r\n\r\n    \r\n    $('#icppreloader-gallery-69f34b9388099').fadeOut(300, function() {\r\n        $('#gallery-69f34b9388099').fadeIn(300);\r\n        var slider69f34b9388099 = $('#gallery-69f34b9388099').bxSlider({\r\n            auto: true,\r\n            pause: 9000,\r\n            autoHover: true,\r\n            moveSlides: 1,\r\n            minSlides: 1,\r\n            maxSlides: 1,\r\n            slideWidth: 500,\r\n            slideMargin: 10,\r\n            startSlide: 0,\r\n            infiniteLoop: true,\r\n            captions: true,\r\n            captionsMode: 'alt',\r\n            adaptiveHeight: true,\r\n            useCSS: false,\r\n            pager: true,\r\n            easing: 'easeOutSine',\r\n            speed: 2500,\r\n            preloadImages: 'all',\r\n            onSlideBefore: function() {\r\n                                $('#gallery-69f34b9388099 .bx-caption').slideUp();\r\n                            },\r\n            onSlideAfter: function($slideElement, oldIndex, newIndex) {\r\n                                slider69f34b9388099.stopAuto();\r\n                slider69f34b9388099.startAuto();\r\n                                $('#gallery-69f34b9388099 .bx-caption').slideDown();\r\n                            }\r\n        });\r\n\r\n    });\r\n});\r\n\r\n\/* END --- Image Carousel --- *\/\r\n\r\n\/\/ ]]>\r\n<\/script>\r\n\r\n<style type=\"text\/css\">\r\n.markup-gallery-69f34b9388099 .carousel-item img {width: 100%;margin: 0 auto;border:none !important;border-radius: 0px !important;box-shadow:none !important;}.markup-gallery-69f34b9388099 .bx-controls-direction a {display: none;}.markup-gallery-69f34b9388099 .bx-wrapper:hover .bx-controls-direction a {display: block;}.markup-gallery-69f34b9388099 .bx-controls-direction a { display: block !important;}1<\/style>\r\n\r\n\n\t\t<div id='icppreloader-gallery-69f34b9388099' class='icpsliderpreloader'><\/div><div class='markup-gallery-69f34b9388099'><div style='display:none;' id='gallery-69f34b9388099' class='ghozylab-gallery galleryid-640 gallery-size-full'><div class='carousel-item'><a   href='https:\/\/www.podzemljepece.com\/wp-content\/uploads\/2023\/03\/Rudnik-Mezica-7-1024x682.jpg'><img width=\"2560\" height=\"1704\" src=\"https:\/\/www.podzemljepece.com\/wp-content\/uploads\/2023\/03\/Rudnik-Mezica-7-scaled.jpg\" class=\"attachment-full size-full\" alt=\"\" decoding=\"async\" loading=\"lazy\" srcset=\"https:\/\/www.podzemljepece.com\/wp-content\/uploads\/2023\/03\/Rudnik-Mezica-7-scaled.jpg 2560w, https:\/\/www.podzemljepece.com\/wp-content\/uploads\/2023\/03\/Rudnik-Mezica-7-300x200.jpg 300w, https:\/\/www.podzemljepece.com\/wp-content\/uploads\/2023\/03\/Rudnik-Mezica-7-1024x682.jpg 1024w, https:\/\/www.podzemljepece.com\/wp-content\/uploads\/2023\/03\/Rudnik-Mezica-7-768x511.jpg 768w, https:\/\/www.podzemljepece.com\/wp-content\/uploads\/2023\/03\/Rudnik-Mezica-7-1536x1022.jpg 1536w, https:\/\/www.podzemljepece.com\/wp-content\/uploads\/2023\/03\/Rudnik-Mezica-7-2048x1363.jpg 2048w, https:\/\/www.podzemljepece.com\/wp-content\/uploads\/2023\/03\/Rudnik-Mezica-7-355x235.jpg 355w\" sizes=\"(max-width: 2560px) 100vw, 2560px\" \/><\/a><\/div><div class='carousel-item'><a   href='https:\/\/www.podzemljepece.com\/wp-content\/uploads\/2021\/08\/Rudnik_Mezica_3.jpg'><img width=\"1000\" height=\"665\" src=\"https:\/\/www.podzemljepece.com\/wp-content\/uploads\/2021\/08\/Rudnik_Mezica_3.jpg\" class=\"attachment-full size-full\" alt=\"\" decoding=\"async\" loading=\"lazy\" srcset=\"https:\/\/www.podzemljepece.com\/wp-content\/uploads\/2021\/08\/Rudnik_Mezica_3.jpg 1000w, https:\/\/www.podzemljepece.com\/wp-content\/uploads\/2021\/08\/Rudnik_Mezica_3-300x200.jpg 300w, https:\/\/www.podzemljepece.com\/wp-content\/uploads\/2021\/08\/Rudnik_Mezica_3-768x511.jpg 768w, https:\/\/www.podzemljepece.com\/wp-content\/uploads\/2021\/08\/Rudnik_Mezica_3-355x235.jpg 355w\" sizes=\"(max-width: 1000px) 100vw, 1000px\" \/><\/a><\/div>\r\n\t\t<\/div><\/div>\n<\/div>\n<\/div>\n<\/div><\/div>\n","protected":false},"excerpt":{"rendered":"<p>Zgradbo na Glan\u010dniku, v kateri je danes urejen muzej, so leta 1928 zgradili angle\u0161ki lastniki rudnika. V pritli\u010dju in prvem nadstropju so se nahajali upravni prostori, v drugem nadstropju pa stanovanja za rudarske nadzornike. Muzejske zbirke vklju\u010dujejo zbirko mineralov z najbolj znanim in cenjenim mineralom wulfenitom, rudnin in fosilov ter jamomerske opreme. V enem izmed [&hellip;]<\/p>\n","protected":false},"author":1,"featured_media":101,"parent":0,"menu_order":19,"comment_status":"closed","ping_status":"closed","template":"","meta":{"_uag_custom_page_level_css":"","footnotes":""},"categories":[24],"tags":[],"uagb_featured_image_src":{"full":["https:\/\/www.podzemljepece.com\/wp-content\/uploads\/2021\/09\/rudarsko-stanovanje-scaled.jpg",2560,1704,false],"thumbnail":["https:\/\/www.podzemljepece.com\/wp-content\/uploads\/2021\/09\/rudarsko-stanovanje-150x150.jpg",150,150,true],"medium":["https:\/\/www.podzemljepece.com\/wp-content\/uploads\/2021\/09\/rudarsko-stanovanje-300x200.jpg",300,200,true],"medium_large":["https:\/\/www.podzemljepece.com\/wp-content\/uploads\/2021\/09\/rudarsko-stanovanje-768x511.jpg",768,511,true],"large":["https:\/\/www.podzemljepece.com\/wp-content\/uploads\/2021\/09\/rudarsko-stanovanje-1024x682.jpg",940,626,true],"1536x1536":["https:\/\/www.podzemljepece.com\/wp-content\/uploads\/2021\/09\/rudarsko-stanovanje-1536x1022.jpg",1536,1022,true],"2048x2048":["https:\/\/www.podzemljepece.com\/wp-content\/uploads\/2021\/09\/rudarsko-stanovanje-2048x1363.jpg",2048,1363,true],"port3":["https:\/\/www.podzemljepece.com\/wp-content\/uploads\/2021\/09\/rudarsko-stanovanje-600x600.jpg",600,600,true],"port3_grayscale":["https:\/\/www.podzemljepece.com\/wp-content\/uploads\/2021\/09\/rudarsko-stanovanje-627x470.jpg",627,470,true],"port2":["https:\/\/www.podzemljepece.com\/wp-content\/uploads\/2021\/09\/rudarsko-stanovanje-460x275.jpg",460,275,true],"port2_grayscale":["https:\/\/www.podzemljepece.com\/wp-content\/uploads\/2021\/09\/rudarsko-stanovanje-940x470.jpg",940,470,true],"port4":["https:\/\/www.podzemljepece.com\/wp-content\/uploads\/2021\/09\/rudarsko-stanovanje-600x600.jpg",600,600,true],"blog":["https:\/\/www.podzemljepece.com\/wp-content\/uploads\/2021\/09\/rudarsko-stanovanje-825x340.jpg",825,340,true],"alternate_blog":["https:\/\/www.podzemljepece.com\/wp-content\/uploads\/2021\/09\/rudarsko-stanovanje-440x195.jpg",440,195,true],"alternate_blog_side":["https:\/\/www.podzemljepece.com\/wp-content\/uploads\/2021\/09\/rudarsko-stanovanje-355x235.jpg",355,235,true],"blog_grid":["https:\/\/www.podzemljepece.com\/wp-content\/uploads\/2021\/09\/rudarsko-stanovanje-350x350.jpg",350,350,true],"staff":["https:\/\/www.podzemljepece.com\/wp-content\/uploads\/2021\/09\/rudarsko-stanovanje-400x270.jpg",400,270,true],"staff_full":["https:\/\/www.podzemljepece.com\/wp-content\/uploads\/2021\/09\/rudarsko-stanovanje-500x340.jpg",500,340,true]},"uagb_author_info":{"display_name":"admn","author_link":"https:\/\/www.podzemljepece.com\/?author=1"},"uagb_comment_info":0,"uagb_excerpt":"Zgradbo na Glan\u010dniku, v kateri je danes urejen muzej, so leta 1928 zgradili angle\u0161ki lastniki rudnika. V pritli\u010dju in prvem nadstropju so se nahajali upravni prostori, v drugem nadstropju pa stanovanja za rudarske nadzornike. Muzejske zbirke vklju\u010dujejo zbirko mineralov z najbolj znanim in cenjenim mineralom wulfenitom, rudnin in fosilov ter jamomerske opreme. V enem izmed&hellip;","_links":{"self":[{"href":"https:\/\/www.podzemljepece.com\/index.php?rest_route=\/wp\/v2\/pages\/640"}],"collection":[{"href":"https:\/\/www.podzemljepece.com\/index.php?rest_route=\/wp\/v2\/pages"}],"about":[{"href":"https:\/\/www.podzemljepece.com\/index.php?rest_route=\/wp\/v2\/types\/page"}],"author":[{"embeddable":true,"href":"https:\/\/www.podzemljepece.com\/index.php?rest_route=\/wp\/v2\/users\/1"}],"replies":[{"embeddable":true,"href":"https:\/\/www.podzemljepece.com\/index.php?rest_route=%2Fwp%2Fv2%2Fcomments&post=640"}],"version-history":[{"count":9,"href":"https:\/\/www.podzemljepece.com\/index.php?rest_route=\/wp\/v2\/pages\/640\/revisions"}],"predecessor-version":[{"id":1478,"href":"https:\/\/www.podzemljepece.com\/index.php?rest_route=\/wp\/v2\/pages\/640\/revisions\/1478"}],"wp:featuredmedia":[{"embeddable":true,"href":"https:\/\/www.podzemljepece.com\/index.php?rest_route=\/wp\/v2\/media\/101"}],"wp:attachment":[{"href":"https:\/\/www.podzemljepece.com\/index.php?rest_route=%2Fwp%2Fv2%2Fmedia&parent=640"}],"wp:term":[{"taxonomy":"category","embeddable":true,"href":"https:\/\/www.podzemljepece.com\/index.php?rest_route=%2Fwp%2Fv2%2Fcategories&post=640"},{"taxonomy":"post_tag","embeddable":true,"href":"https:\/\/www.podzemljepece.com\/index.php?rest_route=%2Fwp%2Fv2%2Ftags&post=640"}],"curies":[{"name":"wp","href":"https:\/\/api.w.org\/{rel}","templated":true}]}}