{"id":648,"date":"2023-01-27T17:26:41","date_gmt":"2023-01-27T17:26:41","guid":{"rendered":"http:\/\/new.podzemljepece.com\/?page_id=648"},"modified":"2023-03-22T11:53:01","modified_gmt":"2023-03-22T11:53:01","slug":"koncerti","status":"publish","type":"page","link":"https:\/\/www.podzemljepece.com\/?page_id=648&lang=sl","title":{"rendered":"KONCERTI"},"content":{"rendered":"\n<p>V avtenti\u010dno ohranjenem \u00bbfrlezcimru\u00ab, kjer so se ob prihodu na delo zbirali tudi rudarji, je urejen prostor namenjen razli\u010dnim kulturnim in zabavnim prireditvam. Med njimi ima \u017ee ve\u010d kot 20-letno tradicijo <strong>bo\u017ei\u010dno-novoletni koncert<\/strong>. V tem zanimivem okolju so se do sedaj predstavili: Hamo &amp; tribute 2 love, Dan D, Vlado Kreslin, Peter Lov\u0161in, Zoran Predin, Ana Pupedan, skupina Orlek, Katalena, Kontrabant, \u010compe, Samo \u0160alamon New Quartet, Matja\u017e Pikalo &amp; Autodafe, Quatrosax, Koro\u0161ki kvintet, Milan Kamnik, Adi Smolar, bobnar Mihail Parushev Mishka, The stroj Koro\u0161ki brass band&nbsp; in drugi.<\/p>\n\n\n\n<div class=\"wp-block-group uag-hide-mob\"><div class=\"wp-block-group__inner-container is-layout-flow wp-block-group-is-layout-flow\"><!-- Carousel Style & Script for  gallery-69e823ae6d395 -->\r\n\r\n<script type=\"text\/javascript\">\r\n\/\/ <![CDATA[\r\n\/* START --- Image Carousel --- *\/\r\n\r\njQuery(document).ready(function($) {\r\n\r\n    \r\n    $('.ghozylab-gallery img').each(function(i) {\r\n\r\n        $alt = $(this).attr('alt');\r\n\r\n        \/\/ Replace default title to more fancy :)\r\n        $(this).attr('alt', $alt.replace(\/-|_\/g, ' '));\r\n\r\n        $altnew = $(this).attr('alt').toLowerCase().replace(\/\\b[a-z]\/g, function(letter) {\r\n\r\n            return letter.toUpperCase();\r\n\r\n        });\r\n\r\n        $(this).attr('alt', $altnew);\r\n        \/\/ Compatibility with Zoom Lite Theme Image LazyLoad\r\n        $(this).removeAttr('data-lazy-src');\r\n\r\n    });\r\n\r\n    \r\n    $('#icppreloader-gallery-69e823ae6d395').fadeOut(300, function() {\r\n        $('#gallery-69e823ae6d395').fadeIn(300);\r\n        var slider69e823ae6d395 = $('#gallery-69e823ae6d395').bxSlider({\r\n            auto: true,\r\n            pause: 9000,\r\n            autoHover: true,\r\n            moveSlides: 3,\r\n            minSlides: 3,\r\n            maxSlides: 3,\r\n            slideWidth: 500,\r\n            slideMargin: 10,\r\n            startSlide: 0,\r\n            infiniteLoop: true,\r\n            captions: true,\r\n            captionsMode: 'alt',\r\n            adaptiveHeight: true,\r\n            useCSS: false,\r\n            pager: true,\r\n            easing: 'easeOutSine',\r\n            speed: 2500,\r\n            preloadImages: 'all',\r\n            onSlideBefore: function() {\r\n                                $('#gallery-69e823ae6d395 .bx-caption').slideUp();\r\n                            },\r\n            onSlideAfter: function($slideElement, oldIndex, newIndex) {\r\n                                slider69e823ae6d395.stopAuto();\r\n                slider69e823ae6d395.startAuto();\r\n                                $('#gallery-69e823ae6d395 .bx-caption').slideDown();\r\n                            }\r\n        });\r\n\r\n    });\r\n});\r\n\r\n\/* END --- Image Carousel --- *\/\r\n\r\n\/\/ ]]>\r\n<\/script>\r\n\r\n<style type=\"text\/css\">\r\n.markup-gallery-69e823ae6d395 .carousel-item img {width: 100%;margin: 0 auto;border:none !important;border-radius: 0px !important;box-shadow:none !important;}.markup-gallery-69e823ae6d395 .bx-controls-direction a {display: none;}.markup-gallery-69e823ae6d395 .bx-wrapper:hover .bx-controls-direction a {display: block;}.markup-gallery-69e823ae6d395 .bx-controls-direction a { display: block !important;}1<\/style>\r\n\r\n\n\t\t<div id='icppreloader-gallery-69e823ae6d395' class='icpsliderpreloader'><\/div><div class='markup-gallery-69e823ae6d395'><div style='display:none;' id='gallery-69e823ae6d395' class='ghozylab-gallery galleryid-648 gallery-size-full'><div class='carousel-item'><a   href='https:\/\/www.podzemljepece.com\/wp-content\/uploads\/2023\/03\/URS0734-Urosh-Grabner-min-1024x684.jpg'><img width=\"2560\" height=\"1709\" src=\"https:\/\/www.podzemljepece.com\/wp-content\/uploads\/2023\/03\/URS0734-Urosh-Grabner-min-scaled.jpg\" class=\"attachment-full size-full\" alt=\"Foto: Urosh Grabner\" decoding=\"async\" loading=\"lazy\" srcset=\"https:\/\/www.podzemljepece.com\/wp-content\/uploads\/2023\/03\/URS0734-Urosh-Grabner-min-scaled.jpg 2560w, https:\/\/www.podzemljepece.com\/wp-content\/uploads\/2023\/03\/URS0734-Urosh-Grabner-min-300x200.jpg 300w, https:\/\/www.podzemljepece.com\/wp-content\/uploads\/2023\/03\/URS0734-Urosh-Grabner-min-1024x684.jpg 1024w, https:\/\/www.podzemljepece.com\/wp-content\/uploads\/2023\/03\/URS0734-Urosh-Grabner-min-768x513.jpg 768w, https:\/\/www.podzemljepece.com\/wp-content\/uploads\/2023\/03\/URS0734-Urosh-Grabner-min-1536x1025.jpg 1536w, https:\/\/www.podzemljepece.com\/wp-content\/uploads\/2023\/03\/URS0734-Urosh-Grabner-min-2048x1367.jpg 2048w\" sizes=\"(max-width: 2560px) 100vw, 2560px\" \/><\/a><\/div><div class='carousel-item'><a   href='https:\/\/www.podzemljepece.com\/wp-content\/uploads\/2023\/03\/URS0726-a-Urosh-Grabner-min-1024x684.jpg'><img width=\"2560\" height=\"1709\" src=\"https:\/\/www.podzemljepece.com\/wp-content\/uploads\/2023\/03\/URS0726-a-Urosh-Grabner-min-scaled.jpg\" class=\"attachment-full size-full\" alt=\"Foto: Urosh Grabner\" decoding=\"async\" loading=\"lazy\" srcset=\"https:\/\/www.podzemljepece.com\/wp-content\/uploads\/2023\/03\/URS0726-a-Urosh-Grabner-min-scaled.jpg 2560w, https:\/\/www.podzemljepece.com\/wp-content\/uploads\/2023\/03\/URS0726-a-Urosh-Grabner-min-300x200.jpg 300w, https:\/\/www.podzemljepece.com\/wp-content\/uploads\/2023\/03\/URS0726-a-Urosh-Grabner-min-1024x684.jpg 1024w, https:\/\/www.podzemljepece.com\/wp-content\/uploads\/2023\/03\/URS0726-a-Urosh-Grabner-min-768x513.jpg 768w, https:\/\/www.podzemljepece.com\/wp-content\/uploads\/2023\/03\/URS0726-a-Urosh-Grabner-min-1536x1026.jpg 1536w, https:\/\/www.podzemljepece.com\/wp-content\/uploads\/2023\/03\/URS0726-a-Urosh-Grabner-min-2048x1367.jpg 2048w\" sizes=\"(max-width: 2560px) 100vw, 2560px\" \/><\/a><\/div><div class='carousel-item'><a   href='https:\/\/www.podzemljepece.com\/wp-content\/uploads\/2023\/03\/URS2431-a-min-1024x684.jpg'><img width=\"2560\" height=\"1709\" src=\"https:\/\/www.podzemljepece.com\/wp-content\/uploads\/2023\/03\/URS2431-a-min-scaled.jpg\" class=\"attachment-full size-full\" alt=\"Foto: Urosh Grabner\" decoding=\"async\" loading=\"lazy\" srcset=\"https:\/\/www.podzemljepece.com\/wp-content\/uploads\/2023\/03\/URS2431-a-min-scaled.jpg 2560w, https:\/\/www.podzemljepece.com\/wp-content\/uploads\/2023\/03\/URS2431-a-min-300x200.jpg 300w, https:\/\/www.podzemljepece.com\/wp-content\/uploads\/2023\/03\/URS2431-a-min-1024x684.jpg 1024w, https:\/\/www.podzemljepece.com\/wp-content\/uploads\/2023\/03\/URS2431-a-min-768x513.jpg 768w, https:\/\/www.podzemljepece.com\/wp-content\/uploads\/2023\/03\/URS2431-a-min-1536x1025.jpg 1536w, https:\/\/www.podzemljepece.com\/wp-content\/uploads\/2023\/03\/URS2431-a-min-2048x1367.jpg 2048w\" sizes=\"(max-width: 2560px) 100vw, 2560px\" \/><\/a><\/div><div class='carousel-item'><a   href='https:\/\/www.podzemljepece.com\/wp-content\/uploads\/2023\/03\/URS9082-Urosh-Grabner-1024x682.jpg'><img width=\"2000\" height=\"1333\" src=\"https:\/\/www.podzemljepece.com\/wp-content\/uploads\/2023\/03\/URS9082-Urosh-Grabner.jpg\" class=\"attachment-full size-full\" alt=\"Foto: Urosh Grabner\" decoding=\"async\" loading=\"lazy\" srcset=\"https:\/\/www.podzemljepece.com\/wp-content\/uploads\/2023\/03\/URS9082-Urosh-Grabner.jpg 2000w, https:\/\/www.podzemljepece.com\/wp-content\/uploads\/2023\/03\/URS9082-Urosh-Grabner-300x200.jpg 300w, https:\/\/www.podzemljepece.com\/wp-content\/uploads\/2023\/03\/URS9082-Urosh-Grabner-1024x682.jpg 1024w, https:\/\/www.podzemljepece.com\/wp-content\/uploads\/2023\/03\/URS9082-Urosh-Grabner-768x512.jpg 768w, https:\/\/www.podzemljepece.com\/wp-content\/uploads\/2023\/03\/URS9082-Urosh-Grabner-1536x1024.jpg 1536w\" sizes=\"(max-width: 2000px) 100vw, 2000px\" \/><\/a><\/div>\r\n\t\t<\/div><\/div>\n<\/div><\/div>\n\n\n\n<div class=\"wp-block-group uag-hide-desktop uag-hide-tab\"><div class=\"wp-block-group__inner-container is-layout-flow wp-block-group-is-layout-flow\"><!-- Carousel Style & Script for  gallery-69e823ae6f1f9 -->\r\n\r\n<script type=\"text\/javascript\">\r\n\/\/ <![CDATA[\r\n\/* START --- Image Carousel --- *\/\r\n\r\njQuery(document).ready(function($) {\r\n\r\n    \r\n    $('.ghozylab-gallery img').each(function(i) {\r\n\r\n        $alt = $(this).attr('alt');\r\n\r\n        \/\/ Replace default title to more fancy :)\r\n        $(this).attr('alt', $alt.replace(\/-|_\/g, ' '));\r\n\r\n        $altnew = $(this).attr('alt').toLowerCase().replace(\/\\b[a-z]\/g, function(letter) {\r\n\r\n            return letter.toUpperCase();\r\n\r\n        });\r\n\r\n        $(this).attr('alt', $altnew);\r\n        \/\/ Compatibility with Zoom Lite Theme Image LazyLoad\r\n        $(this).removeAttr('data-lazy-src');\r\n\r\n    });\r\n\r\n    \r\n    $('#icppreloader-gallery-69e823ae6f1f9').fadeOut(300, function() {\r\n        $('#gallery-69e823ae6f1f9').fadeIn(300);\r\n        var slider69e823ae6f1f9 = $('#gallery-69e823ae6f1f9').bxSlider({\r\n            auto: true,\r\n            pause: 9000,\r\n            autoHover: true,\r\n            moveSlides: 1,\r\n            minSlides: 1,\r\n            maxSlides: 1,\r\n            slideWidth: 500,\r\n            slideMargin: 10,\r\n            startSlide: 0,\r\n            infiniteLoop: true,\r\n            captions: true,\r\n            captionsMode: 'alt',\r\n            adaptiveHeight: true,\r\n            useCSS: false,\r\n            pager: true,\r\n            easing: 'easeOutSine',\r\n            speed: 2500,\r\n            preloadImages: 'all',\r\n            onSlideBefore: function() {\r\n                                $('#gallery-69e823ae6f1f9 .bx-caption').slideUp();\r\n                            },\r\n            onSlideAfter: function($slideElement, oldIndex, newIndex) {\r\n                                slider69e823ae6f1f9.stopAuto();\r\n                slider69e823ae6f1f9.startAuto();\r\n                                $('#gallery-69e823ae6f1f9 .bx-caption').slideDown();\r\n                            }\r\n        });\r\n\r\n    });\r\n});\r\n\r\n\/* END --- Image Carousel --- *\/\r\n\r\n\/\/ ]]>\r\n<\/script>\r\n\r\n<style type=\"text\/css\">\r\n.markup-gallery-69e823ae6f1f9 .carousel-item img {width: 100%;margin: 0 auto;border:none !important;border-radius: 0px !important;box-shadow:none !important;}.markup-gallery-69e823ae6f1f9 .bx-controls-direction a {display: none;}.markup-gallery-69e823ae6f1f9 .bx-wrapper:hover .bx-controls-direction a {display: block;}.markup-gallery-69e823ae6f1f9 .bx-controls-direction a { display: block !important;}1<\/style>\r\n\r\n\n\t\t<div id='icppreloader-gallery-69e823ae6f1f9' class='icpsliderpreloader'><\/div><div class='markup-gallery-69e823ae6f1f9'><div style='display:none;' id='gallery-69e823ae6f1f9' class='ghozylab-gallery galleryid-648 gallery-size-full'><div class='carousel-item'><a   href='https:\/\/www.podzemljepece.com\/wp-content\/uploads\/2023\/03\/URS0734-Urosh-Grabner-min-1024x684.jpg'><img width=\"2560\" height=\"1709\" src=\"https:\/\/www.podzemljepece.com\/wp-content\/uploads\/2023\/03\/URS0734-Urosh-Grabner-min-scaled.jpg\" class=\"attachment-full size-full\" alt=\"Foto: Urosh Grabner\" decoding=\"async\" loading=\"lazy\" srcset=\"https:\/\/www.podzemljepece.com\/wp-content\/uploads\/2023\/03\/URS0734-Urosh-Grabner-min-scaled.jpg 2560w, https:\/\/www.podzemljepece.com\/wp-content\/uploads\/2023\/03\/URS0734-Urosh-Grabner-min-300x200.jpg 300w, https:\/\/www.podzemljepece.com\/wp-content\/uploads\/2023\/03\/URS0734-Urosh-Grabner-min-1024x684.jpg 1024w, https:\/\/www.podzemljepece.com\/wp-content\/uploads\/2023\/03\/URS0734-Urosh-Grabner-min-768x513.jpg 768w, https:\/\/www.podzemljepece.com\/wp-content\/uploads\/2023\/03\/URS0734-Urosh-Grabner-min-1536x1025.jpg 1536w, https:\/\/www.podzemljepece.com\/wp-content\/uploads\/2023\/03\/URS0734-Urosh-Grabner-min-2048x1367.jpg 2048w\" sizes=\"(max-width: 2560px) 100vw, 2560px\" \/><\/a><\/div><div class='carousel-item'><a   href='https:\/\/www.podzemljepece.com\/wp-content\/uploads\/2023\/03\/URS0726-a-Urosh-Grabner-min-1024x684.jpg'><img width=\"2560\" height=\"1709\" src=\"https:\/\/www.podzemljepece.com\/wp-content\/uploads\/2023\/03\/URS0726-a-Urosh-Grabner-min-scaled.jpg\" class=\"attachment-full size-full\" alt=\"Foto: Urosh Grabner\" decoding=\"async\" loading=\"lazy\" srcset=\"https:\/\/www.podzemljepece.com\/wp-content\/uploads\/2023\/03\/URS0726-a-Urosh-Grabner-min-scaled.jpg 2560w, https:\/\/www.podzemljepece.com\/wp-content\/uploads\/2023\/03\/URS0726-a-Urosh-Grabner-min-300x200.jpg 300w, https:\/\/www.podzemljepece.com\/wp-content\/uploads\/2023\/03\/URS0726-a-Urosh-Grabner-min-1024x684.jpg 1024w, https:\/\/www.podzemljepece.com\/wp-content\/uploads\/2023\/03\/URS0726-a-Urosh-Grabner-min-768x513.jpg 768w, https:\/\/www.podzemljepece.com\/wp-content\/uploads\/2023\/03\/URS0726-a-Urosh-Grabner-min-1536x1026.jpg 1536w, https:\/\/www.podzemljepece.com\/wp-content\/uploads\/2023\/03\/URS0726-a-Urosh-Grabner-min-2048x1367.jpg 2048w\" sizes=\"(max-width: 2560px) 100vw, 2560px\" \/><\/a><\/div><div class='carousel-item'><a   href='https:\/\/www.podzemljepece.com\/wp-content\/uploads\/2023\/03\/URS2431-a-min-1024x684.jpg'><img width=\"2560\" height=\"1709\" src=\"https:\/\/www.podzemljepece.com\/wp-content\/uploads\/2023\/03\/URS2431-a-min-scaled.jpg\" class=\"attachment-full size-full\" alt=\"Foto: Urosh Grabner\" decoding=\"async\" loading=\"lazy\" srcset=\"https:\/\/www.podzemljepece.com\/wp-content\/uploads\/2023\/03\/URS2431-a-min-scaled.jpg 2560w, https:\/\/www.podzemljepece.com\/wp-content\/uploads\/2023\/03\/URS2431-a-min-300x200.jpg 300w, https:\/\/www.podzemljepece.com\/wp-content\/uploads\/2023\/03\/URS2431-a-min-1024x684.jpg 1024w, https:\/\/www.podzemljepece.com\/wp-content\/uploads\/2023\/03\/URS2431-a-min-768x513.jpg 768w, https:\/\/www.podzemljepece.com\/wp-content\/uploads\/2023\/03\/URS2431-a-min-1536x1025.jpg 1536w, https:\/\/www.podzemljepece.com\/wp-content\/uploads\/2023\/03\/URS2431-a-min-2048x1367.jpg 2048w\" sizes=\"(max-width: 2560px) 100vw, 2560px\" \/><\/a><\/div><div class='carousel-item'><a   href='https:\/\/www.podzemljepece.com\/wp-content\/uploads\/2023\/03\/URS9082-Urosh-Grabner-1024x682.jpg'><img width=\"2000\" height=\"1333\" src=\"https:\/\/www.podzemljepece.com\/wp-content\/uploads\/2023\/03\/URS9082-Urosh-Grabner.jpg\" class=\"attachment-full size-full\" alt=\"Foto: Urosh Grabner\" decoding=\"async\" loading=\"lazy\" srcset=\"https:\/\/www.podzemljepece.com\/wp-content\/uploads\/2023\/03\/URS9082-Urosh-Grabner.jpg 2000w, https:\/\/www.podzemljepece.com\/wp-content\/uploads\/2023\/03\/URS9082-Urosh-Grabner-300x200.jpg 300w, https:\/\/www.podzemljepece.com\/wp-content\/uploads\/2023\/03\/URS9082-Urosh-Grabner-1024x682.jpg 1024w, https:\/\/www.podzemljepece.com\/wp-content\/uploads\/2023\/03\/URS9082-Urosh-Grabner-768x512.jpg 768w, https:\/\/www.podzemljepece.com\/wp-content\/uploads\/2023\/03\/URS9082-Urosh-Grabner-1536x1024.jpg 1536w\" sizes=\"(max-width: 2000px) 100vw, 2000px\" \/><\/a><\/div>\r\n\t\t<\/div><\/div>\n<\/div><\/div>\n\n\n\n<p><\/p>\n","protected":false},"excerpt":{"rendered":"<p>V avtenti\u010dno ohranjenem \u00bbfrlezcimru\u00ab, kjer so se ob prihodu na delo zbirali tudi rudarji, je urejen prostor namenjen razli\u010dnim kulturnim in zabavnim prireditvam. Med njimi ima \u017ee ve\u010d kot 20-letno tradicijo bo\u017ei\u010dno-novoletni koncert. V tem zanimivem okolju so se do sedaj predstavili: Hamo &amp; tribute 2 love, Dan D, Vlado Kreslin, Peter Lov\u0161in, Zoran Predin, [&hellip;]<\/p>\n","protected":false},"author":1,"featured_media":916,"parent":0,"menu_order":140,"comment_status":"closed","ping_status":"closed","template":"","meta":{"_uag_custom_page_level_css":"","footnotes":""},"categories":[24],"tags":[],"uagb_featured_image_src":{"full":["https:\/\/www.podzemljepece.com\/wp-content\/uploads\/2023\/03\/URS0734-Urosh-Grabner-min-scaled.jpg",2560,1709,false],"thumbnail":["https:\/\/www.podzemljepece.com\/wp-content\/uploads\/2023\/03\/URS0734-Urosh-Grabner-min-150x150.jpg",150,150,true],"medium":["https:\/\/www.podzemljepece.com\/wp-content\/uploads\/2023\/03\/URS0734-Urosh-Grabner-min-300x200.jpg",300,200,true],"medium_large":["https:\/\/www.podzemljepece.com\/wp-content\/uploads\/2023\/03\/URS0734-Urosh-Grabner-min-768x513.jpg",768,513,true],"large":["https:\/\/www.podzemljepece.com\/wp-content\/uploads\/2023\/03\/URS0734-Urosh-Grabner-min-1024x684.jpg",940,628,true],"1536x1536":["https:\/\/www.podzemljepece.com\/wp-content\/uploads\/2023\/03\/URS0734-Urosh-Grabner-min-1536x1025.jpg",1536,1025,true],"2048x2048":["https:\/\/www.podzemljepece.com\/wp-content\/uploads\/2023\/03\/URS0734-Urosh-Grabner-min-2048x1367.jpg",2048,1367,true],"port3":["https:\/\/www.podzemljepece.com\/wp-content\/uploads\/2023\/03\/URS0734-Urosh-Grabner-min-600x600.jpg",600,600,true],"port3_grayscale":["https:\/\/www.podzemljepece.com\/wp-content\/uploads\/2023\/03\/URS0734-Urosh-Grabner-min-627x470.jpg",627,470,true],"port2":["https:\/\/www.podzemljepece.com\/wp-content\/uploads\/2023\/03\/URS0734-Urosh-Grabner-min-460x275.jpg",460,275,true],"port2_grayscale":["https:\/\/www.podzemljepece.com\/wp-content\/uploads\/2023\/03\/URS0734-Urosh-Grabner-min-940x470.jpg",940,470,true],"port4":["https:\/\/www.podzemljepece.com\/wp-content\/uploads\/2023\/03\/URS0734-Urosh-Grabner-min-600x600.jpg",600,600,true],"blog":["https:\/\/www.podzemljepece.com\/wp-content\/uploads\/2023\/03\/URS0734-Urosh-Grabner-min-825x340.jpg",825,340,true],"alternate_blog":["https:\/\/www.podzemljepece.com\/wp-content\/uploads\/2023\/03\/URS0734-Urosh-Grabner-min-440x195.jpg",440,195,true],"alternate_blog_side":["https:\/\/www.podzemljepece.com\/wp-content\/uploads\/2023\/03\/URS0734-Urosh-Grabner-min-355x235.jpg",355,235,true],"blog_grid":["https:\/\/www.podzemljepece.com\/wp-content\/uploads\/2023\/03\/URS0734-Urosh-Grabner-min-350x350.jpg",350,350,true],"staff":["https:\/\/www.podzemljepece.com\/wp-content\/uploads\/2023\/03\/URS0734-Urosh-Grabner-min-400x270.jpg",400,270,true],"staff_full":["https:\/\/www.podzemljepece.com\/wp-content\/uploads\/2023\/03\/URS0734-Urosh-Grabner-min-500x340.jpg",500,340,true]},"uagb_author_info":{"display_name":"admn","author_link":"https:\/\/www.podzemljepece.com\/?author=1"},"uagb_comment_info":0,"uagb_excerpt":"V avtenti\u010dno ohranjenem \u00bbfrlezcimru\u00ab, kjer so se ob prihodu na delo zbirali tudi rudarji, je urejen prostor namenjen razli\u010dnim kulturnim in zabavnim prireditvam. Med njimi ima \u017ee ve\u010d kot 20-letno tradicijo bo\u017ei\u010dno-novoletni koncert. V tem zanimivem okolju so se do sedaj predstavili: Hamo &amp; tribute 2 love, Dan D, Vlado Kreslin, Peter Lov\u0161in, Zoran Predin,&hellip;","_links":{"self":[{"href":"https:\/\/www.podzemljepece.com\/index.php?rest_route=\/wp\/v2\/pages\/648"}],"collection":[{"href":"https:\/\/www.podzemljepece.com\/index.php?rest_route=\/wp\/v2\/pages"}],"about":[{"href":"https:\/\/www.podzemljepece.com\/index.php?rest_route=\/wp\/v2\/types\/page"}],"author":[{"embeddable":true,"href":"https:\/\/www.podzemljepece.com\/index.php?rest_route=\/wp\/v2\/users\/1"}],"replies":[{"embeddable":true,"href":"https:\/\/www.podzemljepece.com\/index.php?rest_route=%2Fwp%2Fv2%2Fcomments&post=648"}],"version-history":[{"count":9,"href":"https:\/\/www.podzemljepece.com\/index.php?rest_route=\/wp\/v2\/pages\/648\/revisions"}],"predecessor-version":[{"id":1510,"href":"https:\/\/www.podzemljepece.com\/index.php?rest_route=\/wp\/v2\/pages\/648\/revisions\/1510"}],"wp:featuredmedia":[{"embeddable":true,"href":"https:\/\/www.podzemljepece.com\/index.php?rest_route=\/wp\/v2\/media\/916"}],"wp:attachment":[{"href":"https:\/\/www.podzemljepece.com\/index.php?rest_route=%2Fwp%2Fv2%2Fmedia&parent=648"}],"wp:term":[{"taxonomy":"category","embeddable":true,"href":"https:\/\/www.podzemljepece.com\/index.php?rest_route=%2Fwp%2Fv2%2Fcategories&post=648"},{"taxonomy":"post_tag","embeddable":true,"href":"https:\/\/www.podzemljepece.com\/index.php?rest_route=%2Fwp%2Fv2%2Ftags&post=648"}],"curies":[{"name":"wp","href":"https:\/\/api.w.org\/{rel}","templated":true}]}}