{"id":76,"date":"2021-08-27T11:14:11","date_gmt":"2021-08-27T11:14:11","guid":{"rendered":"http:\/\/new.podzemljepece.com\/?page_id=76"},"modified":"2023-03-22T12:22:36","modified_gmt":"2023-03-22T12:22:36","slug":"izobrazevanje","status":"publish","type":"page","link":"https:\/\/www.podzemljepece.com\/?page_id=76&lang=sl","title":{"rendered":"Izobra\u017eevanje"},"content":{"rendered":"<p>[vc_row][vc_column][vc_column_text]<\/p>\n<p>Rudnik in rudarska dedi\u0161\u010dina predstavljata zakladnico iz katere je mo\u010d \u010drpati nova spoznanja in osvetljevati pretekle dogodke. V sodelovanju z na\u0161im podjetjem so \u017ee nastale \u0161tevilne projektne, seminarske, raziskovalne, diplomske, magistrske in doktorske naloge, ki posegajo na podro\u010dje rudarstva, geologije, etnologije, zgodovine, varstva pri delu in pedagogike.<\/p>\n<p><strong>Poto\u010dnik Krajnc, Barbara, \u00a02021:<\/strong> Vsebnost slednih elementov v sfaleritu iz Pb-Zn rudi\u0161\u010da Me\u017eica (Magistrsko delo)<br \/>\n<a href=\"https:\/\/repozitorij.uni-lj.si\/IzpisGradiva.php?id=125397&amp;lang=slv\">https:\/\/repozitorij.uni-lj.si\/IzpisGradiva.php?id=125397&amp;lang=slv<\/a><\/p>\n<p><strong>Herlec, Uro\u0161 in Komar, Darja, 2015: <\/strong>Vir cinka in svinca za nastanek rudi\u0161\u010da Topla (Prispevek na konferenci)<\/p>\n<p><strong>Pungartnik, Tadej, 2014:<\/strong> Zaton helenskih knapov : rudarska skupnost v vasi Podpeca (Magistrsko delo)<\/p>\n<p><strong>Mavc, Miro, 2011:<\/strong> Hidrogeolo\u0161ka analiza vplivov poplavljanja rudnika svinca in cinka Me\u017eica na vodne vire (Diplomsko delo)<\/p>\n<p><strong>Komar, Darja, 2010:<\/strong> Inventar petrolo\u0161kih naravnih vrednot Geoparka Peca (Diplomsko delo)<\/p>\n<p><strong>Re\u010dnik, Aleksander, 2010:<\/strong> Minerali svin\u010devo-cinkovega rudi\u0161\u010da Me\u017eica (Monografija)<\/p>\n<p><strong>Pro\u0161t, Miran, 2010:<\/strong> Dokumentarno in arhivsko gradivo zapu\u0161\u010dina rudnika svinca in cinka Me\u017eica (Diplomsko delo)<\/p>\n<p><a href=\"https:\/\/repozitorij.uni-lj.si\/IzpisGradiva.php?id=21385&amp;lang=slv\">https:\/\/repozitorij.uni-lj.si\/IzpisGradiva.php?id=21385&amp;lang=slv<\/a><\/p>\n<p><strong>Pe\u010dovnik, Bla\u017e, 2006:<\/strong> Pregled razvoja slu\u017ebe za varstvo pri delu rudnika svinca in cinka Me\u017eica med leti 1965 in 2000 z analizo nezgod pri delu in analizo kon\u010dne sanacije rudnika (Diplomsko delo)<\/p>\n<p><strong>Pungartnik, Tadej, 2005:<\/strong> Helenski knapi : \u017eivljenje rudarskih dru\u017ein v Podpeci od srede 19. stoletja do konca druge svetovne vojne (Diplomsko delo)<\/p>\n<p><strong>Ur\u0161i\u010d, Klavdija, 2005:<\/strong> Analiza zapiranja in likvidacije rudnika (Diplomsko delo)<\/p>\n<p><strong>Gre\u0161ovnik, Gordana, 2004:<\/strong> U\u010dna pot s kolesi skozi rudnik (Diplomsko delo)<\/p>\n<p><strong>Pungartnik, Tadej, 2003:<\/strong> Kova\u010di pri rudniku Me\u017eica : model za preureditev kova\u010dnice v muzejske in turisti\u010dne namene (Seminarska naloga)<\/p>\n<p><strong>Raj\u0161ter, Brigita, 2003:<\/strong> Knapov\u0161ka ko\u0161ta: Prehrana in prehrambena kultura rudarjev me\u017ei\u0161kega rudnika v 20. stoletju (Monografija)<\/p>\n<p><strong>Jer\u0161ek, Miha, 2003:<\/strong> Zna\u010dilnosti in razmere pri nastanku nekaterih rudnih in jalovinskih mineralov v oksidacijski coni me\u017ei\u0161kih rudi\u0161\u010d (Doktorska disertacija)<\/p>\n<p><strong>Fajmut, Andrejka, 2002: <\/strong>Podzemlje Pece, u\u010dna pot (Diplomsko delo)<\/p>\n<p>&nbsp;<\/p>\n<p>[\/vc_column_text][\/vc_column][\/vc_row]<\/p>\n","protected":false},"excerpt":{"rendered":"<p>[vc_row][vc_column][vc_column_text] Rudnik in rudarska dedi\u0161\u010dina predstavljata zakladnico iz katere je mo\u010d \u010drpati nova spoznanja in osvetljevati pretekle dogodke. V sodelovanju z na\u0161im podjetjem so \u017ee nastale \u0161tevilne projektne, seminarske, raziskovalne, diplomske, magistrske in doktorske naloge, ki posegajo na podro\u010dje rudarstva, geologije, etnologije, zgodovine, varstva pri delu in pedagogike. Poto\u010dnik Krajnc, Barbara, \u00a02021: Vsebnost slednih elementov [&hellip;]<\/p>\n","protected":false},"author":1,"featured_media":0,"parent":0,"menu_order":0,"comment_status":"closed","ping_status":"closed","template":"","meta":{"_uag_custom_page_level_css":"","footnotes":""},"categories":[],"tags":[],"uagb_featured_image_src":{"full":false,"thumbnail":false,"medium":false,"medium_large":false,"large":false,"1536x1536":false,"2048x2048":false,"port3":false,"port3_grayscale":false,"port2":false,"port2_grayscale":false,"port4":false,"blog":false,"alternate_blog":false,"alternate_blog_side":false,"blog_grid":false,"staff":false,"staff_full":false},"uagb_author_info":{"display_name":"admn","author_link":"https:\/\/www.podzemljepece.com\/?author=1"},"uagb_comment_info":0,"uagb_excerpt":"[vc_row][vc_column][vc_column_text] Rudnik in rudarska dedi\u0161\u010dina predstavljata zakladnico iz katere je mo\u010d \u010drpati nova spoznanja in osvetljevati pretekle dogodke. V sodelovanju z na\u0161im podjetjem so \u017ee nastale \u0161tevilne projektne, seminarske, raziskovalne, diplomske, magistrske in doktorske naloge, ki posegajo na podro\u010dje rudarstva, geologije, etnologije, zgodovine, varstva pri delu in pedagogike. Poto\u010dnik Krajnc, Barbara, \u00a02021: Vsebnost slednih elementov&hellip;","_links":{"self":[{"href":"https:\/\/www.podzemljepece.com\/index.php?rest_route=\/wp\/v2\/pages\/76"}],"collection":[{"href":"https:\/\/www.podzemljepece.com\/index.php?rest_route=\/wp\/v2\/pages"}],"about":[{"href":"https:\/\/www.podzemljepece.com\/index.php?rest_route=\/wp\/v2\/types\/page"}],"author":[{"embeddable":true,"href":"https:\/\/www.podzemljepece.com\/index.php?rest_route=\/wp\/v2\/users\/1"}],"replies":[{"embeddable":true,"href":"https:\/\/www.podzemljepece.com\/index.php?rest_route=%2Fwp%2Fv2%2Fcomments&post=76"}],"version-history":[{"count":3,"href":"https:\/\/www.podzemljepece.com\/index.php?rest_route=\/wp\/v2\/pages\/76\/revisions"}],"predecessor-version":[{"id":1609,"href":"https:\/\/www.podzemljepece.com\/index.php?rest_route=\/wp\/v2\/pages\/76\/revisions\/1609"}],"wp:attachment":[{"href":"https:\/\/www.podzemljepece.com\/index.php?rest_route=%2Fwp%2Fv2%2Fmedia&parent=76"}],"wp:term":[{"taxonomy":"category","embeddable":true,"href":"https:\/\/www.podzemljepece.com\/index.php?rest_route=%2Fwp%2Fv2%2Fcategories&post=76"},{"taxonomy":"post_tag","embeddable":true,"href":"https:\/\/www.podzemljepece.com\/index.php?rest_route=%2Fwp%2Fv2%2Ftags&post=76"}],"curies":[{"name":"wp","href":"https:\/\/api.w.org\/{rel}","templated":true}]}}