{"id":78,"date":"2021-08-27T11:18:03","date_gmt":"2021-08-27T11:18:03","guid":{"rendered":"http:\/\/new.podzemljepece.com\/?page_id=78"},"modified":"2023-03-16T08:43:13","modified_gmt":"2023-03-16T08:43:13","slug":"delavnice-za-otroke","status":"publish","type":"page","link":"https:\/\/www.podzemljepece.com\/?page_id=78&lang=sl","title":{"rendered":"IZOBRA\u017dEVALNE DELAVNICE"},"content":{"rendered":"\n<p class=\"has-vivid-red-color has-text-color\"><strong><a href=\"http:\/\/geopark.si\/UserFiles\/Image\/zabavno,poucno-napis.jpg\">ZABAVNO,&nbsp;POU\u010cNO,&nbsp;NI\u010c MU\u010cNO&nbsp;<\/a><\/strong><\/p>\n\n\n\n<p>V Podzemlju Pece in Geoparku Karavanke se u\u010dimo na zabaven na\u010din. Zato smo sklop izobra\u017eevalnih aktivnosti poimenovali&nbsp;<strong>Zabavno, pou\u010dno, ni\u010d mu\u010dno<\/strong>.<\/p>\n\n\n\n<p>Izobra\u017eevalne delavnice so namenjene razli\u010dnim starostnim skupinam otrok in mladostnikov.<\/p>\n\n\n\n<p><strong>GEO-DOGODIV\u0160\u010cINE \u2013 delavnice za najmlaj\u0161e v vrtcih in 1. triado osnovne \u0161ole<\/strong><\/p>\n\n\n\n<p>Otroci na izobra\u017eevalnih delavnicah skozi igro spoznavajo geologijo in geolo\u0161ke posebnosti Karavanke UNESCO Globalnega Geoparka. S tem razvijajo pozitiven odnos do te dedi\u0161\u010dine in tako dolgoro\u010dno doprinesejo k njenemu ohranjanju.<\/p>\n\n\n\n<p><strong>SKRIVNOSTNI SVET KAMNIN MINERALOV IN FOSILOV \u2013 delavnice za u\u010dence 2. in 3. triade osnovne \u0161ole in&nbsp;srednje\u0161olce<\/strong><\/p>\n\n\n\n<p>Otroci in dijaki predvsem skozi izkustva na prakti\u010dnih primerih nalog razvijajo pozitiven odnos do geolo\u0161ke dedi\u0161\u010dine. V okviru delavnice se otrokom pribli\u017ea delo terenskega geologa, predstavijo osnove petrologije, mineralogije, paleontologije, hidrogeologije, s so\u010dasnim poudarkom na varstvu narave in geolo\u0161ki dedi\u0161\u010dini.<\/p>\n\n\n\n<p>Priporo\u010damo izvedbo delavnic skupaj z ogledom Podzemlja Pece in muzejskih zbirk. Delavnice so primerne za izvedbo v okviru naravoslovnih, projektnih, tehni\u010dnih dni.<\/p>\n\n\n<!-- Carousel Style & Script for  gallery-69e7afa8b07b8 -->\r\n\r\n<script type=\"text\/javascript\">\r\n\/\/ <![CDATA[\r\n\/* START --- Image Carousel --- *\/\r\n\r\njQuery(document).ready(function($) {\r\n\r\n    \r\n    $('.ghozylab-gallery img').each(function(i) {\r\n\r\n        $alt = $(this).attr('alt');\r\n\r\n        \/\/ Replace default title to more fancy :)\r\n        $(this).attr('alt', $alt.replace(\/-|_\/g, ' '));\r\n\r\n        $altnew = $(this).attr('alt').toLowerCase().replace(\/\\b[a-z]\/g, function(letter) {\r\n\r\n            return letter.toUpperCase();\r\n\r\n        });\r\n\r\n        $(this).attr('alt', $altnew);\r\n        \/\/ Compatibility with Zoom Lite Theme Image LazyLoad\r\n        $(this).removeAttr('data-lazy-src');\r\n\r\n    });\r\n\r\n    \r\n    $('#icppreloader-gallery-69e7afa8b07b8').fadeOut(300, function() {\r\n        $('#gallery-69e7afa8b07b8').fadeIn(300);\r\n        var slider69e7afa8b07b8 = $('#gallery-69e7afa8b07b8').bxSlider({\r\n            auto: true,\r\n            pause: 9000,\r\n            autoHover: true,\r\n            moveSlides: 3,\r\n            minSlides: 3,\r\n            maxSlides: 3,\r\n            slideWidth: 500,\r\n            slideMargin: 10,\r\n            startSlide: 0,\r\n            infiniteLoop: true,\r\n            captions: true,\r\n            captionsMode: 'alt',\r\n            adaptiveHeight: true,\r\n            useCSS: false,\r\n            pager: true,\r\n            easing: 'easeOutSine',\r\n            speed: 2500,\r\n            preloadImages: 'all',\r\n            onSlideBefore: function() {\r\n                                $('#gallery-69e7afa8b07b8 .bx-caption').slideUp();\r\n                            },\r\n            onSlideAfter: function($slideElement, oldIndex, newIndex) {\r\n                                slider69e7afa8b07b8.stopAuto();\r\n                slider69e7afa8b07b8.startAuto();\r\n                                $('#gallery-69e7afa8b07b8 .bx-caption').slideDown();\r\n                            }\r\n        });\r\n\r\n    });\r\n});\r\n\r\n\/* END --- Image Carousel --- *\/\r\n\r\n\/\/ ]]>\r\n<\/script>\r\n\r\n<style type=\"text\/css\">\r\n.markup-gallery-69e7afa8b07b8 .carousel-item img {width: 100%;margin: 0 auto;border:none !important;border-radius: 0px !important;box-shadow:none !important;}.markup-gallery-69e7afa8b07b8 .bx-controls-direction a {display: none;}.markup-gallery-69e7afa8b07b8 .bx-wrapper:hover .bx-controls-direction a {display: block;}.markup-gallery-69e7afa8b07b8 .bx-controls-direction a { display: block !important;}1<\/style>\r\n\r\n\n\t\t<div id='icppreloader-gallery-69e7afa8b07b8' class='icpsliderpreloader'><\/div><div class='markup-gallery-69e7afa8b07b8'><div style='display:none;' id='gallery-69e7afa8b07b8' class='ghozylab-gallery galleryid-78 gallery-size-full'><div class='carousel-item'><a   href='https:\/\/www.podzemljepece.com\/wp-content\/uploads\/2023\/03\/Rudnik-Mezica-10-min-1024x682.jpg'><img width=\"2560\" height=\"1704\" src=\"https:\/\/www.podzemljepece.com\/wp-content\/uploads\/2023\/03\/Rudnik-Mezica-10-min-scaled.jpg\" class=\"attachment-full size-full\" alt=\"\" decoding=\"async\" loading=\"lazy\" srcset=\"https:\/\/www.podzemljepece.com\/wp-content\/uploads\/2023\/03\/Rudnik-Mezica-10-min-scaled.jpg 2560w, https:\/\/www.podzemljepece.com\/wp-content\/uploads\/2023\/03\/Rudnik-Mezica-10-min-300x200.jpg 300w, https:\/\/www.podzemljepece.com\/wp-content\/uploads\/2023\/03\/Rudnik-Mezica-10-min-1024x682.jpg 1024w, https:\/\/www.podzemljepece.com\/wp-content\/uploads\/2023\/03\/Rudnik-Mezica-10-min-768x511.jpg 768w, https:\/\/www.podzemljepece.com\/wp-content\/uploads\/2023\/03\/Rudnik-Mezica-10-min-1536x1022.jpg 1536w, https:\/\/www.podzemljepece.com\/wp-content\/uploads\/2023\/03\/Rudnik-Mezica-10-min-2048x1363.jpg 2048w, https:\/\/www.podzemljepece.com\/wp-content\/uploads\/2023\/03\/Rudnik-Mezica-10-min-355x235.jpg 355w\" sizes=\"(max-width: 2560px) 100vw, 2560px\" \/><\/a><\/div><div class='carousel-item'><a   href='https:\/\/www.podzemljepece.com\/wp-content\/uploads\/2023\/03\/IMG_6790-min-1024x683.jpg'><img width=\"2560\" height=\"1707\" src=\"https:\/\/www.podzemljepece.com\/wp-content\/uploads\/2023\/03\/IMG_6790-min-scaled.jpg\" class=\"attachment-full size-full\" alt=\"\" decoding=\"async\" loading=\"lazy\" srcset=\"https:\/\/www.podzemljepece.com\/wp-content\/uploads\/2023\/03\/IMG_6790-min-scaled.jpg 2560w, https:\/\/www.podzemljepece.com\/wp-content\/uploads\/2023\/03\/IMG_6790-min-300x200.jpg 300w, https:\/\/www.podzemljepece.com\/wp-content\/uploads\/2023\/03\/IMG_6790-min-1024x683.jpg 1024w, https:\/\/www.podzemljepece.com\/wp-content\/uploads\/2023\/03\/IMG_6790-min-768x512.jpg 768w, https:\/\/www.podzemljepece.com\/wp-content\/uploads\/2023\/03\/IMG_6790-min-1536x1024.jpg 1536w, https:\/\/www.podzemljepece.com\/wp-content\/uploads\/2023\/03\/IMG_6790-min-2048x1365.jpg 2048w\" sizes=\"(max-width: 2560px) 100vw, 2560px\" \/><\/a><\/div><div class='carousel-item'><a   href='https:\/\/www.podzemljepece.com\/wp-content\/uploads\/2023\/03\/IMG_6813-1024x683.jpg'><img width=\"2560\" height=\"1707\" src=\"https:\/\/www.podzemljepece.com\/wp-content\/uploads\/2023\/03\/IMG_6813-scaled.jpg\" class=\"attachment-full size-full\" alt=\"\" decoding=\"async\" loading=\"lazy\" srcset=\"https:\/\/www.podzemljepece.com\/wp-content\/uploads\/2023\/03\/IMG_6813-scaled.jpg 2560w, https:\/\/www.podzemljepece.com\/wp-content\/uploads\/2023\/03\/IMG_6813-300x200.jpg 300w, https:\/\/www.podzemljepece.com\/wp-content\/uploads\/2023\/03\/IMG_6813-1024x683.jpg 1024w, https:\/\/www.podzemljepece.com\/wp-content\/uploads\/2023\/03\/IMG_6813-768x512.jpg 768w, https:\/\/www.podzemljepece.com\/wp-content\/uploads\/2023\/03\/IMG_6813-1536x1024.jpg 1536w, https:\/\/www.podzemljepece.com\/wp-content\/uploads\/2023\/03\/IMG_6813-2048x1365.jpg 2048w\" sizes=\"(max-width: 2560px) 100vw, 2560px\" \/><\/a><\/div><div class='carousel-item'><a   href='https:\/\/www.podzemljepece.com\/wp-content\/uploads\/2023\/03\/IMG_6812-1024x683.jpg'><img width=\"2560\" height=\"1707\" src=\"https:\/\/www.podzemljepece.com\/wp-content\/uploads\/2023\/03\/IMG_6812-scaled.jpg\" class=\"attachment-full size-full\" alt=\"\" decoding=\"async\" loading=\"lazy\" srcset=\"https:\/\/www.podzemljepece.com\/wp-content\/uploads\/2023\/03\/IMG_6812-scaled.jpg 2560w, https:\/\/www.podzemljepece.com\/wp-content\/uploads\/2023\/03\/IMG_6812-300x200.jpg 300w, https:\/\/www.podzemljepece.com\/wp-content\/uploads\/2023\/03\/IMG_6812-1024x683.jpg 1024w, https:\/\/www.podzemljepece.com\/wp-content\/uploads\/2023\/03\/IMG_6812-768x512.jpg 768w, https:\/\/www.podzemljepece.com\/wp-content\/uploads\/2023\/03\/IMG_6812-1536x1024.jpg 1536w, https:\/\/www.podzemljepece.com\/wp-content\/uploads\/2023\/03\/IMG_6812-2048x1365.jpg 2048w\" sizes=\"(max-width: 2560px) 100vw, 2560px\" \/><\/a><\/div>\r\n\t\t<\/div><\/div>\n","protected":false},"excerpt":{"rendered":"<p>ZABAVNO,&nbsp;POU\u010cNO,&nbsp;NI\u010c MU\u010cNO&nbsp; V Podzemlju Pece in Geoparku Karavanke se u\u010dimo na zabaven na\u010din. Zato smo sklop izobra\u017eevalnih aktivnosti poimenovali&nbsp;Zabavno, pou\u010dno, ni\u010d mu\u010dno. Izobra\u017eevalne delavnice so namenjene razli\u010dnim starostnim skupinam otrok in mladostnikov. GEO-DOGODIV\u0160\u010cINE \u2013 delavnice za najmlaj\u0161e v vrtcih in 1. triado osnovne \u0161ole Otroci na izobra\u017eevalnih delavnicah skozi igro spoznavajo geologijo in geolo\u0161ke posebnosti [&hellip;]<\/p>\n","protected":false},"author":1,"featured_media":0,"parent":0,"menu_order":0,"comment_status":"closed","ping_status":"closed","template":"","meta":{"_uag_custom_page_level_css":"","footnotes":""},"categories":[],"tags":[],"uagb_featured_image_src":{"full":false,"thumbnail":false,"medium":false,"medium_large":false,"large":false,"1536x1536":false,"2048x2048":false,"port3":false,"port3_grayscale":false,"port2":false,"port2_grayscale":false,"port4":false,"blog":false,"alternate_blog":false,"alternate_blog_side":false,"blog_grid":false,"staff":false,"staff_full":false},"uagb_author_info":{"display_name":"admn","author_link":"https:\/\/www.podzemljepece.com\/?author=1"},"uagb_comment_info":0,"uagb_excerpt":"ZABAVNO,&nbsp;POU\u010cNO,&nbsp;NI\u010c MU\u010cNO&nbsp; V Podzemlju Pece in Geoparku Karavanke se u\u010dimo na zabaven na\u010din. Zato smo sklop izobra\u017eevalnih aktivnosti poimenovali&nbsp;Zabavno, pou\u010dno, ni\u010d mu\u010dno. Izobra\u017eevalne delavnice so namenjene razli\u010dnim starostnim skupinam otrok in mladostnikov. GEO-DOGODIV\u0160\u010cINE \u2013 delavnice za najmlaj\u0161e v vrtcih in 1. triado osnovne \u0161ole Otroci na izobra\u017eevalnih delavnicah skozi igro spoznavajo geologijo in geolo\u0161ke posebnosti&hellip;","_links":{"self":[{"href":"https:\/\/www.podzemljepece.com\/index.php?rest_route=\/wp\/v2\/pages\/78"}],"collection":[{"href":"https:\/\/www.podzemljepece.com\/index.php?rest_route=\/wp\/v2\/pages"}],"about":[{"href":"https:\/\/www.podzemljepece.com\/index.php?rest_route=\/wp\/v2\/types\/page"}],"author":[{"embeddable":true,"href":"https:\/\/www.podzemljepece.com\/index.php?rest_route=\/wp\/v2\/users\/1"}],"replies":[{"embeddable":true,"href":"https:\/\/www.podzemljepece.com\/index.php?rest_route=%2Fwp%2Fv2%2Fcomments&post=78"}],"version-history":[{"count":6,"href":"https:\/\/www.podzemljepece.com\/index.php?rest_route=\/wp\/v2\/pages\/78\/revisions"}],"predecessor-version":[{"id":1233,"href":"https:\/\/www.podzemljepece.com\/index.php?rest_route=\/wp\/v2\/pages\/78\/revisions\/1233"}],"wp:attachment":[{"href":"https:\/\/www.podzemljepece.com\/index.php?rest_route=%2Fwp%2Fv2%2Fmedia&parent=78"}],"wp:term":[{"taxonomy":"category","embeddable":true,"href":"https:\/\/www.podzemljepece.com\/index.php?rest_route=%2Fwp%2Fv2%2Fcategories&post=78"},{"taxonomy":"post_tag","embeddable":true,"href":"https:\/\/www.podzemljepece.com\/index.php?rest_route=%2Fwp%2Fv2%2Ftags&post=78"}],"curies":[{"name":"wp","href":"https:\/\/api.w.org\/{rel}","templated":true}]}}