{"id":80,"date":"2021-08-27T11:20:16","date_gmt":"2021-08-27T11:20:16","guid":{"rendered":"http:\/\/new.podzemljepece.com\/?page_id=80"},"modified":"2025-07-09T09:21:56","modified_gmt":"2025-07-09T09:21:56","slug":"odpiralni-cas","status":"publish","type":"page","link":"https:\/\/www.podzemljepece.com\/?page_id=80&lang=sl","title":{"rendered":"Odpiralni \u010das"},"content":{"rendered":"\n<p>Muzej je odprt od torka do nedelje od 9.00 do 15.00 ure oz. v \u010dasu dogovorjenih ogledov.&nbsp;<strong>Ob ponedeljkih zaprto.<\/strong><\/p>\n\n\n\n<p><strong>Za ogled rudnika z vlakom:<\/strong> ob&nbsp;<strong>9:00, 11:00, 13:00 in 15:00 (za skupine nad 10 oseb).<\/strong> Posamezniki in dru\u017eine se lahko priklju\u010dijo h kateri od \u017ee formiranih skupin.<br><br><strong>Za ogled rudnika s kolesom<\/strong>: ob&nbsp;<strong>10:00<\/strong>&nbsp;in&nbsp;<strong>14:00<\/strong>&nbsp;(minimalno 2 osebi)<br><br><strong>Za ogled rudnika s kajakom<\/strong> ob&nbsp;<strong>9:00<\/strong>&nbsp;in&nbsp;<strong>11:00<\/strong>&nbsp;(minimalno 2 osebi)<br><br><strong>Black Hole Trail<\/strong>: samo&nbsp;po predhodnem dogovoru<\/p>\n\n\n\n<p><strong>INFORMACIJE IN REZERVACIJE OGLEDOV:<\/strong><br>Za rezervacije in dodatna vpra\u0161anja smo vam na voljo vsak dan od 9. do 15. ure.&nbsp;<br><strong>tel: (02) 87 00 180<\/strong>&nbsp;ali&nbsp;<strong>e-mail:&nbsp;<\/strong><a href=\"mailto:info@podzemljepece.com\"><strong>info@podzemljepece.com<\/strong><\/a><strong>&nbsp;<\/strong><\/p>\n","protected":false},"excerpt":{"rendered":"<p>Muzej je odprt od torka do nedelje od 9.00 do 15.00 ure oz. v \u010dasu dogovorjenih ogledov.&nbsp;Ob ponedeljkih zaprto. Za ogled rudnika z vlakom: ob&nbsp;9:00, 11:00, 13:00 in 15:00 (za skupine nad 10 oseb). Posamezniki in dru\u017eine se lahko priklju\u010dijo h kateri od \u017ee formiranih skupin. Za ogled rudnika s kolesom: ob&nbsp;10:00&nbsp;in&nbsp;14:00&nbsp;(minimalno 2 osebi) Za [&hellip;]<\/p>\n","protected":false},"author":1,"featured_media":0,"parent":0,"menu_order":0,"comment_status":"closed","ping_status":"closed","template":"","meta":{"_uag_custom_page_level_css":"","footnotes":""},"categories":[],"tags":[],"uagb_featured_image_src":{"full":false,"thumbnail":false,"medium":false,"medium_large":false,"large":false,"1536x1536":false,"2048x2048":false,"port3":false,"port3_grayscale":false,"port2":false,"port2_grayscale":false,"port4":false,"blog":false,"alternate_blog":false,"alternate_blog_side":false,"blog_grid":false,"staff":false,"staff_full":false},"uagb_author_info":{"display_name":"admn","author_link":"https:\/\/www.podzemljepece.com\/?author=1"},"uagb_comment_info":0,"uagb_excerpt":"Muzej je odprt od torka do nedelje od 9.00 do 15.00 ure oz. v \u010dasu dogovorjenih ogledov.&nbsp;Ob ponedeljkih zaprto. Za ogled rudnika z vlakom: ob&nbsp;9:00, 11:00, 13:00 in 15:00 (za skupine nad 10 oseb). Posamezniki in dru\u017eine se lahko priklju\u010dijo h kateri od \u017ee formiranih skupin. Za ogled rudnika s kolesom: ob&nbsp;10:00&nbsp;in&nbsp;14:00&nbsp;(minimalno 2 osebi) Za&hellip;","_links":{"self":[{"href":"https:\/\/www.podzemljepece.com\/index.php?rest_route=\/wp\/v2\/pages\/80"}],"collection":[{"href":"https:\/\/www.podzemljepece.com\/index.php?rest_route=\/wp\/v2\/pages"}],"about":[{"href":"https:\/\/www.podzemljepece.com\/index.php?rest_route=\/wp\/v2\/types\/page"}],"author":[{"embeddable":true,"href":"https:\/\/www.podzemljepece.com\/index.php?rest_route=\/wp\/v2\/users\/1"}],"replies":[{"embeddable":true,"href":"https:\/\/www.podzemljepece.com\/index.php?rest_route=%2Fwp%2Fv2%2Fcomments&post=80"}],"version-history":[{"count":24,"href":"https:\/\/www.podzemljepece.com\/index.php?rest_route=\/wp\/v2\/pages\/80\/revisions"}],"predecessor-version":[{"id":3059,"href":"https:\/\/www.podzemljepece.com\/index.php?rest_route=\/wp\/v2\/pages\/80\/revisions\/3059"}],"wp:attachment":[{"href":"https:\/\/www.podzemljepece.com\/index.php?rest_route=%2Fwp%2Fv2%2Fmedia&parent=80"}],"wp:term":[{"taxonomy":"category","embeddable":true,"href":"https:\/\/www.podzemljepece.com\/index.php?rest_route=%2Fwp%2Fv2%2Fcategories&post=80"},{"taxonomy":"post_tag","embeddable":true,"href":"https:\/\/www.podzemljepece.com\/index.php?rest_route=%2Fwp%2Fv2%2Ftags&post=80"}],"curies":[{"name":"wp","href":"https:\/\/api.w.org\/{rel}","templated":true}]}}