{"id":939,"date":"2023-03-03T11:18:07","date_gmt":"2023-03-03T11:18:07","guid":{"rendered":"http:\/\/new.podzemljepece.com\/?page_id=939"},"modified":"2023-03-22T13:11:27","modified_gmt":"2023-03-22T13:11:27","slug":"naturegame","status":"publish","type":"page","link":"https:\/\/www.podzemljepece.com\/?page_id=939&lang=sl","title":{"rendered":"NATUREGAME"},"content":{"rendered":"\n<p>Prostor Pece obsega senzibilno in zanimivo geodiverziteto v sredi\u0161\u010du Geoparka Karavanke. Ob\u010dutljivi naravni prostori, okoljske teme in klimatske spremembe so za prebivalstvo, v smislu ob\u0161irne senzibilizacije v vsakdanu te\u017eko dostopne. Prav tako bo imel trend medijskega digitalnega razvedrila vedno ve\u010dji vpliv, kar predvsem pri otrocih in mladostnikih vodi do zmanj\u0161anega obsega gibanja. Ta projekt bo pomembno prispeval k izbolj\u0161anju obeh pred tem imenovanih aspektov, v \u010dezmejni do\u017eivljajskem prostoru gore Pece. Na igriv, atraktiven na\u010din bo posredovana raznolika geodiverziteta tega prostora in njena povezava z globalnimi temami. Nadrejen projektni cilj je skozi atraktivno ponudbeno strukturo na podro\u010dju \u201cnaravnega in geo do\u017eivetja\u201d okrepiti ob\u010dutljivost za naravne danosti v povezavi z atraktivnimi \u201crekreacijskimi ponudbami\u201d in s tem omogo\u010diti dostop \u0161ir\u0161i javnosti. Mre\u017ea do\u017eivljajskih ponudb, pri katerih lahko posameznik izkusi geodiverziteto, okolje na igriv na\u010din in se na igriv na\u010din v njej giblje, bo kot glavni neposredni u\u010dinek poudarjala pomen Geoparka Karavanke. Pri tem bodo ob\u010dutljiva obmo\u010dja (Natura2000) zavedno izklju\u010dena iz uporabe, vsebine teh pa bodo posredovane na primernih krajih v neposredni bli\u017eini. Geodiverziteta in njene vsebine, kot tudi potreba po prosto\u010dasnih aktivnostih v naravi, se ne kon\u010dajo na nacionalnih mejah. Rezultati morajo biti na voljo \u0161ir\u0161i javnosti. To bo zasledovalo cilj, ne preko podpornih polo\u017eajev za\u0161\u010dititi obmo\u010dje, ampak preko prostorsko usmerjenega kori\u0161\u010denja in intenzivne izgradnje zavesti. Celotna s tem ustvarjena mre\u017ea izletni\u0161kih destinacij se mora vklju\u010diti v okviru bilateralnega Geoparka Karavanke k upravljanju geodiverzitete in turizma.<\/p>\n\n\n\n<p><strong>Projektni partnerji:<\/strong><\/p>\n\n\n\n<ul><li>F.S. Immobilienverwaltungs GmbH (Vodilni partner)<\/li><li>Naturfreunde \u00d6sterreich Ortsgruppe Petzen<\/li><li>Obir Tropfsteinh\u00f6hlen GesmbH<\/li><li>Ob\u010dina Globasnitz<\/li><li>Ob\u010dina \u010crna na Koro\u0161kem<\/li><li>Ob\u010dina Prevalje<\/li><\/ul>\n\n\n\n<p>Podzemlje Pece, podjetje za razvoj turisti\u010dne in muzejske dejavnosti, d.o.o.<\/p>\n\n\n\n<p><strong>Obdobje trajanja projekta: <\/strong>1. 3. 2018\u201328. 2. 2021<\/p>\n\n\n\n<p><strong>Odobreni ESRR prispevek:<\/strong> 1.966.798,63 \u20ac<\/p>\n\n\n<!-- Carousel Style & Script for  gallery-69e77dfe1db7b -->\r\n\r\n<script type=\"text\/javascript\">\r\n\/\/ <![CDATA[\r\n\/* START --- Image Carousel --- *\/\r\n\r\njQuery(document).ready(function($) {\r\n\r\n    \r\n    $('.ghozylab-gallery img').each(function(i) {\r\n\r\n        $alt = $(this).attr('alt');\r\n\r\n        \/\/ Replace default title to more fancy :)\r\n        $(this).attr('alt', $alt.replace(\/-|_\/g, ' '));\r\n\r\n        $altnew = $(this).attr('alt').toLowerCase().replace(\/\\b[a-z]\/g, function(letter) {\r\n\r\n            return letter.toUpperCase();\r\n\r\n        });\r\n\r\n        $(this).attr('alt', $altnew);\r\n        \/\/ Compatibility with Zoom Lite Theme Image LazyLoad\r\n        $(this).removeAttr('data-lazy-src');\r\n\r\n    });\r\n\r\n    \r\n    $('#icppreloader-gallery-69e77dfe1db7b').fadeOut(300, function() {\r\n        $('#gallery-69e77dfe1db7b').fadeIn(300);\r\n        var slider69e77dfe1db7b = $('#gallery-69e77dfe1db7b').bxSlider({\r\n            auto: true,\r\n            pause: 9000,\r\n            autoHover: true,\r\n            moveSlides: 5,\r\n            minSlides: 5,\r\n            maxSlides: 5,\r\n            slideWidth: 500,\r\n            slideMargin: 10,\r\n            startSlide: 0,\r\n            infiniteLoop: true,\r\n            captions: true,\r\n            captionsMode: 'alt',\r\n            adaptiveHeight: true,\r\n            useCSS: false,\r\n            pager: true,\r\n            easing: 'easeOutSine',\r\n            speed: 2500,\r\n            preloadImages: 'all',\r\n            onSlideBefore: function() {\r\n                                $('#gallery-69e77dfe1db7b .bx-caption').slideUp();\r\n                            },\r\n            onSlideAfter: function($slideElement, oldIndex, newIndex) {\r\n                                slider69e77dfe1db7b.stopAuto();\r\n                slider69e77dfe1db7b.startAuto();\r\n                                $('#gallery-69e77dfe1db7b .bx-caption').slideDown();\r\n                            }\r\n        });\r\n\r\n    });\r\n});\r\n\r\n\/* END --- Image Carousel --- *\/\r\n\r\n\/\/ ]]>\r\n<\/script>\r\n\r\n<style type=\"text\/css\">\r\n.markup-gallery-69e77dfe1db7b .carousel-item img {width: 100%;margin: 0 auto;border:none !important;border-radius: 0px !important;box-shadow:none !important;}.markup-gallery-69e77dfe1db7b .bx-controls-direction a {display: none;}.markup-gallery-69e77dfe1db7b .bx-wrapper:hover .bx-controls-direction a {display: block;}.markup-gallery-69e77dfe1db7b .bx-controls-direction a { display: block !important;}1<\/style>\r\n\r\n\n\t\t<div id='icppreloader-gallery-69e77dfe1db7b' class='icpsliderpreloader'><\/div><div class='markup-gallery-69e77dfe1db7b'><div style='display:none;' id='gallery-69e77dfe1db7b' class='ghozylab-gallery galleryid-939 gallery-size-full'><div class='carousel-item'><a   href='https:\/\/www.podzemljepece.com\/wp-content\/uploads\/2023\/03\/Slika2-1-1024x1024.jpg'><img width=\"846\" height=\"321\" src=\"https:\/\/www.podzemljepece.com\/wp-content\/uploads\/2023\/03\/Slika2-1.jpg\" class=\"attachment-full size-full\" alt=\"\" decoding=\"async\" loading=\"lazy\" srcset=\"https:\/\/www.podzemljepece.com\/wp-content\/uploads\/2023\/03\/Slika2-1.jpg 846w, https:\/\/www.podzemljepece.com\/wp-content\/uploads\/2023\/03\/Slika2-1-768x291.jpg 768w\" sizes=\"(max-width: 846px) 100vw, 846px\" \/><\/a><\/div>\r\n\t\t<\/div><\/div>\n","protected":false},"excerpt":{"rendered":"<p>Prostor Pece obsega senzibilno in zanimivo geodiverziteto v sredi\u0161\u010du Geoparka Karavanke. Ob\u010dutljivi naravni prostori, okoljske teme in klimatske spremembe so za prebivalstvo, v smislu ob\u0161irne senzibilizacije v vsakdanu te\u017eko dostopne. Prav tako bo imel trend medijskega digitalnega razvedrila vedno ve\u010dji vpliv, kar predvsem pri otrocih in mladostnikih vodi do zmanj\u0161anega obsega gibanja. Ta projekt bo [&hellip;]<\/p>\n","protected":false},"author":1,"featured_media":311,"parent":0,"menu_order":10,"comment_status":"closed","ping_status":"closed","template":"","meta":{"_uag_custom_page_level_css":"","footnotes":""},"categories":[26],"tags":[],"uagb_featured_image_src":{"full":["https:\/\/www.podzemljepece.com\/wp-content\/uploads\/2022\/03\/Podzemlje_Pece_tematski_park_2014_-40-_.jpg",1000,665,false],"thumbnail":["https:\/\/www.podzemljepece.com\/wp-content\/uploads\/2022\/03\/Podzemlje_Pece_tematski_park_2014_-40-_-150x150.jpg",150,150,true],"medium":["https:\/\/www.podzemljepece.com\/wp-content\/uploads\/2022\/03\/Podzemlje_Pece_tematski_park_2014_-40-_-300x200.jpg",300,200,true],"medium_large":["https:\/\/www.podzemljepece.com\/wp-content\/uploads\/2022\/03\/Podzemlje_Pece_tematski_park_2014_-40-_-768x511.jpg",768,511,true],"large":["https:\/\/www.podzemljepece.com\/wp-content\/uploads\/2022\/03\/Podzemlje_Pece_tematski_park_2014_-40-_.jpg",940,625,false],"1536x1536":["https:\/\/www.podzemljepece.com\/wp-content\/uploads\/2022\/03\/Podzemlje_Pece_tematski_park_2014_-40-_.jpg",1000,665,false],"2048x2048":["https:\/\/www.podzemljepece.com\/wp-content\/uploads\/2022\/03\/Podzemlje_Pece_tematski_park_2014_-40-_.jpg",1000,665,false],"port3":["https:\/\/www.podzemljepece.com\/wp-content\/uploads\/2022\/03\/Podzemlje_Pece_tematski_park_2014_-40-_-600x600.jpg",600,600,true],"port3_grayscale":["https:\/\/www.podzemljepece.com\/wp-content\/uploads\/2022\/03\/Podzemlje_Pece_tematski_park_2014_-40-_-627x470.jpg",627,470,true],"port2":["https:\/\/www.podzemljepece.com\/wp-content\/uploads\/2022\/03\/Podzemlje_Pece_tematski_park_2014_-40-_-460x275.jpg",460,275,true],"port2_grayscale":["https:\/\/www.podzemljepece.com\/wp-content\/uploads\/2022\/03\/Podzemlje_Pece_tematski_park_2014_-40-_-940x470.jpg",940,470,true],"port4":["https:\/\/www.podzemljepece.com\/wp-content\/uploads\/2022\/03\/Podzemlje_Pece_tematski_park_2014_-40-_-600x600.jpg",600,600,true],"blog":["https:\/\/www.podzemljepece.com\/wp-content\/uploads\/2022\/03\/Podzemlje_Pece_tematski_park_2014_-40-_-825x340.jpg",825,340,true],"alternate_blog":["https:\/\/www.podzemljepece.com\/wp-content\/uploads\/2022\/03\/Podzemlje_Pece_tematski_park_2014_-40-_-440x195.jpg",440,195,true],"alternate_blog_side":["https:\/\/www.podzemljepece.com\/wp-content\/uploads\/2022\/03\/Podzemlje_Pece_tematski_park_2014_-40-_-355x235.jpg",355,235,true],"blog_grid":["https:\/\/www.podzemljepece.com\/wp-content\/uploads\/2022\/03\/Podzemlje_Pece_tematski_park_2014_-40-_-350x350.jpg",350,350,true],"staff":["https:\/\/www.podzemljepece.com\/wp-content\/uploads\/2022\/03\/Podzemlje_Pece_tematski_park_2014_-40-_-400x270.jpg",400,270,true],"staff_full":["https:\/\/www.podzemljepece.com\/wp-content\/uploads\/2022\/03\/Podzemlje_Pece_tematski_park_2014_-40-_-500x340.jpg",500,340,true]},"uagb_author_info":{"display_name":"admn","author_link":"https:\/\/www.podzemljepece.com\/?author=1"},"uagb_comment_info":0,"uagb_excerpt":"Prostor Pece obsega senzibilno in zanimivo geodiverziteto v sredi\u0161\u010du Geoparka Karavanke. Ob\u010dutljivi naravni prostori, okoljske teme in klimatske spremembe so za prebivalstvo, v smislu ob\u0161irne senzibilizacije v vsakdanu te\u017eko dostopne. Prav tako bo imel trend medijskega digitalnega razvedrila vedno ve\u010dji vpliv, kar predvsem pri otrocih in mladostnikih vodi do zmanj\u0161anega obsega gibanja. Ta projekt bo&hellip;","_links":{"self":[{"href":"https:\/\/www.podzemljepece.com\/index.php?rest_route=\/wp\/v2\/pages\/939"}],"collection":[{"href":"https:\/\/www.podzemljepece.com\/index.php?rest_route=\/wp\/v2\/pages"}],"about":[{"href":"https:\/\/www.podzemljepece.com\/index.php?rest_route=\/wp\/v2\/types\/page"}],"author":[{"embeddable":true,"href":"https:\/\/www.podzemljepece.com\/index.php?rest_route=\/wp\/v2\/users\/1"}],"replies":[{"embeddable":true,"href":"https:\/\/www.podzemljepece.com\/index.php?rest_route=%2Fwp%2Fv2%2Fcomments&post=939"}],"version-history":[{"count":1,"href":"https:\/\/www.podzemljepece.com\/index.php?rest_route=\/wp\/v2\/pages\/939\/revisions"}],"predecessor-version":[{"id":952,"href":"https:\/\/www.podzemljepece.com\/index.php?rest_route=\/wp\/v2\/pages\/939\/revisions\/952"}],"wp:featuredmedia":[{"embeddable":true,"href":"https:\/\/www.podzemljepece.com\/index.php?rest_route=\/wp\/v2\/media\/311"}],"wp:attachment":[{"href":"https:\/\/www.podzemljepece.com\/index.php?rest_route=%2Fwp%2Fv2%2Fmedia&parent=939"}],"wp:term":[{"taxonomy":"category","embeddable":true,"href":"https:\/\/www.podzemljepece.com\/index.php?rest_route=%2Fwp%2Fv2%2Fcategories&post=939"},{"taxonomy":"post_tag","embeddable":true,"href":"https:\/\/www.podzemljepece.com\/index.php?rest_route=%2Fwp%2Fv2%2Ftags&post=939"}],"curies":[{"name":"wp","href":"https:\/\/api.w.org\/{rel}","templated":true}]}}