{"id":955,"date":"2023-03-03T11:26:08","date_gmt":"2023-03-03T11:26:08","guid":{"rendered":"http:\/\/new.podzemljepece.com\/?page_id=955"},"modified":"2023-03-22T13:14:14","modified_gmt":"2023-03-22T13:14:14","slug":"adventure-petzen-peca","status":"publish","type":"page","link":"https:\/\/www.podzemljepece.com\/?page_id=955&lang=sl","title":{"rendered":"ADVENTURE PETZEN\/PECA"},"content":{"rendered":"\n<p>Razvoj Pece kot \u010dezmejna do\u017eivljajska gora v poletnem turizmu<\/p>\n\n\n\n<p>Osnovni cilj projekta Adventure Petzen\/Peca je bil razvoj Pece kot \u010dezmejnega obmo\u010dja do\u017eivetij. Na avstrijskem Koro\u0161kem in na slovenskem Koro\u0161kem si je projekt prizadeval za pove\u010danje, izbolj\u0161anje in raz\u0161iritev turisti\u010dne ponudbe, vzpostavitev skupnega tr\u017enega koncepta in izbolj\u0161anje skupne promocije \u010dezmejnega obmo\u010dja Pece kot turisti\u010dne destinacije. Raz\u0161irjena turisti\u010dna ponudba je namenjena predvsem ciljnim skupinam, kot so dru\u017eine z majhnimi otroki in pred\u0161olski otroci ter otroci ni\u017ejih razredov osnovne \u0161ole, pa tudi vsem turisti\u010dnim skupinam in dnevnim gostom.<\/p>\n\n\n\n<p><strong>Projektni partnerji:<\/strong><\/p>\n\n\n\n<ul><li>Tourismusregion Klopeiner See S\u00fcdk\u00e4rnten GmbH (Vodilni partner)<\/li><li>Podzemlje Pece, d.o.o.<\/li><li>Petzen Bergbahnen GmbH<\/li><\/ul>\n\n\n\n<p><strong>Obdobje trajanja projekta:<\/strong> 1. 7. 2010\u201330. 6. 2013<\/p>\n\n\n\n<p><strong>Vrednost projekta:<\/strong> 1.144.712,00 \u20ac, sofinanciranje EU 514.484,00 \u20ac<\/p>\n\n\n\n<p><strong>Program:<\/strong> OP SI-AT 2007-2013<\/p>\n\n\n<!-- Carousel Style & Script for  gallery-69e7c570d9e22 -->\r\n\r\n<script type=\"text\/javascript\">\r\n\/\/ <![CDATA[\r\n\/* START --- Image Carousel --- *\/\r\n\r\njQuery(document).ready(function($) {\r\n\r\n    \r\n    $('.ghozylab-gallery img').each(function(i) {\r\n\r\n        $alt = $(this).attr('alt');\r\n\r\n        \/\/ Replace default title to more fancy :)\r\n        $(this).attr('alt', $alt.replace(\/-|_\/g, ' '));\r\n\r\n        $altnew = $(this).attr('alt').toLowerCase().replace(\/\\b[a-z]\/g, function(letter) {\r\n\r\n            return letter.toUpperCase();\r\n\r\n        });\r\n\r\n        $(this).attr('alt', $altnew);\r\n        \/\/ Compatibility with Zoom Lite Theme Image LazyLoad\r\n        $(this).removeAttr('data-lazy-src');\r\n\r\n    });\r\n\r\n    \r\n    $('#icppreloader-gallery-69e7c570d9e22').fadeOut(300, function() {\r\n        $('#gallery-69e7c570d9e22').fadeIn(300);\r\n        var slider69e7c570d9e22 = $('#gallery-69e7c570d9e22').bxSlider({\r\n            auto: true,\r\n            pause: 9000,\r\n            autoHover: true,\r\n            moveSlides: 5,\r\n            minSlides: 5,\r\n            maxSlides: 5,\r\n            slideWidth: 500,\r\n            slideMargin: 10,\r\n            startSlide: 0,\r\n            infiniteLoop: true,\r\n            captions: true,\r\n            captionsMode: 'alt',\r\n            adaptiveHeight: true,\r\n            useCSS: false,\r\n            pager: true,\r\n            easing: 'easeOutSine',\r\n            speed: 2500,\r\n            preloadImages: 'all',\r\n            onSlideBefore: function() {\r\n                                $('#gallery-69e7c570d9e22 .bx-caption').slideUp();\r\n                            },\r\n            onSlideAfter: function($slideElement, oldIndex, newIndex) {\r\n                                slider69e7c570d9e22.stopAuto();\r\n                slider69e7c570d9e22.startAuto();\r\n                                $('#gallery-69e7c570d9e22 .bx-caption').slideDown();\r\n                            }\r\n        });\r\n\r\n    });\r\n});\r\n\r\n\/* END --- Image Carousel --- *\/\r\n\r\n\/\/ ]]>\r\n<\/script>\r\n\r\n<style type=\"text\/css\">\r\n.markup-gallery-69e7c570d9e22 .carousel-item img {width: 100%;margin: 0 auto;border:none !important;border-radius: 0px !important;box-shadow:none !important;}.markup-gallery-69e7c570d9e22 .bx-controls-direction a {display: none;}.markup-gallery-69e7c570d9e22 .bx-wrapper:hover .bx-controls-direction a {display: block;}.markup-gallery-69e7c570d9e22 .bx-controls-direction a { display: block !important;}1<\/style>\r\n\r\n\n\t\t<div id='icppreloader-gallery-69e7c570d9e22' class='icpsliderpreloader'><\/div><div class='markup-gallery-69e7c570d9e22'><div style='display:none;' id='gallery-69e7c570d9e22' class='ghozylab-gallery galleryid-955 gallery-size-full'><div class='carousel-item'><a   href='https:\/\/www.podzemljepece.com\/wp-content\/uploads\/2023\/03\/Slika3-2.png'><img width=\"385\" height=\"85\" src=\"https:\/\/www.podzemljepece.com\/wp-content\/uploads\/2023\/03\/Slika3-2.png\" class=\"attachment-full size-full\" alt=\"\" decoding=\"async\" loading=\"lazy\" srcset=\"https:\/\/www.podzemljepece.com\/wp-content\/uploads\/2023\/03\/Slika3-2.png 385w, https:\/\/www.podzemljepece.com\/wp-content\/uploads\/2023\/03\/Slika3-2-300x66.png 300w\" sizes=\"(max-width: 385px) 100vw, 385px\" \/><\/a><\/div>\r\n\t\t<\/div><\/div>\n","protected":false},"excerpt":{"rendered":"<p>Razvoj Pece kot \u010dezmejna do\u017eivljajska gora v poletnem turizmu Osnovni cilj projekta Adventure Petzen\/Peca je bil razvoj Pece kot \u010dezmejnega obmo\u010dja do\u017eivetij. Na avstrijskem Koro\u0161kem in na slovenskem Koro\u0161kem si je projekt prizadeval za pove\u010danje, izbolj\u0161anje in raz\u0161iritev turisti\u010dne ponudbe, vzpostavitev skupnega tr\u017enega koncepta in izbolj\u0161anje skupne promocije \u010dezmejnega obmo\u010dja Pece kot turisti\u010dne destinacije. Raz\u0161irjena [&hellip;]<\/p>\n","protected":false},"author":1,"featured_media":910,"parent":0,"menu_order":20,"comment_status":"closed","ping_status":"closed","template":"","meta":{"_uag_custom_page_level_css":"","footnotes":""},"categories":[26],"tags":[],"uagb_featured_image_src":{"full":["https:\/\/www.podzemljepece.com\/wp-content\/uploads\/2023\/03\/Mezica-Interpretationsweg_URS7377-Urosh-Grabner_URS7372-Urosh-Grabner-min-scaled.jpg",2560,1707,false],"thumbnail":["https:\/\/www.podzemljepece.com\/wp-content\/uploads\/2023\/03\/Mezica-Interpretationsweg_URS7377-Urosh-Grabner_URS7372-Urosh-Grabner-min-150x150.jpg",150,150,true],"medium":["https:\/\/www.podzemljepece.com\/wp-content\/uploads\/2023\/03\/Mezica-Interpretationsweg_URS7377-Urosh-Grabner_URS7372-Urosh-Grabner-min-300x200.jpg",300,200,true],"medium_large":["https:\/\/www.podzemljepece.com\/wp-content\/uploads\/2023\/03\/Mezica-Interpretationsweg_URS7377-Urosh-Grabner_URS7372-Urosh-Grabner-min-768x512.jpg",768,512,true],"large":["https:\/\/www.podzemljepece.com\/wp-content\/uploads\/2023\/03\/Mezica-Interpretationsweg_URS7377-Urosh-Grabner_URS7372-Urosh-Grabner-min-1024x683.jpg",940,627,true],"1536x1536":["https:\/\/www.podzemljepece.com\/wp-content\/uploads\/2023\/03\/Mezica-Interpretationsweg_URS7377-Urosh-Grabner_URS7372-Urosh-Grabner-min-1536x1024.jpg",1536,1024,true],"2048x2048":["https:\/\/www.podzemljepece.com\/wp-content\/uploads\/2023\/03\/Mezica-Interpretationsweg_URS7377-Urosh-Grabner_URS7372-Urosh-Grabner-min-2048x1365.jpg",2048,1365,true],"port3":["https:\/\/www.podzemljepece.com\/wp-content\/uploads\/2023\/03\/Mezica-Interpretationsweg_URS7377-Urosh-Grabner_URS7372-Urosh-Grabner-min-600x600.jpg",600,600,true],"port3_grayscale":["https:\/\/www.podzemljepece.com\/wp-content\/uploads\/2023\/03\/Mezica-Interpretationsweg_URS7377-Urosh-Grabner_URS7372-Urosh-Grabner-min-627x470.jpg",627,470,true],"port2":["https:\/\/www.podzemljepece.com\/wp-content\/uploads\/2023\/03\/Mezica-Interpretationsweg_URS7377-Urosh-Grabner_URS7372-Urosh-Grabner-min-460x275.jpg",460,275,true],"port2_grayscale":["https:\/\/www.podzemljepece.com\/wp-content\/uploads\/2023\/03\/Mezica-Interpretationsweg_URS7377-Urosh-Grabner_URS7372-Urosh-Grabner-min-940x470.jpg",940,470,true],"port4":["https:\/\/www.podzemljepece.com\/wp-content\/uploads\/2023\/03\/Mezica-Interpretationsweg_URS7377-Urosh-Grabner_URS7372-Urosh-Grabner-min-600x600.jpg",600,600,true],"blog":["https:\/\/www.podzemljepece.com\/wp-content\/uploads\/2023\/03\/Mezica-Interpretationsweg_URS7377-Urosh-Grabner_URS7372-Urosh-Grabner-min-825x340.jpg",825,340,true],"alternate_blog":["https:\/\/www.podzemljepece.com\/wp-content\/uploads\/2023\/03\/Mezica-Interpretationsweg_URS7377-Urosh-Grabner_URS7372-Urosh-Grabner-min-440x195.jpg",440,195,true],"alternate_blog_side":["https:\/\/www.podzemljepece.com\/wp-content\/uploads\/2023\/03\/Mezica-Interpretationsweg_URS7377-Urosh-Grabner_URS7372-Urosh-Grabner-min-355x235.jpg",355,235,true],"blog_grid":["https:\/\/www.podzemljepece.com\/wp-content\/uploads\/2023\/03\/Mezica-Interpretationsweg_URS7377-Urosh-Grabner_URS7372-Urosh-Grabner-min-350x350.jpg",350,350,true],"staff":["https:\/\/www.podzemljepece.com\/wp-content\/uploads\/2023\/03\/Mezica-Interpretationsweg_URS7377-Urosh-Grabner_URS7372-Urosh-Grabner-min-400x270.jpg",400,270,true],"staff_full":["https:\/\/www.podzemljepece.com\/wp-content\/uploads\/2023\/03\/Mezica-Interpretationsweg_URS7377-Urosh-Grabner_URS7372-Urosh-Grabner-min-500x340.jpg",500,340,true]},"uagb_author_info":{"display_name":"admn","author_link":"https:\/\/www.podzemljepece.com\/?author=1"},"uagb_comment_info":0,"uagb_excerpt":"Razvoj Pece kot \u010dezmejna do\u017eivljajska gora v poletnem turizmu Osnovni cilj projekta Adventure Petzen\/Peca je bil razvoj Pece kot \u010dezmejnega obmo\u010dja do\u017eivetij. Na avstrijskem Koro\u0161kem in na slovenskem Koro\u0161kem si je projekt prizadeval za pove\u010danje, izbolj\u0161anje in raz\u0161iritev turisti\u010dne ponudbe, vzpostavitev skupnega tr\u017enega koncepta in izbolj\u0161anje skupne promocije \u010dezmejnega obmo\u010dja Pece kot turisti\u010dne destinacije. Raz\u0161irjena&hellip;","_links":{"self":[{"href":"https:\/\/www.podzemljepece.com\/index.php?rest_route=\/wp\/v2\/pages\/955"}],"collection":[{"href":"https:\/\/www.podzemljepece.com\/index.php?rest_route=\/wp\/v2\/pages"}],"about":[{"href":"https:\/\/www.podzemljepece.com\/index.php?rest_route=\/wp\/v2\/types\/page"}],"author":[{"embeddable":true,"href":"https:\/\/www.podzemljepece.com\/index.php?rest_route=\/wp\/v2\/users\/1"}],"replies":[{"embeddable":true,"href":"https:\/\/www.podzemljepece.com\/index.php?rest_route=%2Fwp%2Fv2%2Fcomments&post=955"}],"version-history":[{"count":2,"href":"https:\/\/www.podzemljepece.com\/index.php?rest_route=\/wp\/v2\/pages\/955\/revisions"}],"predecessor-version":[{"id":987,"href":"https:\/\/www.podzemljepece.com\/index.php?rest_route=\/wp\/v2\/pages\/955\/revisions\/987"}],"wp:featuredmedia":[{"embeddable":true,"href":"https:\/\/www.podzemljepece.com\/index.php?rest_route=\/wp\/v2\/media\/910"}],"wp:attachment":[{"href":"https:\/\/www.podzemljepece.com\/index.php?rest_route=%2Fwp%2Fv2%2Fmedia&parent=955"}],"wp:term":[{"taxonomy":"category","embeddable":true,"href":"https:\/\/www.podzemljepece.com\/index.php?rest_route=%2Fwp%2Fv2%2Fcategories&post=955"},{"taxonomy":"post_tag","embeddable":true,"href":"https:\/\/www.podzemljepece.com\/index.php?rest_route=%2Fwp%2Fv2%2Ftags&post=955"}],"curies":[{"name":"wp","href":"https:\/\/api.w.org\/{rel}","templated":true}]}}