{"id":97,"date":"2021-08-27T11:29:57","date_gmt":"2021-08-27T11:29:57","guid":{"rendered":"http:\/\/new.podzemljepece.com\/?page_id=97"},"modified":"2026-01-05T09:43:33","modified_gmt":"2026-01-05T09:43:33","slug":"cenik","status":"publish","type":"page","link":"https:\/\/www.podzemljepece.com\/?page_id=97&lang=sl","title":{"rendered":"Cenik"},"content":{"rendered":"\n<h2 class=\"wp-block-heading\"><strong>CENIK ogledov rudnika<\/strong><\/h2>\n\n\n\n<p class=\"has-black-background-color has-background\"><strong>OGLED RUDNIKA Z VLAKOM<\/strong><br>Odrasli: 21.00 EUR<br>Otroci, \u0161tudenti, dijaki: 16.00 EUR<br><strong>Dru\u017einska vstopnica (ogled rudnika z vlakom)<\/strong><br>Odrasli: 21.00 EUR<br>Otroci, \u0161tudenti, dijaki: 12.00 EUR<br>Minimalna starost za ogled rudnika je 5 let.<\/p>\n\n\n\n<p class=\"has-black-background-color has-background\"><strong>OGLED MUZEJA<\/strong><br>5.00 EUR\/osebo<\/p>\n\n\n\n<p class=\"has-black-background-color has-background\"><strong>OGLED RUDNIKA S KOLESOM<\/strong><br><em>najmanj dve osebi<\/em><br>45.00 EUR\/osebo (vklju\u010den najem kolesa)<br><strong>Black hole trail<\/strong><br>79.00 EUR\/osebo<br>med 01.11. in 31.03.: 65.00 EUR\/osebo <\/p>\n\n\n\n<p class=\"has-black-background-color has-background\"><strong>OGLED RUDNIKA S KAJAKOM<\/strong><br><em>najmanj dve osebi<\/em><br>55.00 EUR\/osebo<br>med 01.06. in 30.09.: 75.00 EUR\/osebo<br>V ceno je vklju\u010dena tudi knapov\u0161ka malica.<br>Minimalna vi\u0161ina za ogled rudnika s kajakom je 150 cm.<\/p>\n\n\n\n<p class=\"has-black-background-color has-background\"><em>V ceno je vklju\u010den DDV.<\/em><br><em>Cenik velja od januarja 2026.<\/em><\/p>\n","protected":false},"excerpt":{"rendered":"<p>CENIK ogledov rudnika OGLED RUDNIKA Z VLAKOMOdrasli: 21.00 EUROtroci, \u0161tudenti, dijaki: 16.00 EURDru\u017einska vstopnica (ogled rudnika z vlakom)Odrasli: 21.00 EUROtroci, \u0161tudenti, dijaki: 12.00 EURMinimalna starost za ogled rudnika je 5 let. OGLED MUZEJA5.00 EUR\/osebo OGLED RUDNIKA S KOLESOMnajmanj dve osebi45.00 EUR\/osebo (vklju\u010den najem kolesa)Black hole trail79.00 EUR\/osebomed 01.11. in 31.03.: 65.00 EUR\/osebo OGLED RUDNIKA S [&hellip;]<\/p>\n","protected":false},"author":1,"featured_media":0,"parent":0,"menu_order":0,"comment_status":"closed","ping_status":"closed","template":"","meta":{"_uag_custom_page_level_css":"","footnotes":""},"categories":[],"tags":[],"uagb_featured_image_src":{"full":false,"thumbnail":false,"medium":false,"medium_large":false,"large":false,"1536x1536":false,"2048x2048":false,"port3":false,"port3_grayscale":false,"port2":false,"port2_grayscale":false,"port4":false,"blog":false,"alternate_blog":false,"alternate_blog_side":false,"blog_grid":false,"staff":false,"staff_full":false},"uagb_author_info":{"display_name":"admn","author_link":"https:\/\/www.podzemljepece.com\/?author=1"},"uagb_comment_info":0,"uagb_excerpt":"CENIK ogledov rudnika OGLED RUDNIKA Z VLAKOMOdrasli: 21.00 EUROtroci, \u0161tudenti, dijaki: 16.00 EURDru\u017einska vstopnica (ogled rudnika z vlakom)Odrasli: 21.00 EUROtroci, \u0161tudenti, dijaki: 12.00 EURMinimalna starost za ogled rudnika je 5 let. OGLED MUZEJA5.00 EUR\/osebo OGLED RUDNIKA S KOLESOMnajmanj dve osebi45.00 EUR\/osebo (vklju\u010den najem kolesa)Black hole trail79.00 EUR\/osebomed 01.11. in 31.03.: 65.00 EUR\/osebo OGLED RUDNIKA S&hellip;","_links":{"self":[{"href":"https:\/\/www.podzemljepece.com\/index.php?rest_route=\/wp\/v2\/pages\/97"}],"collection":[{"href":"https:\/\/www.podzemljepece.com\/index.php?rest_route=\/wp\/v2\/pages"}],"about":[{"href":"https:\/\/www.podzemljepece.com\/index.php?rest_route=\/wp\/v2\/types\/page"}],"author":[{"embeddable":true,"href":"https:\/\/www.podzemljepece.com\/index.php?rest_route=\/wp\/v2\/users\/1"}],"replies":[{"embeddable":true,"href":"https:\/\/www.podzemljepece.com\/index.php?rest_route=%2Fwp%2Fv2%2Fcomments&post=97"}],"version-history":[{"count":52,"href":"https:\/\/www.podzemljepece.com\/index.php?rest_route=\/wp\/v2\/pages\/97\/revisions"}],"predecessor-version":[{"id":3138,"href":"https:\/\/www.podzemljepece.com\/index.php?rest_route=\/wp\/v2\/pages\/97\/revisions\/3138"}],"wp:attachment":[{"href":"https:\/\/www.podzemljepece.com\/index.php?rest_route=%2Fwp%2Fv2%2Fmedia&parent=97"}],"wp:term":[{"taxonomy":"category","embeddable":true,"href":"https:\/\/www.podzemljepece.com\/index.php?rest_route=%2Fwp%2Fv2%2Fcategories&post=97"},{"taxonomy":"post_tag","embeddable":true,"href":"https:\/\/www.podzemljepece.com\/index.php?rest_route=%2Fwp%2Fv2%2Ftags&post=97"}],"curies":[{"name":"wp","href":"https:\/\/api.w.org\/{rel}","templated":true}]}}